{"id":9960,"date":"2023-06-14T09:43:16","date_gmt":"2023-06-14T09:43:16","guid":{"rendered":"https:\/\/www.qly.docs.pay.sibs.com\/rodzaje-transakcji\/"},"modified":"2024-03-19T08:42:30","modified_gmt":"2024-03-19T08:42:30","slug":"rodzaje-transakcji","status":"publish","type":"page","link":"https:\/\/www.qly.docs.pay.sibs.com\/pl\/sibs-gateway-dokumentacja\/rodzaje-transakcji\/","title":{"rendered":"Rodzaje transakcji"},"content":{"rendered":"<!-- wp:themify-builder\/canvas \/-->\n<p>Zapoznaj si\u0119 z r\u00f3\u017cnorodno\u015bci\u0105 dost\u0119pnych rodzaj\u00f3w transakcji, dostosowanych do Twoich indywidualnych potrzeb.<\/p>\n\n<div id=\"link-cards-block_ba1fa4999ea839ca518a2d262d3ea199\" class=\"block-link-cards\">\n            <div class=\"row\">\n                                                <div class=\"link-card-col\">\n                        <p>Link inv\u00e1lido ou incompleto.<\/p>\n                    <\/div>\n                                    <\/div>\n    <\/div>\n\n<script>\ndocument.addEventListener('DOMContentLoaded', function() {\n    \/\/ Get all the rows of link cards\n    var rows = document.querySelectorAll('.block-link-cards .row');\n\n    \/\/ Loop through each row\n    rows.forEach(function(row) {\n        \/\/ Get all the link cards in the row\n        var linkCards = row.querySelectorAll('.link-card-col');\n\n        \/\/ Find the tallest card height in the row\n        var tallestCardHeight = 0;\n        linkCards.forEach(function(card) {\n            card.style.height = ''; \/\/ Reset the height to auto\n            var cardHeight = card.offsetHeight;\n            if (cardHeight > tallestCardHeight) {\n                tallestCardHeight = cardHeight;\n            }\n        });\n\n        \/\/ Set the height of all link cards in the row to the tallest card height\n        linkCards.forEach(function(card) {\n            card.style.height = tallestCardHeight + 'px';\n        });\n    });\n});\n<\/script>\n\n","protected":false},"excerpt":{"rendered":"<p>Zapoznaj si\u0119 z r\u00f3\u017cnorodno\u015bci\u0105 dost\u0119pnych rodzaj\u00f3w transakcji, dostosowanych do Twoich indywidualnych potrzeb.<\/p>\n","protected":false},"author":1,"featured_media":0,"parent":9923,"menu_order":5,"comment_status":"closed","ping_status":"closed","template":"","meta":{"_acf_changed":false,"_eb_attr":"","footnotes":""},"class_list":["post-9960","page","type-page","status-publish","hentry","has-post-title","has-post-date","has-post-category","has-post-tag","has-post-comment","has-post-author",""],"acf":[],"builder_content":"","_links":{"self":[{"href":"https:\/\/www.qly.docs.pay.sibs.com\/pl\/wp-json\/wp\/v2\/pages\/9960","targetHints":{"allow":["GET"]}}],"collection":[{"href":"https:\/\/www.qly.docs.pay.sibs.com\/pl\/wp-json\/wp\/v2\/pages"}],"about":[{"href":"https:\/\/www.qly.docs.pay.sibs.com\/pl\/wp-json\/wp\/v2\/types\/page"}],"author":[{"embeddable":true,"href":"https:\/\/www.qly.docs.pay.sibs.com\/pl\/wp-json\/wp\/v2\/users\/1"}],"replies":[{"embeddable":true,"href":"https:\/\/www.qly.docs.pay.sibs.com\/pl\/wp-json\/wp\/v2\/comments?post=9960"}],"version-history":[{"count":3,"href":"https:\/\/www.qly.docs.pay.sibs.com\/pl\/wp-json\/wp\/v2\/pages\/9960\/revisions"}],"predecessor-version":[{"id":10444,"href":"https:\/\/www.qly.docs.pay.sibs.com\/pl\/wp-json\/wp\/v2\/pages\/9960\/revisions\/10444"}],"up":[{"embeddable":true,"href":"https:\/\/www.qly.docs.pay.sibs.com\/pl\/wp-json\/wp\/v2\/pages\/9923"}],"wp:attachment":[{"href":"https:\/\/www.qly.docs.pay.sibs.com\/pl\/wp-json\/wp\/v2\/media?parent=9960"}],"curies":[{"name":"wp","href":"https:\/\/api.w.org\/{rel}","templated":true}]}}