{"id":9958,"date":"2023-06-14T09:37:04","date_gmt":"2023-06-14T09:37:04","guid":{"rendered":"https:\/\/www.qly.docs.pay.sibs.com\/integrations\/wtyczki\/"},"modified":"2025-09-18T08:41:35","modified_gmt":"2025-09-18T08:41:35","slug":"wtyczki","status":"publish","type":"page","link":"https:\/\/www.qly.docs.pay.sibs.com\/pl\/sibs-gateway-dokumentacja\/integracje\/wtyczki\/","title":{"rendered":"Wtyczki"},"content":{"rendered":"<!-- wp:themify-builder\/canvas \/-->\n\n\n<p>Nasze wtyczki s\u0105 rozwi\u0105zaniami w pe\u0142ni zgodnymi ze standardem PCI.<\/p>\n","protected":false},"excerpt":{"rendered":"<p>Nasze wtyczki s\u0105 rozwi\u0105zaniami w pe\u0142ni zgodnymi ze standardem PCI.<\/p>\n","protected":false},"author":1,"featured_media":0,"parent":9922,"menu_order":0,"comment_status":"closed","ping_status":"closed","template":"","meta":{"_acf_changed":false,"_eb_attr":"","footnotes":""},"class_list":["post-9958","page","type-page","status-publish","hentry","has-post-title","has-post-date","has-post-category","has-post-tag","has-post-comment","has-post-author",""],"acf":[],"builder_content":"","_links":{"self":[{"href":"https:\/\/www.qly.docs.pay.sibs.com\/pl\/wp-json\/wp\/v2\/pages\/9958","targetHints":{"allow":["GET"]}}],"collection":[{"href":"https:\/\/www.qly.docs.pay.sibs.com\/pl\/wp-json\/wp\/v2\/pages"}],"about":[{"href":"https:\/\/www.qly.docs.pay.sibs.com\/pl\/wp-json\/wp\/v2\/types\/page"}],"author":[{"embeddable":true,"href":"https:\/\/www.qly.docs.pay.sibs.com\/pl\/wp-json\/wp\/v2\/users\/1"}],"replies":[{"embeddable":true,"href":"https:\/\/www.qly.docs.pay.sibs.com\/pl\/wp-json\/wp\/v2\/comments?post=9958"}],"version-history":[{"count":5,"href":"https:\/\/www.qly.docs.pay.sibs.com\/pl\/wp-json\/wp\/v2\/pages\/9958\/revisions"}],"predecessor-version":[{"id":25253,"href":"https:\/\/www.qly.docs.pay.sibs.com\/pl\/wp-json\/wp\/v2\/pages\/9958\/revisions\/25253"}],"up":[{"embeddable":true,"href":"https:\/\/www.qly.docs.pay.sibs.com\/pl\/wp-json\/wp\/v2\/pages\/9922"}],"wp:attachment":[{"href":"https:\/\/www.qly.docs.pay.sibs.com\/pl\/wp-json\/wp\/v2\/media?parent=9958"}],"curies":[{"name":"wp","href":"https:\/\/api.w.org\/{rel}","templated":true}]}}