{"id":9950,"date":"2024-02-14T11:13:49","date_gmt":"2024-02-14T11:13:49","guid":{"rendered":"https:\/\/www.qly.docs.pay.sibs.com\/inne\/"},"modified":"2025-09-15T09:03:47","modified_gmt":"2025-09-15T09:03:47","slug":"inne","status":"publish","type":"page","link":"https:\/\/www.qly.docs.pay.sibs.com\/pl\/sibs-gateway-dokumentacja\/metody-platnosci\/inne\/","title":{"rendered":"Inne"},"content":{"rendered":"<!-- wp:themify-builder\/canvas \/-->\n\n\n<div id=\"link-cards-block_450df480588c2a6febdcf84806d77528\" class=\"block-link-cards\">\n            <div class=\"row\">\n                                                <a href=\"https:\/\/www.qly.docs.pay.sibs.com\/pl\/metody-platnosci\/inne\/bancontact\/\" target=\"\">\n                        <div class=\"link-card-col\">\n                                                            <h5>Bancontact<\/h5>\n                                <p>Belgijski system p\u0142atno\u015bci elektronicznych dla kart i aplikacjami mobilnych.<\/p>\n                                <div id=\"go-arrow-right\"> Learn More <\/div>\n                                                    <\/div>\n                    <\/a>\n                                                                <a href=\"https:\/\/www.qly.docs.pay.sibs.com\/pl\/metody-platnosci\/inne\/bizum\/\" target=\"\">\n                        <div class=\"link-card-col\">\n                                                            <h5>Bizum<\/h5>\n                                <p>Hiszpa\u0144skie p\u0142atno\u015bci online umo\u017cliwiaj\u0105ce transakcje przez aplikacj\u0119 bankow\u0105.<\/p>\n                                <div id=\"go-arrow-right\"> Learn More <\/div>\n                                                    <\/div>\n                    <\/a>\n                                                                <a href=\"https:\/\/www.qly.docs.pay.sibs.com\/pl\/metody-platnosci\/inne\/ideal\/\" target=\"\">\n                        <div class=\"link-card-col\">\n                                                            <h5>iDEAL<\/h5>\n                                <p>Holenderski system p\u0142atno\u015bci online do przelew\u00f3w bankowych w transakcjach e-commerce.<\/p>\n                                <div id=\"go-arrow-right\"> Learn More <\/div>\n                                                    <\/div>\n                    <\/a>\n                                    <\/div>\n    <\/div>\n\n<script>\ndocument.addEventListener('DOMContentLoaded', function() {\n    \/\/ Get all the rows of link cards\n    var rows = document.querySelectorAll('.block-link-cards .row');\n\n    \/\/ Loop through each row\n    rows.forEach(function(row) {\n        \/\/ Get all the link cards in the row\n        var linkCards = row.querySelectorAll('.link-card-col');\n\n        \/\/ Find the tallest card height in the row\n        var tallestCardHeight = 0;\n        linkCards.forEach(function(card) {\n            card.style.height = ''; \/\/ Reset the height to auto\n            var cardHeight = card.offsetHeight;\n            if (cardHeight > tallestCardHeight) {\n                tallestCardHeight = cardHeight;\n            }\n        });\n\n        \/\/ Set the height of all link cards in the row to the tallest card height\n        linkCards.forEach(function(card) {\n            card.style.height = tallestCardHeight + 'px';\n        });\n    });\n});\n<\/script>\n\n","protected":false},"excerpt":{"rendered":"","protected":false},"author":3,"featured_media":0,"parent":10574,"menu_order":8,"comment_status":"closed","ping_status":"closed","template":"","meta":{"_acf_changed":false,"_eb_attr":"","footnotes":""},"class_list":["post-9950","page","type-page","status-publish","hentry","has-post-title","has-post-date","has-post-category","has-post-tag","has-post-comment","has-post-author",""],"acf":[],"builder_content":"","_links":{"self":[{"href":"https:\/\/www.qly.docs.pay.sibs.com\/pl\/wp-json\/wp\/v2\/pages\/9950","targetHints":{"allow":["GET"]}}],"collection":[{"href":"https:\/\/www.qly.docs.pay.sibs.com\/pl\/wp-json\/wp\/v2\/pages"}],"about":[{"href":"https:\/\/www.qly.docs.pay.sibs.com\/pl\/wp-json\/wp\/v2\/types\/page"}],"author":[{"embeddable":true,"href":"https:\/\/www.qly.docs.pay.sibs.com\/pl\/wp-json\/wp\/v2\/users\/3"}],"replies":[{"embeddable":true,"href":"https:\/\/www.qly.docs.pay.sibs.com\/pl\/wp-json\/wp\/v2\/comments?post=9950"}],"version-history":[{"count":5,"href":"https:\/\/www.qly.docs.pay.sibs.com\/pl\/wp-json\/wp\/v2\/pages\/9950\/revisions"}],"predecessor-version":[{"id":25231,"href":"https:\/\/www.qly.docs.pay.sibs.com\/pl\/wp-json\/wp\/v2\/pages\/9950\/revisions\/25231"}],"up":[{"embeddable":true,"href":"https:\/\/www.qly.docs.pay.sibs.com\/pl\/wp-json\/wp\/v2\/pages\/10574"}],"wp:attachment":[{"href":"https:\/\/www.qly.docs.pay.sibs.com\/pl\/wp-json\/wp\/v2\/media?parent=9950"}],"curies":[{"name":"wp","href":"https:\/\/api.w.org\/{rel}","templated":true}]}}