{"id":9948,"date":"2023-06-14T09:38:57","date_gmt":"2023-06-14T09:38:57","guid":{"rendered":"https:\/\/www.qly.docs.pay.sibs.com\/shoper\/"},"modified":"2025-08-12T13:24:40","modified_gmt":"2025-08-12T13:24:40","slug":"shoper","status":"publish","type":"page","link":"https:\/\/www.qly.docs.pay.sibs.com\/pl\/sibs-gateway-dokumentacja\/integracje\/wtyczki\/shoper\/","title":{"rendered":"Shoper"},"content":{"rendered":"<!-- wp:themify-builder\/canvas \/-->\n\n\n<p>Sprawd\u017a nasz kompleksowy przewodnik jak instalowa\u0107, konfigurowa\u0107 i u\u017cywa\u0107 wtyczk\u0119 SIBS Payments dla Shoper. Wtyczka ta p\u0142ynnie integruje si\u0119 ze sklepem Shoper, umo\u017cliwiaj\u0105c bezpieczne przetwarzanie p\u0142atno\u015bci przy u\u017cyciu preferowanych przez klient\u00f3w metod p\u0142atno\u015bci.<\/p>\n\n\n\n<h3 class=\"wp-block-heading\">Korzy\u015bci<\/h3>\n\n\n\n<style type=\"text\/css\">\n\t#message-box-block_cbccd67a236300158c87eabab58802c6 {\n\t\t\/* Add styles that use ACF values here *\/\n\t}\n<\/style>\n\n<div id=\"message-box-block_cbccd67a236300158c87eabab58802c6\" class=\"block-message-box\">\n\t\t\t\t\t\t\t\t\t\t\n\t\t\t<div class='row benefits' style=\"display: flex;\">\n\t\t\t  <div class='col' style=\"width: 10%; display: flex; align-items: center; justify-content: center;\">\n\t\t\t\t\t<img decoding=\"async\" src=\"https:\/\/www.qly.docs.pay.sibs.com\/wp-content\/themes\/themify-ultra-child\/images\/msg_check.svg\" alt=\"Notice\">\n\t\t\t  <\/div>\n\t\t\t  <div class='col2'>\n\t\t\t\t<p ><p><strong>Metody p\u0142atno\u015bci:<\/strong> Akceptujemy p\u0142atno\u015bci kartami Visa i Mastercard, BLIKIEM oraz poprzez Szybki przelew.<\/p>\n<p>&nbsp;<\/p>\n<p><strong>Wbudowany formularz p\u0142atno\u015bci:<\/strong> Formularz zgodny ze standardem PCI DSS, dzi\u0119ki czemu mo\u017cesz skupi\u0107 si\u0119 wy\u0142\u0105cznie na sprzeda\u017cy.<\/p>\n<p>&nbsp;<\/p>\n<p><strong>Dynamiczne uwierzytelnianie 3D Secure 2:<\/strong> Bezproblemowe uwierzytelnianie posiadacza karty i ulepszone bezpiecze\u0144stwo transakcji online.<\/p>\n<p>&nbsp;<\/p>\n<p><strong>Wieloj\u0119zyczno\u015b\u0107:<\/strong> Obecnie obs\u0142ugiwany jest j\u0119zyk Czech, Dutch, English, French, German, Polish, and Portuguese angielski, czeski, francuski, holenderski, niemiecki, polski i portugalski.<\/p>\n<\/p>\n\t\t\t  <\/div>\n\t\t\t<\/div>\n\t\t\t\t\n\t\t\t\t\n\t\t\t\t\n\n\t\t\t\t\t\t<\/div>\n\n\n<h3 class=\"wp-block-heading\">Przed rozpocz\u0119ciem<\/h3>\n\n\n\n<style type=\"text\/css\">\n\t#message-box-block_8877bf3bb046339fae8aa0022ee261a4 {\n\t\t\/* Add styles that use ACF values here *\/\n\t}\n<\/style>\n\n<div id=\"message-box-block_8877bf3bb046339fae8aa0022ee261a4\" class=\"block-message-box\">\n\t\t\t\t\t\t\t\t\t\t\n\t\t\t<div class='row info' style=\"display: flex;\">\n\t\t\t  <div class='col' style=\"width: 10%; display: flex; align-items: center; justify-content: center;\">\n\t\t\t\t\t<img decoding=\"async\" src=\"https:\/\/www.qly.docs.pay.sibs.com\/wp-content\/themes\/themify-ultra-child\/images\/msg_info.svg\" alt=\"Info\">\n\t\t\t  <\/div>\n\t\t\t  <div class='col2'>\n\t\t\t\t<p ><p>Je\u015bli chcesz dowiedzie\u0107 si\u0119 wi\u0119cej o procesie integracji, sprawd\u017a nasz\u0105 stron\u0119 <a href=\"https:\/\/www.qly.docs.pay.sibs.com\/pl\/sibs-gateway-dokumentacja\/jak-zaczac\/\">Jak zacz\u0105\u0107<\/a>.<\/p>\n<\/p>\n\t\t\t  <\/div>\n\t\t\t<\/div>\n\t\t\t\t\n\t\t\t\t\n\t\t\t\t\n\t\t\t\t\t\t<\/div>\n\n\n<p>Przed zainstalowaniem wtyczki upewnij si\u0119, \u017ce podczas wdro\u017cenia otrzyma\u0142a\u015b\/e\u015b mailowo nast\u0119puj\u0105ce dane uwierzytelniaj\u0105ce:<\/p>\n\n\n\n<ul class=\"wp-block-list\">\n<li><strong>Kod terminala<\/strong><\/li>\n\n\n\n<li><strong>Bearer Token<\/strong><\/li>\n\n\n\n<li><strong>ID Klienta<\/strong><\/li>\n\n\n\n<li><strong>SIBS Webhook Secret.<\/strong><\/li>\n<\/ul>\n\n\n\n<style type=\"text\/css\">\n\t#message-box-block_effc2b10d13f4048da5a6b82666a590d {\n\t\t\/* Add styles that use ACF values here *\/\n\t}\n<\/style>\n\n<div id=\"message-box-block_effc2b10d13f4048da5a6b82666a590d\" class=\"block-message-box\">\n\t\t\t\t<\/div>\n\n\n<h3 class=\"wp-block-heading\">Instrukcja instalacji<\/h3>\n\n\n\n<h6 class=\"wp-block-heading\"><strong><a href=\"#krok-1\">Krok 1: Zainstaluj wtyczk\u0119<\/a><\/strong><\/h6>\n\n\n\n<h6 class=\"wp-block-heading\"><strong><strong><a href=\"#krok-2\">Krok 2: Podaj dane uwierzytelniaj\u0105ce<\/a><\/strong><\/strong><\/h6>\n\n\n\n<h6 class=\"wp-block-heading\"><strong><strong><strong><a href=\"#krok-3\">Krok 3: Dostosuj metody p\u0142atno\u015bci<\/a><\/strong><\/strong><\/strong><\/h6>\n\n\n\n<h5 class=\"wp-block-heading\" id=\"krok-1\"><strong>Krok 1: Zainstaluj wtyczk\u0119<\/strong><\/h5>\n\n\n\n<ol class=\"wp-block-list\">\n<li>Log into your Shoper admin store account typically at:&nbsp;<a href=\"https:\/\/domain.shoparena.pl\/admin?language=en_US\">https:\/\/domain.shoparena.pl\/admin?language=en_US<\/a>.<\/li>\n\n\n\n<li>In the left-side menu, go to&nbsp;<strong>Extra and integrations<\/strong>&nbsp;&gt;&nbsp;<strong>Applications<\/strong>, and in the search bar, search by&nbsp;<strong>SIBS<\/strong>:<\/li>\n<\/ol>\n\n\n\n<figure class=\"wp-block-image size-full\"><img loading=\"lazy\" decoding=\"async\" width=\"487\" height=\"412\" src=\"https:\/\/www.qly.docs.pay.sibs.com\/wp-content\/uploads\/2025\/08\/shoper-image-01.png\" alt=\"\" class=\"wp-image-24406\"\/><\/figure>\n\n\n\n<ol start=\"3\" class=\"wp-block-list\">\n<li>The SIBS Payments app will be displayed. Click&nbsp;<strong>INSTALL APPLICATION<\/strong>:<\/li>\n<\/ol>\n\n\n\n<figure class=\"wp-block-image size-full\"><img loading=\"lazy\" decoding=\"async\" width=\"409\" height=\"658\" src=\"https:\/\/www.qly.docs.pay.sibs.com\/wp-content\/uploads\/2025\/08\/shoper-image-02.png\" alt=\"\" class=\"wp-image-24408\"\/><\/figure>\n\n\n\n<ol start=\"4\" class=\"wp-block-list\">\n<li>Accept the SIBS terms and conditions and review all the permissions you want to grant to our app on this screen:<\/li>\n<\/ol>\n\n\n\n<figure class=\"wp-block-image size-full\"><img loading=\"lazy\" decoding=\"async\" width=\"903\" height=\"378\" src=\"https:\/\/www.qly.docs.pay.sibs.com\/wp-content\/uploads\/2025\/08\/shoper-image-03.png\" alt=\"\" class=\"wp-image-24410\"\/><\/figure>\n\n\n\n<ol start=\"5\" class=\"wp-block-list\">\n<li>Click&nbsp;<strong>Instaluj<\/strong>:<\/li>\n<\/ol>\n\n\n\n<figure class=\"wp-block-image size-full\"><img loading=\"lazy\" decoding=\"async\" width=\"945\" height=\"116\" src=\"https:\/\/www.qly.docs.pay.sibs.com\/wp-content\/uploads\/2025\/08\/shoper-image-04.png\" alt=\"\" class=\"wp-image-24412\"\/><\/figure>\n\n\n\n<ol start=\"6\" class=\"wp-block-list\">\n<li>The installation has been completed with success:<\/li>\n<\/ol>\n\n\n\n<figure class=\"wp-block-image size-full\"><img loading=\"lazy\" decoding=\"async\" width=\"945\" height=\"214\" src=\"https:\/\/www.qly.docs.pay.sibs.com\/wp-content\/uploads\/2025\/08\/shoper-image-05.png\" alt=\"\" class=\"wp-image-24414\"\/><\/figure>\n\n\n\n<ol start=\"7\" class=\"wp-block-list\">\n<li>Even though the SIBS app installation has been successful, it is crucial to verify that all services have been properly installed. Go to SIBS app:&nbsp;<a href=\"https:\/\/shoper.sibsgateway.com\/stores\/view\">https:\/\/shoper.sibsgateway.com\/stores\/view<\/a>.<\/li>\n\n\n\n<li>Under Store tab, you will see the store installed with an associated installed version:<\/li>\n<\/ol>\n\n\n\n<figure class=\"wp-block-image size-full\"><img loading=\"lazy\" decoding=\"async\" width=\"1356\" height=\"870\" src=\"https:\/\/www.qly.docs.pay.sibs.com\/wp-content\/uploads\/2025\/08\/1.-shoper-image-06.png\" alt=\"\" class=\"wp-image-24529\" srcset=\"https:\/\/www.qly.docs.pay.sibs.com\/wp-content\/uploads\/2025\/08\/1.-shoper-image-06.png 1356w, https:\/\/www.qly.docs.pay.sibs.com\/wp-content\/uploads\/2025\/08\/1.-shoper-image-06-300x192.png 300w, https:\/\/www.qly.docs.pay.sibs.com\/wp-content\/uploads\/2025\/08\/1.-shoper-image-06-1024x657.png 1024w, https:\/\/www.qly.docs.pay.sibs.com\/wp-content\/uploads\/2025\/08\/1.-shoper-image-06-768x493.png 768w\" sizes=\"auto, (max-width: 1356px) 100vw, 1356px\" \/><\/figure>\n\n\n\n<ol start=\"9\" class=\"wp-block-list\">\n<li>Ensure the following data has been correctly populated:<br>\u2022 Store Client ID<br>\u2022 Store Client Secret<br>\u2022 Store Client Token<br>\u2022 Store Client Hash<br>\u2022 Additional Info: Shop (payment_id and webhook_id):<\/li>\n<\/ol>\n\n\n\n<figure class=\"wp-block-image size-full\"><img loading=\"lazy\" decoding=\"async\" width=\"1355\" height=\"695\" src=\"https:\/\/www.qly.docs.pay.sibs.com\/wp-content\/uploads\/2025\/08\/2.-shoper-image-07.png\" alt=\"\" class=\"wp-image-24531\" srcset=\"https:\/\/www.qly.docs.pay.sibs.com\/wp-content\/uploads\/2025\/08\/2.-shoper-image-07.png 1355w, https:\/\/www.qly.docs.pay.sibs.com\/wp-content\/uploads\/2025\/08\/2.-shoper-image-07-300x154.png 300w, https:\/\/www.qly.docs.pay.sibs.com\/wp-content\/uploads\/2025\/08\/2.-shoper-image-07-1024x525.png 1024w, https:\/\/www.qly.docs.pay.sibs.com\/wp-content\/uploads\/2025\/08\/2.-shoper-image-07-768x394.png 768w\" sizes=\"auto, (max-width: 1355px) 100vw, 1355px\" \/><\/figure>\n\n\n\n<ol start=\"10\" class=\"wp-block-list\">\n<li>You can also check the details under&nbsp;<strong>Store Configuration<\/strong>:<\/li>\n<\/ol>\n\n\n\n<figure class=\"wp-block-image size-full\"><img loading=\"lazy\" decoding=\"async\" width=\"1355\" height=\"818\" src=\"https:\/\/www.qly.docs.pay.sibs.com\/wp-content\/uploads\/2025\/08\/3.-shoper-image-08.png\" alt=\"\" class=\"wp-image-24533\" srcset=\"https:\/\/www.qly.docs.pay.sibs.com\/wp-content\/uploads\/2025\/08\/3.-shoper-image-08.png 1355w, https:\/\/www.qly.docs.pay.sibs.com\/wp-content\/uploads\/2025\/08\/3.-shoper-image-08-300x181.png 300w, https:\/\/www.qly.docs.pay.sibs.com\/wp-content\/uploads\/2025\/08\/3.-shoper-image-08-1024x618.png 1024w, https:\/\/www.qly.docs.pay.sibs.com\/wp-content\/uploads\/2025\/08\/3.-shoper-image-08-768x464.png 768w\" sizes=\"auto, (max-width: 1355px) 100vw, 1355px\" \/><\/figure>\n\n\n\n<h5 class=\"wp-block-heading\" id=\"krok-2\"><strong><strong>Krok 2: Podaj dane uwierzytelniaj\u0105ce<\/strong><\/strong><\/h5>\n\n\n\n<ol class=\"wp-block-list\">\n<li>Configure your terminal. Go to&nbsp;<strong>Terminal Configuration<\/strong>, and fill out the data provided during the onboarding:<br>\u2022 Environment: QLY -Quality (for testing env.) or PRD (for production)<br>\u2022 SIBS Client ID<br>\u2022 SIBS Terminal Code<br>\u2022 SIBS Terminal Token<br>\u2022 Terminal Currency.<\/li>\n<\/ol>\n\n\n\n<figure class=\"wp-block-image size-full\"><img loading=\"lazy\" decoding=\"async\" width=\"1355\" height=\"762\" src=\"https:\/\/www.qly.docs.pay.sibs.com\/wp-content\/uploads\/2025\/08\/4.-shoper-image-09.png\" alt=\"\" class=\"wp-image-24535\" srcset=\"https:\/\/www.qly.docs.pay.sibs.com\/wp-content\/uploads\/2025\/08\/4.-shoper-image-09.png 1355w, https:\/\/www.qly.docs.pay.sibs.com\/wp-content\/uploads\/2025\/08\/4.-shoper-image-09-300x169.png 300w, https:\/\/www.qly.docs.pay.sibs.com\/wp-content\/uploads\/2025\/08\/4.-shoper-image-09-1024x576.png 1024w, https:\/\/www.qly.docs.pay.sibs.com\/wp-content\/uploads\/2025\/08\/4.-shoper-image-09-768x432.png 768w\" sizes=\"auto, (max-width: 1355px) 100vw, 1355px\" \/><\/figure>\n\n\n\n<ol start=\"2\" class=\"wp-block-list\">\n<li>Share the SIBS Webhook ID with the onboarding team and fill out the field with the provided SIBS Webhook Secret:<\/li>\n<\/ol>\n\n\n\n<figure class=\"wp-block-image size-full\"><img loading=\"lazy\" decoding=\"async\" width=\"1355\" height=\"294\" src=\"https:\/\/www.qly.docs.pay.sibs.com\/wp-content\/uploads\/2025\/08\/5.-shoper-image-10-1.png\" alt=\"\" class=\"wp-image-24550\" srcset=\"https:\/\/www.qly.docs.pay.sibs.com\/wp-content\/uploads\/2025\/08\/5.-shoper-image-10-1.png 1355w, https:\/\/www.qly.docs.pay.sibs.com\/wp-content\/uploads\/2025\/08\/5.-shoper-image-10-1-300x65.png 300w, https:\/\/www.qly.docs.pay.sibs.com\/wp-content\/uploads\/2025\/08\/5.-shoper-image-10-1-1024x222.png 1024w, https:\/\/www.qly.docs.pay.sibs.com\/wp-content\/uploads\/2025\/08\/5.-shoper-image-10-1-768x167.png 768w\" sizes=\"auto, (max-width: 1355px) 100vw, 1355px\" \/><\/figure>\n\n\n\n<ol start=\"3\" class=\"wp-block-list\">\n<li>Click&nbsp;<strong>Save<\/strong>.<\/li>\n<\/ol>\n\n\n\n<h5 class=\"wp-block-heading\" id=\"krok-3\"><strong><strong><strong>Krok 3: Dostosuj metody p\u0142atno\u015bci<\/strong><\/strong><\/strong><\/h5>\n\n\n\n<ol class=\"wp-block-list\">\n<li>Log into your Shoper admin store account and click on&nbsp;<strong>Settings<\/strong>:<\/li>\n<\/ol>\n\n\n\n<figure class=\"wp-block-image size-full\"><img loading=\"lazy\" decoding=\"async\" width=\"488\" height=\"1004\" src=\"https:\/\/www.qly.docs.pay.sibs.com\/wp-content\/uploads\/2025\/08\/shoper-image-11.png\" alt=\"\" class=\"wp-image-24426\"\/><\/figure>\n\n\n\n<ol start=\"2\" class=\"wp-block-list\">\n<li>Select Orders | Payment Methods and select&nbsp;<strong>SIBS Payments<\/strong>:<\/li>\n<\/ol>\n\n\n\n<figure class=\"wp-block-image size-full\"><img loading=\"lazy\" decoding=\"async\" width=\"903\" height=\"106\" src=\"https:\/\/www.qly.docs.pay.sibs.com\/wp-content\/uploads\/2025\/08\/shoper-image-12.png\" alt=\"\" class=\"wp-image-24428\"\/><\/figure>\n\n\n\n<ol start=\"3\" class=\"wp-block-list\">\n<li>Click Actions | Edit. You can edit the following data:<\/li>\n<\/ol>\n\n\n\n<figure class=\"wp-block-image size-full\"><img loading=\"lazy\" decoding=\"async\" width=\"602\" height=\"305\" src=\"https:\/\/www.qly.docs.pay.sibs.com\/wp-content\/uploads\/2025\/08\/shoper-image-13.png\" alt=\"\" class=\"wp-image-24430\"\/><\/figure>\n\n\n\n<ol start=\"4\" class=\"wp-block-list\">\n<li>Go to Shipping methods to add SIBS Payment methods that will be available on shipping methods associated available to the customer:<\/li>\n<\/ol>\n\n\n\n<figure class=\"wp-block-image size-full\"><img loading=\"lazy\" decoding=\"async\" width=\"854\" height=\"439\" src=\"https:\/\/www.qly.docs.pay.sibs.com\/wp-content\/uploads\/2025\/08\/shoper-image-14.png\" alt=\"\" class=\"wp-image-24432\"\/><\/figure>\n\n\n\n<ol start=\"5\" class=\"wp-block-list\">\n<li>Finally, go back to SIBS app (<a href=\"https:\/\/shoper.sibsgateway.com\/\">https:\/\/shoper.sibsgateway.com\/<\/a>), select your store and under Payments Configuration select the Payment Methods to be displayed on the paywall:<\/li>\n<\/ol>\n\n\n\n<figure class=\"wp-block-image size-full\"><img loading=\"lazy\" decoding=\"async\" width=\"602\" height=\"166\" src=\"https:\/\/www.qly.docs.pay.sibs.com\/wp-content\/uploads\/2025\/08\/shoper-image-15.png\" alt=\"\" class=\"wp-image-24434\"\/><\/figure>\n","protected":false},"excerpt":{"rendered":"<p>Sprawd\u017a nasz kompleksowy przewodnik jak instalowa\u0107, konfigurowa\u0107 i u\u017cywa\u0107 wtyczk\u0119 SIBS Payments dla Shoper. Wtyczka ta p\u0142ynnie integruje si\u0119 ze sklepem Shoper, umo\u017cliwiaj\u0105c bezpieczne przetwarzanie p\u0142atno\u015bci przy u\u017cyciu preferowanych przez klient\u00f3w metod p\u0142atno\u015bci. Korzy\u015bci Przed rozpocz\u0119ciem Przed zainstalowaniem wtyczki upewnij si\u0119, \u017ce podczas wdro\u017cenia otrzyma\u0142a\u015b\/e\u015b mailowo nast\u0119puj\u0105ce dane uwierzytelniaj\u0105ce: Instrukcja instalacji Krok 1: Zainstaluj wtyczk\u0119 [&hellip;]<\/p>\n","protected":false},"author":1,"featured_media":0,"parent":9958,"menu_order":0,"comment_status":"closed","ping_status":"closed","template":"","meta":{"_acf_changed":false,"_eb_attr":"","footnotes":""},"class_list":["post-9948","page","type-page","status-publish","hentry","has-post-title","has-post-date","has-post-category","has-post-tag","has-post-comment","has-post-author",""],"acf":[],"builder_content":"","_links":{"self":[{"href":"https:\/\/www.qly.docs.pay.sibs.com\/pl\/wp-json\/wp\/v2\/pages\/9948","targetHints":{"allow":["GET"]}}],"collection":[{"href":"https:\/\/www.qly.docs.pay.sibs.com\/pl\/wp-json\/wp\/v2\/pages"}],"about":[{"href":"https:\/\/www.qly.docs.pay.sibs.com\/pl\/wp-json\/wp\/v2\/types\/page"}],"author":[{"embeddable":true,"href":"https:\/\/www.qly.docs.pay.sibs.com\/pl\/wp-json\/wp\/v2\/users\/1"}],"replies":[{"embeddable":true,"href":"https:\/\/www.qly.docs.pay.sibs.com\/pl\/wp-json\/wp\/v2\/comments?post=9948"}],"version-history":[{"count":4,"href":"https:\/\/www.qly.docs.pay.sibs.com\/pl\/wp-json\/wp\/v2\/pages\/9948\/revisions"}],"predecessor-version":[{"id":24552,"href":"https:\/\/www.qly.docs.pay.sibs.com\/pl\/wp-json\/wp\/v2\/pages\/9948\/revisions\/24552"}],"up":[{"embeddable":true,"href":"https:\/\/www.qly.docs.pay.sibs.com\/pl\/wp-json\/wp\/v2\/pages\/9958"}],"wp:attachment":[{"href":"https:\/\/www.qly.docs.pay.sibs.com\/pl\/wp-json\/wp\/v2\/media?parent=9948"}],"curies":[{"name":"wp","href":"https:\/\/api.w.org\/{rel}","templated":true}]}}