{"id":9947,"date":"2023-06-14T09:34:35","date_gmt":"2023-06-14T09:34:35","guid":{"rendered":"https:\/\/www.qly.docs.pay.sibs.com\/integrations\/payment-form\/"},"modified":"2026-04-09T15:19:46","modified_gmt":"2026-04-09T15:19:46","slug":"payment-form","status":"publish","type":"page","link":"https:\/\/www.qly.docs.pay.sibs.com\/pl\/sibs-gateway-dokumentacja\/integracje\/payment-form\/","title":{"rendered":"Formularz P\u0142atno\u015bci"},"content":{"rendered":"<!-- wp:themify-builder\/canvas \/-->\n\n\n<figure data-wp-context=\"{&quot;imageId&quot;:&quot;69e03b319922b&quot;}\" data-wp-interactive=\"core\/image\" data-wp-key=\"69e03b319922b\" class=\"wp-block-image alignwide size-full wp-lightbox-container\"><img loading=\"lazy\" decoding=\"async\" width=\"3248\" height=\"1824\" data-wp-class--hide=\"state.isContentHidden\" data-wp-class--show=\"state.isContentVisible\" data-wp-init=\"callbacks.setButtonStyles\" data-wp-on--click=\"actions.showLightbox\" data-wp-on--load=\"callbacks.setButtonStyles\" data-wp-on-window--resize=\"callbacks.setButtonStyles\" src=\"https:\/\/www.qly.docs.pay.sibs.com\/wp-content\/uploads\/2024\/09\/Payment-form-PL.png\" alt=\"\" class=\"wp-image-20937\" srcset=\"https:\/\/www.qly.docs.pay.sibs.com\/wp-content\/uploads\/2024\/09\/Payment-form-PL.png 3248w, https:\/\/www.qly.docs.pay.sibs.com\/wp-content\/uploads\/2024\/09\/Payment-form-PL-300x168.png 300w, https:\/\/www.qly.docs.pay.sibs.com\/wp-content\/uploads\/2024\/09\/Payment-form-PL-1024x575.png 1024w, https:\/\/www.qly.docs.pay.sibs.com\/wp-content\/uploads\/2024\/09\/Payment-form-PL-768x431.png 768w, https:\/\/www.qly.docs.pay.sibs.com\/wp-content\/uploads\/2024\/09\/Payment-form-PL-1536x863.png 1536w, https:\/\/www.qly.docs.pay.sibs.com\/wp-content\/uploads\/2024\/09\/Payment-form-PL-2048x1150.png 2048w\" sizes=\"auto, (max-width: 3248px) 100vw, 3248px\" \/><button\n\t\t\tclass=\"lightbox-trigger\"\n\t\t\ttype=\"button\"\n\t\t\taria-haspopup=\"dialog\"\n\t\t\taria-label=\"Powi\u0119ksz\"\n\t\t\tdata-wp-init=\"callbacks.initTriggerButton\"\n\t\t\tdata-wp-on--click=\"actions.showLightbox\"\n\t\t\tdata-wp-style--right=\"state.imageButtonRight\"\n\t\t\tdata-wp-style--top=\"state.imageButtonTop\"\n\t\t>\n\t\t\t<svg xmlns=\"http:\/\/www.w3.org\/2000\/svg\" width=\"12\" height=\"12\" fill=\"none\" viewBox=\"0 0 12 12\">\n\t\t\t\t<path fill=\"#fff\" d=\"M2 0a2 2 0 0 0-2 2v2h1.5V2a.5.5 0 0 1 .5-.5h2V0H2Zm2 10.5H2a.5.5 0 0 1-.5-.5V8H0v2a2 2 0 0 0 2 2h2v-1.5ZM8 12v-1.5h2a.5.5 0 0 0 .5-.5V8H12v2a2 2 0 0 1-2 2H8Zm2-12a2 2 0 0 1 2 2v2h-1.5V2a.5.5 0 0 0-.5-.5H8V0h2Z\" \/>\n\t\t\t<\/svg>\n\t\t<\/button><figcaption class=\"wp-element-caption\">Formularz p\u0142atno\u015bci SIBS \u2013 interfejs u\u017cytkownika na komputery stacjonarne i urz\u0105dzenia mobilne.<\/figcaption><\/figure>\n\n\n\n<p>Formularz p\u0142atno\u015bci SIBS (SIBS Payment Form) to hostowane rozwi\u0105zanie checkout, kt\u00f3re umo\u017cliwia akceptowanie p\u0142atno\u015bci w bezpieczny spos\u00f3b za pomoc\u0105 w pe\u0142ni zarz\u0105dzanego interfejsu.<\/p>\n\n\n\n<p>Jest ono osadzane na stronie internetowej sprzedawcy przy u\u017cyciu iframe, zapewniaj\u0105c sp\u00f3jne do\u015bwiadczenie p\u0142atno\u015bci zar\u00f3wno na komputerach, jak i urz\u0105dzeniach mobilnych.<\/p>\n\n\n\n<p>Ten model abstrahuje obs\u0142ug\u0119 wra\u017cliwych danych p\u0142atniczych od sprzedawcy, zmniejszaj\u0105c zakres PCI DSS oraz upraszczaj\u0105c integracj\u0119.<\/p>\n\n\n\n<style type=\"text\/css\">\n\t#message-box-block_577b8c7a1aef6d410e4ae71fe246e4fa {\n\t\t\/* Add styles that use ACF values here *\/\n\t}\n<\/style>\n\n<div id=\"message-box-block_577b8c7a1aef6d410e4ae71fe246e4fa\" class=\"block-message-box\">\n\t\t\t\t\t\t\t\t\t\t\n\t\t\t<div class='row info' style=\"display: flex;\">\n\t\t\t  <div class='col' style=\"width: 10%; display: flex; align-items: center; justify-content: center;\">\n\t\t\t\t\t<img decoding=\"async\" src=\"https:\/\/www.qly.docs.pay.sibs.com\/wp-content\/themes\/themify-ultra-child\/images\/msg_info.svg\" alt=\"Info\">\n\t\t\t  <\/div>\n\t\t\t  <div class='col2'>\n\t\t\t\t<p ><p><strong>Wa\u017cne: Ograniczenie zakresu PCI DSS<\/strong><\/p>\n<p>&nbsp;<\/p>\n<p>Jedn\u0105 z kluczowych zalet Formularza P\u0142atno\u015bci jest jego wp\u0142yw na zgodno\u015b\u0107 z PCI DSS.<\/p>\n<p>&nbsp;<\/p>\n<p>Poniewa\u017c formularz p\u0142atno\u015bci jest hostowany przez SIBS i osadzany za pomoc\u0105 iframe, wszystkie dane p\u0142atnicze klienta s\u0105 zbierane i przetwarzane bezpo\u015brednio w infrastrukturze SIBS. Oznacza to, \u017ce wra\u017cliwe dane nigdy nie przechodz\u0105 przez \u015brodowisko sprzedawcy.<\/p>\n<p>&nbsp;<\/p>\n<p>W rezultacie sprzedawcy mog\u0105 znacz\u0105co ograniczy\u0107 zakres PCI DSS i unikn\u0105\u0107 z\u0142o\u017cono\u015bci zwi\u0105zanej z przetwarzaniem surowych danych kart.<\/p>\n<p>&nbsp;<\/p>\n<p data-start=\"523\" data-end=\"533\"><strong data-start=\"523\" data-end=\"533\">Uwaga:<\/strong><\/p>\n<p>Je\u015bli Tw\u00f3j biznes wymaga pe\u0142nej kontroli nad przep\u0142ywem p\u0142atno\u015bci, w tym bezpo\u015bredniego przetwarzania danych p\u0142atniczych oraz niestandardowej orkiestracji p\u0142atno\u015bci, mo\u017cesz rozwa\u017cy\u0107 integracj\u0119 typu <span style=\"text-decoration: underline\">Full-Code API (server-to-server).<\/span> To rozwi\u0105zanie zapewnia wi\u0119ksz\u0105 elastyczno\u015b\u0107, ale wymaga pe\u0142nej zgodno\u015bci z PCI DSS.<\/p>\n<\/p>\n\t\t\t  <\/div>\n\t\t\t<\/div>\n\t\t\t\t\n\t\t\t\t\n\t\t\t\t\n\t\t\t\t\t\t<\/div>\n\n\n<h5 class=\"wp-block-heading\">Kto powinien skorzysta\u0107 z tej integracji<\/h5>\n\n\n\n<p>Ten model integracji jest przeznaczony dla:<\/p>\n\n\n\n<ul class=\"wp-block-list\">\n<li>Sprzedawc\u00f3w poszukuj\u0105cych szybkiej i uproszczonej integracji <\/li>\n\n\n\n<li>Sprzedawc\u00f3w, kt\u00f3rzy nie chc\u0105 przetwarza\u0107 wra\u017cliwych danych p\u0142atniczych <\/li>\n\n\n\n<li>Firm bez z\u0142o\u017conych potrzeb w zakresie backendowej orkiestracji p\u0142atno\u015bci <\/li>\n\n\n\n<li>Sprzedawc\u00f3w chc\u0105cych ograniczy\u0107 zakres PCI DSS i wysi\u0142ek zwi\u0105zany z zgodno\u015bci\u0105<\/li>\n<\/ul>\n\n\n\n<h5 class=\"wp-block-heading\"><strong>Korzy\u015bci<\/strong><\/h5>\n\n\n\n<p>Integracja z Formularzem P\u0142atno\u015bci zapewnia nast\u0119puj\u0105ce kluczowe zalety:<\/p>\n\n\n\n<style type=\"text\/css\">\n\t#message-box-block_bbe560e30c2eff39792ca1b41c336415 {\n\t\t\/* Add styles that use ACF values here *\/\n\t}\n<\/style>\n\n<div id=\"message-box-block_bbe560e30c2eff39792ca1b41c336415\" class=\"block-message-box\">\n\t\t\t\t<\/div>\n\n\n<h3 class=\"wp-block-heading\"><strong>Jak to dzia\u0142a<\/strong><\/h3>\n\n\n\n<p>Formularz P\u0142atno\u015bci dzia\u0142a wed\u0142ug bezpiecznego procesu:<\/p>\n\n\n\n<ol class=\"wp-block-list\">\n<li>Sprzedawca osadza iframe Formularza P\u0142atno\u015bci na stronie checkout <\/li>\n\n\n\n<li>Klient wprowadza dane p\u0142atno\u015bci bezpo\u015brednio w formularzu <\/li>\n\n\n\n<li>SIBS bezpiecznie przetwarza p\u0142atno\u015b\u0107 <\/li>\n\n\n\n<li>Wynik p\u0142atno\u015bci jest zwracany do systemu sprzedawcy<\/li>\n<\/ol>\n\n\n\n<p><strong>Uwagi techniczne<\/strong><\/p>\n\n\n\n<ul class=\"wp-block-list\">\n<li>Ca\u0142a komunikacja z serwerami SIBS jest szyfrowana <\/li>\n\n\n\n<li>Sprzedawca nie ma dost\u0119pu do surowych danych kart, co zmniejsza zakres PCI<\/li>\n<\/ul>\n\n\n\n<h3 class=\"wp-block-heading\"><strong>Jak to wdro\u017cy\u0107<\/strong><\/h3>\n\n\n\n<p>Integracja Formularza P\u0142atno\u015bci na stronie internetowej jest prostym procesem wymagaj\u0105cym minimalnej interakcji po stronie backendu.<\/p>\n\n\n\n<p>Typowy przep\u0142yw integracji rozpoczyna si\u0119 od utworzenia sesji p\u0142atno\u015bci po stronie sprzedawcy. Sesja ta jest nast\u0119pnie wykorzystywana do zainicjowania Formularza P\u0142atno\u015bci, kt\u00f3ry zostaje osadzony na stronie checkout przy u\u017cyciu dostarczonej konfiguracji.<\/p>\n\n\n\n<p>Nast\u0119pnie klient finalizuje p\u0142atno\u015b\u0107 bezpo\u015brednio w formularzu. Po przetworzeniu transakcji zwracany jest wynik p\u0142atno\u015bci, co umo\u017cliwia sprzedawcy aktualizacj\u0119 statusu zam\u00f3wienia i wy\u015bwietlenie odpowiedniego komunikatu u\u017cytkownikowi.<\/p>\n\n\n\n<h3 class=\"wp-block-heading\"><strong>Zanim zaczniesz<\/strong><\/h3>\n\n\n\n<p>Przed rozpocz\u0119ciem integracji upewnij si\u0119, \u017ce proces onboardingu zosta\u0142 zako\u0144czony oraz \u017ce otrzyma\u0142e\u015b niezb\u0119dne dane uwierzytelniaj\u0105ce od swojego Account Managera.<\/p>\n\n\n\n<p>Je\u015bli onboarding nie zosta\u0142 jeszcze uko\u0144czony, zapoznaj si\u0119 z <a href=\"https:\/\/www.docs.pay.sibs.com\/onboarding-api\/\">przewodnikiem onboardingowym<\/a>, aby dowiedzie\u0107 si\u0119, jak wygenerowa\u0107 i uzyska\u0107 wymagane dane.<\/p>\n\n\n\n<p>Aby przej\u015b\u0107 dalej z integracj\u0105, potrzebne b\u0119d\u0105:<\/p>\n\n\n\n<ul class=\"wp-block-list\">\n<li>Kod terminala (Terminal Code) <\/li>\n\n\n\n<li>Token Bearer <\/li>\n\n\n\n<li>Client ID<\/li>\n<\/ul>\n\n\n\n<p>Dane te s\u0105 wymagane do uwierzytelnienia oraz konfiguracji integracji Formularza P\u0142atno\u015bci.<\/p>\n\n\n\n<style type=\"text\/css\">\n\t#message-box-block_1655b72090fd7199407dc0a64ae76d4e {\n\t\t\/* Add styles that use ACF values here *\/\n\t}\n<\/style>\n\n<div id=\"message-box-block_1655b72090fd7199407dc0a64ae76d4e\" class=\"block-message-box\">\n\t\t\t\t<\/div>","protected":false},"excerpt":{"rendered":"<p>Formularz p\u0142atno\u015bci SIBS (SIBS Payment Form) to hostowane rozwi\u0105zanie checkout, kt\u00f3re umo\u017cliwia akceptowanie p\u0142atno\u015bci w bezpieczny spos\u00f3b za pomoc\u0105 w pe\u0142ni zarz\u0105dzanego interfejsu. Jest ono osadzane na stronie internetowej sprzedawcy przy u\u017cyciu iframe, zapewniaj\u0105c sp\u00f3jne do\u015bwiadczenie p\u0142atno\u015bci zar\u00f3wno na komputerach, jak i urz\u0105dzeniach mobilnych. Ten model abstrahuje obs\u0142ug\u0119 wra\u017cliwych danych p\u0142atniczych od sprzedawcy, zmniejszaj\u0105c zakres [&hellip;]<\/p>\n","protected":false},"author":1,"featured_media":0,"parent":9922,"menu_order":0,"comment_status":"closed","ping_status":"closed","template":"","meta":{"_acf_changed":false,"_eb_attr":"","footnotes":""},"class_list":["post-9947","page","type-page","status-publish","hentry","has-post-title","has-post-date","has-post-category","has-post-tag","has-post-comment","has-post-author",""],"acf":[],"builder_content":"","_links":{"self":[{"href":"https:\/\/www.qly.docs.pay.sibs.com\/pl\/wp-json\/wp\/v2\/pages\/9947","targetHints":{"allow":["GET"]}}],"collection":[{"href":"https:\/\/www.qly.docs.pay.sibs.com\/pl\/wp-json\/wp\/v2\/pages"}],"about":[{"href":"https:\/\/www.qly.docs.pay.sibs.com\/pl\/wp-json\/wp\/v2\/types\/page"}],"author":[{"embeddable":true,"href":"https:\/\/www.qly.docs.pay.sibs.com\/pl\/wp-json\/wp\/v2\/users\/1"}],"replies":[{"embeddable":true,"href":"https:\/\/www.qly.docs.pay.sibs.com\/pl\/wp-json\/wp\/v2\/comments?post=9947"}],"version-history":[{"count":4,"href":"https:\/\/www.qly.docs.pay.sibs.com\/pl\/wp-json\/wp\/v2\/pages\/9947\/revisions"}],"predecessor-version":[{"id":29639,"href":"https:\/\/www.qly.docs.pay.sibs.com\/pl\/wp-json\/wp\/v2\/pages\/9947\/revisions\/29639"}],"up":[{"embeddable":true,"href":"https:\/\/www.qly.docs.pay.sibs.com\/pl\/wp-json\/wp\/v2\/pages\/9922"}],"wp:attachment":[{"href":"https:\/\/www.qly.docs.pay.sibs.com\/pl\/wp-json\/wp\/v2\/media?parent=9947"}],"curies":[{"name":"wp","href":"https:\/\/api.w.org\/{rel}","templated":true}]}}