{"id":9932,"date":"2023-09-29T10:04:04","date_gmt":"2023-09-29T10:04:04","guid":{"rendered":"https:\/\/www.qly.docs.pay.sibs.com\/terms-of-service\/"},"modified":"2024-05-29T08:11:36","modified_gmt":"2024-05-29T08:11:36","slug":"terms-of-service","status":"publish","type":"page","link":"https:\/\/www.qly.docs.pay.sibs.com\/pl\/terms-of-service\/","title":{"rendered":"Warunki u\u017cytkowania"},"content":{"rendered":"<!-- wp:themify-builder\/canvas \/-->\n<h5 class=\"wp-block-heading\">Regulamin Akceptacji Transakcji w Payment Gateway dostarczanym przez SIBS Pagamentos<\/h5>\n\n<h3 class=\"wp-block-heading\">Artyku\u0142 1<\/h3>\n\n<ol class=\"wp-block-list\">\n<li>Niniejszy Regulamin okre\u015bla zasady dotycz\u0105ce us\u0142ug Dostawcy w zakresie obs\u0142ugi p\u0142atno\u015bci dokonywanych elektronicznie przez Nabywc\u0119 przy pomocy r\u00f3\u017cnych metod p\u0142atno\u015bci wymienionych w artykule 2 ust. 1 (\u201eP\u0142atno\u015b\u0107\u201d), stanowi\u0105cych pojedyncz\u0105 transakcj\u0119 p\u0142atnicz\u0105 w rozumieniu Umowy o us\u0142ugach p\u0142atniczych z dnia 19 sierpnia 2011 r., na rzecz podmiot\u00f3w (Partner\u00f3w Handlowych), kt\u00f3re zawar\u0142y z Dostawc\u0105 umowy umo\u017cliwiaj\u0105ce im akceptowanie P\u0142atno\u015bci. <br\/><br\/><\/li>\n\n\n\n<li>Podmiotem \u015bwiadcz\u0105cym us\u0142ugi dla Nabywc\u00f3w jest SIBS PAGAMENTOS, S.A. z siedzib\u0105 w Lizbonie (1649-031), Rua Soeiro Pereira Gomes, Lote 1, Lizbona, Portugalia, zarejestrowana pod numerem: 509776965 w lizbo\u0144skim Rejestrze Handlowym), z kapita\u0142em zak\u0142adowym w kwocie 1.400.000,00 EUR, b\u0119d\u0105ca instytucj\u0105 p\u0142atnicz\u0105 EU w rozumieniu Ustawy o us\u0142ugach p\u0142atniczych z dnia 19 sierpnia 2011 r., zarejestrowan\u0105 w Portugalskim Rejestrze Us\u0142ug P\u0142atniczych pod numerem 8703 (w dalszej cz\u0119\u015bci zwana \u201eDostawc\u0105\u201d). Realizacj\u0119 us\u0142ug p\u0142atniczych przez Dostawc\u0119 nadzoruje Banco de Portugal (portugalski bank centralny). <\/li>\n<\/ol>\n\n<h3 class=\"wp-block-heading\">Artyku\u0142 2<\/h3>\n\n<ol class=\"wp-block-list\">\n<li>Partner Handlowy akceptuje p\u0142atno\u015bci elektroniczne zgodnie z metod\u0105 p\u0142atno\u015bci wybran\u0105 przez Nabywc\u0119. Metody p\u0142atno\u015bci obj\u0119te Regulaminem to: <br\/> a. p\u0142atno\u015bci dokonywane za pomoc\u0105 kart p\u0142atniczych, <br\/> b. p\u0142atno\u015bci dokonywane przelewem elektronicznym (w tym p\u0142atno\u015bci online i BLIK).<br\/><br\/><\/li>\n\n\n\n<li>W celu skorzystania z us\u0142ugi Dostawcy konieczne jest, aby: <br\/> 1) Nabywca przeczyta\u0142 i zaakceptowa\u0142 Regulamin, <br\/> 2) w przypadku p\u0142atno\u015bci dokonywanej przez Nabywc\u0119 przy pomocy karty p\u0142atniczej, aby Nabywca posiada\u0142 kart\u0119 p\u0142atnicz\u0105 autoryzowan\u0105 przez banki do transakcji internetowych, <br\/> 3) Nabywca posiada\u0142 urz\u0105dzenie umo\u017cliwiaj\u0105ce dost\u0119p do Internetu, w tym program do przegl\u0105dania zasob\u00f3w internetowych.<br\/><br\/><\/li>\n\n\n\n<li>W celu skorzystania z us\u0142ugi Nabywca powinien poda\u0107 nast\u0119puj\u0105ce dane: imi\u0119, nazwisko i adres e-mail. W zale\u017cno\u015bci od wybranej metody p\u0142atno\u015bci mo\u017ce by\u0107 konieczne podanie dodatkowych danych zgodnie z formularzem na stronie internetowej Dostawcy, w szczeg\u00f3lno\u015bci w przypadku p\u0142atno\u015bci dokonywanych przez Nabywc\u0119 za pomoc\u0105 karty p\u0142atniczej konieczne jest podanie numeru karty i kodu weryfikacyjnego (CVV lub CVC).<br\/><br\/><\/li>\n\n\n\n<li>Z chwil\u0105 przekazania danych wskazanych w ust. 2 i zaakceptowania Regulaminu zostaje zawarta umowa pomi\u0119dzy Nabywc\u0105 a Dostawc\u0105, kt\u00f3rej przedmiotem jest \u015bwiadczenie us\u0142ug wskazanych w niniejszym Regulaminie. <br\/><br\/><\/li>\n\n\n\n<li>Warunki \u015bwiadczenia us\u0142ug zostan\u0105 okre\u015blone w poleceniu zap\u0142aty Nabywcy, otrzymanym zgodnie z umow\u0105.<br\/><br\/><\/li>\n\n\n\n<li>Polecenie zap\u0142aty zostaje przekazane, gdy kwota P\u0142atno\u015bci zostaje uznana na rachunku Dostawcy. W przypadku polece\u0144 zap\u0142aty otrzymanych w dniu nieb\u0119d\u0105cym dniem roboczym polecenie zap\u0142aty uznaje si\u0119 za przekazane w najbli\u017cszym dniu roboczym. Czas przetwarzania P\u0142atno\u015bci Nabywcy na rzecz Partnera Handlowego zale\u017cy od wybranej metody p\u0142atno\u015bci i zasad okre\u015blonych w umowie pomi\u0119dzy Dostawc\u0105 a Partnerem Handlowym. Dostawca przetwarza P\u0142atno\u015b\u0107 Nabywcy na rzecz Partnera Handlowego nie p\u00f3\u017aniej ni\u017c w kolejnym dniu roboczym po otrzymaniu polecenia zap\u0142aty Nabywcy.<br\/><br\/><\/li>\n\n\n\n<li>Dostawca informuje Nabywc\u0119 o dokonanej p\u0142atno\u015bci poprzez wiadomo\u015b\u0107 elektroniczn\u0105 dostarczon\u0105 do Nabywcy w formie e-maila przes\u0142anego na adres wskazany przez Nabywc\u0119.<br\/><br\/><\/li>\n\n\n\n<li>Dostawca zastrzega prawo do odmowy dokonania okre\u015blonej P\u0142atno\u015bci, je\u017celi: <br\/> 1) naruszone zosta\u0142y postanowienia niniejszego Regulaminu, og\u00f3lnie obowi\u0105zuj\u0105ce przepisy lub zasady wsp\u00f3\u0142\u017cycia spo\u0142ecznego, <br\/> 2) Dostawca ma w\u0105tpliwo\u015bci, czy transakcja, kt\u00f3rej dotyczy P\u0142atno\u015b\u0107, lub sama P\u0142atno\u015b\u0107 s\u0105 zgodne z og\u00f3lnie obowi\u0105zuj\u0105cymi przepisami, <br\/> 3) Nabywca nie jest osob\u0105 upowa\u017cnion\u0105 do korzystania z instrumentu p\u0142atniczego wskazanego w wyborze metody p\u0142atno\u015bci, w szczeg\u00f3lno\u015bci karty p\u0142atniczej, na podstawie umowy z wystawc\u0105 instrumentu p\u0142atniczego, <br\/> 4) Nabywca przekaza\u0142 fa\u0142szywe lub wprowadzaj\u0105ce w b\u0142\u0105d informacje wskazane w ust. 2 powy\u017cej.<br\/><br\/><\/li>\n\n\n\n<li>Je\u017celi P\u0142atno\u015b\u0107 zostanie zwr\u00f3cona z dowolnej przyczyny, dostawca poinformuje o tym Nabywc\u0119 na adres e-mail podany zgodnie z ust. 2 powy\u017cej oraz uzgodni z Nabywc\u0105, w jaki spos\u00f3b kwota P\u0142atno\u015bci ma zosta\u0107 zwr\u00f3cona.<br\/><br\/><\/li>\n\n\n\n<li>Za niewykonanie lub nieodpowiednie wykonanie us\u0142ug Dostawca odpowiada na warunkach prawa, w szczeg\u00f3lno\u015bci Ustawy o us\u0142ugach p\u0142atniczych z dnia 19 sierpnia 2011 r.<\/li>\n<\/ol>\n\n<h3 class=\"wp-block-heading\">Artyku\u0142 3 <\/h3>\n\n<ol class=\"wp-block-list\">\n<li>Dostawca przetwarza dane Nabywcy jako przetwarzaj\u0105cy wobec Partnera Handlowego podczas realizacji transakcji, z zastrze\u017ceniem, \u017ce Dostawca jest Administratorem danych osobowych Nabywcy, takich jak dane identyfikacyjne Nabywcy i dane transakcji do cel\u00f3w: <br\/><br\/>  1.1. realizacji umowy z Nabywc\u0105 w zakresie p\u0142atno\u015bci elektronicznych za transakcje dotycz\u0105ce towar\u00f3w i us\u0142ug oraz reklamacji, <br\/>  1.2. ustalenia, dochodzenia lub obrony roszcze\u0144 prawnych, <br\/>  1.2.1. podstaw\u0105 prawn\u0105 jest konieczno\u015b\u0107 przetwarzania danych do celu zawarcia i realizacji um\u00f3w z Dostawc\u0105, kt\u00f3rych Nabywca jest stron\u0105 (art. 6 ust. 1 litera b) RODO), <br\/>  1.3. zapobiegania oszustwom i czynno\u015bciom zwi\u0105zanym z oszustwami, dotycz\u0105cych realizowanych us\u0142ug p\u0142atniczych, <br\/>  1.4. wykrywania i badania tego rodzaju oszustw, <br\/>  1.5. identyfikacji Nabywcy w zakresie wynikaj\u0105cym z przepis\u00f3w prawa, <br\/>  1.6. obs\u0142ugi reklamacji Nabywcy, <br\/>  1.7. przechowywania danych do cel\u00f3w archiwizacyjnych oraz zapewnienia odpowiedzialno\u015bci (udowodnienia spe\u0142nienia przez nas obowi\u0105zk\u00f3w wynikaj\u0105cych z przepis\u00f3w prawa),<br\/>  1.7.1.1. podstaw\u0105 prawn\u0105 jest konieczno\u015b\u0107 przetwarzania danych w celu realizacji tych obowi\u0105zk\u00f3w prawnych (art. 6 ust. 1 litera c) RODO), <br\/>  1.7.2. przeprowadzania analityki, innego rodzaju analiz statystycznych, udoskonalania jako\u015bci us\u0142ug \u015bwiadczonych przez Dostawc\u0119 oraz rozwoju produkt\u00f3w, <br\/>  1.7.2.1. podstaw\u0105 prawn\u0105 jest konieczno\u015b\u0107 przetwarzania danych w celu realizacji takich uzasadnionych interes\u00f3w Dostawcy (art. 6 ust. 1 litera f) RODO), <br\/>  1.8. prowadzenia dzia\u0142a\u0144 marketingowych dla us\u0142ug w\u0142asnych, <br\/>  1.9. prowadzenia dzia\u0142a\u0144 marketingowych dla us\u0142ug stron trzecich, przy czym kontaktowanie si\u0119 z Nabywc\u0105 w powy\u017cszym zakresie za pomoc\u0105 pewnych \u015brodk\u00f3w komunikacji mo\u017ce wymaga\u0107 uprzedniej, osobnej i dobrowolnej zgody Nabywcy \u2013 podstaw\u0105 prawn\u0105 jest wy\u017cej wymieniona zgoda (art. 6 ust. 1 litera a) RODO).<br\/><br\/><\/li>\n\n\n\n<li>Dostawca uzyska\u0142 dane osobowe Nabywcy od Partnera Handlowego, z kt\u00f3rym Nabywca zawiera transakcj\u0119.<br\/><br\/><\/li>\n\n\n\n<li>Przekazanie danych jest dobrowolne, jednak odmowa ich przekazania mo\u017ce utrudni\u0107 lub uniemo\u017cliwi\u0107 \u015bwiadczenie us\u0142ug przez Dostawc\u0119.<br\/><br\/><\/li>\n\n\n\n<li>Dane osobowe Nabywcy mog\u0105 by\u0107 przekazywane stronom trzecim, je\u017celi jest to niezb\u0119dne w celu poprawnej realizacji us\u0142ug na jego rzecz, w szczeg\u00f3lno\u015bci w celu usprawnienia organizacji p\u0142atno\u015bci i us\u0142ug p\u0142atniczych. Dane osobowe Nabywcy mog\u0105 by\u0107 r\u00f3wnie\u017c przekazywane podmiotom przetwarzaj\u0105cym dane osobowe na zlecenie otrzymane od Dostawcy (podmioty przetwarzaj\u0105ce), przy czym podmioty takie przetwarzaj\u0105 dane osobowe na podstawie umowy zawartej z Dostawc\u0105, a przekazanie takich danych podlega zabezpieczeniom i kontroli przez Dostawc\u0119. Dane Nabywcy mog\u0105 by\u0107 r\u00f3wnie\u017c udost\u0119pniane podmiotom upowa\u017cnionym na podstawie przepis\u00f3w prawa.<br\/><br\/><\/li>\n\n\n\n<li>Dane osobowe Nabywcy nie b\u0119d\u0105 przekazywane przez Dostawc\u0119 poza Europejski Obszar Gospodarczy ani organizacjom mi\u0119dzynarodowym, z zastrze\u017ceniem kolejnego zdania. Dane osobowe Nabywcy mog\u0105 by\u0107 przekazywane do kraj\u00f3w trzecich, je\u017celi przekazywane s\u0105 organizacjom p\u0142atniczym, w szczeg\u00f3lno\u015bci w zwi\u0105zku z realizacj\u0105 obowi\u0105zk\u00f3w dotycz\u0105cych zapobieganiem oszustwom w zakresie \u015bwiadczonych us\u0142ug p\u0142atniczych (za wyj\u0105tkiem danych wymienionych w art. 9 ust. 1 RODO) Dane mog\u0105 by\u0107 przekazywane do kraj\u00f3w trzecich wy\u0142\u0105cznie po spe\u0142nieniu wymog\u00f3w okre\u015blonych w art. 44 i nast. RODO.<br\/><br\/><\/li>\n\n\n\n<li>Przechowywanie danych: Dane b\u0119d\u0105 przechowywane przez okres konieczny do realizacji cel\u00f3w przetwarzania. W tym celu Dostawca okresowo dokonuje przegl\u0105du przechowywanych danych osobowych. Dostawca przechowuje dane osobowe przez okres obowi\u0105zywania um\u00f3w oraz okres niezb\u0119dny do dochodzenia roszcze\u0144 zwi\u0105zanych z realizacj\u0105 um\u00f3w lub obrony przed takimi roszczeniami. Dane osobowe uzyskane w wyniku zastosowania \u015brodk\u00f3w bezpiecze\u0144stwa finansowego i zawarte w dowodach potwierdzaj\u0105cych przeprowadzenie transakcji oraz w rejestrze transakcji, w tym w dokumentach powi\u0105zanych, przechowywane s\u0105 przez okres 5 (pi\u0119ciu) lat pocz\u0105wszy od pierwszego dnia roku nast\u0119puj\u0105cego po roku rozwi\u0105zania umowy. Uzyskane dane osobowe, je\u017celi s\u0105 istotne lub wystarczaj\u0105co prawid\u0142owe dla zapobiegania praniu brudnych pieni\u0119dzy i finansowaniu terroryzmu, mog\u0105 by\u0107 przechowywane przez okres 7 (siedmiu) lat pocz\u0105wszy od daty zawarcia umowy. Dane osobowe przetwarzane przez Dostawc\u0119 w celu realizacji dzia\u0142a\u0144 marketingowych mog\u0105 by\u0107 przetwarzane, dop\u00f3ki Nabywca nie zg\u0142osi sprzeciwu lub nie wycofa swojej dobrowolnie udzielonej zgody. Wymienione dane osobowe mog\u0105 by\u0107 przechowywane d\u0142u\u017cej, je\u017celi wymaga tego w\u0142a\u015bciwy organ nadzorczy. <br\/><br\/><\/li>\n\n\n\n<li>Prawa os\u00f3b, kt\u00f3rych dotycz\u0105 dane: Nabywca ma prawo do informacji, do za\u017c\u0105dania dost\u0119pu i do skorygowania lub usuni\u0119cia danych osobowych albo ograniczenia lub sprzeciwu wobec ich przetwarzania, a tak\u017ce prawo do przenoszenia danych. Je\u017celi przetwarzanie oparte jest na zgodzie Nabywcy, Nabywca ma prawo wycofa\u0107 swoj\u0105 zgod\u0119 w dowolnym czasie. Wycofanie zgody nie wp\u0142ywa na zgodno\u015b\u0107 z prawem przetwarzania dokonanego w oparciu o zgod\u0119 przed jej wycofaniem. Nabywca mo\u017ce wykona\u0107 te prawa, kieruj\u0105c pismo na nast\u0119puj\u0105cy adres: Data Protection Officer, Rua Soeiro Pereira Gomes, Lote 1, 1649-031, Lizbona, Portugalia, lub elektronicznie na nast\u0119puj\u0105cy adres e-mail: <a href=\"mailto:DataProtectionOfficer@sibs.com\">DataProtectionOfficer@sibs.com<\/a> <br\/><br\/><\/li>\n\n\n\n<li>Nabywca ma prawo wnie\u015b\u0107 skarg\u0119 do organu nadzorczego.<br\/><br\/><\/li>\n\n\n\n<li>W razie pyta\u0144 Nabywcy dotycz\u0105cych przetwarzania jego danych, je\u017celi Dostawca jest przetwarzaj\u0105cym dane osobowe Nabywcy, Dostawca zaleca sprawdzenie polityki prywatno\u015bci lub innych dokument\u00f3w zwi\u0105zanych z RODO przekazanych przez Partnera Handlowego, z kt\u00f3rym Nabywca zawiera transakcj\u0119, albo skontaktowanie si\u0119 bezpo\u015brednio z Partnerem Handlowym.<\/li>\n<\/ol>\n\n<h3 class=\"wp-block-heading\">Artyku\u0142 4<\/h3>\n\n<ol class=\"wp-block-list\">\n<li>Nabywca ma prawo wnie\u015b\u0107 reklamacj\u0119, je\u017celi us\u0142ugi okre\u015blone w Regulaminie nie s\u0105 realizowane lub s\u0105 realizowane niezgodnie z postanowieniami Regulaminu.<br\/><br\/><\/li>\n\n\n\n<li>Reklamacj\u0119 mo\u017cna z\u0142o\u017cy\u0107 bezpo\u015brednio do Dostawcy lub \u2013 w celu u\u0142atwienia kontakt\u00f3w \u2013 poprzez PayTel S.A., polski podmiot zale\u017cny Dostawcy. PayTel S.A. przeka\u017ce otrzyman\u0105 reklamacj\u0119 do Dostawcy. Niezale\u017cnie od wyboru podmiotu i formy z\u0142o\u017cenia reklamacji, reklamacja zostanie obs\u0142u\u017cona przez Dostawc\u0119.<br\/><br\/><\/li>\n\n\n\n<li>Reklamacj\u0119 mo\u017cna z\u0142o\u017cy\u0107 w nast\u0119puj\u0105cej formie: <br\/><br\/> a) pisemnie na adres:<br\/> (i) Dostawcy: Rua Soeiro Pereira Gomes, Lote 1, 1649-031, Lizbona, Portugalia.<br\/> (ii) Podmiotu po\u015brednicz\u0105cego w przekazaniu reklamacji: <br\/> &#8211; siedziba: PayTel S.A., ul. \u017bwirki i Wigury 14, 02-092 Warszawa <br\/> &#8211; oddzia\u0142: PayTel S.A. oddzia\u0142 w Nowym S\u0105czu, ul. Nawojowska 118, 33-300 Nowy S\u0105cz <br\/><br\/>b) w formie elektronicznej za pomoc\u0105 formularza dost\u0119pnego pod adresem <a href=\"https:\/\/www.paytel.pl\/kontakt\/\" data-type=\"link\" data-id=\"https:\/\/www.paytel.pl\/kontakt\/\" target=\"_blank\" rel=\"noreferrer noopener\">www.paytel.pl\/kontakt\/<\/a><br\/><br\/>c) przes\u0142anie reklamacji bezpo\u015brednio na adres e-mail: <a href=\"mailto:ecommerce_helpdesk@paytel.pl\">ecommerce.helpdesk@paytel.pl<\/a><br\/><br\/>d) telefonicznie na numer infolinii +48 18 521 18 00.<br\/><br\/><\/li>\n\n\n\n<li>Reklamacja powinna zawiera\u0107 co najmniej: imi\u0119, nazwisko, adres Nabywcy (w przypadku reklamacji wymagaj\u0105cej odpowiedzi poczt\u0105), pow\u00f3d reklamacji, opis zastrze\u017ce\u0144, dat\u0119 zdarzenia, kt\u00f3re sta\u0142o si\u0119 przedmiotem reklamacji, identyfikator transakcji otrzymany w wiadomo\u015bci e-mail okre\u015blaj\u0105cej status p\u0142atno\u015bci. Je\u017celi przedmiotem skargi jest transakcja zrealizowana przez Dostawc\u0119, do zawiadomienia nale\u017cy do\u0142\u0105czy\u0107 potwierdzenie transakcji w przypadku obci\u0105\u017cenia rachunku. Dodatkowo nale\u017cy poda\u0107: numer transakcji i\/lub dok\u0142adn\u0105 kwot\u0119 p\u0142atno\u015bci, dat\u0119 transakcji i nazw\u0119 us\u0142ugi\/URL sklepu, w kt\u00f3rym dokonano transakcji.<br\/><br\/><\/li>\n\n\n\n<li>Je\u017celi dane lub informacje przekazane przez Nabywc\u0119 w reklamacji wymagaj\u0105 uzupe\u0142nienia, przed obs\u0142u\u017ceniem reklamacji Dostawca ma prawo za\u017c\u0105da\u0107, by Nabywca uzupe\u0142ni\u0142 reklamacj\u0119 w zakresie i terminie wskazanym w \u017c\u0105daniu.<br\/><br\/><\/li>\n\n\n\n<li>Dostawca rozpatrzy reklamacj\u0119 jak najszybciej, nie p\u00f3\u017aniej ni\u017c w ci\u0105gu 15 dni roboczych od otrzymania reklamacji. W szczeg\u00f3lnie z\u0142o\u017conych sprawach maksymalny termin na obs\u0142u\u017cenie reklamacji nie mo\u017ce przekroczy\u0107 35 dni roboczych od daty otrzymania reklamacji.<br\/><br\/><\/li>\n\n\n\n<li>Odpowied\u017a na reklamacj\u0119 zostanie dostarczona przez Dostawc\u0119 na pi\u015bmie lub elektronicznie, je\u017celi Nabywca wyrazi\u0142 na to zgod\u0119.<br\/><br\/><\/li>\n\n\n\n<li>W zwi\u0105zku z przetwarzaniem reklamacji, w celu wyja\u015bnienia wszelkich kwestii z wystawcami instrument\u00f3w p\u0142atniczych, instytucjami finansowymi oraz organami nadzorczymi, Dostawca mo\u017ce za\u017c\u0105da\u0107 od Nabywcy przes\u0142ania w ci\u0105gu 7 dni od otrzymania takiego \u017c\u0105dania: <br\/> 1) Dodatkowych niezb\u0119dnych informacji dotycz\u0105cych transakcji, za kt\u00f3r\u0105 dokonano dochodzonej P\u0142atno\u015bci oraz <br\/> 2) Kopii dokument\u00f3w dotycz\u0105cych realizacji transakcji, za kt\u00f3r\u0105 Nabywca dokona\u0142 P\u0142atno\u015bci, w tym kopii potwierdzenia zakupu towar\u00f3w lub us\u0142ug.<\/li>\n<\/ol>\n\n<h3 class=\"wp-block-heading\">Artyku\u0142 5<\/h3>\n\n<ol class=\"wp-block-list\">\n<li>Regulamin dost\u0119pny jest na stronie internetowej Dostawcy.<br\/><br\/><\/li>\n\n\n\n<li>Umowa pomi\u0119dzy Nabywc\u0105 a Dostawc\u0105 podlega prawu polskiemu.<br\/><br\/><\/li>\n\n\n\n<li>Wszelkie spory zwi\u0105zane z us\u0142ugami \u015bwiadczonymi przez Dostawc\u0119 rozstrzygane b\u0119d\u0105 przez w\u0142a\u015bciwe s\u0105dy powszechne w Polsce.<\/li>\n<\/ol>\n","protected":false},"excerpt":{"rendered":"<p>Regulamin Akceptacji Transakcji w Payment Gateway dostarczanym przez SIBS Pagamentos Artyku\u0142 1 Artyku\u0142 2 Artyku\u0142 3 Artyku\u0142 4 Artyku\u0142 5<\/p>\n","protected":false},"author":1,"featured_media":0,"parent":0,"menu_order":0,"comment_status":"closed","ping_status":"closed","template":"","meta":{"_acf_changed":false,"_eb_attr":"","footnotes":""},"class_list":["post-9932","page","type-page","status-publish","hentry","has-post-title","has-post-date","has-post-category","has-post-tag","has-post-comment","has-post-author",""],"acf":[],"builder_content":"","_links":{"self":[{"href":"https:\/\/www.qly.docs.pay.sibs.com\/pl\/wp-json\/wp\/v2\/pages\/9932","targetHints":{"allow":["GET"]}}],"collection":[{"href":"https:\/\/www.qly.docs.pay.sibs.com\/pl\/wp-json\/wp\/v2\/pages"}],"about":[{"href":"https:\/\/www.qly.docs.pay.sibs.com\/pl\/wp-json\/wp\/v2\/types\/page"}],"author":[{"embeddable":true,"href":"https:\/\/www.qly.docs.pay.sibs.com\/pl\/wp-json\/wp\/v2\/users\/1"}],"replies":[{"embeddable":true,"href":"https:\/\/www.qly.docs.pay.sibs.com\/pl\/wp-json\/wp\/v2\/comments?post=9932"}],"version-history":[{"count":12,"href":"https:\/\/www.qly.docs.pay.sibs.com\/pl\/wp-json\/wp\/v2\/pages\/9932\/revisions"}],"predecessor-version":[{"id":11351,"href":"https:\/\/www.qly.docs.pay.sibs.com\/pl\/wp-json\/wp\/v2\/pages\/9932\/revisions\/11351"}],"wp:attachment":[{"href":"https:\/\/www.qly.docs.pay.sibs.com\/pl\/wp-json\/wp\/v2\/media?parent=9932"}],"curies":[{"name":"wp","href":"https:\/\/api.w.org\/{rel}","templated":true}]}}