{"id":9929,"date":"2023-04-26T16:47:07","date_gmt":"2023-04-26T16:47:07","guid":{"rendered":"https:\/\/www.qly.docs.pay.sibs.com\/jak-zaczac\/"},"modified":"2024-04-23T14:42:35","modified_gmt":"2024-04-23T14:42:35","slug":"jak-zaczac","status":"publish","type":"page","link":"https:\/\/www.qly.docs.pay.sibs.com\/pl\/sibs-gateway-dokumentacja\/jak-zaczac\/","title":{"rendered":"Jak zacz\u0105\u0107"},"content":{"rendered":"<!-- wp:themify-builder\/canvas \/-->\n<p>Dowiedz si\u0119, jak rozpocz\u0105\u0107 przyjmowanie p\u0142atno\u015bci za pomoc\u0105 SIBS Payment Gateway krok po kroku.<\/p>\n\n<h3 class=\"wp-block-heading\">Krok 1: Utw\u00f3rz konto testowe SIBS<\/h3>\n\n<p>Rozpocznij swoj\u0105 integracj\u0119 z SIBS Payment Gateway, tworz\u0105c bezp\u0142atne konto testowe. Daje to dost\u0119p do \u015brodowisk testowych SIBS. Skonsultuj si\u0119 ze swoim <a href=\"mailto:ecommerce@paytel.pl\" data-type=\"mailto\" data-id=\"mailto:ecommerce@paytel.pl\" target=\"_blank\" rel=\"noreferrer noopener\">Opiekunem Klienta<\/a>, aby rozpocz\u0105\u0107 proces wdra\u017cania.<\/p>\n\n<p>Po zako\u0144czeniu tego procesu otrzymasz dane uwierzytelniaj\u0105ce do test\u00f3w:<\/p>\n\n<ul class=\"wp-block-list\">\n<li><strong>Kod terminala<\/strong><\/li>\n\n\n\n<li><strong>Token<\/strong><\/li>\n\n\n\n<li><strong>ID Klienta<\/strong><\/li>\n<\/ul>\n\n<p>Po uzyskaniu tych danych, mo\u017cna rozpocz\u0105\u0107 proces integracji.<\/p>\n\n<p>W \u015brodowisku testowym mo\u017cesz:<\/p>\n\n<ul class=\"wp-block-list\">\n<li>Cyfrowo wdra\u017ca\u0107 sprzedawc\u00f3w, je\u015bli jeste\u015b po\u015brednikiem p\u0142atno\u015bci<\/li>\n\n\n\n<li>Rozpocz\u0105\u0107 proces integracji<\/li>\n\n\n\n<li>Pozna\u0107 dost\u0119pne funkcjonalno\u015bci i narz\u0119dzia<\/li>\n\n\n\n<li>Przeprowadza\u0107 p\u0142atno\u015bci testowe<\/li>\n<\/ul>\n\n<p>Pami\u0119taj, \u017ce konto testowe pozwala na zapoznanie si\u0119 z integracjami SIBS, ale nie gwarantuje przetwarzania p\u0142atno\u015bci na \u017cywo.<\/p>\n\n<h3 class=\"wp-block-heading\">Krok 2: Stw\u00f3rz \u015bcie\u017ck\u0119 integracji<\/h3>\n\n<p>Rozpocznij integracj\u0119, korzystaj\u0105c z konta testowego SIBS. <a href=\"https:\/\/www.qly.docs.pay.sibs.com\/pl\/integrations\/\">Wybierz rodzaj integracji<\/a>, kt\u00f3ry idealnie odpowiada Twoim wymaganiom biznesowym.<\/p>\n\n<h3 class=\"wp-block-heading\">Krok 3: Odkryj funkcjonalno\u015bci i narz\u0119dzia SIBS<\/h3>\n\n<p>Odkryj szereg dost\u0119pnych funkcjonalno\u015bci SIBS, kt\u00f3re pomog\u0105 Ci w integracji.<\/p>\n\n<div id=\"link-cards-block_d3f68261ba9dd4b1030721581e27be57\" class=\"block-link-cards\">\n            <div class=\"row\">\n                                                <div class=\"link-card-col\">\n                        <p>Link inv\u00e1lido ou incompleto.<\/p>\n                    <\/div>\n                                    <\/div>\n    <\/div>\n\n<script>\ndocument.addEventListener('DOMContentLoaded', function() {\n    \/\/ Get all the rows of link cards\n    var rows = document.querySelectorAll('.block-link-cards .row');\n\n    \/\/ Loop through each row\n    rows.forEach(function(row) {\n        \/\/ Get all the link cards in the row\n        var linkCards = row.querySelectorAll('.link-card-col');\n\n        \/\/ Find the tallest card height in the row\n        var tallestCardHeight = 0;\n        linkCards.forEach(function(card) {\n            card.style.height = ''; \/\/ Reset the height to auto\n            var cardHeight = card.offsetHeight;\n            if (cardHeight > tallestCardHeight) {\n                tallestCardHeight = cardHeight;\n            }\n        });\n\n        \/\/ Set the height of all link cards in the row to the tallest card height\n        linkCards.forEach(function(card) {\n            card.style.height = tallestCardHeight + 'px';\n        });\n    });\n});\n<\/script>\n\n\n<h3 class=\"wp-block-heading\">Krok 4: Poznaj zasoby dla deweloper\u00f3w<\/h3>\n\n<p>Korzystaj z wiarygodnych referencji i sprawnie zintegruj nasze us\u0142ugi z Twoim systemem.<\/p>\n\n<div id=\"link-cards-block_5586be156af415b01fd7e7875532e816\" class=\"block-link-cards\">\n            <div class=\"row\">\n                                                <div class=\"link-card-col\">\n                        <p>Link inv\u00e1lido ou incompleto.<\/p>\n                    <\/div>\n                                    <\/div>\n    <\/div>\n\n<script>\ndocument.addEventListener('DOMContentLoaded', function() {\n    \/\/ Get all the rows of link cards\n    var rows = document.querySelectorAll('.block-link-cards .row');\n\n    \/\/ Loop through each row\n    rows.forEach(function(row) {\n        \/\/ Get all the link cards in the row\n        var linkCards = row.querySelectorAll('.link-card-col');\n\n        \/\/ Find the tallest card height in the row\n        var tallestCardHeight = 0;\n        linkCards.forEach(function(card) {\n            card.style.height = ''; \/\/ Reset the height to auto\n            var cardHeight = card.offsetHeight;\n            if (cardHeight > tallestCardHeight) {\n                tallestCardHeight = cardHeight;\n            }\n        });\n\n        \/\/ Set the height of all link cards in the row to the tallest card height\n        linkCards.forEach(function(card) {\n            card.style.height = tallestCardHeight + 'px';\n        });\n    });\n});\n<\/script>\n\n\n<h3 class=\"wp-block-heading\">Krok 5: Dobij targu<\/h3>\n\n<p>Konto rzeczywiste umo\u017cliwia przyjmowanie p\u0142atno\u015bci od klient\u00f3w za po\u015brednictwem SIBS. Jako \u017ce SIBS dzia\u0142a jako dostawca p\u0142atno\u015bci i agent rozliczeniowy, jeste\u015bmy zobowi\u0105zani do przeprowadzenia dok\u0142adnych kontroli podczas procesu sk\u0142adania wniosk\u00f3w o konto rzeczywiste.<\/p>\n\n<p>Skontaktuj si\u0119 z naszym <a rel=\"noreferrer noopener\" href=\"mailto:ecommerce@paytel.pl\" data-type=\"mailto\" data-id=\"mailto:ecommerce@paytel.pl\" target=\"_blank\">zespo\u0142em sprzeda\u017cy<\/a>, aby aktywowa\u0107 konto i przygotowa\u0107 si\u0119 do akceptowania p\u0142atno\u015bci.<\/p>\n","protected":false},"excerpt":{"rendered":"<p>Dowiedz si\u0119, jak rozpocz\u0105\u0107 przyjmowanie p\u0142atno\u015bci za pomoc\u0105 SIBS Payment Gateway krok po kroku. Krok 1: Utw\u00f3rz konto testowe SIBS Rozpocznij swoj\u0105 integracj\u0119 z SIBS Payment Gateway, tworz\u0105c bezp\u0142atne konto testowe. Daje to dost\u0119p do \u015brodowisk testowych SIBS. Skonsultuj si\u0119 ze swoim Opiekunem Klienta, aby rozpocz\u0105\u0107 proces wdra\u017cania. Po zako\u0144czeniu tego procesu otrzymasz dane uwierzytelniaj\u0105ce [&hellip;]<\/p>\n","protected":false},"author":1,"featured_media":0,"parent":9923,"menu_order":1,"comment_status":"closed","ping_status":"closed","template":"","meta":{"_acf_changed":false,"_eb_attr":"","footnotes":""},"class_list":["post-9929","page","type-page","status-publish","hentry","has-post-title","has-post-date","has-post-category","has-post-tag","has-post-comment","has-post-author",""],"acf":[],"builder_content":"","_links":{"self":[{"href":"https:\/\/www.qly.docs.pay.sibs.com\/pl\/wp-json\/wp\/v2\/pages\/9929","targetHints":{"allow":["GET"]}}],"collection":[{"href":"https:\/\/www.qly.docs.pay.sibs.com\/pl\/wp-json\/wp\/v2\/pages"}],"about":[{"href":"https:\/\/www.qly.docs.pay.sibs.com\/pl\/wp-json\/wp\/v2\/types\/page"}],"author":[{"embeddable":true,"href":"https:\/\/www.qly.docs.pay.sibs.com\/pl\/wp-json\/wp\/v2\/users\/1"}],"replies":[{"embeddable":true,"href":"https:\/\/www.qly.docs.pay.sibs.com\/pl\/wp-json\/wp\/v2\/comments?post=9929"}],"version-history":[{"count":5,"href":"https:\/\/www.qly.docs.pay.sibs.com\/pl\/wp-json\/wp\/v2\/pages\/9929\/revisions"}],"predecessor-version":[{"id":10689,"href":"https:\/\/www.qly.docs.pay.sibs.com\/pl\/wp-json\/wp\/v2\/pages\/9929\/revisions\/10689"}],"up":[{"embeddable":true,"href":"https:\/\/www.qly.docs.pay.sibs.com\/pl\/wp-json\/wp\/v2\/pages\/9923"}],"wp:attachment":[{"href":"https:\/\/www.qly.docs.pay.sibs.com\/pl\/wp-json\/wp\/v2\/media?parent=9929"}],"curies":[{"name":"wp","href":"https:\/\/api.w.org\/{rel}","templated":true}]}}