{"id":9923,"date":"2023-09-04T15:50:11","date_gmt":"2023-09-04T15:50:11","guid":{"rendered":"https:\/\/www.qly.docs.pay.sibs.com\/sibs-gateway-dokumentacja\/"},"modified":"2025-04-01T16:15:32","modified_gmt":"2025-04-01T16:15:32","slug":"sibs-gateway-dokumentacja","status":"publish","type":"page","link":"https:\/\/www.qly.docs.pay.sibs.com\/pl\/sibs-gateway-dokumentacja\/","title":{"rendered":"SIBS Gateway \u2013 Dokumentacja"},"content":{"rendered":"<!-- wp:themify-builder\/canvas \/-->\n\n\n<style type=\"text\/css\">\n\t#banner-button-block_cf9b515d30d92a2e241af3f35e67d3b0 {\n\t\tbackground-color: #F0F7FF; \/* Set background color based on ACF value *\/\n\t\t\/* Add styles that use ACF values here *\/\n\t}\n<\/style>\n\n<div id=\"banner-button-block_cf9b515d30d92a2e241af3f35e67d3b0\" class=\"block-banner-button\">\n\t<div class=\"banner-first\">\n\t\t<h5 class=\"banner\">Nowa wizja p\u0142atno\u015bci online<\/h5>\n\t\t<p class=\"banner\"><p>Niezale\u017cnie od tego, czy dopiero stawiasz pierwsze kroki w biznesie, czy te\u017c prowadzisz ugruntowan\u0105 ju\u017c dzia\u0142alno\u015b\u0107, oferujemy Ci narz\u0119dzia umo\u017cliwiaj\u0105ce sprawn\u0105 i bezpieczn\u0105 obs\u0142ug\u0119 transakcji, przetwarzanie wyp\u0142at i zaawansowane zarz\u0105dzanie danymi. Wszystko po to, aby przybli\u017cy\u0107 Ci\u0119 do Twoich cel\u00f3w biznesowych.<\/p>\n<\/p>\n\t\t<div style=\"padding-top: 20px !important;\">\n\t\t\t\t\t\t\t\t\t\t<a href=\"https:\/\/www.qly.docs.pay.sibs.com\/get-started\/\" target=\"\" class=\"banner-button\">Zacznij<\/a>\n\t\t\t\n\t\t\t\t\t\t\t\t\t\t<a class=\"banner_linkBtn\" href=\"mailto:ecommerce@paytel.pl\" target=\"\">Skontaktuj si\u0119<\/a>\n\t\t\t\t\t<\/div>\n\t<\/div>\n\t<div class=\"banner-last\">\n\t\t\t\t\t\t\n\t<\/div>\n<\/div>\n\n\n\n<h3 class=\"wp-block-heading\">Zintegrowany ekosystem p\u0142atno\u015bci<\/h3>\n\n\n\n<div class=\"wp-block-columns is-layout-flex wp-container-core-columns-is-layout-28f84493 wp-block-columns-is-layout-flex\">\n<div class=\"wp-block-column is-layout-flow wp-block-column-is-layout-flow\">\n<p>SIBS Payment Gateway umo\u017cliwia bezproblemow\u0105 akceptacj\u0119 p\u0142atno\u015bci globalnych. <strong>Nasze rozwi\u0105zania obejmuj\u0105 spersonalizowan\u0105 obs\u0142ug\u0119 transakcji, usprawnione wyp\u0142aty, \u0142atwe fakturowanie i uproszczone zarz\u0105dzanie <\/strong>.<\/p>\n<\/div>\n\n\n\n<div class=\"wp-block-column is-layout-flow wp-block-column-is-layout-flow\">\n<p>Te cenne funkcjonalno\u015bci, zintegrowane w ramach ujednoliconej platformy, wsp\u00f3\u0142pracuj\u0105 ze sob\u0105, usprawniaj\u0105c operacje biznesowe.<\/p>\n<\/div>\n<\/div>\n\n\n\n<figure class=\"wp-block-image alignwide size-full\"><img loading=\"lazy\" decoding=\"async\" width=\"2880\" height=\"1644\" src=\"https:\/\/www.qly.docs.pay.sibs.com\/wp-content\/uploads\/2025\/04\/section02_image02-pl.png\" alt=\"\" class=\"wp-image-23412\" srcset=\"https:\/\/www.qly.docs.pay.sibs.com\/wp-content\/uploads\/2025\/04\/section02_image02-pl.png 2880w, https:\/\/www.qly.docs.pay.sibs.com\/wp-content\/uploads\/2025\/04\/section02_image02-pl-300x171.png 300w, https:\/\/www.qly.docs.pay.sibs.com\/wp-content\/uploads\/2025\/04\/section02_image02-pl-1024x585.png 1024w, https:\/\/www.qly.docs.pay.sibs.com\/wp-content\/uploads\/2025\/04\/section02_image02-pl-768x438.png 768w, https:\/\/www.qly.docs.pay.sibs.com\/wp-content\/uploads\/2025\/04\/section02_image02-pl-1536x877.png 1536w, https:\/\/www.qly.docs.pay.sibs.com\/wp-content\/uploads\/2025\/04\/section02_image02-pl-2048x1169.png 2048w\" sizes=\"auto, (max-width: 2880px) 100vw, 2880px\" \/><\/figure>\n\n\n\n<h3 class=\"wp-block-heading\">Co oferujemy?<\/h3>\n\n\n\n<style type=\"text\/css\">\n\t#category-cards-block_8c200b0be16eb7108dde4f883765e63d {\n\t\t\/* Add styles that use ACF values here *\/\n\t}\n<\/style>\n\n<div id=\"category-cards-block_8c200b0be16eb7108dde4f883765e63d\" class=\"block-category-cards\">\n\t\t\t\t\t<div class=\"row\">\n\t\t\t\t\t\t\t\t\t\t\t\t\t\t\t<div class=\"cat-cards-col\">\n\t\t\t\t\t\t\t\t\t<\/div>\n\t\t\t\t\t\t\t\t\t\t\t\t\t\t\t\t\t<\/div>\n\t<\/div>\n\n\n<script type=\"text\/javascript\">\n  function adjustCardHeights() {\n\tconst rows = document.querySelectorAll('.block-category-cards .row');\n\n\trows.forEach((row) => {\n\t  const cards = row.querySelectorAll('.cat-cards-col');\n\t  let maxHeight = 0;\n\n\t  cards.forEach((card) => {\n\t\tcard.style.height = 'auto'; \/\/ Reset the height to calculate the new maximum height\n\t\tconst cardHeight = card.offsetHeight;\n\t\tmaxHeight = Math.max(maxHeight, cardHeight);\n\t  });\n\n\t  cards.forEach((card) => {\n\t\tcard.style.height = maxHeight + 'px';\n\t  });\n\t});\n  }\n\n  window.addEventListener('load', adjustCardHeights);\n  window.addEventListener('resize', adjustCardHeights);\n<\/script>\n\n\n\n<h3 class=\"wp-block-heading\">Wzmocnij swoj\u0105 firm\u0119 dzi\u0119ki SIBS Backoffice<\/h3>\n\n\n\n<div class=\"wp-block-columns is-layout-flex wp-container-core-columns-is-layout-28f84493 wp-block-columns-is-layout-flex\">\n<div class=\"wp-block-column is-layout-flow wp-block-column-is-layout-flow\">\n<p>Upro\u015b\u0107 i przyspiesz swoje operacje p\u0142atnicze dzi\u0119ki przyjaznemu dla u\u017cytkownika interfejsowi SIBS Backoffice. Dzi\u0119ki naszej intuicyjnej platformie mo\u017cesz <strong> bez wysi\u0142ku konfigurowa\u0107 i nadzorowa\u0107 swoje transakcje p\u0142atnicze<\/strong>.<\/p>\n<\/div>\n\n\n\n<div class=\"wp-block-column is-layout-flow wp-block-column-is-layout-flow\">\n<p>Korzystaj z cennych spostrze\u017ce\u0144 dzi\u0119ki naszym narz\u0119dziom analitycznym i dostosowuj swoje operacje, aby osi\u0105gn\u0105\u0107 niezwyk\u0142\u0105 popraw\u0119 wydajno\u015bci, co prze\u0142o\u017cy si\u0119 na \u015bwietne wyniki.<\/p>\n<\/div>\n<\/div>\n\n\n\n<figure class=\"wp-block-image size-full\"><img loading=\"lazy\" decoding=\"async\" width=\"3806\" height=\"2364\" src=\"https:\/\/www.qly.docs.pay.sibs.com\/wp-content\/uploads\/2025\/04\/SBO-PL-01.png\" alt=\"\" class=\"wp-image-23417\" srcset=\"https:\/\/www.qly.docs.pay.sibs.com\/wp-content\/uploads\/2025\/04\/SBO-PL-01.png 3806w, https:\/\/www.qly.docs.pay.sibs.com\/wp-content\/uploads\/2025\/04\/SBO-PL-01-300x186.png 300w, https:\/\/www.qly.docs.pay.sibs.com\/wp-content\/uploads\/2025\/04\/SBO-PL-01-1024x636.png 1024w, https:\/\/www.qly.docs.pay.sibs.com\/wp-content\/uploads\/2025\/04\/SBO-PL-01-768x477.png 768w, https:\/\/www.qly.docs.pay.sibs.com\/wp-content\/uploads\/2025\/04\/SBO-PL-01-1536x954.png 1536w, https:\/\/www.qly.docs.pay.sibs.com\/wp-content\/uploads\/2025\/04\/SBO-PL-01-2048x1272.png 2048w\" sizes=\"auto, (max-width: 3806px) 100vw, 3806px\" \/><\/figure>\n\n\n\n<style type=\"text\/css\">\n\t#banner-button-block_c68f059418fd062ea909ba50606990ec {\n\t\tbackground-color: rgb(19,18,74); \/* Set background color based on ACF value *\/\n\t\t\/* Add styles that use ACF values here *\/\n\t}\n<\/style>\n\n<div id=\"banner-button-block_c68f059418fd062ea909ba50606990ec\" class=\"block-banner-button\">\n\t<div class=\"banner-first\">\n\t\t<h5 class=\"banner\"><\/h5>\n\t\t<p class=\"banner\"><h5><span style=\"color: #ffffff\">Specjalnie dla programist\u00f3w<\/span><\/h5>\n<p><span style=\"color: #ffffff\">Usprawnij proces integracji korzystaj\u0105c z<\/span><span style=\"color: #00d084\"><a style=\"color: #00d084\" href=\"https:\/\/www.qly.docs.pay.sibs.com\/pl\/sibs-gateway-dokumentacja\/zasoby-dla-programistow\/punkty-koncowe\/\">punkt\u00f3w ko\u0144cowych<\/a><\/span><span style=\"color: #ffffff\">, <span style=\"color: #00d084\"><a style=\"color: #00d084\" href=\"https:\/\/www.qly.docs.pay.sibs.com\/international\/test-and-development-resources\/testing-assets\/\">aktyw\u00f3w testowych<\/a><\/span>, oraz bibliotek programistycznych Postman, aby zapewni\u0107 wydajno\u015b\u0107 i usprawnion\u0105 integracj\u0119.<\/span><\/p>\n<\/p>\n\t\t<div style=\"padding-top: 20px !important;\">\n\t\t\t\t\t\t\n\t\t\t\t\t\t\t\t<\/div>\n\t<\/div>\n\t<div class=\"banner-last\">\n\t\t\t\t\t\t\t<div class=\"banner-image\"><img decoding=\"async\" src=\"https:\/\/www.qly.docs.pay.sibs.com\/wp-content\/uploads\/2023\/09\/code-snippet-02.png\" alt=\"\" \/><\/div>\n\t\t\t\t\n\t<\/div>\n<\/div>\n\n\n\n<h3 class=\"wp-block-heading\">Zaczynamy?<\/h3>\n\n\n\n<div class=\"wp-block-columns is-layout-flex wp-container-core-columns-is-layout-28f84493 wp-block-columns-is-layout-flex\">\n<div class=\"wp-block-column is-layout-flow wp-block-column-is-layout-flow\">\n<p>Rozpocznij integracj\u0119 ju\u017c dzi\u015b lub skontaktuj si\u0119 z naszym zespo\u0142em sprzeda\u017cy i dowiedz si\u0119, jak mo\u017cemy pom\u00f3c Ci rozwin\u0105\u0107 Tw\u00f3j biznes.<\/p>\n<\/div>\n\n\n\n<div class=\"wp-block-column is-layout-flow wp-block-column-is-layout-flow\"><\/div>\n<\/div>\n\n\n\n<style type=\"text\/css\">\n\t#buttons-row-block_859dba7f1881572684ffec4101d1b880 {\n\t\t\/* Add styles that use ACF values here *\/\n\t}\n<\/style>\n\n<div id=\"buttons-row-block_859dba7f1881572684ffec4101d1b880\" class=\"block-buttons-row\">\n\t\t\t\t<a href=\"https:\/\/www.qly.docs.pay.sibs.com\/get-started\/\" target=\"\" class=\"BigBlueButton\">Zacznij<\/a>\n\t\t\t\t\t<a class=\"banner_linkBtn\" href=\"mailto:ecommerce@paytel.pl\" target=\"\">Skontaktuj si\u0119<\/a>\n\t<\/div>","protected":false},"excerpt":{"rendered":"<p>Zintegrowany ekosystem p\u0142atno\u015bci SIBS Payment Gateway umo\u017cliwia bezproblemow\u0105 akceptacj\u0119 p\u0142atno\u015bci globalnych. Nasze rozwi\u0105zania obejmuj\u0105 spersonalizowan\u0105 obs\u0142ug\u0119 transakcji, usprawnione wyp\u0142aty, \u0142atwe fakturowanie i uproszczone zarz\u0105dzanie . Te cenne funkcjonalno\u015bci, zintegrowane w ramach ujednoliconej platformy, wsp\u00f3\u0142pracuj\u0105 ze sob\u0105, usprawniaj\u0105c operacje biznesowe. Co oferujemy? Wzmocnij swoj\u0105 firm\u0119 dzi\u0119ki SIBS Backoffice Upro\u015b\u0107 i przyspiesz swoje operacje p\u0142atnicze dzi\u0119ki przyjaznemu [&hellip;]<\/p>\n","protected":false},"author":3,"featured_media":0,"parent":0,"menu_order":0,"comment_status":"closed","ping_status":"closed","template":"","meta":{"_acf_changed":false,"_eb_attr":"","footnotes":""},"class_list":["post-9923","page","type-page","status-publish","hentry","has-post-title","has-post-date","has-post-category","has-post-tag","has-post-comment","has-post-author",""],"acf":[],"builder_content":"","_links":{"self":[{"href":"https:\/\/www.qly.docs.pay.sibs.com\/pl\/wp-json\/wp\/v2\/pages\/9923","targetHints":{"allow":["GET"]}}],"collection":[{"href":"https:\/\/www.qly.docs.pay.sibs.com\/pl\/wp-json\/wp\/v2\/pages"}],"about":[{"href":"https:\/\/www.qly.docs.pay.sibs.com\/pl\/wp-json\/wp\/v2\/types\/page"}],"author":[{"embeddable":true,"href":"https:\/\/www.qly.docs.pay.sibs.com\/pl\/wp-json\/wp\/v2\/users\/3"}],"replies":[{"embeddable":true,"href":"https:\/\/www.qly.docs.pay.sibs.com\/pl\/wp-json\/wp\/v2\/comments?post=9923"}],"version-history":[{"count":5,"href":"https:\/\/www.qly.docs.pay.sibs.com\/pl\/wp-json\/wp\/v2\/pages\/9923\/revisions"}],"predecessor-version":[{"id":23420,"href":"https:\/\/www.qly.docs.pay.sibs.com\/pl\/wp-json\/wp\/v2\/pages\/9923\/revisions\/23420"}],"wp:attachment":[{"href":"https:\/\/www.qly.docs.pay.sibs.com\/pl\/wp-json\/wp\/v2\/media?parent=9923"}],"curies":[{"name":"wp","href":"https:\/\/api.w.org\/{rel}","templated":true}]}}