{"id":9922,"date":"2023-06-20T14:43:41","date_gmt":"2023-06-20T14:43:41","guid":{"rendered":"https:\/\/www.qly.docs.pay.sibs.com\/integrations\/"},"modified":"2025-09-18T08:38:00","modified_gmt":"2025-09-18T08:38:00","slug":"integracje","status":"publish","type":"page","link":"https:\/\/www.qly.docs.pay.sibs.com\/pl\/sibs-gateway-dokumentacja\/integracje\/","title":{"rendered":"Integracje"},"content":{"rendered":"<!-- wp:themify-builder\/canvas \/-->\n\n\n<p>Znajd\u017a idealn\u0105 opcj\u0119 integracji dopasowan\u0105 do Twoich potrzeb:<\/p>\n\n\n\n<ul class=\"wp-block-list\">\n<li><strong>API<\/strong> &#8211;\u00a0Zintegruj nasze API, aby zapewni\u0107 sprawny proces p\u0142atno\u015bci na swojej stronie internetowej lub aplikacji.<\/li>\n\n\n\n<li><strong>Formularz P\u0142atno\u015bci<\/strong> &#8211;\u00a0Zintegruj nasz formularz oparty na iframe, aby bezproblemowo przeprowadzi\u0107 klient\u00f3w przez p\u0142atno\u015b\u0107.<\/li>\n\n\n\n<li><strong>Wtyczki<\/strong> &#8211;\u00a0Szybko zintegruj p\u0142atno\u015bci z platform\u0105 e-commerce dzi\u0119ki \u0142atwym w instalacji wtyczkom.<\/li>\n\n\n\n<li><strong>SDK (software development kit)<\/strong> &#8211; Dodaj przetwarzanie p\u0142atno\u015bci do swojej aplikacji mobilnej lub oprogramowania, aby zoptymalizowa\u0107 do\u015bwiadczenie u\u017cytkownika.<\/li>\n<\/ul>\n\n\n\n<p>Wybierz najlepsz\u0105 opcj\u0119 i zapewnij swoim klientom wygodne i szybkie p\u0142atno\u015bci:<\/p>\n","protected":false},"excerpt":{"rendered":"<p>Znajd\u017a idealn\u0105 opcj\u0119 integracji dopasowan\u0105 do Twoich potrzeb: Wybierz najlepsz\u0105 opcj\u0119 i zapewnij swoim klientom wygodne i szybkie p\u0142atno\u015bci:<\/p>\n","protected":false},"author":1,"featured_media":0,"parent":9923,"menu_order":2,"comment_status":"closed","ping_status":"closed","template":"","meta":{"_acf_changed":false,"_eb_attr":"","footnotes":""},"class_list":["post-9922","page","type-page","status-publish","hentry","has-post-title","has-post-date","has-post-category","has-post-tag","has-post-comment","has-post-author",""],"acf":[],"builder_content":"","_links":{"self":[{"href":"https:\/\/www.qly.docs.pay.sibs.com\/pl\/wp-json\/wp\/v2\/pages\/9922","targetHints":{"allow":["GET"]}}],"collection":[{"href":"https:\/\/www.qly.docs.pay.sibs.com\/pl\/wp-json\/wp\/v2\/pages"}],"about":[{"href":"https:\/\/www.qly.docs.pay.sibs.com\/pl\/wp-json\/wp\/v2\/types\/page"}],"author":[{"embeddable":true,"href":"https:\/\/www.qly.docs.pay.sibs.com\/pl\/wp-json\/wp\/v2\/users\/1"}],"replies":[{"embeddable":true,"href":"https:\/\/www.qly.docs.pay.sibs.com\/pl\/wp-json\/wp\/v2\/comments?post=9922"}],"version-history":[{"count":5,"href":"https:\/\/www.qly.docs.pay.sibs.com\/pl\/wp-json\/wp\/v2\/pages\/9922\/revisions"}],"predecessor-version":[{"id":25249,"href":"https:\/\/www.qly.docs.pay.sibs.com\/pl\/wp-json\/wp\/v2\/pages\/9922\/revisions\/25249"}],"up":[{"embeddable":true,"href":"https:\/\/www.qly.docs.pay.sibs.com\/pl\/wp-json\/wp\/v2\/pages\/9923"}],"wp:attachment":[{"href":"https:\/\/www.qly.docs.pay.sibs.com\/pl\/wp-json\/wp\/v2\/media?parent=9922"}],"curies":[{"name":"wp","href":"https:\/\/api.w.org\/{rel}","templated":true}]}}