{"id":25624,"date":"2025-10-20T14:11:19","date_gmt":"2025-10-20T14:11:19","guid":{"rendered":"https:\/\/www.qly.docs.pay.sibs.com\/sibs-gateway-dokumentacja\/zasoby-dla-programistow\/certyfikat-api\/"},"modified":"2025-10-20T14:23:28","modified_gmt":"2025-10-20T14:23:28","slug":"certyfikat-api","status":"publish","type":"page","link":"https:\/\/www.qly.docs.pay.sibs.com\/pl\/sibs-gateway-dokumentacja\/zasoby-dla-programistow\/certyfikat-api\/","title":{"rendered":"Certyfikat API"},"content":{"rendered":"<!-- wp:themify-builder\/canvas \/-->\n<p>Szanowni Klienci,<\/p>\n\n<p>Informujemy, \u017ce w dniu 23 pa\u017adziernika 2025 zostanie zaktualizowany certyfikat u\u017cywany w naszych interfejsach API.<\/p>\n\n<p>Wszyscy klienci, kt\u00f3rzy w swoich integracjach dokonuj\u0105 jakiejkolwiek weryfikacji certyfikat\u00f3w, powinni zaktualizowa\u0107 swoje konfiguracje, aby zapewni\u0107 prawid\u0142owe i nieprzerwane dzia\u0142anie us\u0142ug.<\/p>\n\n<p>Zalecamy przeprowadzenie tej aktualizacji jak najszybciej po otrzymaniu niniejszej wiadomo\u015bci (przed 23 pa\u017adziernika), aby unikn\u0105\u0107 ewentualnych przerw w komunikacji z interfejsami API.<\/p>\n\n<p>Certyfikaty mo\u017cna znale\u017a\u0107\u00a0<a class=\"download\" href=\"https:\/\/www.docs.pay.sibs.com\/wp-content\/uploads\/2025\/10\/SectigoPublicServerAuthenticationRootR46.zip\">tutaj<\/a><\/p>\n\n<p>Je\u015bli potrzebuj\u0105 Pa\u0144stwo pomocy technicznej w trakcie tego procesu, nasz zesp\u00f3\u0142 z przyjemno\u015bci\u0105 udzieli wsparcia.<\/p>\n","protected":false},"excerpt":{"rendered":"<p>Szanowni Klienci, Informujemy, \u017ce w dniu 23 pa\u017adziernika 2025 zostanie zaktualizowany certyfikat u\u017cywany w naszych interfejsach API. Wszyscy klienci, kt\u00f3rzy w swoich integracjach dokonuj\u0105 jakiejkolwiek weryfikacji certyfikat\u00f3w, powinni zaktualizowa\u0107 swoje konfiguracje, aby zapewni\u0107 prawid\u0142owe i nieprzerwane dzia\u0142anie us\u0142ug. Zalecamy przeprowadzenie tej aktualizacji jak najszybciej po otrzymaniu niniejszej wiadomo\u015bci (przed 23 pa\u017adziernika), aby unikn\u0105\u0107 ewentualnych przerw [&hellip;]<\/p>\n","protected":false},"author":44,"featured_media":0,"parent":10544,"menu_order":0,"comment_status":"closed","ping_status":"closed","template":"","meta":{"_acf_changed":false,"_eb_attr":"","footnotes":""},"class_list":["post-25624","page","type-page","status-publish","hentry","has-post-title","has-post-date","has-post-category","has-post-tag","has-post-comment","has-post-author",""],"acf":[],"builder_content":"","_links":{"self":[{"href":"https:\/\/www.qly.docs.pay.sibs.com\/pl\/wp-json\/wp\/v2\/pages\/25624","targetHints":{"allow":["GET"]}}],"collection":[{"href":"https:\/\/www.qly.docs.pay.sibs.com\/pl\/wp-json\/wp\/v2\/pages"}],"about":[{"href":"https:\/\/www.qly.docs.pay.sibs.com\/pl\/wp-json\/wp\/v2\/types\/page"}],"author":[{"embeddable":true,"href":"https:\/\/www.qly.docs.pay.sibs.com\/pl\/wp-json\/wp\/v2\/users\/44"}],"replies":[{"embeddable":true,"href":"https:\/\/www.qly.docs.pay.sibs.com\/pl\/wp-json\/wp\/v2\/comments?post=25624"}],"version-history":[{"count":1,"href":"https:\/\/www.qly.docs.pay.sibs.com\/pl\/wp-json\/wp\/v2\/pages\/25624\/revisions"}],"predecessor-version":[{"id":25625,"href":"https:\/\/www.qly.docs.pay.sibs.com\/pl\/wp-json\/wp\/v2\/pages\/25624\/revisions\/25625"}],"up":[{"embeddable":true,"href":"https:\/\/www.qly.docs.pay.sibs.com\/pl\/wp-json\/wp\/v2\/pages\/10544"}],"wp:attachment":[{"href":"https:\/\/www.qly.docs.pay.sibs.com\/pl\/wp-json\/wp\/v2\/media?parent=25624"}],"curies":[{"name":"wp","href":"https:\/\/api.w.org\/{rel}","templated":true}]}}