{"id":22766,"date":"2024-11-06T16:22:49","date_gmt":"2024-11-06T16:22:49","guid":{"rendered":"https:\/\/www.qly.docs.pay.sibs.com\/platnosci-stacjonarne\/platnosci\/transakcje-google-pay\/"},"modified":"2025-03-13T17:27:10","modified_gmt":"2025-03-13T17:27:10","slug":"transakcje-google-pay","status":"publish","type":"page","link":"https:\/\/www.qly.docs.pay.sibs.com\/pl\/sibs-gateway-dokumentacja\/platnosci-stacjonarne\/platnosci\/transakcje-google-pay\/","title":{"rendered":"Transakcje Google Pay"},"content":{"rendered":"<!-- wp:themify-builder\/canvas \/-->\n\n\n<p>Google Pay oferuje u\u017cytkownikom Androida bezdotykowe, bezpieczne rozwi\u0105zanie p\u0142atnicze. Google Pay w LightPOS 2.0 umo\u017cliwia klientom dokonywanie p\u0142atno\u015bci za pomoc\u0105 urz\u0105dze\u0144 z Androidem z funkcj\u0105 NFC, eliminuj\u0105c potrzeb\u0119 u\u017cywania fizycznych kart.<\/p>\n\n\n\n<h3 class=\"wp-block-heading\">Jak to dzia\u0142a<\/h3>\n\n\n\n<ol class=\"wp-block-list\">\n<li><strong>Rozpocznij p\u0142atno\u015b\u0107<\/strong>. Wybierz opcj\u0119 \u201eP\u0142atno\u015b\u0107\u201d w aplikacji LightPOS 2.0 i wprowad\u017a kwot\u0119 transakcji.<\/li>\n\n\n\n<li><strong>Autoryzacja Google Pay:<\/strong><br>\u2022 Klient umieszcza swoje urz\u0105dzenie z systemem Android w pobli\u017cu anteny NFC na Twoim urz\u0105dzeniu.<br>\u2022 Uwierzytelnianie jest przeprowadzane za pomoc\u0105 odcisku palca, rozpoznawania twarzy lub kodu dost\u0119pu.<\/li>\n\n\n\n<li><strong>Zako\u0144czenie transakcji<\/strong>. Po uwierzytelnieniu transakcja jest przetwarzana natychmiast, a nast\u0119pnie pojawia si\u0119 potwierdzenie pomy\u015blnego zako\u0144czenia.<\/li>\n\n\n\n<li><strong>Opcje paragonu.<\/strong>\u00a0Przedstaw paragon na ekranie lub wy\u015blij go na adres e-mail klienta.<\/li>\n<\/ol>\n","protected":false},"excerpt":{"rendered":"<p>Google Pay oferuje u\u017cytkownikom Androida bezdotykowe, bezpieczne rozwi\u0105zanie p\u0142atnicze. Google Pay w LightPOS 2.0 umo\u017cliwia klientom dokonywanie p\u0142atno\u015bci za pomoc\u0105 urz\u0105dze\u0144 z Androidem z funkcj\u0105 NFC, eliminuj\u0105c potrzeb\u0119 u\u017cywania fizycznych kart. Jak to dzia\u0142a<\/p>\n","protected":false},"author":3,"featured_media":0,"parent":22752,"menu_order":4,"comment_status":"closed","ping_status":"closed","template":"","meta":{"_acf_changed":false,"_eb_attr":"","footnotes":""},"class_list":["post-22766","page","type-page","status-publish","hentry","has-post-title","has-post-date","has-post-category","has-post-tag","has-post-comment","has-post-author",""],"acf":[],"builder_content":"","_links":{"self":[{"href":"https:\/\/www.qly.docs.pay.sibs.com\/pl\/wp-json\/wp\/v2\/pages\/22766","targetHints":{"allow":["GET"]}}],"collection":[{"href":"https:\/\/www.qly.docs.pay.sibs.com\/pl\/wp-json\/wp\/v2\/pages"}],"about":[{"href":"https:\/\/www.qly.docs.pay.sibs.com\/pl\/wp-json\/wp\/v2\/types\/page"}],"author":[{"embeddable":true,"href":"https:\/\/www.qly.docs.pay.sibs.com\/pl\/wp-json\/wp\/v2\/users\/3"}],"replies":[{"embeddable":true,"href":"https:\/\/www.qly.docs.pay.sibs.com\/pl\/wp-json\/wp\/v2\/comments?post=22766"}],"version-history":[{"count":2,"href":"https:\/\/www.qly.docs.pay.sibs.com\/pl\/wp-json\/wp\/v2\/pages\/22766\/revisions"}],"predecessor-version":[{"id":23263,"href":"https:\/\/www.qly.docs.pay.sibs.com\/pl\/wp-json\/wp\/v2\/pages\/22766\/revisions\/23263"}],"up":[{"embeddable":true,"href":"https:\/\/www.qly.docs.pay.sibs.com\/pl\/wp-json\/wp\/v2\/pages\/22752"}],"wp:attachment":[{"href":"https:\/\/www.qly.docs.pay.sibs.com\/pl\/wp-json\/wp\/v2\/media?parent=22766"}],"curies":[{"name":"wp","href":"https:\/\/api.w.org\/{rel}","templated":true}]}}