{"id":22764,"date":"2024-11-06T16:21:47","date_gmt":"2024-11-06T16:21:47","guid":{"rendered":"https:\/\/www.qly.docs.pay.sibs.com\/platnosci-stacjonarne\/platnosci\/transakcje-apple-pay\/"},"modified":"2025-03-13T17:19:46","modified_gmt":"2025-03-13T17:19:46","slug":"transakcje-apple-pay","status":"publish","type":"page","link":"https:\/\/www.qly.docs.pay.sibs.com\/pl\/sibs-gateway-dokumentacja\/platnosci-stacjonarne\/platnosci\/transakcje-apple-pay\/","title":{"rendered":"Transakcje Apple Pay"},"content":{"rendered":"<!-- wp:themify-builder\/canvas \/-->\n\n\n<p>Apple Pay umo\u017cliwia bezpieczne, bezdotykowe p\u0142atno\u015bci u\u017cytkownikom iPhone\u2019\u00f3w lub Apple Watch, umo\u017cliwiaj\u0105c im p\u0142acenie bez konieczno\u015bci pos\u0142ugiwania si\u0119 fizycznymi kartami. Us\u0142uga Apple Pay w systemie LightPOS 2.0 umo\u017cliwia \u0142atwe dokonywanie transakcji, co idealnie sprawdza si\u0119 w \u015brodowiskach o szybkim tempie pracy.<\/p>\n\n\n\n<h3 class=\"wp-block-heading\">Korzy\u015bci<\/h3>\n\n\n\n<style type=\"text\/css\">\n\t#message-box-block_06d9709e9e3f9b3c71627537c241db4b {\n\t\t\/* Add styles that use ACF values here *\/\n\t}\n<\/style>\n\n<div id=\"message-box-block_06d9709e9e3f9b3c71627537c241db4b\" class=\"block-message-box\">\n\t\t\t\t\t\t\t\t\t\t\n\t\t\t<div class='row benefits' style=\"display: flex;\">\n\t\t\t  <div class='col' style=\"width: 10%; display: flex; align-items: center; justify-content: center;\">\n\t\t\t\t\t<img decoding=\"async\" src=\"https:\/\/www.qly.docs.pay.sibs.com\/wp-content\/themes\/themify-ultra-child\/images\/msg_check.svg\" alt=\"Notice\">\n\t\t\t  <\/div>\n\t\t\t  <div class='col2'>\n\t\t\t\t<p ><p><strong>Zwi\u0119kszone bezpiecze\u0144stwo<\/strong>. Transakcje Apple Pay s\u0105 tokenizowane, co zmniejsza ryzyko oszustwa.<\/p>\n<p>&nbsp;<\/p>\n<p><strong>Bezkontaktowe i szybkie<\/strong>. Idealne do szybkich p\u0142atno\u015bci, szczeg\u00f3lnie w miejscach o du\u017cym nat\u0119\u017ceniu ruchu.<\/p>\n<p>&nbsp;<\/p>\n<p><strong>Wygoda u\u017cytkownika<\/strong>. Nie ma potrzeby obs\u0142ugi fizycznej karty ani dotykania dodatkowych ekran\u00f3w.<\/p>\n<\/p>\n\t\t\t  <\/div>\n\t\t\t<\/div>\n\t\t\t\t\n\t\t\t\t\n\t\t\t\t\n\n\t\t\t\t\t\t<\/div>\n\n\n<h3 class=\"wp-block-heading\">Jak to dzia\u0142a<\/h3>\n\n\n\n<ol class=\"wp-block-list\">\n<li><strong>Rozpocznij p\u0142atno\u015b\u0107<\/strong>. Wybierz opcj\u0119 \u201eP\u0142atno\u015b\u0107\u201d w aplikacji LightPOS 2.0 i wprowad\u017a kwot\u0119 transakcji.<\/li>\n\n\n\n<li><strong>Autoryzacja Apple Pay:<\/strong><br>\u2022 Klient trzyma iPhone\u2019a lub Apple Watch blisko anteny NFC w Twoim urz\u0105dzeniu.<br>\u2022 Uwierzytelnianie jest przeprowadzane za pomoc\u0105 Face ID, Touch ID lub kodu dost\u0119pu.<\/li>\n\n\n\n<li><strong>Zako\u0144czenie transakcji.<\/strong>\u00a0Po autoryzacji p\u0142atno\u015b\u0107 jest przetwarzana i wy\u015bwietlany jest komunikat o stanie p\u0142atno\u015bci.<\/li>\n\n\n\n<li><strong>Opcje paragonu.\u00a0<\/strong>Wy\u015bwietl paragon na ekranie lub wy\u015blij go na adres e-mail klienta.<\/li>\n<\/ol>\n","protected":false},"excerpt":{"rendered":"<p>Apple Pay umo\u017cliwia bezpieczne, bezdotykowe p\u0142atno\u015bci u\u017cytkownikom iPhone\u2019\u00f3w lub Apple Watch, umo\u017cliwiaj\u0105c im p\u0142acenie bez konieczno\u015bci pos\u0142ugiwania si\u0119 fizycznymi kartami. Us\u0142uga Apple Pay w systemie LightPOS 2.0 umo\u017cliwia \u0142atwe dokonywanie transakcji, co idealnie sprawdza si\u0119 w \u015brodowiskach o szybkim tempie pracy. Korzy\u015bci Jak to dzia\u0142a<\/p>\n","protected":false},"author":3,"featured_media":0,"parent":22752,"menu_order":3,"comment_status":"closed","ping_status":"closed","template":"","meta":{"_acf_changed":false,"_eb_attr":"","footnotes":""},"class_list":["post-22764","page","type-page","status-publish","hentry","has-post-title","has-post-date","has-post-category","has-post-tag","has-post-comment","has-post-author",""],"acf":[],"builder_content":"","_links":{"self":[{"href":"https:\/\/www.qly.docs.pay.sibs.com\/pl\/wp-json\/wp\/v2\/pages\/22764","targetHints":{"allow":["GET"]}}],"collection":[{"href":"https:\/\/www.qly.docs.pay.sibs.com\/pl\/wp-json\/wp\/v2\/pages"}],"about":[{"href":"https:\/\/www.qly.docs.pay.sibs.com\/pl\/wp-json\/wp\/v2\/types\/page"}],"author":[{"embeddable":true,"href":"https:\/\/www.qly.docs.pay.sibs.com\/pl\/wp-json\/wp\/v2\/users\/3"}],"replies":[{"embeddable":true,"href":"https:\/\/www.qly.docs.pay.sibs.com\/pl\/wp-json\/wp\/v2\/comments?post=22764"}],"version-history":[{"count":3,"href":"https:\/\/www.qly.docs.pay.sibs.com\/pl\/wp-json\/wp\/v2\/pages\/22764\/revisions"}],"predecessor-version":[{"id":23262,"href":"https:\/\/www.qly.docs.pay.sibs.com\/pl\/wp-json\/wp\/v2\/pages\/22764\/revisions\/23262"}],"up":[{"embeddable":true,"href":"https:\/\/www.qly.docs.pay.sibs.com\/pl\/wp-json\/wp\/v2\/pages\/22752"}],"wp:attachment":[{"href":"https:\/\/www.qly.docs.pay.sibs.com\/pl\/wp-json\/wp\/v2\/media?parent=22764"}],"curies":[{"name":"wp","href":"https:\/\/api.w.org\/{rel}","templated":true}]}}