{"id":22762,"date":"2024-11-06T16:21:06","date_gmt":"2024-11-06T16:21:06","guid":{"rendered":"https:\/\/www.qly.docs.pay.sibs.com\/platnosci-stacjonarne\/platnosci\/transakcje-blikiem\/"},"modified":"2025-03-13T17:03:44","modified_gmt":"2025-03-13T17:03:44","slug":"transakcje-blikiem","status":"publish","type":"page","link":"https:\/\/www.qly.docs.pay.sibs.com\/pl\/sibs-gateway-dokumentacja\/platnosci-stacjonarne\/platnosci\/transakcje-blikiem\/","title":{"rendered":"Transakcje BLIKIEM"},"content":{"rendered":"<!-- wp:themify-builder\/canvas \/-->\n\n\n<p>BLIK to popularna metoda p\u0142atno\u015bci w Polsce, kt\u00f3ra pozwala klientom p\u0142aci\u0107 za pomoc\u0105 kodu generowanego w aplikacji bankowej. LightPOS 2.0 integruje BLIK, zapewniaj\u0105c \u0142atwe i wygodne rozwi\u0105zanie p\u0142atnicze bez konieczno\u015bci posiadania fizycznej karty.<\/p>\n\n\n\n<h3 class=\"wp-block-heading\">Korzy\u015bci<\/h3>\n\n\n\n<style type=\"text\/css\">\n\t#message-box-block_46310796e9210b3f2637f55505d6aa53 {\n\t\t\/* Add styles that use ACF values here *\/\n\t}\n<\/style>\n\n<div id=\"message-box-block_46310796e9210b3f2637f55505d6aa53\" class=\"block-message-box\">\n\t\t\t\t\t\t\t\t\t\t\n\t\t\t<div class='row benefits' style=\"display: flex;\">\n\t\t\t  <div class='col' style=\"width: 10%; display: flex; align-items: center; justify-content: center;\">\n\t\t\t\t\t<img decoding=\"async\" src=\"https:\/\/www.qly.docs.pay.sibs.com\/wp-content\/themes\/themify-ultra-child\/images\/msg_check.svg\" alt=\"Notice\">\n\t\t\t  <\/div>\n\t\t\t  <div class='col2'>\n\t\t\t\t<p ><p><strong>Wygoda.<\/strong>\u00a0Umo\u017cliwia p\u0142atno\u015bci mobilne bez fizycznej karty.<\/p>\n<p>&nbsp;<\/p>\n<p><strong>Bezpieczne uwierzytelnianie<\/strong>. Transakcje s\u0105 weryfikowane za po\u015brednictwem aplikacji bankowej klienta.<\/p>\n<p>&nbsp;<\/p>\n<p><strong>Popularny w Polsce.<\/strong>\u00a0Szeroko rozpoznawana i zaufana metoda p\u0142atno\u015bci na polskim rynku.<\/p>\n<\/p>\n\t\t\t  <\/div>\n\t\t\t<\/div>\n\t\t\t\t\n\t\t\t\t\n\t\t\t\t\n\n\t\t\t\t\t\t<\/div>\n\n\n<h3 class=\"wp-block-heading\">Jak to dzia\u0142a<\/h3>\n\n\n\n<ol class=\"wp-block-list\">\n<li><strong>Rozpocznij p\u0142atno\u015b\u0107<\/strong>. Wybierz opcj\u0119 p\u0142atno\u015bci \u201eBLIK\u201d w LightPOS 2.0 i wprowad\u017a kwot\u0119 transakcji.<\/li>\n\n\n\n<li><strong>BLIK<\/strong>. Klient wprowadza 6-cyfrowy kod BLIK z aplikacji bankowej.<\/li>\n\n\n\n<li><strong>Zatwierdzenie przez klienta<\/strong>. Klient zatwierdza transakcj\u0119 w swojej aplikacji bankowej, aby doko\u0144czy\u0107 p\u0142atno\u015b\u0107.<\/li>\n\n\n\n<li><strong>Opcje paragonu.<\/strong>\u00a0Przedstaw paragon na ekranie lub wy\u015blij go na adres e-mail klienta.<\/li>\n<\/ol>\n","protected":false},"excerpt":{"rendered":"<p>BLIK to popularna metoda p\u0142atno\u015bci w Polsce, kt\u00f3ra pozwala klientom p\u0142aci\u0107 za pomoc\u0105 kodu generowanego w aplikacji bankowej. LightPOS 2.0 integruje BLIK, zapewniaj\u0105c \u0142atwe i wygodne rozwi\u0105zanie p\u0142atnicze bez konieczno\u015bci posiadania fizycznej karty. Korzy\u015bci Jak to dzia\u0142a<\/p>\n","protected":false},"author":3,"featured_media":0,"parent":22752,"menu_order":2,"comment_status":"closed","ping_status":"closed","template":"","meta":{"_acf_changed":false,"_eb_attr":"","footnotes":""},"class_list":["post-22762","page","type-page","status-publish","hentry","has-post-title","has-post-date","has-post-category","has-post-tag","has-post-comment","has-post-author",""],"acf":[],"builder_content":"","_links":{"self":[{"href":"https:\/\/www.qly.docs.pay.sibs.com\/pl\/wp-json\/wp\/v2\/pages\/22762","targetHints":{"allow":["GET"]}}],"collection":[{"href":"https:\/\/www.qly.docs.pay.sibs.com\/pl\/wp-json\/wp\/v2\/pages"}],"about":[{"href":"https:\/\/www.qly.docs.pay.sibs.com\/pl\/wp-json\/wp\/v2\/types\/page"}],"author":[{"embeddable":true,"href":"https:\/\/www.qly.docs.pay.sibs.com\/pl\/wp-json\/wp\/v2\/users\/3"}],"replies":[{"embeddable":true,"href":"https:\/\/www.qly.docs.pay.sibs.com\/pl\/wp-json\/wp\/v2\/comments?post=22762"}],"version-history":[{"count":4,"href":"https:\/\/www.qly.docs.pay.sibs.com\/pl\/wp-json\/wp\/v2\/pages\/22762\/revisions"}],"predecessor-version":[{"id":23260,"href":"https:\/\/www.qly.docs.pay.sibs.com\/pl\/wp-json\/wp\/v2\/pages\/22762\/revisions\/23260"}],"up":[{"embeddable":true,"href":"https:\/\/www.qly.docs.pay.sibs.com\/pl\/wp-json\/wp\/v2\/pages\/22752"}],"wp:attachment":[{"href":"https:\/\/www.qly.docs.pay.sibs.com\/pl\/wp-json\/wp\/v2\/media?parent=22762"}],"curies":[{"name":"wp","href":"https:\/\/api.w.org\/{rel}","templated":true}]}}