{"id":22760,"date":"2024-11-06T16:20:07","date_gmt":"2024-11-06T16:20:07","guid":{"rendered":"https:\/\/www.qly.docs.pay.sibs.com\/platnosci-stacjonarne\/platnosci\/transakcje-karta\/"},"modified":"2025-03-13T16:27:05","modified_gmt":"2025-03-13T16:27:05","slug":"transakcje-karta","status":"publish","type":"page","link":"https:\/\/www.qly.docs.pay.sibs.com\/pl\/sibs-gateway-dokumentacja\/platnosci-stacjonarne\/platnosci\/transakcje-karta\/","title":{"rendered":"Transakcje kart\u0105"},"content":{"rendered":"<!-- wp:themify-builder\/canvas \/-->\n\n\n<p>LightPOS 2.0 obs\u0142uguje szereg p\u0142atno\u015bci kartami, umo\u017cliwiaj\u0105c klientom korzystanie zar\u00f3wno z krajowych, jak i mi\u0119dzynarodowych kart kredytowych i debetowych. Obejmuje to obs\u0142ug\u0119 p\u0142atno\u015bci zbli\u017ceniowych za po\u015brednictwem funkcji NFC urz\u0105dze\u0144 z systemem Android.<\/p>\n\n\n\n<style type=\"text\/css\">\n\t#message-box-block_6b8d85d3f00d2f31bf04e73f5ae72cb5 {\n\t\t\/* Add styles that use ACF values here *\/\n\t}\n<\/style>\n\n<div id=\"message-box-block_6b8d85d3f00d2f31bf04e73f5ae72cb5\" class=\"block-message-box\">\n\t\t\t\t\t\t\t\t\t\t\n\t\t\t<div class='row info' style=\"display: flex;\">\n\t\t\t  <div class='col' style=\"width: 10%; display: flex; align-items: center; justify-content: center;\">\n\t\t\t\t\t<img decoding=\"async\" src=\"https:\/\/www.qly.docs.pay.sibs.com\/wp-content\/themes\/themify-ultra-child\/images\/msg_info.svg\" alt=\"Info\">\n\t\t\t  <\/div>\n\t\t\t  <div class='col2'>\n\t\t\t\t<p ><p>Rozwi\u0105zanie LightPOS 2.0 obs\u0142uguje karty Visa, Mastercard i lokalne systemy p\u0142atno\u015bci.<\/p>\n<\/p>\n\t\t\t  <\/div>\n\t\t\t<\/div>\n\t\t\t\t\n\t\t\t\t\n\t\t\t\t\n\t\t\t\t\t\t<\/div>\n\n\n<h3 class=\"wp-block-heading\">Korzy\u015bci<\/h3>\n\n\n\n<style type=\"text\/css\">\n\t#message-box-block_4e124fb1ff1e9b8ca53812604d3147f9 {\n\t\t\/* Add styles that use ACF values here *\/\n\t}\n<\/style>\n\n<div id=\"message-box-block_4e124fb1ff1e9b8ca53812604d3147f9\" class=\"block-message-box\">\n\t\t\t\t\t\t\t\t\t\t\n\t\t\t<div class='row benefits' style=\"display: flex;\">\n\t\t\t  <div class='col' style=\"width: 10%; display: flex; align-items: center; justify-content: center;\">\n\t\t\t\t\t<img decoding=\"async\" src=\"https:\/\/www.qly.docs.pay.sibs.com\/wp-content\/themes\/themify-ultra-child\/images\/msg_check.svg\" alt=\"Notice\">\n\t\t\t  <\/div>\n\t\t\t  <div class='col2'>\n\t\t\t\t<p ><p><strong>Bezpiecze\u0144stwo<\/strong>. Uwierzytelnianie przez PIN dla transakcji o du\u017cej warto\u015bci.<\/p>\n<p>&nbsp;<\/p>\n<p><strong>Wydajno\u015b\u0107<\/strong>. Szybkie przetwarzanie z obs\u0142ug\u0105 zar\u00f3wno p\u0142atno\u015bci zbli\u017ceniowych, jak i przez PIN.<\/p>\n<p>&nbsp;<\/p>\n<p><strong>Kompatybilno\u015b\u0107<\/strong>. Obs\u0142uguje szereg kart krajowych i mi\u0119dzynarodowych.<\/p>\n<\/p>\n\t\t\t  <\/div>\n\t\t\t<\/div>\n\t\t\t\t\n\t\t\t\t\n\t\t\t\t\n\n\t\t\t\t\t\t<\/div>\n\n\n<h3 class=\"wp-block-heading\">Jak to dzia\u0142a<\/h3>\n\n\n\n<ol class=\"wp-block-list\">\n<li><strong>Rozpocznij p\u0142atno\u015b\u0107<\/strong>. Wybierz opcj\u0119 \u201eP\u0142atno\u015b\u0107\u201d w aplikacji LightPOS 2.0 i wprowad\u017a kwot\u0119 transakcji.<\/li>\n\n\n\n<li><strong>Autoryzacja klienta<\/strong>. Klient przyk\u0142ada swoj\u0105 kart\u0119 do anteny NFC.<\/li>\n\n\n\n<li><strong>Zako\u0144czenie transakcji<\/strong>. Po autoryzacji transakcja jest finalizowana w ci\u0105gu kilku sekund.<\/li>\n\n\n\n<li><strong>Opcje paragonu<\/strong>. Wy\u015bwietl paragon na ekranie lub wy\u015blij go na adres e-mail klienta.<\/li>\n<\/ol>\n","protected":false},"excerpt":{"rendered":"<p>LightPOS 2.0 obs\u0142uguje szereg p\u0142atno\u015bci kartami, umo\u017cliwiaj\u0105c klientom korzystanie zar\u00f3wno z krajowych, jak i mi\u0119dzynarodowych kart kredytowych i debetowych. Obejmuje to obs\u0142ug\u0119 p\u0142atno\u015bci zbli\u017ceniowych za po\u015brednictwem funkcji NFC urz\u0105dze\u0144 z systemem Android. Korzy\u015bci Jak to dzia\u0142a<\/p>\n","protected":false},"author":3,"featured_media":0,"parent":22752,"menu_order":1,"comment_status":"closed","ping_status":"closed","template":"","meta":{"_acf_changed":false,"_eb_attr":"","footnotes":""},"class_list":["post-22760","page","type-page","status-publish","hentry","has-post-title","has-post-date","has-post-category","has-post-tag","has-post-comment","has-post-author",""],"acf":[],"builder_content":"","_links":{"self":[{"href":"https:\/\/www.qly.docs.pay.sibs.com\/pl\/wp-json\/wp\/v2\/pages\/22760","targetHints":{"allow":["GET"]}}],"collection":[{"href":"https:\/\/www.qly.docs.pay.sibs.com\/pl\/wp-json\/wp\/v2\/pages"}],"about":[{"href":"https:\/\/www.qly.docs.pay.sibs.com\/pl\/wp-json\/wp\/v2\/types\/page"}],"author":[{"embeddable":true,"href":"https:\/\/www.qly.docs.pay.sibs.com\/pl\/wp-json\/wp\/v2\/users\/3"}],"replies":[{"embeddable":true,"href":"https:\/\/www.qly.docs.pay.sibs.com\/pl\/wp-json\/wp\/v2\/comments?post=22760"}],"version-history":[{"count":4,"href":"https:\/\/www.qly.docs.pay.sibs.com\/pl\/wp-json\/wp\/v2\/pages\/22760\/revisions"}],"predecessor-version":[{"id":23253,"href":"https:\/\/www.qly.docs.pay.sibs.com\/pl\/wp-json\/wp\/v2\/pages\/22760\/revisions\/23253"}],"up":[{"embeddable":true,"href":"https:\/\/www.qly.docs.pay.sibs.com\/pl\/wp-json\/wp\/v2\/pages\/22752"}],"wp:attachment":[{"href":"https:\/\/www.qly.docs.pay.sibs.com\/pl\/wp-json\/wp\/v2\/media?parent=22760"}],"curies":[{"name":"wp","href":"https:\/\/api.w.org\/{rel}","templated":true}]}}