{"id":22758,"date":"2024-10-15T10:48:40","date_gmt":"2024-10-15T10:48:40","guid":{"rendered":"https:\/\/www.qly.docs.pay.sibs.com\/platnosci-stacjonarne\/ustawienia\/"},"modified":"2025-03-13T17:40:29","modified_gmt":"2025-03-13T17:40:29","slug":"ustawienia","status":"publish","type":"page","link":"https:\/\/www.qly.docs.pay.sibs.com\/pl\/sibs-gateway-dokumentacja\/platnosci-stacjonarne\/ustawienia\/","title":{"rendered":"Ustawienia"},"content":{"rendered":"<!-- wp:themify-builder\/canvas \/-->\n\n\n<p>Sekcja Ustawienia w&nbsp;<strong>LightPOS 2.0<\/strong>&nbsp;umo\u017cliwia dostosowanie kluczowych funkcji i zarz\u0105dzanie kontem w celu dopasowania go do potrzeb Twojej firmy.<\/p>\n\n\n\n<p>Mo\u017cesz skonfigurowa\u0107 ustawienia paragonu, w tym referencje klienta i dostosowa\u0107 tekst sprzedawcy. Ponadto raporty rozliczeniowe mog\u0105 by\u0107 wysy\u0142ane na okre\u015blony adres e-mail.<\/p>\n\n\n\n<p>Ze wzgl\u0119d\u00f3w bezpiecze\u0144stwa LightPOS 2.0 oferuje uproszczon\u0105 autoryzacj\u0119 za pomoc\u0105 czterocyfrowego kodu PIN zamiast has\u0142a, kt\u00f3ry mo\u017cna aktywowa\u0107 lub dezaktywowa\u0107 w razie potrzeby. Je\u015bli musisz zmieni\u0107 numer telefonu kom\u00f3rkowego lub has\u0142o, mo\u017cesz je r\u00f3wnie\u017c po prostu zaktualizowa\u0107 w aplikacji.<\/p>\n\n\n\n<p>Je\u015bli potrzebujesz pomocy, sekcja Obs\u0142uga klienta zawiera odpowiedzi na cz\u0119sto zadawane pytania (FAQ) i oferuje dane kontaktowe naszego zespo\u0142u wsparcia.<\/p>\n","protected":false},"excerpt":{"rendered":"<p>Sekcja Ustawienia w&nbsp;LightPOS 2.0&nbsp;umo\u017cliwia dostosowanie kluczowych funkcji i zarz\u0105dzanie kontem w celu dopasowania go do potrzeb Twojej firmy. Mo\u017cesz skonfigurowa\u0107 ustawienia paragonu, w tym referencje klienta i dostosowa\u0107 tekst sprzedawcy. Ponadto raporty rozliczeniowe mog\u0105 by\u0107 wysy\u0142ane na okre\u015blony adres e-mail. Ze wzgl\u0119d\u00f3w bezpiecze\u0144stwa LightPOS 2.0 oferuje uproszczon\u0105 autoryzacj\u0119 za pomoc\u0105 czterocyfrowego kodu PIN zamiast has\u0142a, [&hellip;]<\/p>\n","protected":false},"author":3,"featured_media":0,"parent":22748,"menu_order":4,"comment_status":"closed","ping_status":"closed","template":"","meta":{"_acf_changed":false,"_eb_attr":"","footnotes":""},"class_list":["post-22758","page","type-page","status-publish","hentry","has-post-title","has-post-date","has-post-category","has-post-tag","has-post-comment","has-post-author",""],"acf":[],"builder_content":"","_links":{"self":[{"href":"https:\/\/www.qly.docs.pay.sibs.com\/pl\/wp-json\/wp\/v2\/pages\/22758","targetHints":{"allow":["GET"]}}],"collection":[{"href":"https:\/\/www.qly.docs.pay.sibs.com\/pl\/wp-json\/wp\/v2\/pages"}],"about":[{"href":"https:\/\/www.qly.docs.pay.sibs.com\/pl\/wp-json\/wp\/v2\/types\/page"}],"author":[{"embeddable":true,"href":"https:\/\/www.qly.docs.pay.sibs.com\/pl\/wp-json\/wp\/v2\/users\/3"}],"replies":[{"embeddable":true,"href":"https:\/\/www.qly.docs.pay.sibs.com\/pl\/wp-json\/wp\/v2\/comments?post=22758"}],"version-history":[{"count":2,"href":"https:\/\/www.qly.docs.pay.sibs.com\/pl\/wp-json\/wp\/v2\/pages\/22758\/revisions"}],"predecessor-version":[{"id":23264,"href":"https:\/\/www.qly.docs.pay.sibs.com\/pl\/wp-json\/wp\/v2\/pages\/22758\/revisions\/23264"}],"up":[{"embeddable":true,"href":"https:\/\/www.qly.docs.pay.sibs.com\/pl\/wp-json\/wp\/v2\/pages\/22748"}],"wp:attachment":[{"href":"https:\/\/www.qly.docs.pay.sibs.com\/pl\/wp-json\/wp\/v2\/media?parent=22758"}],"curies":[{"name":"wp","href":"https:\/\/api.w.org\/{rel}","templated":true}]}}