{"id":22752,"date":"2024-10-15T10:46:24","date_gmt":"2024-10-15T10:46:24","guid":{"rendered":"https:\/\/www.qly.docs.pay.sibs.com\/platnosci-stacjonarne\/platnosci\/"},"modified":"2025-03-13T16:07:19","modified_gmt":"2025-03-13T16:07:19","slug":"platnosci","status":"publish","type":"page","link":"https:\/\/www.qly.docs.pay.sibs.com\/pl\/sibs-gateway-dokumentacja\/platnosci-stacjonarne\/platnosci\/","title":{"rendered":"P\u0142atno\u015bci"},"content":{"rendered":"<!-- wp:themify-builder\/canvas \/-->\n\n\n<p><strong>LightPOS 2.0<\/strong>\u00a0zapewnia bezproblemowy i bezpieczny spos\u00f3b przetwarzania p\u0142atno\u015bci przy u\u017cyciu technologii zbli\u017ceniowej oraz BLIKA.<\/p>\n\n\n\n<h3 class=\"wp-block-heading\">Metody p\u0142atno\u015bci<\/h3>\n\n\n\n<p>LightPOS 2.0 obs\u0142uguje nast\u0119puj\u0105ce metody p\u0142atno\u015bci, zapewniaj\u0105c klientom elastyczno\u015b\u0107 w wyborze sposobu p\u0142atno\u015bci:<\/p>\n\n\n\n<ul class=\"wp-block-list\">\n<li><strong>P\u0142atno\u015bci zbli\u017ceniowe (dotknij telefonu\/SoftPOS):<\/strong>\u00a0Akceptuj p\u0142atno\u015bci za pomoc\u0105 kart bankowych obs\u0142uguj\u0105cych p\u0142atno\u015bci zbli\u017ceniowe lub portfeli mobilnych, korzystaj\u0105c z anteny NFC urz\u0105dzenia;<\/li>\n\n\n\n<li><strong>P\u0142atno\u015bci BLIK:<\/strong>\u00a0Klienci mog\u0105 p\u0142aci\u0107, wprowadzaj\u0105c 6-cyfrowy kod wygenerowany przez aplikacj\u0119 bankow\u0105.<\/li>\n<\/ul>\n\n\n\n<h3 class=\"wp-block-heading\">Proces p\u0142atno\u015bci<\/h3>\n\n\n\n<p>Oto jak przetworzy\u0107 p\u0142atno\u015b\u0107 za pomoc\u0105 LightPOS 2.0:<\/p>\n\n\n\n<ol class=\"wp-block-list\">\n<li>Rozpocznij p\u0142atno\u015b\u0107: Z menu g\u0142\u00f3wnego wybierz opcj\u0119 \u201eP\u0142atno\u015b\u0107\u201d.<\/li>\n\n\n\n<li>Wprowad\u017a kwot\u0119: Wprowad\u017a ca\u0142kowit\u0105 kwot\u0119 zakupu i potwierd\u017a.<\/li>\n\n\n\n<li>Wyb\u00f3r metody p\u0142atno\u015bci: Klient wybiera preferowan\u0105 metod\u0119 p\u0142atno\u015bci (np. karta zbli\u017ceniowa, portfel cyfrowy lub BLIK).<\/li>\n\n\n\n<li>Zako\u0144cz p\u0142atno\u015b\u0107: W przypadku p\u0142atno\u015bci zbli\u017ceniowych klient dotyka swoj\u0105 kart\u0105 lub urz\u0105dzeniem mobilnym anteny NFC urz\u0105dzenia z systemem Android. W przypadku BLIKA klient wprowadza 6-cyfrowy kod z aplikacji bankowej.<\/li>\n\n\n\n<li>Opcje paragonu: Po zako\u0144czeniu transakcji mo\u017cesz wy\u015bwietli\u0107 paragon na ekranie i wys\u0142a\u0107 go klientowi e-mailem.<\/li>\n<\/ol>\n\n\n\n<h3 class=\"wp-block-heading\">Historia transakcji<\/h3>\n\n\n\n<p>Funkcja Historia transakcji umo\u017cliwia \u015bledzenie i zarz\u0105dzanie wszystkimi poprzednimi transakcjami, zapewniaj\u0105c przejrzysto\u015b\u0107 i kontrol\u0119 nad operacjami p\u0142atniczymi. Oto, co mo\u017cesz zrobi\u0107 w tej sekcji:<\/p>\n\n\n\n<ul class=\"wp-block-list\">\n<li>Wy\u015bwietl szczeg\u00f3\u0142y: Zobacz dat\u0119, godzin\u0119, kwot\u0119, metod\u0119 p\u0142atno\u015bci i status transakcji.<\/li>\n\n\n\n<li>Wy\u015blij ponownie paragony: Je\u015bli klient potrzebuje paragonu, po prostu wybierz transakcj\u0119 i wybierz opcj\u0119 \u201eWy\u015blij ponownie paragon\u201d, aby wys\u0142a\u0107 go do niego e-mailem.<\/li>\n\n\n\n<li>Zwroty transakcji: Mo\u017cesz dokona\u0107 zwrot\u00f3w bezpo\u015brednio z historii transakcji, wybieraj\u0105c transakcj\u0119 i opcj\u0119 \u201eZwrot\u201d.<\/li>\n\n\n\n<li>Szukaj i filtruj: Filtruj transakcje wed\u0142ug daty, kwoty lub metody p\u0142atno\u015bci, aby szybko znale\u017a\u0107 okre\u015blone p\u0142atno\u015bci.<\/li>\n<\/ul>\n\n\n\n<h3 class=\"wp-block-heading\">Zwroty<\/h3>\n\n\n\n<p>LightPOS 2.0 umo\u017cliwia \u0142atwe przetwarzanie zwrot\u00f3w zar\u00f3wno pe\u0142nych, jak i cz\u0119\u015bciowych kwot. Wykonaj nast\u0119puj\u0105ce kroki:<\/p>\n\n\n\n<ol class=\"wp-block-list\">\n<li>Uzyskaj dost\u0119p do Historii transakcji z menu bocznego.<\/li>\n\n\n\n<li>Wybierz transakcj\u0119, kt\u00f3r\u0105 chcesz zwr\u00f3ci\u0107.<\/li>\n\n\n\n<li>Wybierz opcj\u0119 Zwrot, wprowad\u017a kwot\u0119 zwrotu i potwierd\u017a operacj\u0119.<\/li>\n\n\n\n<li>Zostaniesz poproszony o podanie has\u0142a w celu sfinalizowania zwrotu.<\/li>\n<\/ol>\n\n\n\n<h3 class=\"wp-block-heading\">Rozliczenia<\/h3>\n\n\n\n<p>Aby u\u0142atwi\u0107 ksi\u0119gowanie i uzgadnianie, LightPOS 2.0 umo\u017cliwia przegl\u0105danie sum i szczeg\u00f3\u0142\u00f3w rozlicze\u0144:<\/p>\n\n\n\n<ol class=\"wp-block-list\">\n<li>Uzyskaj dost\u0119p do Historii rozlicze\u0144 z sekcji Historia transakcji.<\/li>\n\n\n\n<li>Przegl\u0105daj \u0142\u0105czne kwoty sprzeda\u017cy za wybrany okres i sprawd\u017a status rozliczenia.<\/li>\n\n\n\n<li>Mo\u017cesz filtrowa\u0107 rozliczenia wed\u0142ug aktywnego identyfikatora POS, aby uzyska\u0107 dok\u0142adniejsze wyniki.<\/li>\n<\/ol>\n\n\n\n<div id=\"link-cards-block_2562c947f6a02260630684355d7e11f5\" class=\"block-link-cards\">\n            <div class=\"row\">\n                                                <a href=\"https:\/\/www.qly.docs.pay.sibs.com\/in-person-payments\/payments\/card-transactions\/\" target=\"\">\n                        <div class=\"link-card-col\">\n                                                            <h5>Transakcje kart\u0105<\/h5>\n                                <p><\/p>\n                                <div id=\"go-arrow-right\"> Learn More <\/div>\n                                                    <\/div>\n                    <\/a>\n                                                                <a href=\"https:\/\/www.qly.docs.pay.sibs.com\/in-person-payments\/payments\/blik-transactions\/\" target=\"\">\n                        <div class=\"link-card-col\">\n                                                            <h5>Transakcje BLIKIEM<\/h5>\n                                <p><\/p>\n                                <div id=\"go-arrow-right\"> Learn More <\/div>\n                                                    <\/div>\n                    <\/a>\n                                                                <a href=\"https:\/\/www.qly.docs.pay.sibs.com\/in-person-payments\/payments\/apple-pay-transactions\/\" target=\"\">\n                        <div class=\"link-card-col\">\n                                                            <h5>Transakcje Apple Pay<\/h5>\n                                <p><\/p>\n                                <div id=\"go-arrow-right\"> Learn More <\/div>\n                                                    <\/div>\n                    <\/a>\n                                                                <a href=\"https:\/\/www.qly.docs.pay.sibs.com\/in-person-payments\/payments\/google-pay-transactions\/\" target=\"\">\n                        <div class=\"link-card-col\">\n                                                            <h5>Transakcje Google Pay<\/h5>\n                                <p><\/p>\n                                <div id=\"go-arrow-right\"> Learn More <\/div>\n                                                    <\/div>\n                    <\/a>\n                                    <\/div>\n    <\/div>\n\n<script>\ndocument.addEventListener('DOMContentLoaded', function() {\n    \/\/ Get all the rows of link cards\n    var rows = document.querySelectorAll('.block-link-cards .row');\n\n    \/\/ Loop through each row\n    rows.forEach(function(row) {\n        \/\/ Get all the link cards in the row\n        var linkCards = row.querySelectorAll('.link-card-col');\n\n        \/\/ Find the tallest card height in the row\n        var tallestCardHeight = 0;\n        linkCards.forEach(function(card) {\n            card.style.height = ''; \/\/ Reset the height to auto\n            var cardHeight = card.offsetHeight;\n            if (cardHeight > tallestCardHeight) {\n                tallestCardHeight = cardHeight;\n            }\n        });\n\n        \/\/ Set the height of all link cards in the row to the tallest card height\n        linkCards.forEach(function(card) {\n            card.style.height = tallestCardHeight + 'px';\n        });\n    });\n});\n<\/script>\n\n","protected":false},"excerpt":{"rendered":"<p>LightPOS 2.0\u00a0zapewnia bezproblemowy i bezpieczny spos\u00f3b przetwarzania p\u0142atno\u015bci przy u\u017cyciu technologii zbli\u017ceniowej oraz BLIKA. Metody p\u0142atno\u015bci LightPOS 2.0 obs\u0142uguje nast\u0119puj\u0105ce metody p\u0142atno\u015bci, zapewniaj\u0105c klientom elastyczno\u015b\u0107 w wyborze sposobu p\u0142atno\u015bci: Proces p\u0142atno\u015bci Oto jak przetworzy\u0107 p\u0142atno\u015b\u0107 za pomoc\u0105 LightPOS 2.0: Historia transakcji Funkcja Historia transakcji umo\u017cliwia \u015bledzenie i zarz\u0105dzanie wszystkimi poprzednimi transakcjami, zapewniaj\u0105c przejrzysto\u015b\u0107 i kontrol\u0119 [&hellip;]<\/p>\n","protected":false},"author":3,"featured_media":0,"parent":22748,"menu_order":3,"comment_status":"closed","ping_status":"closed","template":"","meta":{"_acf_changed":false,"_eb_attr":"","footnotes":""},"class_list":["post-22752","page","type-page","status-publish","hentry","has-post-title","has-post-date","has-post-category","has-post-tag","has-post-comment","has-post-author",""],"acf":[],"builder_content":"","_links":{"self":[{"href":"https:\/\/www.qly.docs.pay.sibs.com\/pl\/wp-json\/wp\/v2\/pages\/22752","targetHints":{"allow":["GET"]}}],"collection":[{"href":"https:\/\/www.qly.docs.pay.sibs.com\/pl\/wp-json\/wp\/v2\/pages"}],"about":[{"href":"https:\/\/www.qly.docs.pay.sibs.com\/pl\/wp-json\/wp\/v2\/types\/page"}],"author":[{"embeddable":true,"href":"https:\/\/www.qly.docs.pay.sibs.com\/pl\/wp-json\/wp\/v2\/users\/3"}],"replies":[{"embeddable":true,"href":"https:\/\/www.qly.docs.pay.sibs.com\/pl\/wp-json\/wp\/v2\/comments?post=22752"}],"version-history":[{"count":4,"href":"https:\/\/www.qly.docs.pay.sibs.com\/pl\/wp-json\/wp\/v2\/pages\/22752\/revisions"}],"predecessor-version":[{"id":23249,"href":"https:\/\/www.qly.docs.pay.sibs.com\/pl\/wp-json\/wp\/v2\/pages\/22752\/revisions\/23249"}],"up":[{"embeddable":true,"href":"https:\/\/www.qly.docs.pay.sibs.com\/pl\/wp-json\/wp\/v2\/pages\/22748"}],"wp:attachment":[{"href":"https:\/\/www.qly.docs.pay.sibs.com\/pl\/wp-json\/wp\/v2\/media?parent=22752"}],"curies":[{"name":"wp","href":"https:\/\/api.w.org\/{rel}","templated":true}]}}