{"id":22750,"date":"2024-10-15T10:32:20","date_gmt":"2024-10-15T10:32:20","guid":{"rendered":"https:\/\/www.qly.docs.pay.sibs.com\/platnosci-stacjonarne\/profile\/"},"modified":"2025-03-13T15:29:50","modified_gmt":"2025-03-13T15:29:50","slug":"profile","status":"publish","type":"page","link":"https:\/\/www.qly.docs.pay.sibs.com\/pl\/sibs-gateway-dokumentacja\/platnosci-stacjonarne\/profile\/","title":{"rendered":"Profile"},"content":{"rendered":"<!-- wp:themify-builder\/canvas \/-->\n\n\n<p>W&nbsp;<strong>LightPOS 2.0<\/strong>&nbsp;u\u017cytkownikom przypisuje si\u0119 okre\u015blone role, z kt\u00f3rych ka\u017cda ma inny poziom dost\u0119pu i funkcjonalno\u015bci. Dzi\u0119ki temu ka\u017cda osoba w organizacji mo\u017ce wykonywa\u0107 zadania dostosowane do swoich obowi\u0105zk\u00f3w, zachowuj\u0105c jednocze\u015bnie bezpiecze\u0144stwo i kontrol\u0119 nad operacjami p\u0142atniczymi.<\/p>\n\n\n\n<p>Profile sprzedawc\u00f3w, kt\u00f3re mo\u017cna przypisa\u0107 u\u017cytkownikom, s\u0105 nast\u0119puj\u0105ce:<\/p>\n\n\n\n<ul class=\"wp-block-list\">\n<li><strong>Owner<\/strong><\/li>\n\n\n\n<li><strong>Administrator<\/strong><\/li>\n\n\n\n<li><strong>Operator<\/strong>.<\/li>\n<\/ul>\n\n\n\n<h3 class=\"wp-block-heading\">Funkcje wed\u0142ug profilu<\/h3>\n\n\n<div class=\"wp-block-tableberg-wrapper wp-block-tableberg-table\" >\n\t\t\t<div class=\"tableberg-table-wrapper\" style=\"\">\n\t\t\t\t<table class = \"has-inner-border\" style=\"border-spacing: 0 0; --tableberg-inner-border-top: none; --tableberg-inner-border-right: 1px solid #000000; --tableberg-inner-border-bottom: 1px solid #000000; --tableberg-inner-border-left: none; --tableberg-inner-border-top-first: 1px solid #000000; --tableberg-inner-border-left-first: 1px solid #000000; \" data-tableberg-header=\"added\" data-tableberg-footer=\"\"  ><colgroup><col style=\"width: 25%; min-width: 25%; \"\/><col style=\"width: 25%; min-width: 25%; \"\/><col style=\"width: 25%; min-width: 25%; \"\/><col style=\"width: 25%; min-width: 25%; \"\/><\/colgroup><tbody><tr class=\"tableberg-header\" style=\"\">\n<th data-tableberg-row=\"0\" data-tableberg-col=\"0\" style=\"\" class=\"wp-block-tableberg-cell tableberg-v-align-center\"><div class=\"tableberg-cell-inner\" style=\"display: block; justify-content: center; flex-wrap: wrap; \">\n<p class=\"has-text-align-left\" style=\"margin-top:0;margin-bottom:0\">Funkcja<\/p>\n<\/div><\/th>\n\n<th data-tableberg-row=\"0\" data-tableberg-col=\"1\" style=\"\" class=\"wp-block-tableberg-cell tableberg-v-align-center\"><div class=\"tableberg-cell-inner\" style=\"display: block; justify-content: center; flex-wrap: wrap; \">\n<p style=\"margin-top:0;margin-bottom:0\">Owner<\/p>\n<\/div><\/th>\n\n<th data-tableberg-row=\"0\" data-tableberg-col=\"2\" style=\"\" class=\"wp-block-tableberg-cell tableberg-v-align-center\"><div class=\"tableberg-cell-inner\" style=\"display: block; justify-content: center; flex-wrap: wrap; \">\n<p style=\"margin-top:0;margin-bottom:0\">Admin<\/p>\n<\/div><\/th>\n\n<th data-tableberg-row=\"0\" data-tableberg-col=\"3\" style=\"\" class=\"wp-block-tableberg-cell tableberg-v-align-center\"><div class=\"tableberg-cell-inner\" style=\"display: block; justify-content: center; flex-wrap: wrap; \">\n<p style=\"margin-top:0;margin-bottom:0\">Operator<\/p>\n<\/div><\/th>\n<\/tr><tr class=\"tableberg-odd-row\" style=\"\">\n<td data-tableberg-row=\"1\" data-tableberg-col=\"0\" style=\"\" class=\"wp-block-tableberg-cell tableberg-v-align-center\"><div class=\"tableberg-cell-inner\" style=\"display: block; justify-content: center; flex-wrap: wrap; \">\n<p style=\"margin-top:0;margin-bottom:0\">Dokonuje sprzeda\u017cy za pomoc\u0105 karty<\/p>\n<\/div><\/td>\n\n<td data-tableberg-row=\"1\" data-tableberg-col=\"1\" style=\"\" class=\"wp-block-tableberg-cell tableberg-v-align-top\"><div class=\"tableberg-cell-inner\" style=\"display: block; justify-content: center; flex-wrap: wrap; \"><figure class=\"wp-block-tableberg-image tableberg-image-center size-large is-resized\"><img decoding=\"async\" src=\"https:\/\/www.qly.docs.pay.sibs.com\/wp-content\/uploads\/2024\/02\/tableCheck.svg\" alt=\"\" class=\"wp-image-1\" style=\"width: 150px;border-top:  ;border-right:  ;border-bottom:  ;border-left:  ;\" \/><\/figure><\/div><\/td>\n\n<td data-tableberg-row=\"1\" data-tableberg-col=\"2\" style=\"\" class=\"wp-block-tableberg-cell tableberg-v-align-top\"><div class=\"tableberg-cell-inner\" style=\"display: block; justify-content: center; flex-wrap: wrap; \"><figure class=\"wp-block-tableberg-image tableberg-image-center size-large is-resized\"><img decoding=\"async\" src=\"https:\/\/www.qly.docs.pay.sibs.com\/wp-content\/uploads\/2024\/02\/tableCheck.svg\" alt=\"\" class=\"wp-image-1\" style=\"width: 150px;border-top:  ;border-right:  ;border-bottom:  ;border-left:  ;\" \/><\/figure><\/div><\/td>\n\n<td data-tableberg-row=\"1\" data-tableberg-col=\"3\" style=\"\" class=\"wp-block-tableberg-cell tableberg-v-align-top\"><div class=\"tableberg-cell-inner\" style=\"display: block; justify-content: center; flex-wrap: wrap; \"><figure class=\"wp-block-tableberg-image tableberg-image-center size-large is-resized\"><img decoding=\"async\" src=\"https:\/\/www.qly.docs.pay.sibs.com\/wp-content\/uploads\/2024\/02\/tableCheck.svg\" alt=\"\" class=\"wp-image-1\" style=\"width: 150px;border-top:  ;border-right:  ;border-bottom:  ;border-left:  ;\" \/><\/figure><\/div><\/td>\n<\/tr><tr class=\"tableberg-even-row\" style=\"\">\n<td data-tableberg-row=\"2\" data-tableberg-col=\"0\" style=\"\" class=\"wp-block-tableberg-cell tableberg-v-align-top\"><div class=\"tableberg-cell-inner\" style=\"display: block; justify-content: center; flex-wrap: wrap; \">\n<p style=\"margin-top:0;margin-bottom:0\">Dokonuje sprzeda\u017cy za pomoc\u0105 BLIKA<\/p>\n<\/div><\/td>\n\n<td data-tableberg-row=\"2\" data-tableberg-col=\"1\" style=\"\" class=\"wp-block-tableberg-cell tableberg-v-align-top\"><div class=\"tableberg-cell-inner\" style=\"display: block; justify-content: center; flex-wrap: wrap; \"><figure class=\"wp-block-tableberg-image tableberg-image-center size-large is-resized\"><img decoding=\"async\" src=\"https:\/\/www.qly.docs.pay.sibs.com\/wp-content\/uploads\/2024\/02\/tableCheck.svg\" alt=\"\" class=\"wp-image-1\" style=\"width: 150px;border-top:  ;border-right:  ;border-bottom:  ;border-left:  ;\" \/><\/figure><\/div><\/td>\n\n<td data-tableberg-row=\"2\" data-tableberg-col=\"2\" style=\"\" class=\"wp-block-tableberg-cell tableberg-v-align-top\"><div class=\"tableberg-cell-inner\" style=\"display: block; justify-content: center; flex-wrap: wrap; \"><figure class=\"wp-block-tableberg-image tableberg-image-center size-large is-resized\"><img decoding=\"async\" src=\"https:\/\/www.qly.docs.pay.sibs.com\/wp-content\/uploads\/2024\/02\/tableCheck.svg\" alt=\"\" class=\"wp-image-1\" style=\"width: 150px;border-top:  ;border-right:  ;border-bottom:  ;border-left:  ;\" \/><\/figure><\/div><\/td>\n\n<td data-tableberg-row=\"2\" data-tableberg-col=\"3\" style=\"\" class=\"wp-block-tableberg-cell tableberg-v-align-top\"><div class=\"tableberg-cell-inner\" style=\"display: block; justify-content: center; flex-wrap: wrap; \"><figure class=\"wp-block-tableberg-image tableberg-image-center size-large is-resized\"><img decoding=\"async\" src=\"https:\/\/www.qly.docs.pay.sibs.com\/wp-content\/uploads\/2024\/02\/tableCheck.svg\" alt=\"\" class=\"wp-image-1\" style=\"width: 150px;border-top:  ;border-right:  ;border-bottom:  ;border-left:  ;\" \/><\/figure><\/div><\/td>\n<\/tr><tr class=\"tableberg-odd-row\" style=\"\">\n<td data-tableberg-row=\"3\" data-tableberg-col=\"0\" style=\"\" class=\"wp-block-tableberg-cell tableberg-v-align-center\"><div class=\"tableberg-cell-inner\" style=\"display: block; justify-content: center; flex-wrap: wrap; \">\n<p style=\"margin-top:0;margin-bottom:0\">Wysy\u0142a potwierdzenie p\u0142atno\u015bci<\/p>\n<\/div><\/td>\n\n<td data-tableberg-row=\"3\" data-tableberg-col=\"1\" style=\"\" class=\"wp-block-tableberg-cell tableberg-v-align-top\"><div class=\"tableberg-cell-inner\" style=\"display: block; justify-content: center; flex-wrap: wrap; \"><figure class=\"wp-block-tableberg-image tableberg-image-center size-large is-resized\"><img decoding=\"async\" src=\"https:\/\/www.qly.docs.pay.sibs.com\/wp-content\/uploads\/2024\/02\/tableCheck.svg\" alt=\"\" class=\"wp-image-1\" style=\"width: 150px;border-top:  ;border-right:  ;border-bottom:  ;border-left:  ;\" \/><\/figure><\/div><\/td>\n\n<td data-tableberg-row=\"3\" data-tableberg-col=\"2\" style=\"\" class=\"wp-block-tableberg-cell tableberg-v-align-top\"><div class=\"tableberg-cell-inner\" style=\"display: block; justify-content: center; flex-wrap: wrap; \"><figure class=\"wp-block-tableberg-image tableberg-image-center size-large is-resized\"><img decoding=\"async\" src=\"https:\/\/www.qly.docs.pay.sibs.com\/wp-content\/uploads\/2024\/02\/tableCheck.svg\" alt=\"\" class=\"wp-image-1\" style=\"width: 150px;border-top:  ;border-right:  ;border-bottom:  ;border-left:  ;\" \/><\/figure><\/div><\/td>\n\n<td data-tableberg-row=\"3\" data-tableberg-col=\"3\" style=\"\" class=\"wp-block-tableberg-cell tableberg-v-align-top\"><div class=\"tableberg-cell-inner\" style=\"display: block; justify-content: center; flex-wrap: wrap; \"><figure class=\"wp-block-tableberg-image tableberg-image-center size-large is-resized\"><img decoding=\"async\" src=\"https:\/\/www.qly.docs.pay.sibs.com\/wp-content\/uploads\/2024\/02\/tableCheck.svg\" alt=\"\" class=\"wp-image-1\" style=\"width: 150px;border-top:  ;border-right:  ;border-bottom:  ;border-left:  ;\" \/><\/figure><\/div><\/td>\n<\/tr><tr class=\"tableberg-even-row\" style=\"\">\n<td data-tableberg-row=\"4\" data-tableberg-col=\"0\" style=\"\" class=\"wp-block-tableberg-cell tableberg-v-align-top\"><div class=\"tableberg-cell-inner\" style=\"display: block; justify-content: center; flex-wrap: wrap; \">\n<p style=\"margin-top:0;margin-bottom:0\">Wy\u015bwietla histori\u0119 swojego u\u017cytkownika w aplikacji<\/p>\n<\/div><\/td>\n\n<td data-tableberg-row=\"4\" data-tableberg-col=\"1\" style=\"\" class=\"wp-block-tableberg-cell tableberg-v-align-top\"><div class=\"tableberg-cell-inner\" style=\"display: block; justify-content: center; flex-wrap: wrap; \"><figure class=\"wp-block-tableberg-image tableberg-image-center size-large is-resized\"><img decoding=\"async\" src=\"https:\/\/www.qly.docs.pay.sibs.com\/wp-content\/uploads\/2024\/02\/tableCheck.svg\" alt=\"\" class=\"wp-image-1\" style=\"width: 150px;border-top:  ;border-right:  ;border-bottom:  ;border-left:  ;\" \/><\/figure><\/div><\/td>\n\n<td data-tableberg-row=\"4\" data-tableberg-col=\"2\" style=\"\" class=\"wp-block-tableberg-cell tableberg-v-align-top\"><div class=\"tableberg-cell-inner\" style=\"display: block; justify-content: center; flex-wrap: wrap; \"><figure class=\"wp-block-tableberg-image tableberg-image-center size-large is-resized\"><img decoding=\"async\" src=\"https:\/\/www.qly.docs.pay.sibs.com\/wp-content\/uploads\/2024\/02\/tableCheck.svg\" alt=\"\" class=\"wp-image-1\" style=\"width: 150px;border-top:  ;border-right:  ;border-bottom:  ;border-left:  ;\" \/><\/figure><\/div><\/td>\n\n<td data-tableberg-row=\"4\" data-tableberg-col=\"3\" style=\"\" class=\"wp-block-tableberg-cell tableberg-v-align-top\"><div class=\"tableberg-cell-inner\" style=\"display: block; justify-content: center; flex-wrap: wrap; \"><figure class=\"wp-block-tableberg-image tableberg-image-center size-large is-resized\"><img decoding=\"async\" src=\"https:\/\/www.qly.docs.pay.sibs.com\/wp-content\/uploads\/2024\/02\/tableCheck.svg\" alt=\"\" class=\"wp-image-1\" style=\"width: 150px;border-top:  ;border-right:  ;border-bottom:  ;border-left:  ;\" \/><\/figure><\/div><\/td>\n<\/tr><tr class=\"tableberg-odd-row\" style=\"\">\n<td data-tableberg-row=\"5\" data-tableberg-col=\"0\" style=\"\" class=\"wp-block-tableberg-cell tableberg-v-align-top\"><div class=\"tableberg-cell-inner\" style=\"display: block; justify-content: center; flex-wrap: wrap; \">\n<p style=\"margin-top:0;margin-bottom:0\">Wy\u015bwietla histori\u0119 wszystkich u\u017cytkownik\u00f3w w aplikacji<\/p>\n<\/div><\/td>\n\n<td data-tableberg-row=\"5\" data-tableberg-col=\"1\" style=\"\" class=\"wp-block-tableberg-cell tableberg-v-align-top\"><div class=\"tableberg-cell-inner\" style=\"display: block; justify-content: center; flex-wrap: wrap; \"><figure class=\"wp-block-tableberg-image tableberg-image-center size-large is-resized\"><img decoding=\"async\" src=\"https:\/\/www.qly.docs.pay.sibs.com\/wp-content\/uploads\/2024\/02\/tableCheck.svg\" alt=\"\" class=\"wp-image-1\" style=\"width: 150px;border-top:  ;border-right:  ;border-bottom:  ;border-left:  ;\" \/><\/figure><\/div><\/td>\n\n<td data-tableberg-row=\"5\" data-tableberg-col=\"2\" style=\"\" class=\"wp-block-tableberg-cell tableberg-v-align-top\"><div class=\"tableberg-cell-inner\" style=\"display: block; justify-content: center; flex-wrap: wrap; \"><figure class=\"wp-block-tableberg-image tableberg-image-center size-large is-resized\"><img decoding=\"async\" src=\"https:\/\/www.qly.docs.pay.sibs.com\/wp-content\/uploads\/2024\/02\/tableCheck.svg\" alt=\"\" class=\"wp-image-1\" style=\"width: 150px;border-top:  ;border-right:  ;border-bottom:  ;border-left:  ;\" \/><\/figure><\/div><\/td>\n\n<td data-tableberg-row=\"5\" data-tableberg-col=\"3\" style=\"\" class=\"wp-block-tableberg-cell tableberg-v-align-top\"><div class=\"tableberg-cell-inner\" style=\"display: block; justify-content: center; flex-wrap: wrap; \"><figure class=\"wp-block-tableberg-image tableberg-image-center size-large is-resized\"><img decoding=\"async\" src=\"https:\/\/www.qly.docs.pay.sibs.com\/wp-content\/uploads\/2024\/02\/tableCross.svg\" alt=\"\" class=\"wp-image-1\" style=\"width: 150px;border-top:  ;border-right:  ;border-bottom:  ;border-left:  ;\" \/><\/figure><\/div><\/td>\n<\/tr><tr class=\"tableberg-even-row\" style=\"\">\n<td data-tableberg-row=\"6\" data-tableberg-col=\"0\" style=\"\" class=\"wp-block-tableberg-cell tableberg-v-align-top\"><div class=\"tableberg-cell-inner\" style=\"display: block; justify-content: center; flex-wrap: wrap; \">\n<p style=\"margin-top:0;margin-bottom:0\">Widzi Ustawienia<\/p>\n<\/div><\/td>\n\n<td data-tableberg-row=\"6\" data-tableberg-col=\"1\" style=\"\" class=\"wp-block-tableberg-cell tableberg-v-align-top\"><div class=\"tableberg-cell-inner\" style=\"display: block; justify-content: center; flex-wrap: wrap; \"><figure class=\"wp-block-tableberg-image tableberg-image-center size-large is-resized\"><img decoding=\"async\" src=\"https:\/\/www.qly.docs.pay.sibs.com\/wp-content\/uploads\/2024\/02\/tableCheck.svg\" alt=\"\" class=\"wp-image-1\" style=\"width: 150px;border-top:  ;border-right:  ;border-bottom:  ;border-left:  ;\" \/><\/figure><\/div><\/td>\n\n<td data-tableberg-row=\"6\" data-tableberg-col=\"2\" style=\"\" class=\"wp-block-tableberg-cell tableberg-v-align-top\"><div class=\"tableberg-cell-inner\" style=\"display: block; justify-content: center; flex-wrap: wrap; \"><figure class=\"wp-block-tableberg-image tableberg-image-center size-large is-resized\"><img decoding=\"async\" src=\"https:\/\/www.qly.docs.pay.sibs.com\/wp-content\/uploads\/2024\/02\/tableCheck.svg\" alt=\"\" class=\"wp-image-1\" style=\"width: 150px;border-top:  ;border-right:  ;border-bottom:  ;border-left:  ;\" \/><\/figure><\/div><\/td>\n\n<td data-tableberg-row=\"6\" data-tableberg-col=\"3\" style=\"\" class=\"wp-block-tableberg-cell tableberg-v-align-top\"><div class=\"tableberg-cell-inner\" style=\"display: block; justify-content: center; flex-wrap: wrap; \"><figure class=\"wp-block-tableberg-image tableberg-image-center size-large is-resized\"><img decoding=\"async\" src=\"https:\/\/www.qly.docs.pay.sibs.com\/wp-content\/uploads\/2024\/02\/tableCheck.svg\" alt=\"\" class=\"wp-image-1\" style=\"width: 150px;border-top:  ;border-right:  ;border-bottom:  ;border-left:  ;\" \/><\/figure><\/div><\/td>\n<\/tr><tr class=\"tableberg-odd-row\" style=\"\">\n<td data-tableberg-row=\"7\" data-tableberg-col=\"0\" style=\"\" class=\"wp-block-tableberg-cell tableberg-v-align-top\"><div class=\"tableberg-cell-inner\" style=\"display: block; justify-content: center; flex-wrap: wrap; \">\n<p style=\"margin-top:0;margin-bottom:0\">Zmienia Ustawienia<\/p>\n<\/div><\/td>\n\n<td data-tableberg-row=\"7\" data-tableberg-col=\"1\" style=\"\" class=\"wp-block-tableberg-cell tableberg-v-align-top\"><div class=\"tableberg-cell-inner\" style=\"display: block; justify-content: center; flex-wrap: wrap; \"><figure class=\"wp-block-tableberg-image tableberg-image-center size-large is-resized\"><img decoding=\"async\" src=\"https:\/\/www.qly.docs.pay.sibs.com\/wp-content\/uploads\/2024\/02\/tableCheck.svg\" alt=\"\" class=\"wp-image-1\" style=\"width: 150px;border-top:  ;border-right:  ;border-bottom:  ;border-left:  ;\" \/><\/figure><\/div><\/td>\n\n<td data-tableberg-row=\"7\" data-tableberg-col=\"2\" style=\"\" class=\"wp-block-tableberg-cell tableberg-v-align-top\"><div class=\"tableberg-cell-inner\" style=\"display: block; justify-content: center; flex-wrap: wrap; \"><figure class=\"wp-block-tableberg-image tableberg-image-center size-large is-resized\"><img decoding=\"async\" src=\"https:\/\/www.qly.docs.pay.sibs.com\/wp-content\/uploads\/2024\/02\/tableCheck.svg\" alt=\"\" class=\"wp-image-1\" style=\"width: 150px;border-top:  ;border-right:  ;border-bottom:  ;border-left:  ;\" \/><\/figure><\/div><\/td>\n\n<td data-tableberg-row=\"7\" data-tableberg-col=\"3\" style=\"\" class=\"wp-block-tableberg-cell tableberg-v-align-top\"><div class=\"tableberg-cell-inner\" style=\"display: block; justify-content: center; flex-wrap: wrap; \"><figure class=\"wp-block-tableberg-image tableberg-image-center size-large is-resized\"><img decoding=\"async\" src=\"https:\/\/www.qly.docs.pay.sibs.com\/wp-content\/uploads\/2024\/02\/tableCross.svg\" alt=\"\" class=\"wp-image-1\" style=\"width: 150px;border-top:  ;border-right:  ;border-bottom:  ;border-left:  ;\" \/><\/figure><\/div><\/td>\n<\/tr><tr class=\"tableberg-even-row\" style=\"\">\n<td data-tableberg-row=\"8\" data-tableberg-col=\"0\" style=\"\" class=\"wp-block-tableberg-cell tableberg-v-align-top\"><div class=\"tableberg-cell-inner\" style=\"display: block; justify-content: center; flex-wrap: wrap; \">\n<p style=\"margin-top:0;margin-bottom:0\">Przeprowadza zwroty na karty<\/p>\n<\/div><\/td>\n\n<td data-tableberg-row=\"8\" data-tableberg-col=\"1\" style=\"\" class=\"wp-block-tableberg-cell tableberg-v-align-top\"><div class=\"tableberg-cell-inner\" style=\"display: block; justify-content: center; flex-wrap: wrap; \"><figure class=\"wp-block-tableberg-image tableberg-image-center size-large is-resized\"><img decoding=\"async\" src=\"https:\/\/www.qly.docs.pay.sibs.com\/wp-content\/uploads\/2024\/02\/tableCheck.svg\" alt=\"\" class=\"wp-image-1\" style=\"width: 150px;border-top:  ;border-right:  ;border-bottom:  ;border-left:  ;\" \/><\/figure><\/div><\/td>\n\n<td data-tableberg-row=\"8\" data-tableberg-col=\"2\" style=\"\" class=\"wp-block-tableberg-cell tableberg-v-align-top\"><div class=\"tableberg-cell-inner\" style=\"display: block; justify-content: center; flex-wrap: wrap; \"><figure class=\"wp-block-tableberg-image tableberg-image-center size-large is-resized\"><img decoding=\"async\" src=\"https:\/\/www.qly.docs.pay.sibs.com\/wp-content\/uploads\/2024\/02\/tableCheck.svg\" alt=\"\" class=\"wp-image-1\" style=\"width: 150px;border-top:  ;border-right:  ;border-bottom:  ;border-left:  ;\" \/><\/figure><\/div><\/td>\n\n<td data-tableberg-row=\"8\" data-tableberg-col=\"3\" style=\"\" class=\"wp-block-tableberg-cell tableberg-v-align-top\"><div class=\"tableberg-cell-inner\" style=\"display: block; justify-content: center; flex-wrap: wrap; \"><figure class=\"wp-block-tableberg-image tableberg-image-center size-large is-resized\"><img decoding=\"async\" src=\"https:\/\/www.qly.docs.pay.sibs.com\/wp-content\/uploads\/2024\/02\/tableCross.svg\" alt=\"\" class=\"wp-image-1\" style=\"width: 150px;border-top:  ;border-right:  ;border-bottom:  ;border-left:  ;\" \/><\/figure><\/div><\/td>\n<\/tr><tr class=\"tableberg-odd-row\" style=\"\">\n<td data-tableberg-row=\"9\" data-tableberg-col=\"0\" style=\"\" class=\"wp-block-tableberg-cell tableberg-v-align-top\"><div class=\"tableberg-cell-inner\" style=\"display: block; justify-content: center; flex-wrap: wrap; \">\n<p style=\"margin-top:0;margin-bottom:0\">Przeprowadza zwroty na BLIKA<\/p>\n<\/div><\/td>\n\n<td data-tableberg-row=\"9\" data-tableberg-col=\"1\" style=\"\" class=\"wp-block-tableberg-cell tableberg-v-align-top\"><div class=\"tableberg-cell-inner\" style=\"display: block; justify-content: center; flex-wrap: wrap; \"><figure class=\"wp-block-tableberg-image tableberg-image-center size-large is-resized\"><img decoding=\"async\" src=\"https:\/\/www.qly.docs.pay.sibs.com\/wp-content\/uploads\/2024\/02\/tableCheck.svg\" alt=\"\" class=\"wp-image-1\" style=\"width: 150px;border-top:  ;border-right:  ;border-bottom:  ;border-left:  ;\" \/><\/figure><\/div><\/td>\n\n<td data-tableberg-row=\"9\" data-tableberg-col=\"2\" style=\"\" class=\"wp-block-tableberg-cell tableberg-v-align-top\"><div class=\"tableberg-cell-inner\" style=\"display: block; justify-content: center; flex-wrap: wrap; \"><figure class=\"wp-block-tableberg-image tableberg-image-center size-large is-resized\"><img decoding=\"async\" src=\"https:\/\/www.qly.docs.pay.sibs.com\/wp-content\/uploads\/2024\/02\/tableCheck.svg\" alt=\"\" class=\"wp-image-1\" style=\"width: 150px;border-top:  ;border-right:  ;border-bottom:  ;border-left:  ;\" \/><\/figure><\/div><\/td>\n\n<td data-tableberg-row=\"9\" data-tableberg-col=\"3\" style=\"\" class=\"wp-block-tableberg-cell tableberg-v-align-top\"><div class=\"tableberg-cell-inner\" style=\"display: block; justify-content: center; flex-wrap: wrap; \"><figure class=\"wp-block-tableberg-image tableberg-image-center size-large is-resized\"><img decoding=\"async\" src=\"https:\/\/www.qly.docs.pay.sibs.com\/wp-content\/uploads\/2024\/02\/tableCross.svg\" alt=\"\" class=\"wp-image-1\" style=\"width: 150px;border-top:  ;border-right:  ;border-bottom:  ;border-left:  ;\" \/><\/figure><\/div><\/td>\n<\/tr><\/tbody><\/table>\n\t\t\t<\/div>\n\t\t<\/div>","protected":false},"excerpt":{"rendered":"<p>W&nbsp;LightPOS 2.0&nbsp;u\u017cytkownikom przypisuje si\u0119 okre\u015blone role, z kt\u00f3rych ka\u017cda ma inny poziom dost\u0119pu i funkcjonalno\u015bci. Dzi\u0119ki temu ka\u017cda osoba w organizacji mo\u017ce wykonywa\u0107 zadania dostosowane do swoich obowi\u0105zk\u00f3w, zachowuj\u0105c jednocze\u015bnie bezpiecze\u0144stwo i kontrol\u0119 nad operacjami p\u0142atniczymi. Profile sprzedawc\u00f3w, kt\u00f3re mo\u017cna przypisa\u0107 u\u017cytkownikom, s\u0105 nast\u0119puj\u0105ce: Funkcje wed\u0142ug profilu<\/p>\n","protected":false},"author":3,"featured_media":0,"parent":22748,"menu_order":2,"comment_status":"closed","ping_status":"closed","template":"","meta":{"_acf_changed":false,"_eb_attr":"","footnotes":""},"class_list":["post-22750","page","type-page","status-publish","hentry","has-post-title","has-post-date","has-post-category","has-post-tag","has-post-comment","has-post-author",""],"acf":[],"builder_content":"","_links":{"self":[{"href":"https:\/\/www.qly.docs.pay.sibs.com\/pl\/wp-json\/wp\/v2\/pages\/22750","targetHints":{"allow":["GET"]}}],"collection":[{"href":"https:\/\/www.qly.docs.pay.sibs.com\/pl\/wp-json\/wp\/v2\/pages"}],"about":[{"href":"https:\/\/www.qly.docs.pay.sibs.com\/pl\/wp-json\/wp\/v2\/types\/page"}],"author":[{"embeddable":true,"href":"https:\/\/www.qly.docs.pay.sibs.com\/pl\/wp-json\/wp\/v2\/users\/3"}],"replies":[{"embeddable":true,"href":"https:\/\/www.qly.docs.pay.sibs.com\/pl\/wp-json\/wp\/v2\/comments?post=22750"}],"version-history":[{"count":2,"href":"https:\/\/www.qly.docs.pay.sibs.com\/pl\/wp-json\/wp\/v2\/pages\/22750\/revisions"}],"predecessor-version":[{"id":23242,"href":"https:\/\/www.qly.docs.pay.sibs.com\/pl\/wp-json\/wp\/v2\/pages\/22750\/revisions\/23242"}],"up":[{"embeddable":true,"href":"https:\/\/www.qly.docs.pay.sibs.com\/pl\/wp-json\/wp\/v2\/pages\/22748"}],"wp:attachment":[{"href":"https:\/\/www.qly.docs.pay.sibs.com\/pl\/wp-json\/wp\/v2\/media?parent=22750"}],"curies":[{"name":"wp","href":"https:\/\/api.w.org\/{rel}","templated":true}]}}