{"id":22748,"date":"2024-10-15T09:38:27","date_gmt":"2024-10-15T09:38:27","guid":{"rendered":"https:\/\/www.qly.docs.pay.sibs.com\/platnosci-stacjonarne\/"},"modified":"2025-07-08T09:26:01","modified_gmt":"2025-07-08T09:26:01","slug":"platnosci-stacjonarne","status":"publish","type":"page","link":"https:\/\/www.qly.docs.pay.sibs.com\/pl\/sibs-gateway-dokumentacja\/platnosci-stacjonarne\/","title":{"rendered":"P\u0142atno\u015bci stacjonarne"},"content":{"rendered":"<!-- wp:themify-builder\/canvas \/-->\n\n\n<p>Poznaj&nbsp;<strong>LightPOS 2.0<\/strong>, najnowsze rozwi\u0105zanie SoftPOS firmy SIBS. Poni\u017cszy przewodnik pomo\u017ce w aktywacji i konfiguracji urz\u0105dzenia, umo\u017cliwiaj\u0105c szybkie rozpocz\u0119cie akceptowania p\u0142atno\u015bci.<\/p>\n\n\n\n<figure class=\"wp-block-image size-full\"><img loading=\"lazy\" decoding=\"async\" width=\"3248\" height=\"1824\" src=\"https:\/\/www.qly.docs.pay.sibs.com\/wp-content\/uploads\/2024\/10\/In-person-payments.png\" alt=\"\" class=\"wp-image-21184\" srcset=\"https:\/\/www.qly.docs.pay.sibs.com\/wp-content\/uploads\/2024\/10\/In-person-payments.png 3248w, https:\/\/www.qly.docs.pay.sibs.com\/wp-content\/uploads\/2024\/10\/In-person-payments-300x168.png 300w, https:\/\/www.qly.docs.pay.sibs.com\/wp-content\/uploads\/2024\/10\/In-person-payments-1024x575.png 1024w, https:\/\/www.qly.docs.pay.sibs.com\/wp-content\/uploads\/2024\/10\/In-person-payments-768x431.png 768w, https:\/\/www.qly.docs.pay.sibs.com\/wp-content\/uploads\/2024\/10\/In-person-payments-1536x863.png 1536w, https:\/\/www.qly.docs.pay.sibs.com\/wp-content\/uploads\/2024\/10\/In-person-payments-2048x1150.png 2048w\" sizes=\"auto, (max-width: 3248px) 100vw, 3248px\" \/><figcaption class=\"wp-element-caption\">Interfejs u\u017cytkownika aplikacji LightPOS 2.0 na urz\u0105dzeniu mobilnym z systemem Android.<\/figcaption><\/figure>\n\n\n\n<h3 class=\"wp-block-heading\">Wymagania dotycz\u0105ce urz\u0105dzenia<\/h3>\n\n\n\n<p>Zanim zaczniesz, upewnij si\u0119, \u017ce Twoje urz\u0105dzenie spe\u0142nia minimalne wymagania:<\/p>\n\n\n\n<ul class=\"wp-block-list\">\n<li>Android 9.0 lub nowszy<\/li>\n\n\n\n<li>antena NFC (Near Field Communication)<\/li>\n\n\n\n<li>sprz\u0119towo obs\u0142ugiwany magazyn kluczy zapewniaj\u0105cy zwi\u0119kszone bezpiecze\u0144stwo<\/li>\n\n\n\n<li>dost\u0119p do Google Play Store<\/li>\n\n\n\n<li>oryginalny fabryczny system operacyjny (bez urz\u0105dze\u0144 zrootowanych lub modyfikowanych).<\/li>\n<\/ul>\n\n\n\n<h3 class=\"wp-block-heading\">Zainstaluj aplikacj\u0119 LightPOS 2.0<\/h3>\n\n\n\n<ol class=\"wp-block-list\">\n<li>Id\u017a do <strong><a href=\"https:\/\/play.google.com\/\">Google Play Store<\/a><\/strong> i wyszukaj <strong>LightPOS 2.0<\/strong>.<\/li>\n\n\n\n<li>Pobierz i zainstaluj aplikacj\u0119 na swoim smartfonie lub tablecie z systemem Android.<\/li>\n<\/ol>\n\n\n\n<h3 class=\"wp-block-heading\">Aktywuj swoje konto Ownera<\/h3>\n\n\n\n<h6 class=\"wp-block-heading\" id=\"aktywacja-przez-sibs-backoffice\"><a href=\"#aktywacja-przez-sibs-backoffice\">Aktywacja przez SIBS Backoffice<\/a><\/h6>\n\n\n\n<h6 class=\"wp-block-heading\" id=\"aktywacja-przez-aplikacje-lightpos\"><a href=\"#aktywacja-przez-aplikacje-lightpos\">Aktywacja przez aplikacj\u0119 LightPOS 2.0<\/a><\/h6>\n\n\n\n<h5 class=\"wp-block-heading\" id=\"aktywacja-przez-sibs-backoffice\">Aktywacja przez SIBS Backoffice<\/h5>\n\n\n\n<ol class=\"wp-block-list\">\n<li>Otw\u00f3rz SIBS Backoffice, korzystaj\u0105c z linku otrzymanego w wiadomo\u015bci e-mail podczas wdra\u017cania.<\/li>\n\n\n\n<li>Wprowad\u017a sw\u00f3j adres e-mail i kod aktywacyjny. Nast\u0119pnie post\u0119puj zgodnie z instrukcjami wy\u015bwietlanymi na ekranie.<\/li>\n\n\n\n<li>Otw\u00f3rz aplikacj\u0119 LightPOS 2.0 na swoim urz\u0105dzeniu z Androidem i zaloguj si\u0119 przy u\u017cyciu tych samych danych logowania, kt\u00f3rych u\u017cy\u0142e\u015b do SIBS Backoffice. Nast\u0119pnie post\u0119puj zgodnie z instrukcjami wy\u015bwietlanymi na ekranie.<\/li>\n<\/ol>\n\n\n\n<h5 class=\"wp-block-heading\" id=\"aktywacja-przez-aplikacje-lightpos\">Aktywacja przez aplikacj\u0119 LightPOS 2.0<\/h5>\n\n\n\n<ol start=\"1\" class=\"wp-block-list\">\n<li>Otw\u00f3rz aplikacj\u0119 LightPOS 2.0 na urz\u0105dzeniu z systemem Android i kliknij opcj\u0119&nbsp;<strong>Do\u0142\u0105cz<\/strong>.<\/li>\n\n\n\n<li>Wprowad\u017a swoje dane uwierzytelniaj\u0105ce w\u0142a\u015bciciela i kod aktywacyjny. Nast\u0119pnie post\u0119puj zgodnie z instrukcjami wy\u015bwietlanymi na ekranie.<\/li>\n<\/ol>\n\n\n\n<style type=\"text\/css\">\n\t#message-box-block_a8cd5c06bcff79b4889406c2de776252 {\n\t\t\/* Add styles that use ACF values here *\/\n\t}\n<\/style>\n\n<div id=\"message-box-block_a8cd5c06bcff79b4889406c2de776252\" class=\"block-message-box\">\n\t\t\t\t\t\t\t\t\t\t\n\t\t\t<div class='row info' style=\"display: flex;\">\n\t\t\t  <div class='col' style=\"width: 10%; display: flex; align-items: center; justify-content: center;\">\n\t\t\t\t\t<img decoding=\"async\" src=\"https:\/\/www.qly.docs.pay.sibs.com\/wp-content\/themes\/themify-ultra-child\/images\/msg_info.svg\" alt=\"Info\">\n\t\t\t  <\/div>\n\t\t\t  <div class='col2'>\n\t\t\t\t<p ><p>Dzi\u0119ki\u00a0<strong>LightPOS 2.0<\/strong>\u00a0mo\u017cesz przyjmowa\u0107 p\u0142atno\u015bci osobi\u015bcie za pomoc\u0105:\u00a0<strong>kart zbli\u017ceniowych, portfeli cyfrowych i BLIKA<\/strong>.<\/p>\n<\/p>\n\t\t\t  <\/div>\n\t\t\t<\/div>\n\t\t\t\t\n\t\t\t\t\n\t\t\t\t\n\t\t\t\t\t\t<\/div>\n\n\n<p>Poznaj&nbsp;<strong>LightPOS 2.0<\/strong>&nbsp;bardziej szczeg\u00f3\u0142owo na nast\u0119puj\u0105cych stronach:<\/p>\n\n\n\n<div id=\"link-cards-block_b4936ea64db5d70ffd49dbce372d42e2\" class=\"block-link-cards\">\n            <div class=\"row\">\n                                                <a href=\"https:\/\/www.qly.docs.pay.sibs.com\/pl\/platnosci-stacjonarne\/profile\/\" target=\"\">\n                        <div class=\"link-card-col\">\n                                                            <h5>Profile<\/h5>\n                                <p>Tw\u00f3rz profile z wybranymi poziomami dost\u0119pu.<\/p>\n                                <div id=\"go-arrow-right\"> Learn More <\/div>\n                                                    <\/div>\n                    <\/a>\n                                                                <a href=\"https:\/\/www.qly.docs.pay.sibs.com\/pl\/platnosci-stacjonarne\/platnosci\/\" target=\"\">\n                        <div class=\"link-card-col\">\n                                                            <h5>P\u0142atno\u015bci<\/h5>\n                                <p>Dowiedz si\u0119, jak zarz\u0105dza\u0107 p\u0142atno\u015bciami w aplikacji.<\/p>\n                                <div id=\"go-arrow-right\"> Learn More <\/div>\n                                                    <\/div>\n                    <\/a>\n                                                                <a href=\"https:\/\/www.qly.docs.pay.sibs.com\/in-person-payments\/settings\/\" target=\"\">\n                        <div class=\"link-card-col\">\n                                                            <h5>Ustawienia<\/h5>\n                                <p>Dostosuj ustawienia aplikacji do swoich potrzeb.<\/p>\n                                <div id=\"go-arrow-right\"> Learn More <\/div>\n                                                    <\/div>\n                    <\/a>\n                                    <\/div>\n    <\/div>\n\n<script>\ndocument.addEventListener('DOMContentLoaded', function() {\n    \/\/ Get all the rows of link cards\n    var rows = document.querySelectorAll('.block-link-cards .row');\n\n    \/\/ Loop through each row\n    rows.forEach(function(row) {\n        \/\/ Get all the link cards in the row\n        var linkCards = row.querySelectorAll('.link-card-col');\n\n        \/\/ Find the tallest card height in the row\n        var tallestCardHeight = 0;\n        linkCards.forEach(function(card) {\n            card.style.height = ''; \/\/ Reset the height to auto\n            var cardHeight = card.offsetHeight;\n            if (cardHeight > tallestCardHeight) {\n                tallestCardHeight = cardHeight;\n            }\n        });\n\n        \/\/ Set the height of all link cards in the row to the tallest card height\n        linkCards.forEach(function(card) {\n            card.style.height = tallestCardHeight + 'px';\n        });\n    });\n});\n<\/script>\n\n\n\n\n<p>Je\u015bli jeste\u015b Sprzedawc\u0105 zainteresowanym&nbsp;<strong>integracj\u0105 app-to-app<\/strong>, znajdziesz wi\u0119cej informacji na stronie:<\/p>\n\n\n\n<div id=\"link-cards-block_7356d84192ea78cc21db9081465dc580\" class=\"block-link-cards\">\n            <div class=\"row\">\n                                                <a href=\"https:\/\/www.qly.docs.pay.sibs.com\/pl\/sibs-gateway-dokumentacja\/platnosci-stacjonarne\/integracja-app-to-app\/\" target=\"\">\n                        <div class=\"link-card-col\">\n                                                            <h5>Integracja app-to-app<\/h5>\n                                <p>Po\u0142\u0105cz swoj\u0105 aplikacj\u0119 z nasz\u0105 aplikacj\u0105 LightPOS.<\/p>\n                                <div id=\"go-arrow-right\"> Learn More <\/div>\n                                                    <\/div>\n                    <\/a>\n                                    <\/div>\n    <\/div>\n\n<script>\ndocument.addEventListener('DOMContentLoaded', function() {\n    \/\/ Get all the rows of link cards\n    var rows = document.querySelectorAll('.block-link-cards .row');\n\n    \/\/ Loop through each row\n    rows.forEach(function(row) {\n        \/\/ Get all the link cards in the row\n        var linkCards = row.querySelectorAll('.link-card-col');\n\n        \/\/ Find the tallest card height in the row\n        var tallestCardHeight = 0;\n        linkCards.forEach(function(card) {\n            card.style.height = ''; \/\/ Reset the height to auto\n            var cardHeight = card.offsetHeight;\n            if (cardHeight > tallestCardHeight) {\n                tallestCardHeight = cardHeight;\n            }\n        });\n\n        \/\/ Set the height of all link cards in the row to the tallest card height\n        linkCards.forEach(function(card) {\n            card.style.height = tallestCardHeight + 'px';\n        });\n    });\n});\n<\/script>\n\n","protected":false},"excerpt":{"rendered":"<p>Poznaj&nbsp;LightPOS 2.0, najnowsze rozwi\u0105zanie SoftPOS firmy SIBS. Poni\u017cszy przewodnik pomo\u017ce w aktywacji i konfiguracji urz\u0105dzenia, umo\u017cliwiaj\u0105c szybkie rozpocz\u0119cie akceptowania p\u0142atno\u015bci. Wymagania dotycz\u0105ce urz\u0105dzenia Zanim zaczniesz, upewnij si\u0119, \u017ce Twoje urz\u0105dzenie spe\u0142nia minimalne wymagania: Zainstaluj aplikacj\u0119 LightPOS 2.0 Aktywuj swoje konto Ownera Aktywacja przez SIBS Backoffice Aktywacja przez aplikacj\u0119 LightPOS 2.0 Aktywacja przez SIBS Backoffice Aktywacja [&hellip;]<\/p>\n","protected":false},"author":3,"featured_media":0,"parent":9923,"menu_order":0,"comment_status":"closed","ping_status":"closed","template":"","meta":{"_acf_changed":false,"_eb_attr":"","footnotes":""},"class_list":["post-22748","page","type-page","status-publish","hentry","has-post-title","has-post-date","has-post-category","has-post-tag","has-post-comment","has-post-author",""],"acf":[],"builder_content":"","_links":{"self":[{"href":"https:\/\/www.qly.docs.pay.sibs.com\/pl\/wp-json\/wp\/v2\/pages\/22748","targetHints":{"allow":["GET"]}}],"collection":[{"href":"https:\/\/www.qly.docs.pay.sibs.com\/pl\/wp-json\/wp\/v2\/pages"}],"about":[{"href":"https:\/\/www.qly.docs.pay.sibs.com\/pl\/wp-json\/wp\/v2\/types\/page"}],"author":[{"embeddable":true,"href":"https:\/\/www.qly.docs.pay.sibs.com\/pl\/wp-json\/wp\/v2\/users\/3"}],"replies":[{"embeddable":true,"href":"https:\/\/www.qly.docs.pay.sibs.com\/pl\/wp-json\/wp\/v2\/comments?post=22748"}],"version-history":[{"count":5,"href":"https:\/\/www.qly.docs.pay.sibs.com\/pl\/wp-json\/wp\/v2\/pages\/22748\/revisions"}],"predecessor-version":[{"id":24154,"href":"https:\/\/www.qly.docs.pay.sibs.com\/pl\/wp-json\/wp\/v2\/pages\/22748\/revisions\/24154"}],"up":[{"embeddable":true,"href":"https:\/\/www.qly.docs.pay.sibs.com\/pl\/wp-json\/wp\/v2\/pages\/9923"}],"wp:attachment":[{"href":"https:\/\/www.qly.docs.pay.sibs.com\/pl\/wp-json\/wp\/v2\/media?parent=22748"}],"curies":[{"name":"wp","href":"https:\/\/api.w.org\/{rel}","templated":true}]}}