{"id":22718,"date":"2024-11-26T12:12:56","date_gmt":"2024-11-26T12:12:56","guid":{"rendered":"https:\/\/www.qly.docs.pay.sibs.com\/integracje\/sdk-wersja-beta\/"},"modified":"2025-03-06T10:56:27","modified_gmt":"2025-03-06T10:56:27","slug":"sdk-wersja-beta","status":"publish","type":"page","link":"https:\/\/www.qly.docs.pay.sibs.com\/pl\/sibs-gateway-dokumentacja\/integracje\/sdk-wersja-beta\/","title":{"rendered":"SDK (wersja beta)"},"content":{"rendered":"<!-- wp:themify-builder\/canvas \/-->\n\n\n<p>To rozwi\u0105zanie eCommerce oferuje mobilny&nbsp;<strong>zestaw SDK (Software Development Kit)<\/strong>&nbsp;umo\u017cliwiaj\u0105cy bezproblemow\u0105 integracj\u0119 z aplikacjami na systemy&nbsp;<strong>Android<\/strong>&nbsp;i&nbsp;<strong>iOS<\/strong>, umo\u017cliwiaj\u0105c dokonywanie p\u0142atno\u015bci w dowolnym czasie, miejscu i w spos\u00f3b preferowany przez klient\u00f3w.<\/p>\n\n\n\n<p>Nasze SDK usprawnia rozw\u00f3j aplikacji natywnych, bezproblemowo integruj\u0105c si\u0119 z istniej\u0105cymi aplikacjami. Obs\u0142uguje zar\u00f3wno tradycyjne, jak i alternatywne metody p\u0142atno\u015bci, zapewniaj\u0105c jednocze\u015bnie sp\u00f3jno\u015b\u0107 mi\u0119dzy platformami eCommerce opartymi na urz\u0105dzeniach mobilnych<br>i przegl\u0105darkach.<\/p>\n\n\n\n<p>SDK zosta\u0142 opracowany z my\u015bl\u0105 o bezpiecze\u0144stwie i jest zgodny ze standardami PCI, co gwarantuje niezawodno\u015b\u0107 i bezpiecze\u0144stwo p\u0142atno\u015bci.<\/p>\n\n\n\n<style type=\"text\/css\">\n\t#message-box-block_4d5083b6cf86ccfd8276aeb3f0d02f4e {\n\t\t\/* Add styles that use ACF values here *\/\n\t}\n<\/style>\n\n<div id=\"message-box-block_4d5083b6cf86ccfd8276aeb3f0d02f4e\" class=\"block-message-box\">\n\t\t\t\t\t\t\t\t\t\t\n\t\t\t<div class='row info' style=\"display: flex;\">\n\t\t\t  <div class='col' style=\"width: 10%; display: flex; align-items: center; justify-content: center;\">\n\t\t\t\t\t<img decoding=\"async\" src=\"https:\/\/www.qly.docs.pay.sibs.com\/wp-content\/themes\/themify-ultra-child\/images\/msg_info.svg\" alt=\"Info\">\n\t\t\t  <\/div>\n\t\t\t  <div class='col2'>\n\t\t\t\t<p ><p><strong>SDK SIBS<\/strong>\u00a0obs\u0142uguje\u00a0<strong>szerok\u0105 gam\u0119 metod p\u0142atno\u015bci<\/strong>: karty, BLIKA, Szybki przelew, Apple Pay i Google Pay.<\/p>\n<\/p>\n\t\t\t  <\/div>\n\t\t\t<\/div>\n\t\t\t\t\n\t\t\t\t\n\t\t\t\t\n\t\t\t\t\t\t<\/div>\n\n\n<h3 class=\"wp-block-heading\">Korzy\u015bci<\/h3>\n\n\n\n<p>Korzystanie z naszego SDK oferuje przedsi\u0119biorstwom chc\u0105cym usprawni\u0107 rozw\u00f3j aplikacji natywnych szereg kluczowych korzy\u015bci:<\/p>\n\n\n\n<style type=\"text\/css\">\n\t#message-box-block_b7efef2e4a1906390ee3b98a294c06a5 {\n\t\t\/* Add styles that use ACF values here *\/\n\t}\n<\/style>\n\n<div id=\"message-box-block_b7efef2e4a1906390ee3b98a294c06a5\" class=\"block-message-box\">\n\t\t\t\t\t\t\t\t\t\t\n\t\t\t<div class='row benefits' style=\"display: flex;\">\n\t\t\t  <div class='col' style=\"width: 10%; display: flex; align-items: center; justify-content: center;\">\n\t\t\t\t\t<img decoding=\"async\" src=\"https:\/\/www.qly.docs.pay.sibs.com\/wp-content\/themes\/themify-ultra-child\/images\/msg_check.svg\" alt=\"Notice\">\n\t\t\t  <\/div>\n\t\t\t  <div class='col2'>\n\t\t\t\t<p ><p><strong>Czas developmentu<\/strong>, koszty i zasoby s\u0105 zmniejszone dzi\u0119ki szybkiej integracji SDK.<\/p>\n<p>&nbsp;<\/p>\n<p><strong>Dodatkowe metody p\u0142atno\u015bci<\/strong>\u00a0s\u0105 dodawane bez dodatkowych nak\u0142ad\u00f3w programistycznych.<\/p>\n<p>&nbsp;<\/p>\n<p><strong>Wra\u017cliwe dane<\/strong>\u00a0s\u0105 chronione, co zapewnia, \u017ce \u200b\u200bbezpiecze\u0144stwo klienta pozostaje nienaruszone.<\/p>\n<p>&nbsp;<\/p>\n<p>Kupuj\u0105cym oferowane s\u0105\u00a0<strong>znane i zaufane metody p\u0142atno\u015bci<\/strong>.<\/p>\n<\/p>\n\t\t\t  <\/div>\n\t\t\t<\/div>\n\t\t\t\t\n\t\t\t\t\n\t\t\t\t\n\n\t\t\t\t\t\t<\/div>\n\n\n<h3 class=\"wp-block-heading\">Jak to dzia\u0142a<\/h3>\n\n\n\n<style type=\"text\/css\">\n\t#bullet-list-blue-block_44de8f2d664792cc33cb51f51e8204aa {\n\t\t\/* Add styles that use ACF values here *\/\n\t}\n\n\t#bullet-list-blue-block_44de8f2d664792cc33cb51f51e8204aa ul {\n\t\tlist-style-type: none;\n\t\tpadding-left: 0;\n\t\tmargin-top: 30px;\n\t}\n\n\t#bullet-list-blue-block_44de8f2d664792cc33cb51f51e8204aa ul li {\n\t\tdisplay: flex;\n\t\talign-items: flex-start;\n\t\tmargin-bottom: 8px;\n\t\tposition: relative;\n\t}\n\n\t#bullet-list-blue-block_44de8f2d664792cc33cb51f51e8204aa ul li::before {\n\t\tcontent: \"\\2022\";\n\t\tfont-size: 100px;\n\t\tdisplay: inline-block;\n\t\tcolor: #BDDCFF;\n\t\tmargin-right: 8px;\n\t\tmargin-top: -7px;\n\t\tmargin-bottom: 0;\n\t\tmargin-left: -30px;\n\t}\n\n\t#bullet-list-blue-block_44de8f2d664792cc33cb51f51e8204aa ul li span {\n\t\tdisplay: inline-block;\n\t\tvertical-align: top;\n\t}\n\n\t#bullet-list-blue-block_44de8f2d664792cc33cb51f51e8204aa ul li:not(:last-child)::after {\n\t\tcontent: \"\";\n\t\tposition: absolute;\n\t\ttop: 17px;\n\t\tleft: -16px;\n\t\tborder-left: 1px solid #BDDCFF;\n\t\theight: 100%;\n\t}\n<\/style>\n\n<div id=\"bullet-list-blue-block_44de8f2d664792cc33cb51f51e8204aa\" class=\"block-bullet-list-blue\">\n\t<ul>\n\t\t\t\t\t\t\t\t\t<li><p>Integrujesz SDK w swojej aplikacji.<\/p>\n<\/li>\n\t\t\t\t\t\t\t<li><p id=\"tw-target-text\" class=\"tw-data-text tw-text-large tw-ta\" dir=\"ltr\" data-placeholder=\"Tradu\u00e7\u00e3o\" data-ved=\"2ahUKEwijm-XppPWLAxW-QvEDHTQHK18Q3ewLegQICRAV\" aria-label=\"Texto traduzido: Tw\u00f3j serwer wykorzystuje informacje o kraju i walucie klienta do utworzenia sesji p\u0142atniczej.\"><span class=\"Y2IQFc\" lang=\"pl\">Tw\u00f3j serwer wykorzystuje informacje o kraju i walucie klienta do utworzenia sesji p\u0142atniczej.<\/span><\/p>\n<\/li>\n\t\t\t\t\t\t\t<li><p id=\"tw-target-text\" class=\"tw-data-text tw-text-large tw-ta\" dir=\"ltr\" data-placeholder=\"Tradu\u00e7\u00e3o\" data-ved=\"2ahUKEwijm-XppPWLAxW-QvEDHTQHK18Q3ewLegQICRAV\" aria-label=\"Texto traduzido: Klienci wprowadzaj\u0105 szczeg\u00f3\u0142y p\u0142atno\u015bci bezpo\u015brednio w Twojej aplikacji.\"><span class=\"Y2IQFc\" lang=\"pl\">Klienci wprowadzaj\u0105 szczeg\u00f3\u0142y p\u0142atno\u015bci bezpo\u015brednio w Twojej aplikacji.<\/span><\/p>\n<\/li>\n\t\t\t\t\t\t\t<li><p id=\"tw-target-text\" class=\"tw-data-text tw-text-large tw-ta\" dir=\"ltr\" data-placeholder=\"Tradu\u00e7\u00e3o\" data-ved=\"2ahUKEwijm-XppPWLAxW-QvEDHTQHK18Q3ewLegQICRAV\" aria-label=\"Texto traduzido: Nasz system przetwarza informacje o p\u0142atno\u015bci i obs\u0142uguje przetwarzanie p\u0142atno\u015bci za Ciebie.\"><span class=\"Y2IQFc\" lang=\"pl\">Nasz system przetwarza informacje o p\u0142atno\u015bci i obs\u0142uguje przetwarzanie p\u0142atno\u015bci za Ciebie.<\/span><\/p>\n<\/li>\n\t\t\t\t\t\t\t<li><p id=\"tw-target-text\" class=\"tw-data-text tw-text-large tw-ta\" dir=\"ltr\" data-placeholder=\"Tradu\u00e7\u00e3o\" data-ved=\"2ahUKEwijm-XppPWLAxW-QvEDHTQHK18Q3ewLegQICRAV\" aria-label=\"Texto traduzido: Otrzymasz aktualizacj\u0119 statusu dla u\u017cytej metody p\u0142atno\u015bci.\"><span class=\"Y2IQFc\" lang=\"pl\">Otrzymasz aktualizacj\u0119 statusu dla u\u017cytej metody p\u0142atno\u015bci.<\/span><\/p>\n<\/li>\n\t\t\t\t\t\t<\/ul>\n<\/div>\n\n\n\n<h3 class=\"wp-block-heading\">Przed rozpocz\u0119ciem<\/h3>\n\n\n\n<p>Upewnij si\u0119, \u017ce podczas wdra\u017cania Tw\u00f3j\u00a0<a href=\"mailto:ecommerce@paytel.pl\">Opiekun Klienta<\/a>\u00a0udost\u0119pni\u0142 Ci niezb\u0119dne dane uwierzytelniaj\u0105ce:<\/p>\n\n\n\n<ul class=\"wp-block-list\">\n<li><strong>Kod terminala<\/strong><\/li>\n\n\n\n<li><strong>Bearer Token<\/strong><\/li>\n\n\n\n<li><strong>ID Klienta<\/strong>.<\/li>\n<\/ul>\n\n\n\n<p>Gdy ju\u017c je b\u0119dziesz mie\u0107, b\u0119dziesz m\u00f3g\u0142 zintegrowa\u0107 formularz p\u0142atno\u015bci.<\/p>\n\n\n\n<style type=\"text\/css\">\n\t#message-box-block_9fc9068eaa0be7906ead25fd519b14be {\n\t\t\/* Add styles that use ACF values here *\/\n\t}\n<\/style>\n\n<div id=\"message-box-block_9fc9068eaa0be7906ead25fd519b14be\" class=\"block-message-box\">\n\t\t\t\t\t\t\t\t\t\t\n\t\t\t<div class='row warning' style=\"display: flex;\">\n\t\t\t  <div class='col' style=\"width: 10%; display: flex; align-items: center; justify-content: center;\">\n\t\t\t\t\t<img decoding=\"async\" src=\"https:\/\/www.qly.docs.pay.sibs.com\/wp-content\/themes\/themify-ultra-child\/images\/msg_warn.svg\" alt=\"Warning\">\n\t\t\t  <\/div>\n\t\t\t  <div class='col2'>\n\t\t\t\t<p><p>Zachowaj poufno\u015b\u0107 swoich danych uwierzytelniaj\u0105cych, aby zapewni\u0107 bezpiecze\u0144stwo transakcji.<\/p>\n<\/p>\n\t\t\t  <\/div>\n\t\t\t<\/div>\n\t\t\t\t\n\t\t\t\t\n\t\t\t\t\n\t\t\t\t\n\t\t\t\t\n\t\t\t\t\t\t<\/div>\n\n\n<h3 class=\"wp-block-heading\">Co dalej?<\/h3>\n\n\n\n<p>Wykonaj kroki opisane w naszych przewodnikach integracji dla:<\/p>\n\n\n\n<div id=\"link-cards-block_e50865248ab286987d328570e76176a2\" class=\"block-link-cards\">\n            <div class=\"row\">\n                                                <a href=\"https:\/\/www.qly.docs.pay.sibs.com\/pl\/integracje\/sdk-wersja-beta\/android\/\" target=\"\">\n                        <div class=\"link-card-col\">\n                                                            <h5>Android<\/h5>\n                                <p>Zintegruj bramk\u0119 p\u0142atno\u015bci SIBS z aplikacj\u0105 na Androida za pomoc\u0105 naszego SDK.<\/p>\n                                <div id=\"go-arrow-right\"> Learn More <\/div>\n                                                    <\/div>\n                    <\/a>\n                                                                <a href=\"https:\/\/www.qly.docs.pay.sibs.com\/pl\/integracje\/sdk-wersja-beta\/ios\/\" target=\"\">\n                        <div class=\"link-card-col\">\n                                                            <h5>iOS<\/h5>\n                                <p>Zintegruj bramk\u0119 p\u0142atno\u015bci SIBS z aplikacj\u0105 na iOS za pomoc\u0105 naszego SDK.<\/p>\n                                <div id=\"go-arrow-right\"> Learn More <\/div>\n                                                    <\/div>\n                    <\/a>\n                                    <\/div>\n    <\/div>\n\n<script>\ndocument.addEventListener('DOMContentLoaded', function() {\n    \/\/ Get all the rows of link cards\n    var rows = document.querySelectorAll('.block-link-cards .row');\n\n    \/\/ Loop through each row\n    rows.forEach(function(row) {\n        \/\/ Get all the link cards in the row\n        var linkCards = row.querySelectorAll('.link-card-col');\n\n        \/\/ Find the tallest card height in the row\n        var tallestCardHeight = 0;\n        linkCards.forEach(function(card) {\n            card.style.height = ''; \/\/ Reset the height to auto\n            var cardHeight = card.offsetHeight;\n            if (cardHeight > tallestCardHeight) {\n                tallestCardHeight = cardHeight;\n            }\n        });\n\n        \/\/ Set the height of all link cards in the row to the tallest card height\n        linkCards.forEach(function(card) {\n            card.style.height = tallestCardHeight + 'px';\n        });\n    });\n});\n<\/script>\n\n\n\n\n<p><\/p>\n","protected":false},"excerpt":{"rendered":"<p>To rozwi\u0105zanie eCommerce oferuje mobilny&nbsp;zestaw SDK (Software Development Kit)&nbsp;umo\u017cliwiaj\u0105cy bezproblemow\u0105 integracj\u0119 z aplikacjami na systemy&nbsp;Android&nbsp;i&nbsp;iOS, umo\u017cliwiaj\u0105c dokonywanie p\u0142atno\u015bci w dowolnym czasie, miejscu i w spos\u00f3b preferowany przez klient\u00f3w. Nasze SDK usprawnia rozw\u00f3j aplikacji natywnych, bezproblemowo integruj\u0105c si\u0119 z istniej\u0105cymi aplikacjami. Obs\u0142uguje zar\u00f3wno tradycyjne, jak i alternatywne metody p\u0142atno\u015bci, zapewniaj\u0105c jednocze\u015bnie sp\u00f3jno\u015b\u0107 mi\u0119dzy platformami eCommerce opartymi [&hellip;]<\/p>\n","protected":false},"author":3,"featured_media":0,"parent":9922,"menu_order":4,"comment_status":"closed","ping_status":"closed","template":"","meta":{"_acf_changed":false,"_eb_attr":"","footnotes":""},"class_list":["post-22718","page","type-page","status-publish","hentry","has-post-title","has-post-date","has-post-category","has-post-tag","has-post-comment","has-post-author",""],"acf":[],"builder_content":"","_links":{"self":[{"href":"https:\/\/www.qly.docs.pay.sibs.com\/pl\/wp-json\/wp\/v2\/pages\/22718","targetHints":{"allow":["GET"]}}],"collection":[{"href":"https:\/\/www.qly.docs.pay.sibs.com\/pl\/wp-json\/wp\/v2\/pages"}],"about":[{"href":"https:\/\/www.qly.docs.pay.sibs.com\/pl\/wp-json\/wp\/v2\/types\/page"}],"author":[{"embeddable":true,"href":"https:\/\/www.qly.docs.pay.sibs.com\/pl\/wp-json\/wp\/v2\/users\/3"}],"replies":[{"embeddable":true,"href":"https:\/\/www.qly.docs.pay.sibs.com\/pl\/wp-json\/wp\/v2\/comments?post=22718"}],"version-history":[{"count":6,"href":"https:\/\/www.qly.docs.pay.sibs.com\/pl\/wp-json\/wp\/v2\/pages\/22718\/revisions"}],"predecessor-version":[{"id":23115,"href":"https:\/\/www.qly.docs.pay.sibs.com\/pl\/wp-json\/wp\/v2\/pages\/22718\/revisions\/23115"}],"up":[{"embeddable":true,"href":"https:\/\/www.qly.docs.pay.sibs.com\/pl\/wp-json\/wp\/v2\/pages\/9922"}],"wp:attachment":[{"href":"https:\/\/www.qly.docs.pay.sibs.com\/pl\/wp-json\/wp\/v2\/media?parent=22718"}],"curies":[{"name":"wp","href":"https:\/\/api.w.org\/{rel}","templated":true}]}}