{"id":22363,"date":"2025-01-08T09:53:27","date_gmt":"2025-01-08T09:53:27","guid":{"rendered":"https:\/\/www.qly.docs.pay.sibs.com\/metody-platnosci\/inne\/bizum\/"},"modified":"2026-03-09T10:53:22","modified_gmt":"2026-03-09T10:53:22","slug":"bizum","status":"publish","type":"page","link":"https:\/\/www.qly.docs.pay.sibs.com\/pl\/sibs-gateway-dokumentacja\/metody-platnosci\/inne\/bizum\/","title":{"rendered":"Bizum"},"content":{"rendered":"<!-- wp:themify-builder\/canvas \/-->\n\n\n<figure class=\"wp-block-image size-full is-resized\"><img loading=\"lazy\" decoding=\"async\" width=\"194\" height=\"88\" src=\"https:\/\/www.qly.docs.pay.sibs.com\/wp-content\/uploads\/2025\/01\/bizum_logo.png\" alt=\"\" class=\"wp-image-22337\" style=\"width:143px;height:auto\"\/><\/figure>\n\n\n\n<p>Bizum to szybkie, bezpieczne i wygodne hiszpa\u0144skie rozwi\u0105zanie p\u0142atnicze, kt\u00f3re umo\u017cliwia u\u017cytkownikom dokonywanie natychmiastowych transakcji bezpo\u015brednio z konta bankowego.<\/p>\n\n\n\n<figure class=\"wp-block-table\"><table><thead><tr><th>Metoda p\u0142atno\u015bci<\/th><th>Kategoria<\/th><th>Kraj<\/th><th>Waluta<\/th><th>Funkcjonalno\u015bci<\/th><th>Integracje<\/th><\/tr><\/thead><tbody><tr><td>Bizum<\/td><td>Online Banking<\/td><td>Hiszpania<\/td><td>EUR<\/td><td>Cz\u0119\u015bciowy zwrot koszt\u00f3w<br>Zwrot koszt\u00f3w<\/td><td>API<br>Formularz p\u0142atno\u015bci<br>Wtyczka Prestashop<br>Wtyczka WooCommerce<br>Wtyczka Magento<\/td><\/tr><\/tbody><\/table><\/figure>\n\n\n\n<p>Bizum to jedna z najpowszechniej u\u017cywanych metod p\u0142atno\u015bci w Hiszpanii, ciesz\u0105ca si\u0119 zaufaniem milion\u00f3w u\u017cytkownik\u00f3w ze wzgl\u0119du na jej szybko\u015b\u0107, prostot\u0119 i bezpiecze\u0144stwo. U\u0142atwia p\u0142ynne przelewy pieni\u0119\u017cne i p\u0142atno\u015bci bezpo\u015brednio za po\u015brednictwem istniej\u0105cych kont bankowych u\u017cytkownik\u00f3w.<\/p>\n\n\n\n<p>Klienci korzystaj\u0105cy z Bizum podaj\u0105 sw\u00f3j numer telefonu kom\u00f3rkowego, otrzymuj\u0105 powiadomienie w aplikacji swojego banku i potwierdzaj\u0105 transakcj\u0119. To bardzo bezpieczny spos\u00f3b, z natychmiastowym powiadomieniem o p\u0142atno\u015bci.<\/p>\n\n\n\n<h3 class=\"wp-block-heading\">Jak korzysta\u0107 z Bizum<\/h3>\n\n\n\n<p>\u015acie\u017cka przebiega w nast\u0119puj\u0105cy spos\u00f3b:<\/p>\n\n\n\n<ol class=\"wp-block-list\">\n<li>Na stronie realizacji transakcji sprzedawca wybiera Bizum jako metod\u0119 p\u0142atno\u015bci i uruchamia si\u0119 \u017c\u0105dania p\u0142atno\u015bci.<\/li>\n\n\n\n<li>Klient zostaje przekierowany na stron\u0119, na kt\u00f3rej wpisuje numer telefonu Bizum.<\/li>\n\n\n\n<li>Klient otrzymuje powiadomienie w swojej aplikacji bankowej z pro\u015bb\u0105 o potwierdzenie p\u0142atno\u015bci.<\/li>\n\n\n\n<li>Klient potwierdza p\u0142atno\u015b\u0107 za po\u015brednictwem aplikacji bankowej.<\/li>\n\n\n\n<li>Sprzedawca otrzymuje potwierdzenie p\u0142atno\u015bci.<\/li>\n\n\n\n<li>Sprzedawca mo\u017ce wys\u0142a\u0107 zam\u00f3wienie\/dostarczy\u0107 towar do klienta.<\/li>\n<\/ol>\n\n\n\n<h3 class=\"wp-block-heading\">Jak to dzia\u0142a<\/h3>\n\n\n\n<p>Oto przegl\u0105d najwa\u017cniejszych krok\u00f3w wymaganych do integracji Bizum.<\/p>\n\n\n\n<p>Oto przegl\u0105d najwa\u017cniejszych krok\u00f3w wymaganych do integracji Bizum.<\/p>\n\n\n\n<h6 class=\"wp-block-heading\"><a href=\"#step1\">Krok 1: Utw\u00f3rz zam\u00f3wienie<\/a><\/h6>\n\n\n\n<h6 class=\"wp-block-heading\"><a href=\"#step2\">Krok 2: Uzyskaj link do p\u0142atno\u015bci<\/a><\/h6>\n\n\n\n<h6 class=\"wp-block-heading\"><a href=\"#step3\">Krok 3: Uzyskaj status p\u0142atno\u015bci<\/a><\/h6>\n\n\n\n<h5 class=\"wp-block-heading\" id=\"step1\">Krok 1: Utw\u00f3rz zam\u00f3wienie<\/h5>\n\n\n\n<p>Pami\u0119taj, aby zainicjowa\u0107 <a href=\"https:\/\/www.qly.docs.pay.sibs.com\/pl\/integrations\/api\/integration-guide\/#create-an-order\">\u017c\u0105danie zam\u00f3wienia<\/a> z Bizum (&#8222;bizum&#8221;) jako wybran\u0105 metod\u0105 p\u0142atno\u015bci (<mark style=\"background-color:#e9e9f5\" class=\"has-inline-color\">transaction.paymentMethod<\/mark>) i skonfigurowa\u0107 preferencje j\u0119zykowe klienta w <mark style=\"background-color:#e9e9f5\" class=\"has-inline-color\">customerInfo.customerLanguage<\/mark>.<\/p>\n\n\n\n<div class=\"wp-block-buttons is-layout-flex wp-block-buttons-is-layout-flex\">\n<div class=\"wp-block-button postman\"><a class=\"wp-block-button__link wp-element-button\" href=\"https:\/\/www.postman.com\/warped-star-117264\/sibs-v3\/request\/onopk55\/bizm-checkout?action=share&amp;source=copy-link&amp;creator=32965317&amp;ctx=documentation\" target=\"_blank\" rel=\"noreferrer noopener\">Uruchom w Postmanie<\/a><\/div>\n<\/div>\n\n\n\n<h5 class=\"wp-block-heading\" id=\"step2\">Krok 2: Uzyskaj link do p\u0142atno\u015bci<\/h5>\n\n\n\n<p>Post\u0119puj zgodnie z poni\u017cszymi instrukcjami, aby uzyska\u0107 link do p\u0142atno\u015bci, aby przekierowa\u0107 klienta na bezpieczn\u0105 stron\u0119 p\u0142atno\u015bci w celu uwierzytelnienia i autoryzacji p\u0142atno\u015bci.<\/p>\n\n\n\n<p>Nale\u017cy pami\u0119ta\u0107, \u017ce poni\u017csze \u017c\u0105danie wymaga nag\u0142\u00f3wka autoryzacji zawieraj\u0105cego <mark style=\"background-color:#e9e9f5\" class=\"has-inline-color\">podpis transakcji<\/mark> uzyskany w poprzednim kroku.<\/p>\n\n\n\n<h6 class=\"wp-block-heading\">Punkty ko\u0144cowe (Endpoints):<\/h6>\n\n\n\n<figure class=\"wp-block-table\"><table><thead><tr><th>\u015arodowisko<\/th><th>URL<\/th><th>Metoda dzia\u0142ania i punkt ko\u0144cowy (Endpoint)<\/th><th>Opis dzia\u0142ania<\/th><\/tr><\/thead><tbody><tr><td>PROD<\/td><td>api.sibsgateway.com<\/td><td>POST {version-id}\/payments\/{id}\/pbl\/payment-link<\/td><td>Przeprowadzenie transakcji i przekierowanie u\u017cytkownika do hosta p\u0142atno\u015bci.<\/td><\/tr><tr><td>TEST<\/td><td>stargate.qly.site[1|2].sibs.pt<\/td><td>POST {version-id}\/payments\/{id}\/pbl\/payment-link<\/td><td>Przeprowadzenie transakcji i przekierowanie u\u017cytkownika do hosta p\u0142atno\u015bci.<\/td><\/tr><\/tbody><\/table><\/figure>\n\n\n\n<p>Upewnij si\u0119, \u017ce zawierasz te niezb\u0119dne elementy, jak okre\u015blono:<\/p>\n\n\n\n<figure class=\"wp-block-table\"><table><thead><tr><th><strong>Lokalizacja<\/strong><\/th><th><strong>Element danych<\/strong><\/th><th><strong>Typ<\/strong><\/th><th><strong>Stan<\/strong><\/th><th><strong>Opis<\/strong><\/th><\/tr><\/thead><tbody><tr><td>\u015acie\u017cka<\/td><td>id<\/td><td>String<\/td><td>Obowi\u0105zkowe<\/td><td>S\u0142u\u017cy do identyfikacji transakcji<\/td><\/tr><\/tbody><\/table><\/figure>\n\n\n\n<h6 class=\"wp-block-heading\">Parametry nag\u0142\u00f3wka:<\/h6>\n\n\n\n<figure class=\"wp-block-table\"><table><thead><tr><th><strong>Lokalizacja<\/strong><\/th><th><strong>Element danych<\/strong><\/th><th><strong>Typ<\/strong><\/th><th><strong>Stan<\/strong><\/th><th><strong>Opis<\/strong><\/th><\/tr><\/thead><tbody><tr><td>Request Header<\/td><td>Content-Type<\/td><td>String<\/td><td>Obowi\u0105zkowe<\/td><td>application\/json<\/td><\/tr><tr><td>Request Header<\/td><td>Autoryzacja<\/td><td>String<\/td><td>Obowi\u0105zkowe<\/td><td>Podsumowanie autoryzacji<\/td><\/tr><\/tbody><\/table><\/figure>\n\n\n\n<h6 class=\"wp-block-heading\">Parametry \u017c\u0105dania:<\/h6>\n\n\n\n<figure class=\"wp-block-table\"><table><thead><tr><th><strong>Lokalizacja<\/strong><\/th><th><strong>Element danych<\/strong><\/th><th><strong>Typ<\/strong><\/th><th><strong>Stan<\/strong><\/th><th><strong>Opis<\/strong><\/th><\/tr><\/thead><tbody><tr><td>Tre\u015b\u0107 \u017c\u0105dania<\/td><td>userAcceptanceIndicator<\/td><td>Warto\u015b\u0107 logiczna<\/td><td>Obowi\u0105zkowe<\/td><td>Wskazuje, czy u\u017cytkownik zaakceptowa\u0142 Regulamin w celu kontynuowania p\u0142atno\u015bci.<\/td><\/tr><tr><td>Tre\u015b\u0107 \u017c\u0105dania<\/td><td>gatewayId<\/td><td>String<\/td><td>Obowi\u0105zkowe<\/td><td>Identyfikator kana\u0142u p\u0142atno\u015bci dla kana\u0142u, kt\u00f3rego klient zamierza u\u017cy\u0107 do dokonania p\u0142atno\u015bci.<br>Waro\u015b\u0107: 'ideal&#8217; &#8211; iDEAL;<\/td><\/tr><tr><td>Tre\u015b\u0107 \u017c\u0105dania<\/td><td>info<\/td><td>Info<\/td><td>Obowi\u0105zkowe<\/td><td>Obiekt definiuj\u0105cy dodatkowe informacje o transakcji.<\/td><\/tr><tr><td>Rz\u0105danie Body.info<\/td><td>deviceInfo<\/td><td>DeviceInfo<\/td><td>Opcjonalne<\/td><td>Obiekt definiuj\u0105cy informacje o urz\u0105dzeniu klienta.<\/td><\/tr><tr><td>Request Body.info.deviceInfo<\/td><td>browserAcceptHeader<\/td><td>ci\u0105g<\/td><td>Opcjonalne<\/td><td>Browser Accept Header<\/td><\/tr><tr><td>Request Body.info.deviceInfo<\/td><td>browserJavaEnabled<\/td><td>ci\u0105g<\/td><td>Opcjonalne<\/td><td>Browser Java Enabled<\/td><\/tr><tr><td>Request Body.info.deviceInfo<\/td><td>browserLanguage<\/td><td>ci\u0105g<\/td><td>Opcjonalne<\/td><td>browser Language<\/td><\/tr><tr><td>Request Body.info.deviceInfo<\/td><td>browserColorDepth<\/td><td>ci\u0105g<\/td><td>Opcjonalne<\/td><td>browser Color Depth<\/td><\/tr><tr><td>Request Body.info.deviceInfo<\/td><td>browserScreenHeight<\/td><td>ci\u0105g<\/td><td>Opcjonalne<\/td><td>browser Screen Height<\/td><\/tr><tr><td>Request Body.info.deviceInfo<\/td><td>browserScreenWidth<\/td><td>ci\u0105g<\/td><td>Opcjonalne<\/td><td>browser Screen Width<\/td><\/tr><tr><td>Request Body.info.deviceInfo<\/td><td>browserTZ<\/td><td>ci\u0105g<\/td><td>Opcjonalne<\/td><td>Browser Time Zone<\/td><\/tr><tr><td>Request Body.info.deviceInfo<\/td><td>browserUserAgent<\/td><td>ci\u0105g<\/td><td>Opcjonalne<\/td><td>Browser User Agent<\/td><\/tr><tr><td>Request Body.info.deviceInfo<\/td><td>systemFamily<\/td><td>ci\u0105g<\/td><td>Opcjonalne<\/td><td>System Family<\/td><\/tr><tr><td>Request Body.info.deviceInfo<\/td><td>systemVersion<\/td><td>ci\u0105g<\/td><td>Opcjonalne<\/td><td>System Version<\/td><\/tr><tr><td>Request Body.info.deviceInfo<\/td><td>systemArchitecture<\/td><td>ci\u0105g<\/td><td>Opcjonalne<\/td><td>System Architecture<\/td><\/tr><tr><td>Request Body.info.deviceInfo<\/td><td>deviceManufacturer<\/td><td>ci\u0105g<\/td><td>Opcjonalne<\/td><td>Device Manufacturer<\/td><\/tr><tr><td>Request Body.info.deviceInfo<\/td><td>deviceModel<\/td><td>ci\u0105g<\/td><td>Opcjonalne<\/td><td>Device Model<\/td><\/tr><tr><td>Request Body.info.deviceInfo<\/td><td>deviceID<\/td><td>ci\u0105g<\/td><td>Opcjonalne<\/td><td>Device Unique Identification<\/td><\/tr><tr><td>Request Body.info.deviceInfo<\/td><td>applicationName<\/td><td>ci\u0105g<\/td><td>Opcjonalne<\/td><td>Application Name<\/td><\/tr><tr><td>Request Body.info.deviceInfo<\/td><td>applicationVersion<\/td><td>ci\u0105g<\/td><td>Opcjonalne<\/td><td>Application Version<\/td><\/tr><tr><td>Request Body.info.deviceInfo<\/td><td>geoLocalization<\/td><td>ci\u0105g<\/td><td>Opcjonalne<\/td><td>Geolocation<\/td><\/tr><tr><td>Request Body.info.deviceInfo<\/td><td>ipAddress<\/td><td>ci\u0105g<\/td><td>Opcjonalne<\/td><td>Adres IP<\/td><\/tr><tr><td>Tre\u015b\u0107 \u017c\u0105dania<\/td><td>customerInfo<\/td><td>CustomerInfo<\/td><td>Opcjonalne<\/td><td>Key Value tuple array.<\/td><\/tr><tr><td>Request Body.customerInfo<\/td><td>klucz<\/td><td>ci\u0105g<\/td><td>Obowi\u0105zkowe<\/td><td>U\u017cywane do podania &#8222;customerName&#8221;, &#8222;customerEmail&#8221;.<\/td><\/tr><tr><td>Request Body.customerInfo<\/td><td>warto\u015b\u0107<\/td><td>ci\u0105g<\/td><td>Obowi\u0105zkowe<\/td><td>U\u017cywane do podania &#8222;customerName&#8221;, &#8222;customerEmail&#8221;.<\/td><\/tr><tr><td>Tre\u015b\u0107 \u017c\u0105dania<\/td><td>kupiec<\/td><td>Handlowiec<\/td><td>Opcjonalne<\/td><td>Merchant Data<\/td><\/tr><tr><td>\u017b\u0105danie Body.merchant<\/td><td>merchantURL<\/td><td>ci\u0105g<\/td><td>Opcjonalne<\/td><td>Adres URL sklepu sprzedawcy do przekierowania.<\/td><\/tr><tr><td>Rz\u0105danie Body.info<\/td><td>accountInfo<\/td><td>AccountInfo<\/td><td>Opcjonalne<\/td><td>Dane zwi\u0105zane z kontem <br>Ma zastosowanie, gdy gatewayId jest &#8222;idealny<\/td><\/tr><tr><td>Request Body.info.accountInfo<\/td><td>holderName<\/td><td>Max100Text<\/td><td>Opcjonalne<\/td><td>Nazwa posiadacza konta. Format UTF-8 . <\/td><\/tr><tr><td>Request Body.info.accountInfo<\/td><td>customerCountry<\/td><td>Kod kraju Klienta<\/td><td>Opcjonalne<\/td><td>Kod kraju Klienta. Alpha2<\/td><\/tr><\/tbody><\/table><\/figure>\n\n\n\n<p>Jak uzyska\u0107 link do p\u0142atno\u015bci:<\/p>\n\n\n\n<div class=\"wp-block-buttons is-layout-flex wp-block-buttons-is-layout-flex\">\n<div class=\"wp-block-button postman\"><a class=\"wp-block-button__link wp-element-button\" href=\"https:\/\/www.postman.com\/warped-star-117264\/sibs-v3\/request\/9b73f2u\/bizm-get-payment-link?action=share&amp;source=copy-link&amp;creator=32965317&amp;ctx=documentation\" target=\"_blank\" rel=\"noreferrer noopener\">Uruchom w Postmanie<\/a><\/div>\n<\/div>\n\n\n\n<p>Poni\u017cej przyk\u0142ad \u017c\u0105dania:<\/p>\n\n\n\n<pre class=\"wp-block-code\"><code><mark style=\"background-color:rgba(0, 0, 0, 0)\" class=\"has-inline-color has-pale-pink-color\">\"userAcceptanceIndicator\"<\/mark>: <mark style=\"background-color:rgba(0, 0, 0, 0)\" class=\"has-inline-color has-pale-cyan-blue-color\">true<\/mark>,\n    <mark style=\"background-color:rgba(0, 0, 0, 0)\" class=\"has-inline-color has-pale-pink-color\">\"gatewayId\"<\/mark>: <mark style=\"background-color:rgba(0, 0, 0, 0)\" class=\"has-inline-color has-vivid-green-cyan-color\">\"bizum\"<\/mark>,\n    <mark style=\"background-color:rgba(0, 0, 0, 0)\" class=\"has-inline-color has-pale-pink-color\">\"info\"<\/mark>: {\n        <mark style=\"background-color:rgba(0, 0, 0, 0)\" class=\"has-inline-color has-pale-pink-color\">\"deviceInfo\"<\/mark>: {\n            <mark style=\"background-color:rgba(0, 0, 0, 0)\" class=\"has-inline-color has-pale-pink-color\">\"browserAcceptHeader\"<\/mark>: <mark style=\"background-color:rgba(0, 0, 0, 0)\" class=\"has-inline-color has-vivid-green-cyan-color\">\"application\/json, text\/plain, *\/*\"<\/mark>,\n            <mark style=\"background-color:rgba(0, 0, 0, 0)\" class=\"has-inline-color has-pale-pink-color\">\"browserJavaEnabled\"<\/mark>: <mark style=\"background-color:rgba(0, 0, 0, 0)\" class=\"has-inline-color has-pale-cyan-blue-color\">\"false\"<\/mark>,\n            <mark style=\"background-color:rgba(0, 0, 0, 0)\" class=\"has-inline-color has-pale-pink-color\">\"browserLanguage\"<\/mark>: <mark style=\"background-color:rgba(0, 0, 0, 0)\" class=\"has-inline-color has-vivid-green-cyan-color\">\"en\"<\/mark>,\n            <mark style=\"background-color:rgba(0, 0, 0, 0)\" class=\"has-inline-color has-pale-pink-color\">\"browserColorDepth\"<\/mark>: <mark style=\"background-color:rgba(0, 0, 0, 0)\" class=\"has-inline-color has-luminous-vivid-amber-color\">\"24\"<\/mark>,\n            <mark style=\"background-color:rgba(0, 0, 0, 0)\" class=\"has-inline-color has-pale-pink-color\">\"browserScreenHeight\"<\/mark>: <mark style=\"background-color:rgba(0, 0, 0, 0)\" class=\"has-inline-color has-luminous-vivid-amber-color\">\"1080\"<\/mark>,\n            <mark style=\"background-color:rgba(0, 0, 0, 0)\" class=\"has-inline-color has-pale-pink-color\">\"browserScreenWidth\"<\/mark>: <mark style=\"background-color:rgba(0, 0, 0, 0)\" class=\"has-inline-color has-luminous-vivid-amber-color\">\"1920\",<\/mark>\n            <mark style=\"background-color:rgba(0, 0, 0, 0)\" class=\"has-inline-color has-pale-pink-color\">\"browserTZ\"<\/mark>: <mark style=\"background-color:rgba(0, 0, 0, 0)\" class=\"has-inline-color has-luminous-vivid-amber-color\">\"-60\"<\/mark>,\n            <mark style=\"background-color:rgba(0, 0, 0, 0)\" class=\"has-inline-color has-pale-pink-color\">\"browserUserAgent\"<\/mark>: <mark style=\"background-color:rgba(0, 0, 0, 0)\" class=\"has-inline-color has-vivid-green-cyan-color\">\"Mozilla\/5.0 (Windows NT 10.0; WOW64) AppleWebKit\/537.36 (KHTML, like Gecko) Chrome\/106.0.0.0 Safari\/537.36\"<\/mark>,\n            <mark style=\"background-color:rgba(0, 0, 0, 0)\" class=\"has-inline-color has-pale-pink-color\">\"geoLocalization\"<\/mark>: <mark style=\"background-color:rgba(0, 0, 0, 0)\" class=\"has-inline-color has-vivid-green-cyan-color\">\"Lat: 38.7350528 | Long: -9.2143616\"<\/mark>,\n            <mark style=\"background-color:rgba(0, 0, 0, 0)\" class=\"has-inline-color has-pale-pink-color\">\"systemFamily\"<\/mark>: <mark style=\"background-color:rgba(0, 0, 0, 0)\" class=\"has-inline-color has-vivid-green-cyan-color\">\"Windows\"<\/mark>,\n            <mark style=\"background-color:rgba(0, 0, 0, 0)\" class=\"has-inline-color has-pale-pink-color\">\"systemVersion\"<\/mark>: <mark style=\"background-color:rgba(0, 0, 0, 0)\" class=\"has-inline-color has-vivid-green-cyan-color\">\"Windows\"<\/mark>,\n            <mark style=\"background-color:rgba(0, 0, 0, 0)\" class=\"has-inline-color has-pale-pink-color\">\"deviceID\"<\/mark>: <mark style=\"background-color:rgba(0, 0, 0, 0)\" class=\"has-inline-color has-vivid-green-cyan-color\">\"498bfd4c3a3645b38667a7037b616c18\"<\/mark>,\n            <mark style=\"background-color:rgba(0, 0, 0, 0)\" class=\"has-inline-color has-pale-pink-color\">\"applicationName\"<\/mark>: <mark style=\"background-color:rgba(0, 0, 0, 0)\" class=\"has-inline-color has-vivid-green-cyan-color\">\"Chrome\"<\/mark>,\n            <mark style=\"background-color:rgba(0, 0, 0, 0)\" class=\"has-inline-color has-pale-pink-color\">\"applicationVersion\"<\/mark>: <mark style=\"background-color:rgba(0, 0, 0, 0)\" class=\"has-inline-color has-luminous-vivid-amber-color\">\"106\"<\/mark>\n        },\n        <mark style=\"background-color:rgba(0, 0, 0, 0)\" class=\"has-inline-color has-pale-pink-color\">\"customerInfo\"<\/mark>: &#91;\n            {\n                <mark style=\"background-color:rgba(0, 0, 0, 0)\" class=\"has-inline-color has-pale-pink-color\">\"key\"<\/mark>: <mark style=\"background-color:rgba(0, 0, 0, 0)\" class=\"has-inline-color has-vivid-green-cyan-color\">\"customerName\"<\/mark>,\n                <mark style=\"background-color:rgba(0, 0, 0, 0)\" class=\"has-inline-color has-pale-pink-color\">\"value\"<\/mark>: <mark style=\"background-color:rgba(0, 0, 0, 0)\" class=\"has-inline-color has-vivid-green-cyan-color\">\"Test Name\"<\/mark>\n            },\n            {\n                <mark style=\"background-color:rgba(0, 0, 0, 0)\" class=\"has-inline-color has-pale-pink-color\">\"key\"<\/mark>: <mark style=\"background-color:rgba(0, 0, 0, 0)\" class=\"has-inline-color has-vivid-green-cyan-color\">\"customerEmail\"<\/mark>,\n                <mark style=\"background-color:rgba(0, 0, 0, 0)\" class=\"has-inline-color has-pale-pink-color\">\"value\"<\/mark>: <mark style=\"background-color:rgba(0, 0, 0, 0)\" class=\"has-inline-color has-vivid-green-cyan-color\">\"email@provider.com\"<\/mark>\n            }\n            {\n                <mark style=\"background-color:rgba(0, 0, 0, 0)\" class=\"has-inline-color has-pale-pink-color\">\"key\"<\/mark>: <mark style=\"background-color:rgba(0, 0, 0, 0)\" class=\"has-inline-color has-vivid-green-cyan-color\">\"customerPhone\"<\/mark>,\n                <mark style=\"background-color:rgba(0, 0, 0, 0)\" class=\"has-inline-color has-pale-pink-color\">\"value\"<\/mark>: <mark style=\"background-color:rgba(0, 0, 0, 0)\" class=\"has-inline-color has-vivid-green-cyan-color\">\"34#700000000\"<\/mark>\n            }\n        ],\n        <mark style=\"background-color:rgba(0, 0, 0, 0)\" class=\"has-inline-color has-pale-pink-color\">\"accountInfo\"<\/mark>: {\n            <mark style=\"background-color:rgba(0, 0, 0, 0)\" class=\"has-inline-color has-pale-pink-color\">\"holderName\"<\/mark>: <mark style=\"background-color:rgba(0, 0, 0, 0)\" class=\"has-inline-color has-vivid-green-cyan-color\">\"Test Name\"<\/mark>,\n            <mark style=\"background-color:rgba(0, 0, 0, 0)\" class=\"has-inline-color has-pale-pink-color\">\"customerCountry\"<\/mark>: <mark style=\"background-color:rgba(0, 0, 0, 0)\" class=\"has-inline-color has-vivid-green-cyan-color\">\"ES\"<\/mark>\n        }\n    },\n    <mark style=\"background-color:rgba(0, 0, 0, 0)\" class=\"has-inline-color has-pale-pink-color\">\"merchant\"<\/mark>: {\n        <mark style=\"background-color:rgba(0, 0, 0, 0)\" class=\"has-inline-color has-pale-pink-color\">\"merchantURL\"<\/mark>: <mark style=\"background-color:rgba(0, 0, 0, 0)\" class=\"has-inline-color has-vivid-green-cyan-color\">https:\/\/egadget2.azurewebsites.net\/#\/returns?id={{transactionId}}<\/mark>\n    }\n}<\/code><\/pre>\n\n\n\n<p>Po pomy\u015blnym zako\u0144czeniu operacji otrzymywany jest &#8222;pending&#8221; <mark style=\"background-color:#e9e9f5\" class=\"has-inline-color\">paymentStatus<\/mark>.<\/p>\n\n\n\n<p>U\u017cytkownik jest nast\u0119pnie przekierowywany do \u015brodowiska potwierdzenia p\u0142atno\u015bci, a nast\u0119pnie p\u0142ynnie powraca do adresu URL sprzedawcy.<\/p>\n\n\n\n<h5 class=\"wp-block-heading\" id=\"step3\">Krok 3: Uzyskaj status p\u0142atno\u015bci<\/h5>\n\n\n\n<p>Mo\u017cesz wykona\u0107 operacj\u0119 &#8222;Uzyskaj Status&#8221;, aby sprawdzi\u0107 status w dowolnym momencie.<\/p>\n\n\n\n<p>Nag\u0142\u00f3wek HTTP Authorization jest ustawiony na token Bearer, kt\u00f3ry zosta\u0142 u\u017cyty w pocz\u0105tkowym Checkoucie.<\/p>\n\n\n\n<pre class=\"wp-block-code singleline\"><code><mark style=\"background-color:#007d57\" class=\"has-inline-color has-white-color\">GET<\/mark> {transactionID}\/status<\/code><\/pre>\n\n\n\n<div class=\"wp-block-buttons is-layout-flex wp-block-buttons-is-layout-flex\">\n<div class=\"wp-block-button postman\"><a class=\"wp-block-button__link wp-element-button\" href=\"https:\/\/www.postman.com\/warped-star-117264\/sibs-v3\/request\/uawwjln\/bizm-checkout-status?action=share&amp;source=copy-link&amp;creator=32965317&amp;ctx=documentation\" target=\"_blank\" rel=\"noreferrer noopener\">Uruchom w Postmanie<\/a><\/div>\n<\/div>\n\n\n\n<h6 class=\"wp-block-heading\">Adres URL \u017c\u0105dania:<\/h6>\n\n\n\n<pre class=\"wp-block-code singleline\"><code>https:&#47;&#47;stargate.qly.site1.sibs.pt\/api\/v1\/payments\/{transactionID}\/status<\/code><\/pre>\n\n\n\n<h6 class=\"wp-block-heading\">Nag\u0142\u00f3wki \u017c\u0105da\u0144:<\/h6>\n\n\n\n<pre class=\"wp-block-code singleline\"><code>Authorization: \u2018Bearer &lt;AuthToken&gt;\u2019\nX-IBM-Client-Id: \u2018&lt;ClientId&gt;\u2019\nContent-Type: application\/json<\/code><\/pre>\n\n\n\n<p>Pomy\u015blna odpowied\u017a techniczna sk\u0142ada si\u0119 ze statusu HTTP-200 i returnStatus.statusCode=\u201d000\u2033.<\/p>\n\n\n\n<p>Oto kilka przyk\u0142ad\u00f3w mo\u017cliwych kod\u00f3w wynik\u00f3w:<\/p>\n\n\n\n<figure class=\"wp-block-table\"><table><thead><tr><th><strong>Result Code<\/strong><\/th><th><strong>statusMsg<\/strong><\/th><th><strong>Description<\/strong><\/th><th><strong>Action<\/strong><\/th><\/tr><\/thead><tbody><tr><td>HTTP-200<\/td><td>Success<\/td><td>Success response<\/td><td>N\/A<\/td><\/tr><tr><td>HTTP-400<\/td><td>Bad Request<\/td><td>The JSON payload is not matching the API definition or some mandatory HTTP headers are missing.<\/td><td>Please check in API Market for the correct syntax.<\/td><\/tr><tr><td>HTTP-401<\/td><td>Unauthorized<\/td><td>On the Authorization, Bearer token is invalid\/expired or not associated with the Terminal used.<\/td><td>Please check in SIBS Backoffice under the Credentials if the token is valid and create a new one if needed.<\/td><\/tr><tr><td>HTTP-403<\/td><td>Forbidden<\/td><td>The <mark style=\"background-color:#e9e9f5\" class=\"has-inline-color\">ClientID<\/mark> set on the <mark style=\"background-color:#e9e9f5\" class=\"has-inline-color\">X-IBM-Client-Id<\/mark> HTTP header is not valid or does not possess a valid subscription to the API.<\/td><td>Please check in SIBS Backoffice under the SPG APP 2.0 if the <mark style=\"background-color:#e9e9f5\" class=\"has-inline-color\">ClientID<\/mark> is correct. If the problem persists contact SIBS Gateway support for a <mark style=\"background-color:#e9e9f5\" class=\"has-inline-color\">ClientID<\/mark> reset.<\/td><\/tr><tr><td>HTTP-405<\/td><td>Method Not Allowed<\/td><td>The HTTP Method used is not matching any of the API definitions available.<\/td><td>Please check in API Market for the correct HTTP Method.<\/td><\/tr><tr><td>HTTP-429<\/td><td>Too Many Requests<\/td><td>The API calls rate limit has been exceeded.<\/td><td>Please check in API Market for information on the rate limits that apply to the API.<\/td><\/tr><tr><td>HTTP-500<\/td><td>Internal Server Error<\/td><td>The API call has failed&#8230; and its most likely on our side.<\/td><td>You should retry the operation, and if the problem persists contact SIBS Gateway support for assistance.<\/td><\/tr><tr><td>HTTP-503<\/td><td>Service Unavailable<\/td><td>The API call is not currently available. Usually we are always on, but short availability issues may occur during scheduled maintenance.<\/td><td>You should wait and try again later.<\/td><\/tr><\/tbody><\/table><\/figure>\n","protected":false},"excerpt":{"rendered":"<p>Bizum to szybkie, bezpieczne i wygodne hiszpa\u0144skie rozwi\u0105zanie p\u0142atnicze, kt\u00f3re umo\u017cliwia u\u017cytkownikom dokonywanie natychmiastowych transakcji bezpo\u015brednio z konta bankowego. Metoda p\u0142atno\u015bci Kategoria Kraj Waluta Funkcjonalno\u015bci Integracje Bizum Online Banking Hiszpania EUR Cz\u0119\u015bciowy zwrot koszt\u00f3wZwrot koszt\u00f3w APIFormularz p\u0142atno\u015bciWtyczka PrestashopWtyczka WooCommerceWtyczka Magento Bizum to jedna z najpowszechniej u\u017cywanych metod p\u0142atno\u015bci w Hiszpanii, ciesz\u0105ca si\u0119 zaufaniem milion\u00f3w u\u017cytkownik\u00f3w [&hellip;]<\/p>\n","protected":false},"author":3,"featured_media":0,"parent":9950,"menu_order":2,"comment_status":"closed","ping_status":"closed","template":"","meta":{"_acf_changed":false,"_eb_attr":"","footnotes":""},"class_list":["post-22363","page","type-page","status-publish","hentry","has-post-title","has-post-date","has-post-category","has-post-tag","has-post-comment","has-post-author",""],"acf":[],"builder_content":"","_links":{"self":[{"href":"https:\/\/www.qly.docs.pay.sibs.com\/pl\/wp-json\/wp\/v2\/pages\/22363","targetHints":{"allow":["GET"]}}],"collection":[{"href":"https:\/\/www.qly.docs.pay.sibs.com\/pl\/wp-json\/wp\/v2\/pages"}],"about":[{"href":"https:\/\/www.qly.docs.pay.sibs.com\/pl\/wp-json\/wp\/v2\/types\/page"}],"author":[{"embeddable":true,"href":"https:\/\/www.qly.docs.pay.sibs.com\/pl\/wp-json\/wp\/v2\/users\/3"}],"replies":[{"embeddable":true,"href":"https:\/\/www.qly.docs.pay.sibs.com\/pl\/wp-json\/wp\/v2\/comments?post=22363"}],"version-history":[{"count":5,"href":"https:\/\/www.qly.docs.pay.sibs.com\/pl\/wp-json\/wp\/v2\/pages\/22363\/revisions"}],"predecessor-version":[{"id":27777,"href":"https:\/\/www.qly.docs.pay.sibs.com\/pl\/wp-json\/wp\/v2\/pages\/22363\/revisions\/27777"}],"up":[{"embeddable":true,"href":"https:\/\/www.qly.docs.pay.sibs.com\/pl\/wp-json\/wp\/v2\/pages\/9950"}],"wp:attachment":[{"href":"https:\/\/www.qly.docs.pay.sibs.com\/pl\/wp-json\/wp\/v2\/media?parent=22363"}],"curies":[{"name":"wp","href":"https:\/\/api.w.org\/{rel}","templated":true}]}}