{"id":20542,"date":"2024-07-24T14:07:57","date_gmt":"2024-07-24T14:07:57","guid":{"rendered":"https:\/\/www.qly.docs.pay.sibs.com\/funkcjonalnosci-platnosci-online\/cross-border\/"},"modified":"2025-03-21T10:30:12","modified_gmt":"2025-03-21T10:30:12","slug":"cross-border","status":"publish","type":"page","link":"https:\/\/www.qly.docs.pay.sibs.com\/pl\/sibs-gateway-dokumentacja\/funkcjonalnosci-platnosci-online\/cross-border\/","title":{"rendered":"Cross-border"},"content":{"rendered":"<!-- wp:themify-builder\/canvas \/-->\n\n\n<p>Nasza funkcja wielowalutowa umo\u017cliwia sprzedawcom bezproblemowe rozszerzanie dzia\u0142alno\u015bci poza granice kraju. To rozwi\u0105zanie pozwala sprzedawcom akceptowa\u0107 transakcje z r\u00f3\u017cnych region\u00f3w geograficznych i w r\u00f3\u017cnych walutach, zapewniaj\u0105c p\u0142ynne i bezproblemowe zakupy klientom na ca\u0142ym \u015bwiecie.<\/p>\n\n\n\n<h3 class=\"wp-block-heading\">Korzy\u015bci<\/h3>\n\n\n\n<style type=\"text\/css\">\n\t#message-box-block_f23cad6c85193ed1a7b6d6c06f5f2ff5 {\n\t\t\/* Add styles that use ACF values here *\/\n\t}\n<\/style>\n\n<div id=\"message-box-block_f23cad6c85193ed1a7b6d6c06f5f2ff5\" class=\"block-message-box\">\n\t\t\t\t\t\t\t\t\t\t\n\t\t\t<div class='row benefits' style=\"display: flex;\">\n\t\t\t  <div class='col' style=\"width: 10%; display: flex; align-items: center; justify-content: center;\">\n\t\t\t\t\t<img decoding=\"async\" src=\"https:\/\/www.qly.docs.pay.sibs.com\/wp-content\/themes\/themify-ultra-child\/images\/msg_check.svg\" alt=\"Notice\">\n\t\t\t  <\/div>\n\t\t\t  <div class='col2'>\n\t\t\t\t<p ><p><strong>Globalny zasi\u0119g.<\/strong> Rozszerz swoj\u0105 obecno\u015b\u0107 na rynku, akceptuj\u0105c p\u0142atno\u015bci od klient\u00f3w z ca\u0142ego \u015bwiata. Nasza funkcja wielowalutowa obs\u0142uguje szeroki zakres walut, umo\u017cliwiaj\u0105c Twojej firmie \u0142atw\u0105 obs\u0142ug\u0119 mi\u0119dzynarodowej klienteli.<\/p>\n<p>&nbsp;<\/p>\n<p><strong>Zlokalizowane do\u015bwiadczenie.<\/strong>\u00a0Zaoferuj swoim klientom wygod\u0119 p\u0142acenia w ich lokalnej walucie. Ta zlokalizowana opcja p\u0142atno\u015bci zmniejsza problemy przy kasie, potencjalnie zwi\u0119kszaj\u0105c wska\u017aniki konwersji i zadowolenie klient\u00f3w.<\/p>\n<p>&nbsp;<\/p>\n<p><strong>Przejrzyste wyp\u0142aty.<\/strong>\u00a0Otrzymuj wyp\u0142aty bezpo\u015brednio w walucie transakcji. Eliminuj\u0105c konwersj\u0119 walutow\u0105 podczas procesu wyp\u0142aty, zapewniamy przejrzysto\u015b\u0107 i przewidywalno\u015b\u0107 Twoich finans\u00f3w, umo\u017cliwiaj\u0105c \u0142atwiejsze rozliczanie.<\/p>\n<\/p>\n\t\t\t  <\/div>\n\t\t\t<\/div>\n\t\t\t\t\n\t\t\t\t\n\t\t\t\t\n\n\t\t\t\t\t\t<\/div>\n\n\n<h3 class=\"wp-block-heading\">Jak to dzia\u0142a<\/h3>\n\n\n\n<h5 class=\"wp-block-heading\">Wyb\u00f3r waluty<\/h5>\n\n\n\n<p>Sklepy mo\u017cna otwiera\u0107 w r\u00f3\u017cnych krajach i konfigurowa\u0107 tak, aby akceptowa\u0142y wiele walut z poni\u017cszej listy obs\u0142ugiwanych opcji:<\/p>\n\n\n\n<ul class=\"wp-block-list\">\n<li>EUR (euro)<\/li>\n\n\n\n<li>PLN (polski z\u0142oty)<\/li>\n\n\n\n<li>RON (rumu\u0144skie leje).<\/li>\n<\/ul>\n\n\n\n<p>Taka elastyczno\u015b\u0107 daje Ci mo\u017cliwo\u015b\u0107 kierowania oferty na konkretne rynki bez \u017cadnych ogranicze\u0144.<\/p>\n\n\n\n<h5 class=\"wp-block-heading\">Przetwarzanie transakcji<\/h5>\n\n\n\n<p>Gdy klient dokonuje zakupu, transakcja jest przetwarzana w wybranej przez niego walucie. Nasz system zapewnia bezpieczn\u0105 i wydajn\u0105 obs\u0142ug\u0119 p\u0142atno\u015bci, zachowuj\u0105c integralno\u015b\u0107 i bezpiecze\u0144stwo ka\u017cdej transakcji.<\/p>\n\n\n\n<h5 class=\"wp-block-heading\">Bezpo\u015brednie wyp\u0142aty<\/h5>\n\n\n\n<p>Wyp\u0142aty s\u0105 dokonywane w oryginalnej walucie transakcji, co eliminuje potrzeb\u0119 konwersji i zmniejsza potencjalne straty z powodu waha\u0144 kurs\u00f3w walutowych. To proste podej\u015bcie upraszcza planowanie finansowe i zwi\u0119ksza przewidywalno\u015b\u0107 strumieni przychod\u00f3w.<\/p>\n","protected":false},"excerpt":{"rendered":"<p>Nasza funkcja wielowalutowa umo\u017cliwia sprzedawcom bezproblemowe rozszerzanie dzia\u0142alno\u015bci poza granice kraju. To rozwi\u0105zanie pozwala sprzedawcom akceptowa\u0107 transakcje z r\u00f3\u017cnych region\u00f3w geograficznych i w r\u00f3\u017cnych walutach, zapewniaj\u0105c p\u0142ynne i bezproblemowe zakupy klientom na ca\u0142ym \u015bwiecie. Korzy\u015bci Jak to dzia\u0142a Wyb\u00f3r waluty Sklepy mo\u017cna otwiera\u0107 w r\u00f3\u017cnych krajach i konfigurowa\u0107 tak, aby akceptowa\u0142y wiele walut z poni\u017cszej [&hellip;]<\/p>\n","protected":false},"author":3,"featured_media":0,"parent":10580,"menu_order":8,"comment_status":"closed","ping_status":"closed","template":"","meta":{"_acf_changed":false,"_eb_attr":"","footnotes":""},"class_list":["post-20542","page","type-page","status-publish","hentry","has-post-title","has-post-date","has-post-category","has-post-tag","has-post-comment","has-post-author",""],"acf":[],"builder_content":"","_links":{"self":[{"href":"https:\/\/www.qly.docs.pay.sibs.com\/pl\/wp-json\/wp\/v2\/pages\/20542","targetHints":{"allow":["GET"]}}],"collection":[{"href":"https:\/\/www.qly.docs.pay.sibs.com\/pl\/wp-json\/wp\/v2\/pages"}],"about":[{"href":"https:\/\/www.qly.docs.pay.sibs.com\/pl\/wp-json\/wp\/v2\/types\/page"}],"author":[{"embeddable":true,"href":"https:\/\/www.qly.docs.pay.sibs.com\/pl\/wp-json\/wp\/v2\/users\/3"}],"replies":[{"embeddable":true,"href":"https:\/\/www.qly.docs.pay.sibs.com\/pl\/wp-json\/wp\/v2\/comments?post=20542"}],"version-history":[{"count":5,"href":"https:\/\/www.qly.docs.pay.sibs.com\/pl\/wp-json\/wp\/v2\/pages\/20542\/revisions"}],"predecessor-version":[{"id":23333,"href":"https:\/\/www.qly.docs.pay.sibs.com\/pl\/wp-json\/wp\/v2\/pages\/20542\/revisions\/23333"}],"up":[{"embeddable":true,"href":"https:\/\/www.qly.docs.pay.sibs.com\/pl\/wp-json\/wp\/v2\/pages\/10580"}],"wp:attachment":[{"href":"https:\/\/www.qly.docs.pay.sibs.com\/pl\/wp-json\/wp\/v2\/media?parent=20542"}],"curies":[{"name":"wp","href":"https:\/\/api.w.org\/{rel}","templated":true}]}}