{"id":10646,"date":"2023-06-22T15:33:26","date_gmt":"2023-06-22T15:33:26","guid":{"rendered":"https:\/\/www.qly.docs.pay.sibs.com\/sibs-backoffice-2\/profile\/"},"modified":"2025-07-31T14:40:01","modified_gmt":"2025-07-31T14:40:01","slug":"profile","status":"publish","type":"page","link":"https:\/\/www.qly.docs.pay.sibs.com\/pl\/sibs-gateway-dokumentacja\/sibs-backoffice\/profile\/","title":{"rendered":"Profile"},"content":{"rendered":"<!-- wp:themify-builder\/canvas \/-->\n\n\n<p>SIBS Backoffice obejmuje kilka poziom\u00f3w u\u017cytkownik\u00f3w. W zale\u017cno\u015bci od profilu powi\u0105zanego z Kontem U\u017cytkownika, U\u017cytkownik ma dost\u0119p do r\u00f3\u017cnych funkcji platformy. Profile sprzedawc\u00f3w, kt\u00f3re mo\u017cna przypisa\u0107 do u\u017cytkownik\u00f3w, s\u0105 nast\u0119puj\u0105ce: <\/p>\n\n\n\n<ul class=\"wp-block-list\">\n<li>W\u0142a\u015bciciel<\/li>\n\n\n\n<li>Administrator<\/li>\n\n\n\n<li>Manager<\/li>\n\n\n\n<li>Supervisor<\/li>\n\n\n\n<li>Operator<\/li>\n\n\n\n<li>Analityka<\/li>\n\n\n\n<li>Kod QR Manager<\/li>\n<\/ul>\n\n\n\n<h3 class=\"wp-block-heading\">Zarz\u0105dzanie u\u017cytkownikami<\/h3>\n\n\n\n<p>Menu &#8222;U\u017cytkownik&#8221; (znajduj\u0105ce si\u0119 w sekcji Konfiguracja) wy\u015bwietla list\u0119 wszystkich u\u017cytkownik\u00f3w na koncie. W zale\u017cno\u015bci od dost\u0119pu do podmiotu lista wy\u015bwietlanych u\u017cytkownik\u00f3w zostanie przefiltrowana w celu odzwierciedlenia tych, kt\u00f3rych dane mo\u017cna edytowa\u0107. Profile u\u017cytkownik\u00f3w, kt\u00f3re mog\u0105 uzyska\u0107 dost\u0119p do tej funkcji, obejmuj\u0105 W\u0142a\u015bciciela, Administratora, Mened\u017cera dost\u0119pu i Mened\u017cera.<\/p>\n\n\n\n<h5 class=\"wp-block-heading\"><strong>Dodawanie nowego u\u017cytkownika<\/strong><\/h5>\n\n\n\n<p>Aby zarejestrowa\u0107 nowego u\u017cytkownika, nale\u017cy nacisn\u0105\u0107 przycisk &#8222;Dodaj u\u017cytkownika&#8221; i wype\u0142ni\u0107 formularz, podaj\u0105c prawid\u0142owe informacje w polach &#8222;E-mail&#8221; i &#8222;Telefon kom\u00f3rkowy&#8221;. <\/p>\n\n\n\n<p>W polu &#8222;Profile&#8221; przypisane profile musz\u0105 przyznawa\u0107 poziom dost\u0119pu przeznaczony dla nowego u\u017cytkownika. <\/p>\n\n\n\n<p>Nowy u\u017cytkownik otrzyma wiadomo\u015b\u0107 SMS z tymczasowym kodem aktywacyjnym. U\u017cytkownik musi nast\u0119pnie uzyska\u0107 dost\u0119p do aplikacji, wprowadzi\u0107 adres e-mail i kod aktywacyjny.<\/p>\n\n\n\n<h5 class=\"wp-block-heading\"><strong><strong>Edytuj u\u017cytkownik\u00f3w<\/strong><\/strong><\/h5>\n\n\n\n<p>Sprzedawca mo\u017ce przegl\u0105da\u0107 tylko zarejestrowanych przez siebie u\u017cytkownik\u00f3w. Klikaj\u0105c rekord u\u017cytkownika, mo\u017cna edytowa\u0107 jego dane, z wyj\u0105tkiem adresu e-mail.<\/p>\n\n\n\n<figure class=\"wp-block-image size-full\"><img loading=\"lazy\" decoding=\"async\" width=\"2319\" height=\"1287\" src=\"https:\/\/www.qly.docs.pay.sibs.com\/wp-content\/uploads\/2023\/09\/new-user-2-e1693923170782.png\" alt=\"\" class=\"wp-image-8075\" srcset=\"https:\/\/www.qly.docs.pay.sibs.com\/wp-content\/uploads\/2023\/09\/new-user-2-e1693923170782.png 2319w, https:\/\/www.qly.docs.pay.sibs.com\/wp-content\/uploads\/2023\/09\/new-user-2-e1693923170782-300x166.png 300w, https:\/\/www.qly.docs.pay.sibs.com\/wp-content\/uploads\/2023\/09\/new-user-2-e1693923170782-768x426.png 768w, https:\/\/www.qly.docs.pay.sibs.com\/wp-content\/uploads\/2023\/09\/new-user-2-e1693923170782-1024x568.png 1024w, https:\/\/www.qly.docs.pay.sibs.com\/wp-content\/uploads\/2023\/09\/new-user-2-e1693923170782-1536x852.png 1536w, https:\/\/www.qly.docs.pay.sibs.com\/wp-content\/uploads\/2023\/09\/new-user-2-e1693923170782-2048x1137.png 2048w\" sizes=\"auto, (max-width: 2319px) 100vw, 2319px\" \/><\/figure>\n\n\n\n<h5 class=\"wp-block-heading\"><strong>Resetowanie has\u0142a<\/strong><\/h5>\n\n\n\n<p>Funkcja &#8222;Resetuj has\u0142o&#8221; wymaga od u\u017cytkownika zresetowania nowego has\u0142a przy nast\u0119pnym dost\u0119pie do SIBS Backoffice.<\/p>\n\n\n\n<h3 class=\"wp-block-heading\">Wydarzenia i audyty<\/h3>\n\n\n\n<p>Menu &#8222;Zdarzenia i audyty&#8221; rejestruje wszystkie dzia\u0142ania wykonane przez u\u017cytkownik\u00f3w i jest dost\u0119pne dla profilu w\u0142a\u015bciciela. Mo\u017cesz przegl\u0105da\u0107 te dzienniki i przeprowadza\u0107 audyty w celu rozwi\u0105zania wszelkich problem\u00f3w lub w\u0105tpliwo\u015bci.<\/p>\n\n\n\n<figure class=\"wp-block-image size-full\"><img loading=\"lazy\" decoding=\"async\" width=\"2382\" height=\"1492\" src=\"https:\/\/www.qly.docs.pay.sibs.com\/wp-content\/uploads\/2023\/09\/events-and-audits.png\" alt=\"\" class=\"wp-image-8078\" srcset=\"https:\/\/www.qly.docs.pay.sibs.com\/wp-content\/uploads\/2023\/09\/events-and-audits.png 2382w, https:\/\/www.qly.docs.pay.sibs.com\/wp-content\/uploads\/2023\/09\/events-and-audits-300x188.png 300w, https:\/\/www.qly.docs.pay.sibs.com\/wp-content\/uploads\/2023\/09\/events-and-audits-768x481.png 768w, https:\/\/www.qly.docs.pay.sibs.com\/wp-content\/uploads\/2023\/09\/events-and-audits-1024x641.png 1024w, https:\/\/www.qly.docs.pay.sibs.com\/wp-content\/uploads\/2023\/09\/events-and-audits-1536x962.png 1536w, https:\/\/www.qly.docs.pay.sibs.com\/wp-content\/uploads\/2023\/09\/events-and-audits-2048x1283.png 2048w\" sizes=\"auto, (max-width: 2382px) 100vw, 2382px\" \/><\/figure>\n\n\n\n<p>To menu zawiera nast\u0119puj\u0105ce typy dost\u0119pnych danych:<\/p>\n\n\n\n<figure class=\"wp-block-table\"><table><thead><tr><th>Kolumny<\/th><th>Description<\/th><\/tr><\/thead><tbody><tr><td>Severity<\/td><td>Informuje o stopniu dotkliwo\u015bci wykonanej akcji.<\/td><\/tr><tr><td>Date<\/td><td>Informuje o znaczniku czasu (data i godzina) akcji. W przypadku dzia\u0142ania wykonanego tego samego dnia aplikacja informuje tylko o godzinie.<\/td><\/tr><tr><td>User<\/td><td>Informuje o adresie e-mail autora akcji.<\/td><\/tr><tr><td>Type<\/td><td>Informuje o rodzaju dzia\u0142ania.<\/td><\/tr><tr><td>Status<\/td><td>Status: informuje, czy akcja powiod\u0142a si\u0119, zosta\u0142a odrzucona lub wyst\u0105pi\u0142 b\u0142\u0105d techniczny.<\/td><\/tr><tr><td>Description<\/td><td>Opisuje akcj\u0119 wykonan\u0105 przez u\u017cytkownika.<\/td><\/tr><\/tbody><\/table><\/figure>\n\n\n\n<p>Istniej\u0105 r\u00f3\u017cne rodzaje widok\u00f3w oparte na r\u00f3\u017cnych profilach:<\/p>\n\n\n\n<figure class=\"wp-block-table\"><table><thead><tr><th>Profil<\/th><th>Dost\u0119p do log\u00f3w<\/th><\/tr><\/thead><tbody><tr><td>W\u0142a\u015bciciel<\/td><td>Wy\u015bwietla wszystkie dzienniki sklepu.<\/td><\/tr><tr><td>Administrator<\/td><td>Wy\u015bwietla dzienniki profili na ni\u017cszym poziomie hierarchii.<\/td><\/tr><tr><td>Supervisor<\/td><td>Wy\u015bwietla w\u0142asne dzienniki i dzienniki profili operator\u00f3w.<\/td><\/tr><tr><td>Operator<\/td><td>Wy\u015bwietla w\u0142asne logi.<\/td><\/tr><\/tbody><\/table><\/figure>\n","protected":false},"excerpt":{"rendered":"<p>SIBS Backoffice obejmuje kilka poziom\u00f3w u\u017cytkownik\u00f3w. W zale\u017cno\u015bci od profilu powi\u0105zanego z Kontem U\u017cytkownika, U\u017cytkownik ma dost\u0119p do r\u00f3\u017cnych funkcji platformy. Profile sprzedawc\u00f3w, kt\u00f3re mo\u017cna przypisa\u0107 do u\u017cytkownik\u00f3w, s\u0105 nast\u0119puj\u0105ce: Zarz\u0105dzanie u\u017cytkownikami Menu &#8222;U\u017cytkownik&#8221; (znajduj\u0105ce si\u0119 w sekcji Konfiguracja) wy\u015bwietla list\u0119 wszystkich u\u017cytkownik\u00f3w na koncie. W zale\u017cno\u015bci od dost\u0119pu do podmiotu lista wy\u015bwietlanych u\u017cytkownik\u00f3w zostanie [&hellip;]<\/p>\n","protected":false},"author":3,"featured_media":0,"parent":10440,"menu_order":1,"comment_status":"closed","ping_status":"closed","template":"","meta":{"_acf_changed":false,"_eb_attr":"","footnotes":""},"class_list":["post-10646","page","type-page","status-publish","hentry","has-post-title","has-post-date","has-post-category","has-post-tag","has-post-comment","has-post-author",""],"acf":[],"builder_content":"","_links":{"self":[{"href":"https:\/\/www.qly.docs.pay.sibs.com\/pl\/wp-json\/wp\/v2\/pages\/10646","targetHints":{"allow":["GET"]}}],"collection":[{"href":"https:\/\/www.qly.docs.pay.sibs.com\/pl\/wp-json\/wp\/v2\/pages"}],"about":[{"href":"https:\/\/www.qly.docs.pay.sibs.com\/pl\/wp-json\/wp\/v2\/types\/page"}],"author":[{"embeddable":true,"href":"https:\/\/www.qly.docs.pay.sibs.com\/pl\/wp-json\/wp\/v2\/users\/3"}],"replies":[{"embeddable":true,"href":"https:\/\/www.qly.docs.pay.sibs.com\/pl\/wp-json\/wp\/v2\/comments?post=10646"}],"version-history":[{"count":2,"href":"https:\/\/www.qly.docs.pay.sibs.com\/pl\/wp-json\/wp\/v2\/pages\/10646\/revisions"}],"predecessor-version":[{"id":24350,"href":"https:\/\/www.qly.docs.pay.sibs.com\/pl\/wp-json\/wp\/v2\/pages\/10646\/revisions\/24350"}],"up":[{"embeddable":true,"href":"https:\/\/www.qly.docs.pay.sibs.com\/pl\/wp-json\/wp\/v2\/pages\/10440"}],"wp:attachment":[{"href":"https:\/\/www.qly.docs.pay.sibs.com\/pl\/wp-json\/wp\/v2\/media?parent=10646"}],"curies":[{"name":"wp","href":"https:\/\/api.w.org\/{rel}","templated":true}]}}