{"id":10610,"date":"2023-06-14T09:45:56","date_gmt":"2023-06-14T09:45:56","guid":{"rendered":"https:\/\/www.qly.docs.pay.sibs.com\/rodzaje-transakcji\/jednorazowy-zakup\/"},"modified":"2026-03-09T12:39:33","modified_gmt":"2026-03-09T12:39:33","slug":"jednorazowy-zakup","status":"publish","type":"page","link":"https:\/\/www.qly.docs.pay.sibs.com\/pl\/sibs-gateway-dokumentacja\/rodzaje-transakcji\/jednorazowy-zakup\/","title":{"rendered":"Jednorazowy zakup"},"content":{"rendered":"<!-- wp:themify-builder\/canvas \/-->\n\n\n<style type=\"text\/css\">\n\t#message-box-block_6a1f69ca5f3f35a4cef3e4ef4b759774 {\n\t\t\/* Add styles that use ACF values here *\/\n\t}\n<\/style>\n\n<div id=\"message-box-block_6a1f69ca5f3f35a4cef3e4ef4b759774\" class=\"block-message-box\">\n\t\t\t\t\t\t\t\t\t\t\n\t\t\t<div class='row info' style=\"display: flex;\">\n\t\t\t  <div class='col' style=\"width: 10%; display: flex; align-items: center; justify-content: center;\">\n\t\t\t\t\t<img decoding=\"async\" src=\"https:\/\/www.qly.docs.pay.sibs.com\/wp-content\/themes\/themify-ultra-child\/images\/msg_info.svg\" alt=\"Info\">\n\t\t\t  <\/div>\n\t\t\t  <div class='col2'>\n\t\t\t\t<p ><p>Ten typ transakcji jest dost\u0119pny dla: <strong>Kart p\u0142atniczych<\/strong>.<\/p>\n<\/p>\n\t\t\t  <\/div>\n\t\t\t<\/div>\n\t\t\t\t\n\t\t\t\t\n\t\t\t\t\n\t\t\t\t\t\t<\/div>\n\n\n<p>Skorzystaj z transakcji zakupu jednorazowego, je\u015bli chcesz natychmiast obci\u0105\u017cy\u0107 kupuj\u0105cego op\u0142at\u0105.<\/p>\n\n\n\n<p>Sprawd\u017a poni\u017cej dost\u0119pne \u015brodowiska, w kt\u00f3rych mo\u017cesz wykona\u0107 \u017c\u0105danie <mark style=\"background-color:#d6e9ff\" class=\"has-inline-color\">POST<\/mark> mi\u0119dzy serwerami w celu wygenerowania transakcji.<\/p>\n\n\n\n<figure class=\"wp-block-table\"><table><tbody><tr><td><strong><strong>\u015arodowisko<\/strong><\/strong><\/td><td><strong>URL<\/strong><\/td><td><strong>Metoda dzia\u0142ania i punkt ko\u0144cowy (Endpoint)<\/strong><\/td><td><strong>Opis dzia\u0142ania<\/strong><\/td><\/tr><tr><td>PROD<\/td><td>api.sibsgateway.com<\/td><td><mark style=\"background-color:#d6e9ff\" class=\"has-inline-color\">POST<\/mark> version-id\/{id}\/card\/purchase<\/td><td>\u017b\u0105da p\u0142atno\u015bci zarejestrowanej przy poprzedniej transakcji przy u\u017cyciu danych karty wprowadzonych przez klienta.<\/td><\/tr><tr><td>TEST<\/td><td>stargate.qly.site[1|2].sibs.pt<\/td><td><mark style=\"background-color:#d6e9ff\" class=\"has-inline-color\">POST<\/mark><br>api\/v1\/payments\/:transactionId\/card\/purchase<\/td><td>\u017b\u0105da p\u0142atno\u015bci zarejestrowanej przy poprzedniej transakcji przy u\u017cyciu danych karty wprowadzonych przez klienta.<\/td><\/tr><\/tbody><\/table><\/figure>\n\n\n\n<h3 class=\"wp-block-heading\"><strong>Zanim dokonasz p\u0142atno\u015bci<\/strong><\/h3>\n\n\n\n<ul class=\"wp-block-list\">\n<li>Upewnij si\u0119, \u017ce <a href=\"https:\/\/www.qly.docs.pay.sibs.com\/pl\/integrations\/api\/integration-guide\/#step-1-create-an-order\">zam\u00f3wienie<\/a> zosta\u0142o utworzone i przes\u0142ane<\/li>\n\n\n\n<li>\u017b\u0105danie wymaga nag\u0142\u00f3wka autoryzacji z <mark style=\"background-color:#e9e9f5\" class=\"has-inline-color\">podpisem transakcji<\/mark> zwr\u00f3conym w <a href=\"https:\/\/www.qly.docs.pay.sibs.com\/pl\/integrations\/api\/integration-guide\/#step-2-get-the-response\">odpowiedzi na utworzenie zam\u00f3wienia<\/a>.<\/li>\n<\/ul>\n\n\n\n<style type=\"text\/css\">\n\t#message-box-block_666539ac5882d12afac91ecc0c1a5595 {\n\t\t\/* Add styles that use ACF values here *\/\n\t}\n<\/style>\n\n<div id=\"message-box-block_666539ac5882d12afac91ecc0c1a5595\" class=\"block-message-box\">\n\t\t\t\t\t\t\t\t\t<\/div>\n\n\n<p>Poni\u017cszy komunikat przedstawia jednorazowy zakup, w przypadku kt\u00f3rego p\u0142atno\u015b\u0107 jest realizowana natychmiastowo i nie s\u0105 identyfikowane \u017cadne dodatkowe us\u0142ugi (<a href=\"https:\/\/www.qly.docs.pay.sibs.com\/pl\/funkcjonalnosci-platnosci-online\/3d-secure\/\">3D Secure<\/a>, <a href=\"https:\/\/www.qly.docs.pay.sibs.com\/pl\/funkcjonalnosci-platnosci-online\/store-cards\/tokenizacja\/\">Tokenizacja<\/a> i <a href=\"https:\/\/www.qly.docs.pay.sibs.com\/pl\/funkcjonalnosci-platnosci-online\/karta-oneclick\/\">Karta OneClick<\/a>) do po\u0142\u0105czenia.<\/p>\n\n\n\n\n\n<div id=\"nested-tables-block_b74f9e03b88ad6db6eea257f1bd5571f\" class=\"block-nested-tables_new\">\n\t\n\t\t\t<div class=\"sub_level lvl1\">\n\t\t\n\t\t\t\t\t\n\t\t\t\t\t\t<div class=\"thi_table table_nr1\">\n\t\t\t\t<div class=\"sp_param\">Identyfikator \u015bcie\u017cki<\/div>\n\t\t\t\t<div class=\"sp_typee\"><p>ci\u0105g<\/p>\n<\/div>\n\t\t\t\t<div class=\"sp_condit Obowi\u0105zkowe\">Obowi\u0105zkowe<\/div>\n\t\t\t\t<div class=\"sp_descc\"><p>Opcjonalny element do sprawdzania statusu transakcji wed\u0142ug identyfikatora transakcji.<\/p>\n<\/div>\n\t\t\t\t<a class=\"sp_view_mores\">Show more<\/a>\n\t\t\t<\/div>\n\t\n\t\t\t\t\t\t\t\t\t\t\t\t\t\t\t\t\t<\/div>\n\t\n\t<\/div>\n\n\n\n\n\n\n\n\n\n\n\n\n\n<h6 class=\"wp-block-heading\">Parametry nag\u0142\u00f3wka<\/h6>\n\n\n\n\n\n<div id=\"nested-tables-block_e20b9786aae75c1f7bb5d3f983d36ca6\" class=\"block-nested-tables_new\">\n\t\n\t\t\t<div class=\"sub_level lvl1\">\n\t\t\n\t\t\t\t\t\n\t\t\t\t\t\t<div class=\"thi_table table_nr1\">\n\t\t\t\t<div class=\"sp_param\">Content-type<\/div>\n\t\t\t\t<div class=\"sp_typee\"><p>string<\/p>\n<\/div>\n\t\t\t\t<div class=\"sp_condit Mandatory\">Mandatory<\/div>\n\t\t\t\t<div class=\"sp_descc\"><p>application\/json<\/p>\n<\/div>\n\t\t\t\t<a class=\"sp_view_mores\">Show more<\/a>\n\t\t\t<\/div>\n\t\n\t\t\t\t\t\t\t\t\t\t\t\t\t\t\t\t\t\t\n\t\t\t\t\t\t<div class=\"thi_table table_nr2\">\n\t\t\t\t<div class=\"sp_param\">Authorization<\/div>\n\t\t\t\t<div class=\"sp_typee\"><p>string<\/p>\n<\/div>\n\t\t\t\t<div class=\"sp_condit Mandatory\">Mandatory<\/div>\n\t\t\t\t<div class=\"sp_descc\"><p>Bearer Token. Based on OAuth2 authentication performed in a pre-step.<\/p>\n<\/div>\n\t\t\t\t<a class=\"sp_view_mores\">Show more<\/a>\n\t\t\t<\/div>\n\t\n\t\t\t\t\t\t\t\t\t\t\t\t\t\t\t\t\t\t\n\t\t\t\t\t\t<div class=\"thi_table table_nr3\">\n\t\t\t\t<div class=\"sp_param\">x-ibm-client-id<\/div>\n\t\t\t\t<div class=\"sp_typee\"><p>string<\/p>\n<\/div>\n\t\t\t\t<div class=\"sp_condit Mandatory\">Mandatory<\/div>\n\t\t\t\t<div class=\"sp_descc\"><p>Token that identifies a client organization. It is provided during onboarding process and must be used in every call.<\/p>\n<\/div>\n\t\t\t\t<a class=\"sp_view_mores\">Show more<\/a>\n\t\t\t<\/div>\n\t\n\t\t\t\t\t\t\t\t\t\t\t\t\t\t\t\t\t<\/div>\n\t\n\t<\/div>\n\n\n\n\n\n\n\n\n\n\n\n\n\n<h6 class=\"wp-block-heading\">Parametry \u017c\u0105dania<\/h6>\n\n\n\n\n\n<div id=\"nested-tables-block_61f9a176fa1d78e95739fd4c9a237ef3\" class=\"block-nested-tables_new\">\n\t\n\t\t\t<div class=\"sub_level lvl1\">\n\t\t\n\t\t\t\t\t\n\t\t\t\t\t\t<div class=\"thi_table table_nr1\">\n\t\t\t\t<div class=\"sp_param\">cardInfo<\/div>\n\t\t\t\t<div class=\"sp_typee\"><p>object<\/p>\n<\/div>\n\t\t\t\t<div class=\"sp_condit Mandatory\">Mandatory<\/div>\n\t\t\t\t<div class=\"sp_descc\"><p>Object that defines the payment operation request fields.<\/p>\n<\/div>\n\t\t\t\t<a class=\"sp_view_mores\">Show more<\/a>\n\t\t\t<\/div>\n\t\n\t\t\t\t\t\t\t\t\t<div class=\"sub_level lvl2\">\t\n\t\t\n\t\t\t\t\t\t\t\t\t\n\t\t\t\t\t\t\t\t<div class=\"thi_table table_nr1\">\n\t\t\t\t\t<div class=\"sp_param\">PAN<\/div>\n\t\t\t\t\t<div class=\"sp_typee\"><p>string &lt;= 40 characters<\/p>\n<\/div>\n\t\t\t\t\t<div class=\"sp_condit Optional\">Optional<\/div>\n\t\t\t\t\t<div class=\"sp_descc\"><p>The Primary Account Number (credit card number).<\/p>\n<\/div>\n\t\t\t\t\t<a class=\"sp_view_mores\">Show more<\/a>\n\t\t\t\t<\/div>\n\t\n\t\t\t\t\t\t\t\t\t\t\t\t\t\t\t\t\t\t\t\t\t\t\t\t\t\t\t\t\t\t\n\t\t\t\t\t\t\t\t<div class=\"thi_table table_nr2\">\n\t\t\t\t\t<div class=\"sp_param\">secureCode<\/div>\n\t\t\t\t\t<div class=\"sp_typee\"><p>string &lt;= 40 characters<\/p>\n<\/div>\n\t\t\t\t\t<div class=\"sp_condit Optional\">Optional<\/div>\n\t\t\t\t\t<div class=\"sp_descc\"><p>The security code (CVV\/CVC) associated with the credit card.<\/p>\n<\/div>\n\t\t\t\t\t<a class=\"sp_view_mores\">Show more<\/a>\n\t\t\t\t<\/div>\n\t\n\t\t\t\t\t\t\t\t\t\t\t\t\t\t\t\t\t\t\t\t\t\t\t\t\t\t\t\t\t\t\n\t\t\t\t\t\t\t\t<div class=\"thi_table table_nr3\">\n\t\t\t\t\t<div class=\"sp_param\">validationDate<\/div>\n\t\t\t\t\t<div class=\"sp_typee\"><p>ISODateTime<\/p>\n<\/div>\n\t\t\t\t\t<div class=\"sp_condit Mandatory\">Mandatory<\/div>\n\t\t\t\t\t<div class=\"sp_descc\"><p>The expiration date of the credit card.<\/p>\n<\/div>\n\t\t\t\t\t<a class=\"sp_view_mores\">Show more<\/a>\n\t\t\t\t<\/div>\n\t\n\t\t\t\t\t\t\t\t\t\t\t\t\t\t\t\t\t\t\t\t\t\t\t\t\t\t\t\t\t\t\n\t\t\t\t\t\t\t\t<div class=\"thi_table table_nr4\">\n\t\t\t\t\t<div class=\"sp_param\">cardholderName<\/div>\n\t\t\t\t\t<div class=\"sp_typee\"><p>string<\/p>\n<\/div>\n\t\t\t\t\t<div class=\"sp_condit Mandatory\">Mandatory<\/div>\n\t\t\t\t\t<div class=\"sp_descc\"><p>The name of the cardholder as it appears on the credit card.<\/p>\n<\/div>\n\t\t\t\t\t<a class=\"sp_view_mores\">Show more<\/a>\n\t\t\t\t<\/div>\n\t\n\t\t\t\t\t\t\t\t\t\t\t\t\t\t\t\t\t\t\t\t\t\t\t\t\t\t\t\t\t\t\n\t\t\t\t\t\t\t\t<div class=\"thi_table table_nr5\">\n\t\t\t\t\t<div class=\"sp_param\">createToken<\/div>\n\t\t\t\t\t<div class=\"sp_typee\"><p>boolean<\/p>\n<\/div>\n\t\t\t\t\t<div class=\"sp_condit Mandatory\">Mandatory<\/div>\n\t\t\t\t\t<div class=\"sp_descc\"><p>A flag indicating whether to create a token for future use or not (true\/false).<\/p>\n<\/div>\n\t\t\t\t\t<a class=\"sp_view_mores\">Show more<\/a>\n\t\t\t\t<\/div>\n\t\n\t\t\t\t\t\t\t\t\t\t\t\t\t\t\t\t\t\t\t\t\t\t\t\t\t\t\t\t\t<\/div>\n\t\t\n\t\t\t\t\t\t\t<\/div>\n\t\n\t<\/div>\n\n\n\n\n\n\n\n\n\n\n\n\n\n<p>Oto przyk\u0142ad, jak dokona\u0107 jednorazowego zakupu:<\/p>\n\n\n\n<div class=\"wp-block-buttons is-layout-flex wp-block-buttons-is-layout-flex\">\n<div class=\"wp-block-button postman\"><a class=\"wp-block-button__link wp-element-button\" href=\"https:\/\/www.postman.com\/warped-star-117264\/workspace\/sibs-v3\/request\/28493802-47a2a213-0123-4b1a-9fbf-f5bbe35ca406?ctx=documentation\" target=\"_blank\" rel=\"noreferrer noopener\">Run in Postman<\/a><\/div>\n<\/div>\n\n\n\n<pre class=\"wp-block-code\"><code>{\n    <mark style=\"background-color:rgba(0, 0, 0, 0)\" class=\"has-inline-color has-pale-pink-color\">\"cardInfo\"<\/mark>: {\n        <mark style=\"background-color:rgba(0, 0, 0, 0)\" class=\"has-inline-color has-pale-pink-color\">\"PAN\"<\/mark>: <mark style=\"background-color:rgba(0, 0, 0, 0)\" class=\"has-inline-color has-vivid-green-cyan-color\">\"5236410030000927\"<\/mark>,\n        <mark style=\"background-color:rgba(0, 0, 0, 0)\" class=\"has-inline-color has-pale-pink-color\">\"secureCode\"<\/mark>: <mark style=\"background-color:rgba(0, 0, 0, 0)\" class=\"has-inline-color has-vivid-green-cyan-color\">\"776\"<\/mark>,\n        <mark style=\"background-color:rgba(0, 0, 0, 0)\" class=\"has-inline-color has-pale-pink-color\">\"validationDate\"<\/mark>: <mark style=\"background-color:rgba(0, 0, 0, 0)\" class=\"has-inline-color has-vivid-green-cyan-color\">\"2026-05-26T00:00:00.000Z\"<\/mark>,\n        <mark style=\"background-color:rgba(0, 0, 0, 0)\" class=\"has-inline-color has-pale-pink-color\">\"cardholderName\"<\/mark>: <mark style=\"background-color:rgba(0, 0, 0, 0)\" class=\"has-inline-color has-vivid-green-cyan-color\">\"Jane Smith\"<\/mark>,\n        <mark style=\"background-color:rgba(0, 0, 0, 0)\" class=\"has-inline-color has-pale-pink-color\">\"createToken\"<\/mark>: <mark style=\"background-color:rgba(0, 0, 0, 0)\" class=\"has-inline-color has-pale-cyan-blue-color\">false<\/mark>\n    }\n}<\/code><\/pre>\n\n\n\n<h3 class=\"wp-block-heading\"><strong>Co dalej?<\/strong><\/h3>\n\n\n\n<p>Zapoznaj si\u0119 z innymi funkcjami p\u0142atno\u015bci kart\u0105, z kt\u00f3rych mo\u017cesz skorzysta\u0107.<\/p>\n\n\n\n<ul class=\"wp-block-list\">\n<li>P\u0142atno\u015b\u0107 z <a href=\"https:\/\/www.qly.docs.pay.sibs.com\/pl\/rodzaje-transakcji\/wstepnie-autoryzowane-przechwytywanie\/\">preautoryzacj\u0105 i p\u00f3\u017aniejszym przej\u0119ciem<\/a>, gdy pobierasz op\u0142at\u0119 dopiero przy dostawie (ca\u0142kowitej lub cz\u0119\u015bciowej).<\/li>\n\n\n\n<li>Autoryzacja p\u0142atno\u015bci z uwierzytelnianiem <a href=\"https:\/\/www.qly.docs.pay.sibs.com\/pl\/funkcjonalnosci-platnosci-online\/3d-secure\/\">3D Secure<\/a> (bezproblemowa lub kwestionowana).<\/li>\n\n\n\n<li>P\u0142atno\u015b\u0107 w oparciu o <a href=\"https:\/\/www.qly.docs.pay.sibs.com\/pl\/funkcjonalnosci-platnosci-online\/store-cards\/tokenizacja\/\">tokenizacj\u0119<\/a> karty.<\/li>\n\n\n\n<li>P\u0142atno\u015b\u0107 w oparciu o <a href=\"https:\/\/www.qly.docs.pay.sibs.com\/pl\/funkcjonalnosci-platnosci-online\/karta-oneclick\/\">Kart\u0119 OneClick<\/a>.<\/li>\n<\/ul>\n\n\n\n<p>Po dokonaniu p\u0142atno\u015bci otrzymasz odpowied\u017a zawieraj\u0105c\u0105 w wiadomo\u015bci <mark style=\"background-color:#e9e9f5\" class=\"has-inline-color\">status p\u0142atno\u015bci<\/mark>. Informuje, czy transakcja zosta\u0142a zaakceptowana, odrzucona, oczekuje na ostateczny wynik lub wymaga dodatkowych dzia\u0142a\u0144. <\/p>\n\n\n\n<ul class=\"wp-block-list\">\n<li><strong>Sukces<\/strong>: zakup zosta\u0142 pomy\u015blnie przetworzony, a klient zosta\u0142 obci\u0105\u017cony.<\/li>\n\n\n\n<li><strong>Odrzucony<\/strong>: zakup zosta\u0142 odrzucony.<\/li>\n\n\n\n<li><strong>Oczekuje<\/strong>: Ostateczny wynik zakupu nie jest jeszcze znany. B\u0119dziesz musia\u0142 pyta\u0107 o status tej transakcji, a\u017c osi\u0105gnie ona stan ostateczny lub zdecydujesz si\u0119 j\u0105 anulowa\u0107.<\/li>\n\n\n\n<li><strong>Cz\u0119\u015bciowy<\/strong>: zakup zosta\u0142 cz\u0119\u015bciowo zaakceptowany, ale do jego zako\u0144czenia wymagane s\u0105 dodatkowe dzia\u0142ania (np. uwierzytelnienie 3D-Secure). Element <mark style=\"background-color:#e9e9f5\" class=\"has-inline-color\">actionResponse<\/mark> zawiera instrukcje dotycz\u0105ce dalszego post\u0119powania.<\/li>\n<\/ul>\n\n\n\n<h3 class=\"wp-block-heading\"><strong>Uzyskaj status p\u0142atno\u015bci<\/strong><\/h3>\n\n\n\n<p>Nast\u0119pnie, po przetworzeniu p\u0142atno\u015bci, mo\u017cesz sprawdzi\u0107 status swojej transakcji, wysy\u0142aj\u0105c \u017c\u0105danie <mark style=\"background-color:#007d57\" class=\"has-inline-color has-white-color\">GET<\/mark>.<\/p>\n\n\n\n<p>Nag\u0142\u00f3wek HTTP Authorization jest ustawiony na token Bearer, kt\u00f3ry zosta\u0142 u\u017cyty w pocz\u0105tkowym Checkoucie.<\/p>\n\n\n\n<div class=\"wp-block-buttons is-layout-flex wp-block-buttons-is-layout-flex\">\n<div class=\"wp-block-button postman\"><a class=\"wp-block-button__link wp-element-button\" href=\"https:\/\/www.postman.com\/warped-star-117264\/workspace\/sibs-v3\/request\/28493802-b6137809-95ef-4af0-93d9-fdecef415f98?ctx=documentation\" target=\"_blank\" rel=\"noreferrer noopener\">Run in Postman<\/a><\/div>\n<\/div>\n\n\n\n<h6 class=\"wp-block-heading\">Adres URL \u017c\u0105dania:<\/h6>\n\n\n\n<pre class=\"wp-block-code singleline\"><code>https:&#47;&#47;stargate-cer.qly.site1.sibs.pt\/api\/v1\/payments\/{transactionID}\/status<\/code><\/pre>\n\n\n\n<h6 class=\"wp-block-heading\">Nag\u0142\u00f3wki \u017c\u0105da\u0144:<\/h6>\n\n\n\n<pre class=\"wp-block-code singleline\"><code>Autorization: Bearer eyJhbGciOiJIUzI1NiIsInR5cCIgOiAiSldUIiwia2lkIiA6I (...)\nX-IBM-Client-Id: b4480347-9fc8-4790-b359-100a99c60ea3\nContent-Type: application\/json<\/code><\/pre>\n\n\n\n<p>Pomy\u015blna odpowied\u017a techniczna sk\u0142ada si\u0119 ze statusu HTTP-200 i <mark style=\"background-color:#e9e9f5\" class=\"has-inline-color\">returnStatus.statusCode=&#8221;000&#8243;<\/mark>.<\/p>\n\n\n\n<p>Oto kilka przyk\u0142ad\u00f3w mo\u017cliwych kod\u00f3w wynik\u00f3w:<\/p>\n\n\n\n<figure class=\"wp-block-table\"><table><thead><tr><th>Kod wyniku<\/th><th><mark style=\"background-color:#e9e9f5\" class=\"has-inline-color\">statusMsg<\/mark><\/th><th>Opis<\/th><th>Dzia\u0142anie<\/th><\/tr><\/thead><tbody><tr><td>HTTP-200<\/td><td>Sukces<\/td><td>Pozytywna odpowied\u017a<\/td><td>nie dotyczy<\/td><\/tr><tr><td>HTTP-400<\/td><td>Z\u0142a pro\u015bba<\/td><td>\u0141adunek JSON nie jest zgodny z definicj\u0105 API lub brakuje niekt\u00f3rych obowi\u0105zkowych nag\u0142\u00f3wk\u00f3w HTTP.<\/td><td>Sprawd\u017a w API Market poprawn\u0105 sk\u0142adni\u0119.<\/td><\/tr><tr><td>HTTP-401<\/td><td>Nieautoryzowany<\/td><td>W przypadku Autoryzacji token okaziciela jest nieprawid\u0142owy\/wygas\u0142 lub nie jest powi\u0105zany z u\u017cywanym terminalem.<\/td><td>Sprawd\u017a w SIBS Backoffice w sekcji Po\u015bwiadczenia, czy token jest wa\u017cny i w razie potrzeby utw\u00f3rz nowy.<\/td><\/tr><tr><td>HTTP-403<\/td><td>Zabroniony<\/td><td>I<mark style=\"background-color:#e9e9f5\" class=\"has-inline-color\">dentyfikator klienta<\/mark> ustawiony w nag\u0142\u00f3wku HTTP <mark style=\"background-color:#e9e9f5\" class=\"has-inline-color\">X-IBM-Client-Id<\/mark> jest nieprawid\u0142owy lub nie posiada wa\u017cnej subskrypcji interfejsu API.<\/td><td>Sprawd\u017a w SIBS Backoffice w SPG APP 2.0, czy <mark style=\"background-color:#e9e9f5\" class=\"has-inline-color\">ClientID<\/mark> jest poprawny. Je\u015bli problem b\u0119dzie si\u0119 powtarza\u0142, skontaktuj si\u0119 z pomoc\u0105 techniczn\u0105 SIBS Gateway w celu zresetowania <mark style=\"background-color:#e9e9f5\" class=\"has-inline-color\">ClientID<\/mark>.<\/td><\/tr><tr><td>HTTP-405<\/td><td>Niedozwolona metoda<\/td><td>Zastosowana metoda HTTP nie jest zgodna z \u017cadn\u0105 dost\u0119pn\u0105 definicj\u0105 API.<\/td><td>Sprawd\u017a w API Market poprawn\u0105 metod\u0119 HTTP.<\/td><\/tr><tr><td>HTTP-429<\/td><td>Zbyt du\u017co pr\u00f3\u015bb<\/td><td>Przekroczono limit szybko\u015bci po\u0142\u0105cze\u0144 API.<\/td><td>Informacje na temat limit\u00f3w stawek maj\u0105cych zastosowanie do API mo\u017cna znale\u017a\u0107 w API Market.<\/td><\/tr><tr><td>HTTP-500<\/td><td>Wewn\u0119trzny b\u0142\u0105d serwera<\/td><td>Wywo\u0142anie API nie powiod\u0142o si\u0119&#8230; i najprawdopodobniej jest to po naszej stronie.<\/td><td>Powiniene\u015b ponowi\u0107 operacj\u0119, a je\u015bli problem b\u0119dzie si\u0119 powtarza\u0142, skontaktuj si\u0119 z pomoc\u0105 techniczn\u0105 SIBS Gateway w celu uzyskania pomocy.<\/td><\/tr><tr><td>HTTP-503<\/td><td>serwis niedost\u0119pny<\/td><td>Wywo\u0142anie API nie jest obecnie dost\u0119pne. Zwykle jeste\u015bmy zawsze aktywni, ale podczas planowej konserwacji mog\u0105 wyst\u0105pi\u0107 kr\u00f3tkie problemy z dost\u0119pno\u015bci\u0105.<\/td><td>Powiniene\u015b poczeka\u0107 i spr\u00f3bowa\u0107 ponownie p\u00f3\u017aniej.<\/td><\/tr><\/tbody><\/table><\/figure>\n","protected":false},"excerpt":{"rendered":"<p>Skorzystaj z transakcji zakupu jednorazowego, je\u015bli chcesz natychmiast obci\u0105\u017cy\u0107 kupuj\u0105cego op\u0142at\u0105. Sprawd\u017a poni\u017cej dost\u0119pne \u015brodowiska, w kt\u00f3rych mo\u017cesz wykona\u0107 \u017c\u0105danie POST mi\u0119dzy serwerami w celu wygenerowania transakcji. \u015arodowisko URL Metoda dzia\u0142ania i punkt ko\u0144cowy (Endpoint) Opis dzia\u0142ania PROD api.sibsgateway.com POST version-id\/{id}\/card\/purchase \u017b\u0105da p\u0142atno\u015bci zarejestrowanej przy poprzedniej transakcji przy u\u017cyciu danych karty wprowadzonych przez klienta. TEST [&hellip;]<\/p>\n","protected":false},"author":1,"featured_media":0,"parent":9960,"menu_order":0,"comment_status":"closed","ping_status":"closed","template":"","meta":{"_acf_changed":false,"_eb_attr":"","footnotes":""},"class_list":["post-10610","page","type-page","status-publish","hentry","has-post-title","has-post-date","has-post-category","has-post-tag","has-post-comment","has-post-author",""],"acf":[],"builder_content":"","_links":{"self":[{"href":"https:\/\/www.qly.docs.pay.sibs.com\/pl\/wp-json\/wp\/v2\/pages\/10610","targetHints":{"allow":["GET"]}}],"collection":[{"href":"https:\/\/www.qly.docs.pay.sibs.com\/pl\/wp-json\/wp\/v2\/pages"}],"about":[{"href":"https:\/\/www.qly.docs.pay.sibs.com\/pl\/wp-json\/wp\/v2\/types\/page"}],"author":[{"embeddable":true,"href":"https:\/\/www.qly.docs.pay.sibs.com\/pl\/wp-json\/wp\/v2\/users\/1"}],"replies":[{"embeddable":true,"href":"https:\/\/www.qly.docs.pay.sibs.com\/pl\/wp-json\/wp\/v2\/comments?post=10610"}],"version-history":[{"count":3,"href":"https:\/\/www.qly.docs.pay.sibs.com\/pl\/wp-json\/wp\/v2\/pages\/10610\/revisions"}],"predecessor-version":[{"id":27811,"href":"https:\/\/www.qly.docs.pay.sibs.com\/pl\/wp-json\/wp\/v2\/pages\/10610\/revisions\/27811"}],"up":[{"embeddable":true,"href":"https:\/\/www.qly.docs.pay.sibs.com\/pl\/wp-json\/wp\/v2\/pages\/9960"}],"wp:attachment":[{"href":"https:\/\/www.qly.docs.pay.sibs.com\/pl\/wp-json\/wp\/v2\/media?parent=10610"}],"curies":[{"name":"wp","href":"https:\/\/api.w.org\/{rel}","templated":true}]}}