{"id":10593,"date":"2023-06-22T15:35:09","date_gmt":"2023-06-22T15:35:09","guid":{"rendered":"https:\/\/www.qly.docs.pay.sibs.com\/sibs-backoffice-2\/webhooki\/"},"modified":"2025-01-23T17:46:44","modified_gmt":"2025-01-23T17:46:44","slug":"webhooki","status":"publish","type":"page","link":"https:\/\/www.qly.docs.pay.sibs.com\/pl\/sibs-gateway-dokumentacja\/sibs-backoffice\/webhooki\/","title":{"rendered":"Webhooki"},"content":{"rendered":"<!-- wp:themify-builder\/canvas \/-->\n<p>Webhooki to proste i wydajne rozwi\u0105zanie, kt\u00f3re pozwala na otrzymywanie powiadomie\u0144 za ka\u017cdym razem, gdy wyst\u0105pi okre\u015blone zdarzenie. S\u0105 one szczeg\u00f3lnie przydatne w przypadku asynchronicznych metod p\u0142atno\u015bci.<\/p>\n\n<p>Aby skorzysta\u0107 z tej funkcji, mo\u017cna \u0142atwo skonfigurowa\u0107 webhooki do otrzymywania powiadomie\u0144 o zdarzeniach na koncie. Pozwoli ci to by\u0107 na bie\u017c\u0105co i w razie potrzeby podejmowa\u0107 odpowiednie dzia\u0142ania.<\/p>\n\n<p>W menu &#8222;Webhook&#8217;i&#8221; mo\u017cna wy\u015bwietli\u0107 list\u0119 wszystkich webhook&#8217;\u00f3w. Mo\u017cesz szybko zastosowa\u0107 filtry wed\u0142ug po\u015bwiadcze\u0144, powiadomie\u0144, typu i webhook (e-mail lub URL).<\/p>\n\n<p>Po klikni\u0119ciu ikon\u0119 <strong>Webhook<\/strong> mog\u0105 zosta\u0107 wy\u015bwietlone dwie opcje w zale\u017cno\u015bci od typu webhook&#8217;a. Je\u015bli webhook jest typu URL, mo\u017cna uzyska\u0107 dost\u0119p do jego szczeg\u00f3\u0142\u00f3w i przetestowa\u0107 go. Je\u015bli webhook jest typu e-mail, mo\u017cna wy\u015bwietli\u0107 tylko jego szczeg\u00f3\u0142y.<\/p>\n\n<figure class=\"wp-block-image size-full\"><img loading=\"lazy\" decoding=\"async\" width=\"624\" height=\"147\" src=\"https:\/\/www.qly.docs.pay.sibs.com\/wp-content\/uploads\/2023\/06\/Webhooks-Picture1.png\" alt=\"\" class=\"wp-image-3688\" srcset=\"https:\/\/www.qly.docs.pay.sibs.com\/wp-content\/uploads\/2023\/06\/Webhooks-Picture1.png 624w, https:\/\/www.qly.docs.pay.sibs.com\/wp-content\/uploads\/2023\/06\/Webhooks-Picture1-300x71.png 300w\" sizes=\"auto, (max-width: 624px) 100vw, 624px\" \/><\/figure>\n\n<figure class=\"wp-block-image size-full\"><img loading=\"lazy\" decoding=\"async\" width=\"624\" height=\"187\" src=\"https:\/\/www.qly.docs.pay.sibs.com\/wp-content\/uploads\/2023\/06\/Webhooks-Picture2.png\" alt=\"\" class=\"wp-image-3689\" srcset=\"https:\/\/www.qly.docs.pay.sibs.com\/wp-content\/uploads\/2023\/06\/Webhooks-Picture2.png 624w, https:\/\/www.qly.docs.pay.sibs.com\/wp-content\/uploads\/2023\/06\/Webhooks-Picture2-300x90.png 300w\" sizes=\"auto, (max-width: 624px) 100vw, 624px\" \/><\/figure>\n\n<h3 class=\"wp-block-heading\">Dodaj nowy webhook<\/h3>\n\n<h6 class=\"wp-block-heading\"><a href=\"#step-1\">Krok 1: Wybierz typ Webhook (obowi\u0105zkowe)<\/a><\/h6>\n\n<h6 class=\"wp-block-heading\"><a href=\"#step-2\">Krok 2: Dodaj URL (Obowi\u0105zkowe)<\/a><\/h6>\n\n<h6 class=\"wp-block-heading\"><a href=\"#step-3\">Step 3: Wyb\u00f3r aplikacji Webhook (obowi\u0105zkowe)<\/a><\/h6>\n\n<h6 class=\"wp-block-heading\"><a href=\"#step-4\">Krok 4: Wybierz typy powiadomie\u0144 (obowi\u0105zkowe)<\/a><\/h6>\n\n<h6 class=\"wp-block-heading\"><a href=\"#step-5\">Krok 5: Webhook Secret (obowi\u0105zkowe)<\/a><\/h6>\n\n<h6 class=\"wp-block-heading\"><a href=\"#step-6\">Krok 6: Wiadomo\u015b\u0107 e-mail Webhook dla pomocy technicznej<\/a><\/h6>\n\n<p>Krok 6: Webhook Aby utworzy\u0107 nowy webhook, nale\u017cy klikn\u0105\u0107 przycisk &#8222;Dodaj nowy webhook&#8221;. Nast\u0119pnie przedstawiony zostanie zestaw krok\u00f3w, kt\u00f3re pomog\u0105 ci wype\u0142ni\u0107 dane niezb\u0119dne do utworzenia webhooka. Poni\u017csze obrazy przedstawiaj\u0105 przyk\u0142ad tworzenia webhooka typu URL.<\/p>\n\n<h5 class=\"wp-block-heading\" id=\"step-1\">Krok 1: Wybierz typ Webhook (obowi\u0105zkowe)<\/h5>\n\n<figure class=\"wp-block-image size-full\"><img loading=\"lazy\" decoding=\"async\" width=\"2356\" height=\"692\" src=\"https:\/\/www.qly.docs.pay.sibs.com\/wp-content\/uploads\/2023\/09\/Step1.png\" alt=\"\" class=\"wp-image-8281\" srcset=\"https:\/\/www.qly.docs.pay.sibs.com\/wp-content\/uploads\/2023\/09\/Step1.png 2356w, https:\/\/www.qly.docs.pay.sibs.com\/wp-content\/uploads\/2023\/09\/Step1-300x88.png 300w, https:\/\/www.qly.docs.pay.sibs.com\/wp-content\/uploads\/2023\/09\/Step1-768x226.png 768w, https:\/\/www.qly.docs.pay.sibs.com\/wp-content\/uploads\/2023\/09\/Step1-1024x301.png 1024w, https:\/\/www.qly.docs.pay.sibs.com\/wp-content\/uploads\/2023\/09\/Step1-1536x451.png 1536w, https:\/\/www.qly.docs.pay.sibs.com\/wp-content\/uploads\/2023\/09\/Step1-2048x602.png 2048w\" sizes=\"auto, (max-width: 2356px) 100vw, 2356px\" \/><\/figure>\n\n<h5 class=\"wp-block-heading\" id=\"step-2\">Krok 2: Dodaj URL (Obowi\u0105zkowe)<\/h5>\n\n<figure class=\"wp-block-image size-full\"><img loading=\"lazy\" decoding=\"async\" width=\"2350\" height=\"764\" src=\"https:\/\/www.qly.docs.pay.sibs.com\/wp-content\/uploads\/2023\/09\/Step2.png\" alt=\"\" class=\"wp-image-8282\" srcset=\"https:\/\/www.qly.docs.pay.sibs.com\/wp-content\/uploads\/2023\/09\/Step2.png 2350w, https:\/\/www.qly.docs.pay.sibs.com\/wp-content\/uploads\/2023\/09\/Step2-300x98.png 300w, https:\/\/www.qly.docs.pay.sibs.com\/wp-content\/uploads\/2023\/09\/Step2-768x250.png 768w, https:\/\/www.qly.docs.pay.sibs.com\/wp-content\/uploads\/2023\/09\/Step2-1024x333.png 1024w, https:\/\/www.qly.docs.pay.sibs.com\/wp-content\/uploads\/2023\/09\/Step2-1536x499.png 1536w, https:\/\/www.qly.docs.pay.sibs.com\/wp-content\/uploads\/2023\/09\/Step2-2048x666.png 2048w\" sizes=\"auto, (max-width: 2350px) 100vw, 2350px\" \/><\/figure>\n\n<h5 class=\"wp-block-heading\" id=\"step-3\">Step 3: Wyb\u00f3r aplikacji Webhook (obowi\u0105zkowe)<\/h5>\n\n<figure class=\"wp-block-image size-full\"><img loading=\"lazy\" decoding=\"async\" width=\"2354\" height=\"818\" src=\"https:\/\/www.qly.docs.pay.sibs.com\/wp-content\/uploads\/2023\/09\/Step3.png\" alt=\"\" class=\"wp-image-8284\" srcset=\"https:\/\/www.qly.docs.pay.sibs.com\/wp-content\/uploads\/2023\/09\/Step3.png 2354w, https:\/\/www.qly.docs.pay.sibs.com\/wp-content\/uploads\/2023\/09\/Step3-300x104.png 300w, https:\/\/www.qly.docs.pay.sibs.com\/wp-content\/uploads\/2023\/09\/Step3-768x267.png 768w, https:\/\/www.qly.docs.pay.sibs.com\/wp-content\/uploads\/2023\/09\/Step3-1024x356.png 1024w, https:\/\/www.qly.docs.pay.sibs.com\/wp-content\/uploads\/2023\/09\/Step3-1536x534.png 1536w, https:\/\/www.qly.docs.pay.sibs.com\/wp-content\/uploads\/2023\/09\/Step3-2048x712.png 2048w\" sizes=\"auto, (max-width: 2354px) 100vw, 2354px\" \/><\/figure>\n\n<h5 class=\"wp-block-heading\" id=\"step-4\">Krok 4: Wybierz typy powiadomie\u0144 (obowi\u0105zkowe)<\/h5>\n\n<figure class=\"wp-block-image size-full\"><img loading=\"lazy\" decoding=\"async\" width=\"2360\" height=\"753\" src=\"https:\/\/www.qly.docs.pay.sibs.com\/wp-content\/uploads\/2023\/09\/Step4.png\" alt=\"\" class=\"wp-image-8285\" srcset=\"https:\/\/www.qly.docs.pay.sibs.com\/wp-content\/uploads\/2023\/09\/Step4.png 2360w, https:\/\/www.qly.docs.pay.sibs.com\/wp-content\/uploads\/2023\/09\/Step4-300x96.png 300w, https:\/\/www.qly.docs.pay.sibs.com\/wp-content\/uploads\/2023\/09\/Step4-768x245.png 768w, https:\/\/www.qly.docs.pay.sibs.com\/wp-content\/uploads\/2023\/09\/Step4-1024x327.png 1024w, https:\/\/www.qly.docs.pay.sibs.com\/wp-content\/uploads\/2023\/09\/Step4-1536x490.png 1536w, https:\/\/www.qly.docs.pay.sibs.com\/wp-content\/uploads\/2023\/09\/Step4-2048x653.png 2048w\" sizes=\"auto, (max-width: 2360px) 100vw, 2360px\" \/><\/figure>\n\n<h5 class=\"wp-block-heading\" id=\"step-5\">Krok 5: Webhook Secret (obowi\u0105zkowe)<\/h5>\n\n<figure class=\"wp-block-image size-full\"><img loading=\"lazy\" decoding=\"async\" width=\"2365\" height=\"782\" src=\"https:\/\/www.qly.docs.pay.sibs.com\/wp-content\/uploads\/2023\/09\/Step5.png\" alt=\"\" class=\"wp-image-8286\" srcset=\"https:\/\/www.qly.docs.pay.sibs.com\/wp-content\/uploads\/2023\/09\/Step5.png 2365w, https:\/\/www.qly.docs.pay.sibs.com\/wp-content\/uploads\/2023\/09\/Step5-300x99.png 300w, https:\/\/www.qly.docs.pay.sibs.com\/wp-content\/uploads\/2023\/09\/Step5-768x254.png 768w, https:\/\/www.qly.docs.pay.sibs.com\/wp-content\/uploads\/2023\/09\/Step5-1024x339.png 1024w, https:\/\/www.qly.docs.pay.sibs.com\/wp-content\/uploads\/2023\/09\/Step5-1536x508.png 1536w, https:\/\/www.qly.docs.pay.sibs.com\/wp-content\/uploads\/2023\/09\/Step5-2048x677.png 2048w\" sizes=\"auto, (max-width: 2365px) 100vw, 2365px\" \/><\/figure>\n\n<h5 class=\"wp-block-heading\" id=\"step-6\">Krok 6: Wiadomo\u015b\u0107 e-mail Webhook dla pomocy technicznej<\/h5>\n\n<figure class=\"wp-block-image size-full\"><img loading=\"lazy\" decoding=\"async\" width=\"2362\" height=\"781\" src=\"https:\/\/www.qly.docs.pay.sibs.com\/wp-content\/uploads\/2023\/09\/Step6.png\" alt=\"\" class=\"wp-image-8287\" srcset=\"https:\/\/www.qly.docs.pay.sibs.com\/wp-content\/uploads\/2023\/09\/Step6.png 2362w, https:\/\/www.qly.docs.pay.sibs.com\/wp-content\/uploads\/2023\/09\/Step6-300x99.png 300w, https:\/\/www.qly.docs.pay.sibs.com\/wp-content\/uploads\/2023\/09\/Step6-768x254.png 768w, https:\/\/www.qly.docs.pay.sibs.com\/wp-content\/uploads\/2023\/09\/Step6-1024x339.png 1024w, https:\/\/www.qly.docs.pay.sibs.com\/wp-content\/uploads\/2023\/09\/Step6-1536x508.png 1536w, https:\/\/www.qly.docs.pay.sibs.com\/wp-content\/uploads\/2023\/09\/Step6-2048x677.png 2048w\" sizes=\"auto, (max-width: 2362px) 100vw, 2362px\" \/><\/figure>\n\n<p>Po wype\u0142nieniu wszystkich wymaganych danych mo\u017cna klikn\u0105\u0107 przycisk &#8222;Utw\u00f3rz webhook&#8221;, aby utworzy\u0107 webhook.<\/p>\n\n<h3 class=\"wp-block-heading\">Usuni\u0119cie Webhook<\/h3>\n\n<p>Je\u015bli masz uprawnienia do zarz\u0105dzania webhookami, mo\u017cesz usuwa\u0107 powiadomienia, kt\u00f3re nie s\u0105 ju\u017c potrzebne. Aby to zrobi\u0107, nale\u017cy klikn\u0105\u0107 opcj\u0119 &#8222;Usu\u0144&#8221; znajduj\u0105c\u0105 si\u0119 w prawym g\u00f3rnym rogu strony szczeg\u00f3\u0142\u00f3w webhooka. Po jego klikni\u0119ciu wy\u015bwietlone zostanie wyskakuj\u0105ce okienko z potwierdzeniem operacji i b\u0119dzie mo\u017cna usun\u0105\u0107 element Webhook.<\/p>\n\n<h3 class=\"wp-block-heading\">Test Webhook 'a<\/h3>\n\n<p>Mo\u017cesz \u0142atwo przetestowa\u0107 webhook, o ile jest on typu URL. Aby to zrobi\u0107, po prostu kliknij przycisk &#8222;Test&#8221;, a zostaniesz przekierowany na stron\u0119 testowania webhook\u00f3w. Nast\u0119pnie kliknij przycisk testu i poczekaj, a\u017c \u017c\u0105danie zostanie pomy\u015blnie zako\u0144czone. Nast\u0119pnie wy\u015bwietlone zostanie wys\u0142ane powiadomienie, potwierdzaj\u0105ce, \u017ce webhook dzia\u0142a poprawnie.<\/p>\n\n<figure class=\"wp-block-image size-full\"><img loading=\"lazy\" decoding=\"async\" width=\"2382\" height=\"1250\" src=\"https:\/\/www.qly.docs.pay.sibs.com\/wp-content\/uploads\/2023\/09\/test_6.png\" alt=\"\" class=\"wp-image-8292\" srcset=\"https:\/\/www.qly.docs.pay.sibs.com\/wp-content\/uploads\/2023\/09\/test_6.png 2382w, https:\/\/www.qly.docs.pay.sibs.com\/wp-content\/uploads\/2023\/09\/test_6-300x157.png 300w, https:\/\/www.qly.docs.pay.sibs.com\/wp-content\/uploads\/2023\/09\/test_6-768x403.png 768w, https:\/\/www.qly.docs.pay.sibs.com\/wp-content\/uploads\/2023\/09\/test_6-1024x537.png 1024w, https:\/\/www.qly.docs.pay.sibs.com\/wp-content\/uploads\/2023\/09\/test_6-1536x806.png 1536w, https:\/\/www.qly.docs.pay.sibs.com\/wp-content\/uploads\/2023\/09\/test_6-2048x1075.png 2048w\" sizes=\"auto, (max-width: 2382px) 100vw, 2382px\" \/><\/figure>\n\n<h3 class=\"wp-block-heading\">Szczeg\u00f3\u0142y Webhook&#8217;a<\/h3>\n\n<p>Aby wy\u015bwietli\u0107 wszystkie szczeg\u00f3\u0142y webhooka, nale\u017cy klikn\u0105\u0107 opcj\u0119 &#8222;Szczeg\u00f3\u0142y&#8221;. Zapewni to wi\u0119cej szczeg\u00f3\u0142\u00f3w<\/p>\n\n<p>widok danych webhook. Je\u015bli chcesz wprowadzi\u0107 jakiekolwiek zmiany, po prostu kliknij ikon\u0119 o\u0142\u00f3wka, aby edytowa\u0107 informacje. Po zaktualizowaniu danych kliknij ikon\u0119 zapisu, aby upewni\u0107 si\u0119, \u017ce nowe informacje zosta\u0142y zapisane.<\/p>\n\n<figure class=\"wp-block-image size-full\"><img loading=\"lazy\" decoding=\"async\" width=\"2430\" height=\"1322\" src=\"https:\/\/www.qly.docs.pay.sibs.com\/wp-content\/uploads\/2023\/09\/details_7-2.png\" alt=\"\" class=\"wp-image-8299\" srcset=\"https:\/\/www.qly.docs.pay.sibs.com\/wp-content\/uploads\/2023\/09\/details_7-2.png 2430w, https:\/\/www.qly.docs.pay.sibs.com\/wp-content\/uploads\/2023\/09\/details_7-2-300x163.png 300w, https:\/\/www.qly.docs.pay.sibs.com\/wp-content\/uploads\/2023\/09\/details_7-2-768x418.png 768w, https:\/\/www.qly.docs.pay.sibs.com\/wp-content\/uploads\/2023\/09\/details_7-2-1024x557.png 1024w, https:\/\/www.qly.docs.pay.sibs.com\/wp-content\/uploads\/2023\/09\/details_7-2-1536x836.png 1536w, https:\/\/www.qly.docs.pay.sibs.com\/wp-content\/uploads\/2023\/09\/details_7-2-2048x1114.png 2048w\" sizes=\"auto, (max-width: 2430px) 100vw, 2430px\" \/><\/figure>\n","protected":false},"excerpt":{"rendered":"<p>Webhooki to proste i wydajne rozwi\u0105zanie, kt\u00f3re pozwala na otrzymywanie powiadomie\u0144 za ka\u017cdym razem, gdy wyst\u0105pi okre\u015blone zdarzenie. S\u0105 one szczeg\u00f3lnie przydatne w przypadku asynchronicznych metod p\u0142atno\u015bci. Aby skorzysta\u0107 z tej funkcji, mo\u017cna \u0142atwo skonfigurowa\u0107 webhooki do otrzymywania powiadomie\u0144 o zdarzeniach na koncie. Pozwoli ci to by\u0107 na bie\u017c\u0105co i w razie potrzeby podejmowa\u0107 odpowiednie [&hellip;]<\/p>\n","protected":false},"author":3,"featured_media":0,"parent":10440,"menu_order":7,"comment_status":"closed","ping_status":"closed","template":"","meta":{"_acf_changed":false,"_eb_attr":"","footnotes":""},"class_list":["post-10593","page","type-page","status-publish","hentry","has-post-title","has-post-date","has-post-category","has-post-tag","has-post-comment","has-post-author",""],"acf":[],"builder_content":"","_links":{"self":[{"href":"https:\/\/www.qly.docs.pay.sibs.com\/pl\/wp-json\/wp\/v2\/pages\/10593","targetHints":{"allow":["GET"]}}],"collection":[{"href":"https:\/\/www.qly.docs.pay.sibs.com\/pl\/wp-json\/wp\/v2\/pages"}],"about":[{"href":"https:\/\/www.qly.docs.pay.sibs.com\/pl\/wp-json\/wp\/v2\/types\/page"}],"author":[{"embeddable":true,"href":"https:\/\/www.qly.docs.pay.sibs.com\/pl\/wp-json\/wp\/v2\/users\/3"}],"replies":[{"embeddable":true,"href":"https:\/\/www.qly.docs.pay.sibs.com\/pl\/wp-json\/wp\/v2\/comments?post=10593"}],"version-history":[{"count":2,"href":"https:\/\/www.qly.docs.pay.sibs.com\/pl\/wp-json\/wp\/v2\/pages\/10593\/revisions"}],"predecessor-version":[{"id":22789,"href":"https:\/\/www.qly.docs.pay.sibs.com\/pl\/wp-json\/wp\/v2\/pages\/10593\/revisions\/22789"}],"up":[{"embeddable":true,"href":"https:\/\/www.qly.docs.pay.sibs.com\/pl\/wp-json\/wp\/v2\/pages\/10440"}],"wp:attachment":[{"href":"https:\/\/www.qly.docs.pay.sibs.com\/pl\/wp-json\/wp\/v2\/media?parent=10593"}],"curies":[{"name":"wp","href":"https:\/\/api.w.org\/{rel}","templated":true}]}}