{"id":10589,"date":"2023-06-14T09:43:41","date_gmt":"2023-06-14T09:43:41","guid":{"rendered":"https:\/\/www.qly.docs.pay.sibs.com\/rodzaje-transakcji\/autoryzacja\/"},"modified":"2024-04-02T17:05:47","modified_gmt":"2024-04-02T17:05:47","slug":"autoryzacja","status":"publish","type":"page","link":"https:\/\/www.qly.docs.pay.sibs.com\/pl\/sibs-gateway-dokumentacja\/rodzaje-transakcji\/autoryzacja\/","title":{"rendered":"Autoryzacja"},"content":{"rendered":"<!-- wp:themify-builder\/canvas \/-->\n<style type=\"text\/css\">\n\t#message-box-block_1f3dc58d77e38efc18b37dd46b55e319 {\n\t\t\/* Add styles that use ACF values here *\/\n\t}\n<\/style>\n\n<div id=\"message-box-block_1f3dc58d77e38efc18b37dd46b55e319\" class=\"block-message-box\">\n\t\t\t\t\t\t\t\t\t\t\n\t\t\t<div class='row info' style=\"display: flex;\">\n\t\t\t  <div class='col' style=\"width: 10%; display: flex; align-items: center; justify-content: center;\">\n\t\t\t\t\t<img decoding=\"async\" src=\"https:\/\/www.qly.docs.pay.sibs.com\/wp-content\/themes\/themify-ultra-child\/images\/msg_info.svg\" alt=\"Info\">\n\t\t\t  <\/div>\n\t\t\t  <div class='col2'>\n\t\t\t\t<p ><p>Ten typ transakcji jest dost\u0119pny dla: <strong>Karty<\/strong><\/p>\n<\/p>\n\t\t\t  <\/div>\n\t\t\t<\/div>\n\t\t\t\t\n\t\t\t\t\n\t\t\t\t\n\t\t\t\t\t\t<\/div>\n<p>Wybierz autoryzowany przep\u0142yw, je\u015bli chcesz obci\u0105\u017cy\u0107 klienta (w ca\u0142o\u015bci lub cz\u0119\u015bciowo) tylko przy dostawie lub \u015bwiadczeniu towar\u00f3w i us\u0142ug. Takie podej\u015bcie zapewnia, \u017ce p\u0142atno\u015bci s\u0105 przetwarzane w synchronizacji z realizacj\u0105 zam\u00f3wie\u0144.<\/p>\n\n<p>Przep\u0142yw ten przypomina przep\u0142yw &#8222;jednorazowego zakupu&#8221;, pomijaj\u0105c dodatkowy etap przechwytywania p\u0142atno\u015bci klienta za dostarczone towary lub us\u0142ugi.<\/p>\n\n<h3 class=\"wp-block-heading\"><strong><strong>Przed rozpocz\u0119ciem<\/strong><\/strong><\/h3>\n\n<p>Stw\u00f3rz <a href=\"https:\/\/www.qly.docs.pay.sibs.com\/integrations\/api\/integration-guide\/#create-an-order\" data-type=\"URL\" data-id=\"https:\/\/www.qly.docs.pay.sibs.com\/integrations\/api\/integration-guide\/#create-an-order\">zam\u00f3wenie<\/a> z wymaganymi danymi i zapewnij nast\u0119puj\u0105ce informacje:<\/p>\n\n<ul class=\"wp-block-list\">\n<li>Uwzgl\u0119dnij typ p\u0142atno\u015bci, kwot\u0119, walut\u0119 i dozwolone metody p\u0142atno\u015bci.<\/li>\n\n\n\n<li>Je\u015bli wymagana jest tylko p\u0142atno\u015b\u0107 kart\u0105, na li\u015bcie <mark style=\"background-color:#e9e9f5\" class=\"has-inline-color\">transaction.paymentMethod<\/mark> nale\u017cy umie\u015bci\u0107 tylko &#8222;CARD&#8221;. <\/li>\n\n\n\n<li>Sprawd\u017a, czy <mark style=\"background-color:#e9e9f5\" class=\"has-inline-color\">transaction.paymentType<\/mark> ma warto\u015b\u0107 &#8222;AUTH&#8221;.<\/li>\n<\/ul>\n\n<div class=\"wp-block-buttons is-layout-flex wp-block-buttons-is-layout-flex\">\n<div class=\"wp-block-button postman\"><a class=\"wp-block-button__link wp-element-button\" href=\"https:\/\/www.postman.com\/warped-star-117264\/workspace\/sibs-v3\/request\/28493802-9d1181aa-8014-47e6-b26e-066c28f463b2?ctx=documentation\" target=\"_blank\" rel=\"noreferrer noopener\">Uruchom w Postman<\/a><\/div>\n<\/div>\n\n<h3 class=\"wp-block-heading\"><strong>Generowanie transakcji<\/strong><\/h3>\n\n<p>Nale\u017cy pami\u0119ta\u0107, \u017ce poni\u017csze \u017c\u0105danie wymaga nag\u0142\u00f3wka autoryzacji z <mark style=\"background-color:#e9e9f5\" class=\"has-inline-color\">transactionSignature<\/mark> zwr\u00f3conym z operacji checkout&#8217;cie.<\/p>\n\n<p>W tym \u017c\u0105daniu Bearer token jest zast\u0119powany przez <mark style=\"background-color:#e9e9f5\" class=\"has-inline-color\">transactionSignature<\/mark>odpowiedzi checkout&#8217;u.<\/p>\n\n\n\n<div id=\"nested-tables-block_9a56709a299311875b3406184a9e2c3e\" class=\"block-nested-tables_new\">\n\t\n\t\t\t<div class=\"sub_level lvl1\">\n\t\t\n\t\t\t\t\t\n\t\t\t\t\t\t<div class=\"thi_table table_nr1\">\n\t\t\t\t<div class=\"sp_param\">Path id<\/div>\n\t\t\t\t<div class=\"sp_typee\"><p>string<\/p>\n<\/div>\n\t\t\t\t<div class=\"sp_condit Mandatory\">Mandatory<\/div>\n\t\t\t\t<div class=\"sp_descc\"><p>Element do zapytania o status transakcji wed\u0142ug identyfikatora transakcji.<\/p>\n<\/div>\n\t\t\t\t<a class=\"sp_view_mores\">Show more<\/a>\n\t\t\t<\/div>\n\t\n\t\t\t\t\t\t\t\t\t\t\t\t\t\t\t\t\t<\/div>\n\t\n\t<\/div>\n\n\n\n\n\n\n\n\n\n\n\n<h6 class=\"wp-block-heading\">Parametry nag\u0142\u00f3wka<\/h6>\n\n\n\n<div id=\"nested-tables-block_740e61ad89a7a73e786836d127bf3776\" class=\"block-nested-tables_new\">\n\t\n\t\t\t<div class=\"sub_level lvl1\">\n\t\t\n\t\t\t\t\t\n\t\t\t\t\t\t<div class=\"thi_table table_nr1\">\n\t\t\t\t<div class=\"sp_param\">Content-type<\/div>\n\t\t\t\t<div class=\"sp_typee\"><p>string<\/p>\n<\/div>\n\t\t\t\t<div class=\"sp_condit Mandatory\">Mandatory<\/div>\n\t\t\t\t<div class=\"sp_descc\"><p>application\/json<\/p>\n<\/div>\n\t\t\t\t<a class=\"sp_view_mores\">Show more<\/a>\n\t\t\t<\/div>\n\t\n\t\t\t\t\t\t\t\t\t\t\t\t\t\t\t\t\t\t\n\t\t\t\t\t\t<div class=\"thi_table table_nr2\">\n\t\t\t\t<div class=\"sp_param\">Authorization<\/div>\n\t\t\t\t<div class=\"sp_typee\"><p>string<\/p>\n<\/div>\n\t\t\t\t<div class=\"sp_condit Mandatory\">Mandatory<\/div>\n\t\t\t\t<div class=\"sp_descc\"><p>Bearer Token. Based on OAuth2 authentication performed in a pre-step.<\/p>\n<\/div>\n\t\t\t\t<a class=\"sp_view_mores\">Show more<\/a>\n\t\t\t<\/div>\n\t\n\t\t\t\t\t\t\t\t\t\t\t\t\t\t\t\t\t\t\n\t\t\t\t\t\t<div class=\"thi_table table_nr3\">\n\t\t\t\t<div class=\"sp_param\">x-ibm-client-id<\/div>\n\t\t\t\t<div class=\"sp_typee\"><p>string<\/p>\n<\/div>\n\t\t\t\t<div class=\"sp_condit Mandatory\">Mandatory<\/div>\n\t\t\t\t<div class=\"sp_descc\"><p>Token that identifies a client organization. It is provided during onboarding process and must be used in every call.<\/p>\n<\/div>\n\t\t\t\t<a class=\"sp_view_mores\">Show more<\/a>\n\t\t\t<\/div>\n\t\n\t\t\t\t\t\t\t\t\t\t\t\t\t\t\t\t\t<\/div>\n\t\n\t<\/div>\n\n\n\n\n\n\n\n\n\n\n\n<h6 class=\"wp-block-heading\">Parametry \u017c\u0105dania<\/h6>\n\n\n\n<div id=\"nested-tables-block_47d8c2206bf697a5e55465f7798528a2\" class=\"block-nested-tables_new\">\n\t\n\t\t\t<div class=\"sub_level lvl1\">\n\t\t\n\t\t\t\t\t\n\t\t\t\t\t\t<div class=\"thi_table table_nr1\">\n\t\t\t\t<div class=\"sp_param\">cardInfo<\/div>\n\t\t\t\t<div class=\"sp_typee\"><p>object<\/p>\n<\/div>\n\t\t\t\t<div class=\"sp_condit Mandatory\">Mandatory<\/div>\n\t\t\t\t<div class=\"sp_descc\"><p>Object that defines the payment operation request fields.<\/p>\n<\/div>\n\t\t\t\t<a class=\"sp_view_mores\">Show more<\/a>\n\t\t\t<\/div>\n\t\n\t\t\t\t\t\t\t\t\t<div class=\"sub_level lvl2\">\t\n\t\t\n\t\t\t\t\t\t\t\t\t\n\t\t\t\t\t\t\t\t<div class=\"thi_table table_nr1\">\n\t\t\t\t\t<div class=\"sp_param\">PAN<\/div>\n\t\t\t\t\t<div class=\"sp_typee\"><p>string &lt;= 40 characters<\/p>\n<\/div>\n\t\t\t\t\t<div class=\"sp_condit Optional\">Optional<\/div>\n\t\t\t\t\t<div class=\"sp_descc\"><p>The Primary Account Number (credit card number).<\/p>\n<\/div>\n\t\t\t\t\t<a class=\"sp_view_mores\">Show more<\/a>\n\t\t\t\t<\/div>\n\t\n\t\t\t\t\t\t\t\t\t\t\t\t\t\t\t\t\t\t\t\t\t\t\t\t\t\t\t\t\t\t\n\t\t\t\t\t\t\t\t<div class=\"thi_table table_nr2\">\n\t\t\t\t\t<div class=\"sp_param\">secureCode<\/div>\n\t\t\t\t\t<div class=\"sp_typee\"><p>string &lt;= 40 characters<\/p>\n<\/div>\n\t\t\t\t\t<div class=\"sp_condit Optional\">Optional<\/div>\n\t\t\t\t\t<div class=\"sp_descc\"><p>The security code (CVV\/CVC) associated with the credit card.<\/p>\n<\/div>\n\t\t\t\t\t<a class=\"sp_view_mores\">Show more<\/a>\n\t\t\t\t<\/div>\n\t\n\t\t\t\t\t\t\t\t\t\t\t\t\t\t\t\t\t\t\t\t\t\t\t\t\t\t\t\t\t\t\n\t\t\t\t\t\t\t\t<div class=\"thi_table table_nr3\">\n\t\t\t\t\t<div class=\"sp_param\">validationDate<\/div>\n\t\t\t\t\t<div class=\"sp_typee\"><p>ISODateTime<\/p>\n<\/div>\n\t\t\t\t\t<div class=\"sp_condit Mandatory\">Mandatory<\/div>\n\t\t\t\t\t<div class=\"sp_descc\"><p>The expiration date of the credit card.<\/p>\n<\/div>\n\t\t\t\t\t<a class=\"sp_view_mores\">Show more<\/a>\n\t\t\t\t<\/div>\n\t\n\t\t\t\t\t\t\t\t\t\t\t\t\t\t\t\t\t\t\t\t\t\t\t\t\t\t\t\t\t\t\n\t\t\t\t\t\t\t\t<div class=\"thi_table table_nr4\">\n\t\t\t\t\t<div class=\"sp_param\">cardholderName<\/div>\n\t\t\t\t\t<div class=\"sp_typee\"><p>string<\/p>\n<\/div>\n\t\t\t\t\t<div class=\"sp_condit Mandatory\">Mandatory<\/div>\n\t\t\t\t\t<div class=\"sp_descc\"><p>The name of the cardholder as it appears on the credit card.<\/p>\n<\/div>\n\t\t\t\t\t<a class=\"sp_view_mores\">Show more<\/a>\n\t\t\t\t<\/div>\n\t\n\t\t\t\t\t\t\t\t\t\t\t\t\t\t\t\t\t\t\t\t\t\t\t\t\t\t\t\t\t\t\n\t\t\t\t\t\t\t\t<div class=\"thi_table table_nr5\">\n\t\t\t\t\t<div class=\"sp_param\">createToken<\/div>\n\t\t\t\t\t<div class=\"sp_typee\"><p>boolean<\/p>\n<\/div>\n\t\t\t\t\t<div class=\"sp_condit Mandatory\">Mandatory<\/div>\n\t\t\t\t\t<div class=\"sp_descc\"><p>A flag indicating whether to create a token for future use or not (true\/false).<\/p>\n<\/div>\n\t\t\t\t\t<a class=\"sp_view_mores\">Show more<\/a>\n\t\t\t\t<\/div>\n\t\n\t\t\t\t\t\t\t\t\t\t\t\t\t\t\t\t\t\t\t\t\t\t\t\t\t\t\t\t\t<\/div>\n\t\t\n\t\t\t\t\t\t\t<\/div>\n\t\n\t<\/div>\n\n\n\n\n\n\n\n\n\n\n\n<h6 class=\"wp-block-heading\">Oto przyk\u0142ad:<\/h6>\n\n<div class=\"wp-block-buttons is-layout-flex wp-block-buttons-is-layout-flex\">\n<div class=\"wp-block-button postman\"><a class=\"wp-block-button__link wp-element-button\" href=\"https:\/\/www.postman.com\/warped-star-117264\/workspace\/sibs-v3\/request\/28493802-eac4a4d6-879e-4a19-bad3-6ac445afe047?ctx=documentation\" target=\"_blank\" rel=\"noreferrer noopener\">Uruchom w Postman<\/a><\/div>\n<\/div>\n\n<pre class=\"wp-block-code\"><code>{\n    <mark style=\"background-color:rgba(0, 0, 0, 0)\" class=\"has-inline-color has-pale-pink-color\">\"cardInfo\"<\/mark>: {\n        <mark style=\"background-color:rgba(0, 0, 0, 0)\" class=\"has-inline-color has-pale-pink-color\">\"PAN\"<\/mark>: <mark style=\"background-color:rgba(0, 0, 0, 0)\" class=\"has-inline-color has-vivid-green-cyan-color\">\"5236410030000927\"<\/mark>,\n        <mark style=\"background-color:rgba(0, 0, 0, 0)\" class=\"has-inline-color has-pale-pink-color\">\"secureCode\"<\/mark>: <mark style=\"background-color:rgba(0, 0, 0, 0)\" class=\"has-inline-color has-vivid-green-cyan-color\">\"776\"<\/mark>,\n        <mark style=\"background-color:rgba(0, 0, 0, 0)\" class=\"has-inline-color has-pale-pink-color\">\"validationDate\"<\/mark>: <mark style=\"background-color:rgba(0, 0, 0, 0)\" class=\"has-inline-color has-vivid-green-cyan-color\">\"2026-05-26T00:00:00.000Z\"<\/mark>,\n        <mark style=\"background-color:rgba(0, 0, 0, 0)\" class=\"has-inline-color has-pale-pink-color\">\"cardholderName\"<\/mark>: <mark style=\"background-color:rgba(0, 0, 0, 0)\" class=\"has-inline-color has-vivid-green-cyan-color\">\"Jane Smith\"<\/mark>,\n        <mark style=\"background-color:rgba(0, 0, 0, 0)\" class=\"has-inline-color has-pale-pink-color\">\"createToken\"<\/mark>: <mark style=\"background-color:rgba(0, 0, 0, 0)\" class=\"has-inline-color has-pale-cyan-blue-color\">false<\/mark>\n    }\n}<\/code><\/pre>\n\n<h6 class=\"wp-block-heading\">Oczekiwana odpowied\u017a:<\/h6>\n\n<p>Pomy\u015blna odpowied\u017a techniczna sk\u0142ada si\u0119 ze statusu HTTP-200 i warto\u015bci <mark style=\"background-color:#e9e9f5\" class=\"has-inline-color\">returnStatus.statusCode=&#8221;000&#8243;<\/mark>. <\/p>\n\n<p><mark style=\"background-color:#e9e9f5\" class=\"has-inline-color\">PaymentStatus<\/mark> w odpowiedzi informuje o tym, czy sama transakcja zosta\u0142a zaakceptowana, odrzucona, nadal oczekuje na ostateczny wynik lub wymaga podj\u0119cia dodatkowych dzia\u0142a\u0144.<\/p>\n\n<ul class=\"wp-block-list\">\n<li><strong>Success:<\/strong> Autoryzacja zosta\u0142a pomy\u015blnie przetworzona, a \u015brodki klienta zosta\u0142y zweryfikowane.<\/li>\n\n\n\n<li><strong>Declined:<\/strong> Zezwolenie zosta\u0142o odrzucone.<\/li>\n\n\n\n<li><strong>Pending:<\/strong> Ostateczny wynik autoryzacji nie jest jeszcze znany. B\u0119dziesz musia\u0142 sprawdza\u0107 status tej transakcji, dop\u00f3ki nie osi\u0105gnie ona ostatecznego stanu lub nie zdecydujesz si\u0119 jej anulowa\u0107.<\/li>\n\n\n\n<li><strong>Partial:<\/strong> Autoryzacja zosta\u0142a cz\u0119\u015bciowo zaakceptowana, ale wymaga wykonania dodatkowych czynno\u015bci (np. <a href=\"https:\/\/www.qly.docs.pay.sibs.com\/online-payment-features\/3d-secure\/\" data-type=\"URL\" data-id=\"https:\/\/www.qly.docs.pay.sibs.com\/online-payment-features\/3d-secure\/\">autentykacja 3D-Secure <\/a>). Element actionResponse zawiera instrukcje dotycz\u0105ce dalszego post\u0119powania.<\/li>\n<\/ul>\n","protected":false},"excerpt":{"rendered":"<p>Wybierz autoryzowany przep\u0142yw, je\u015bli chcesz obci\u0105\u017cy\u0107 klienta (w ca\u0142o\u015bci lub cz\u0119\u015bciowo) tylko przy dostawie lub \u015bwiadczeniu towar\u00f3w i us\u0142ug. Takie podej\u015bcie zapewnia, \u017ce p\u0142atno\u015bci s\u0105 przetwarzane w synchronizacji z realizacj\u0105 zam\u00f3wie\u0144. Przep\u0142yw ten przypomina przep\u0142yw &#8222;jednorazowego zakupu&#8221;, pomijaj\u0105c dodatkowy etap przechwytywania p\u0142atno\u015bci klienta za dostarczone towary lub us\u0142ugi. Przed rozpocz\u0119ciem Stw\u00f3rz zam\u00f3wenie z wymaganymi danymi [&hellip;]<\/p>\n","protected":false},"author":1,"featured_media":0,"parent":9960,"menu_order":0,"comment_status":"closed","ping_status":"closed","template":"","meta":{"_acf_changed":false,"_eb_attr":"","footnotes":""},"class_list":["post-10589","page","type-page","status-publish","hentry","has-post-title","has-post-date","has-post-category","has-post-tag","has-post-comment","has-post-author",""],"acf":[],"builder_content":"","_links":{"self":[{"href":"https:\/\/www.qly.docs.pay.sibs.com\/pl\/wp-json\/wp\/v2\/pages\/10589","targetHints":{"allow":["GET"]}}],"collection":[{"href":"https:\/\/www.qly.docs.pay.sibs.com\/pl\/wp-json\/wp\/v2\/pages"}],"about":[{"href":"https:\/\/www.qly.docs.pay.sibs.com\/pl\/wp-json\/wp\/v2\/types\/page"}],"author":[{"embeddable":true,"href":"https:\/\/www.qly.docs.pay.sibs.com\/pl\/wp-json\/wp\/v2\/users\/1"}],"replies":[{"embeddable":true,"href":"https:\/\/www.qly.docs.pay.sibs.com\/pl\/wp-json\/wp\/v2\/comments?post=10589"}],"version-history":[{"count":1,"href":"https:\/\/www.qly.docs.pay.sibs.com\/pl\/wp-json\/wp\/v2\/pages\/10589\/revisions"}],"predecessor-version":[{"id":10590,"href":"https:\/\/www.qly.docs.pay.sibs.com\/pl\/wp-json\/wp\/v2\/pages\/10589\/revisions\/10590"}],"up":[{"embeddable":true,"href":"https:\/\/www.qly.docs.pay.sibs.com\/pl\/wp-json\/wp\/v2\/pages\/9960"}],"wp:attachment":[{"href":"https:\/\/www.qly.docs.pay.sibs.com\/pl\/wp-json\/wp\/v2\/media?parent=10589"}],"curies":[{"name":"wp","href":"https:\/\/api.w.org\/{rel}","templated":true}]}}