{"id":10587,"date":"2023-06-22T15:34:43","date_gmt":"2023-06-22T15:34:43","guid":{"rendered":"https:\/\/www.qly.docs.pay.sibs.com\/sibs-backoffice-2\/zarzadzanie-tokenami\/"},"modified":"2024-04-02T16:55:29","modified_gmt":"2024-04-02T16:55:29","slug":"zarzadzanie-tokenami","status":"publish","type":"page","link":"https:\/\/www.qly.docs.pay.sibs.com\/pl\/sibs-gateway-dokumentacja\/sibs-backoffice\/zarzadzanie-tokenami\/","title":{"rendered":"Zarz\u0105dzanie tokenami"},"content":{"rendered":"<!-- wp:themify-builder\/canvas \/-->\n<p>Menu &#8222;Zarz\u0105dzanie tokenami&#8221; zawiera list\u0119 zapisanych token\u00f3w kart. Mo\u017cesz zastosowa\u0107 szybkie filtry wed\u0142ug nazwy, warto\u015bci, maskowanego PAN i statusu, aby \u0142atwo znale\u017a\u0107 potrzebny token.<\/p>\n\n<p>Aby usun\u0105\u0107 token, wystarczy klikn\u0105\u0107 ikon\u0119 kosza i potwierdzi\u0107 operacj\u0119. Spowoduje to usuni\u0119cie tokena z listy.<\/p>\n\n<figure class=\"wp-block-image size-full\"><img loading=\"lazy\" decoding=\"async\" width=\"2396\" height=\"774\" src=\"https:\/\/www.qly.docs.pay.sibs.com\/wp-content\/uploads\/2023\/09\/tokens5.png\" alt=\"\" class=\"wp-image-8278\" srcset=\"https:\/\/www.qly.docs.pay.sibs.com\/wp-content\/uploads\/2023\/09\/tokens5.png 2396w, https:\/\/www.qly.docs.pay.sibs.com\/wp-content\/uploads\/2023\/09\/tokens5-300x97.png 300w, https:\/\/www.qly.docs.pay.sibs.com\/wp-content\/uploads\/2023\/09\/tokens5-768x248.png 768w, https:\/\/www.qly.docs.pay.sibs.com\/wp-content\/uploads\/2023\/09\/tokens5-1024x331.png 1024w, https:\/\/www.qly.docs.pay.sibs.com\/wp-content\/uploads\/2023\/09\/tokens5-1536x496.png 1536w, https:\/\/www.qly.docs.pay.sibs.com\/wp-content\/uploads\/2023\/09\/tokens5-2048x662.png 2048w\" sizes=\"auto, (max-width: 2396px) 100vw, 2396px\" \/><\/figure>\n","protected":false},"excerpt":{"rendered":"<p>Menu &#8222;Zarz\u0105dzanie tokenami&#8221; zawiera list\u0119 zapisanych token\u00f3w kart. Mo\u017cesz zastosowa\u0107 szybkie filtry wed\u0142ug nazwy, warto\u015bci, maskowanego PAN i statusu, aby \u0142atwo znale\u017a\u0107 potrzebny token. Aby usun\u0105\u0107 token, wystarczy klikn\u0105\u0107 ikon\u0119 kosza i potwierdzi\u0107 operacj\u0119. Spowoduje to usuni\u0119cie tokena z listy.<\/p>\n","protected":false},"author":3,"featured_media":0,"parent":10440,"menu_order":5,"comment_status":"closed","ping_status":"closed","template":"","meta":{"_acf_changed":false,"_eb_attr":"","footnotes":""},"class_list":["post-10587","page","type-page","status-publish","hentry","has-post-title","has-post-date","has-post-category","has-post-tag","has-post-comment","has-post-author",""],"acf":[],"builder_content":"","_links":{"self":[{"href":"https:\/\/www.qly.docs.pay.sibs.com\/pl\/wp-json\/wp\/v2\/pages\/10587","targetHints":{"allow":["GET"]}}],"collection":[{"href":"https:\/\/www.qly.docs.pay.sibs.com\/pl\/wp-json\/wp\/v2\/pages"}],"about":[{"href":"https:\/\/www.qly.docs.pay.sibs.com\/pl\/wp-json\/wp\/v2\/types\/page"}],"author":[{"embeddable":true,"href":"https:\/\/www.qly.docs.pay.sibs.com\/pl\/wp-json\/wp\/v2\/users\/3"}],"replies":[{"embeddable":true,"href":"https:\/\/www.qly.docs.pay.sibs.com\/pl\/wp-json\/wp\/v2\/comments?post=10587"}],"version-history":[{"count":1,"href":"https:\/\/www.qly.docs.pay.sibs.com\/pl\/wp-json\/wp\/v2\/pages\/10587\/revisions"}],"predecessor-version":[{"id":10588,"href":"https:\/\/www.qly.docs.pay.sibs.com\/pl\/wp-json\/wp\/v2\/pages\/10587\/revisions\/10588"}],"up":[{"embeddable":true,"href":"https:\/\/www.qly.docs.pay.sibs.com\/pl\/wp-json\/wp\/v2\/pages\/10440"}],"wp:attachment":[{"href":"https:\/\/www.qly.docs.pay.sibs.com\/pl\/wp-json\/wp\/v2\/media?parent=10587"}],"curies":[{"name":"wp","href":"https:\/\/api.w.org\/{rel}","templated":true}]}}