{"id":10585,"date":"2023-06-14T09:51:14","date_gmt":"2023-06-14T09:51:14","guid":{"rendered":"https:\/\/www.qly.docs.pay.sibs.com\/funkcjonalnosci-platnosci-online\/platnosc-podzielona\/"},"modified":"2024-11-11T13:48:20","modified_gmt":"2024-11-11T13:48:20","slug":"platnosc-podzielona","status":"publish","type":"page","link":"https:\/\/www.qly.docs.pay.sibs.com\/pl\/sibs-gateway-dokumentacja\/funkcjonalnosci-platnosci-online\/platnosc-podzielona\/","title":{"rendered":"P\u0142atno\u015b\u0107 podzielona"},"content":{"rendered":"<!-- wp:themify-builder\/canvas \/-->\n\n\n<p>Funkcja Split Payout umo\u017cliwia SIBS Gateway podzia\u0142 \u015brodk\u00f3w z pojedynczej transakcji pomi\u0119dzy maksymalnie cztery r\u00f3\u017cne konta.<br><br>Funkcja ta jest szczeg\u00f3lnie przydatna w scenariuszach, w kt\u00f3rych dana transakcja obejmuje wiele stron, kt\u00f3re kwalifikuj\u0105 si\u0119 do otrzymania cz\u0119\u015bci p\u0142atno\u015bci.<\/p>\n\n\n\n<h3 class=\"wp-block-heading\">Korzy\u015bci<\/h3>\n\n\n\n<p>Funkcjonalno\u015b\u0107 ta przynosi r\u00f3\u017cne korzy\u015bci dla merchant\u00f3w, takie jak:<\/p>\n\n\n\n<style type=\"text\/css\">\n\t#message-box-block_f0842734a7deeecc93bd48dc2700bba3 {\n\t\t\/* Add styles that use ACF values here *\/\n\t}\n<\/style>\n\n<div id=\"message-box-block_f0842734a7deeecc93bd48dc2700bba3\" class=\"block-message-box\">\n\t\t\t\t\t\t\t\t\t<\/div>\n\n\n<p>Og\u00f3lnie rzecz bior\u0105c, funkcjonalno\u015b\u0107 SIBS Gateway Split Payout pozwala sprzedawcom skuteczniej zarz\u0105dza\u0107 relacjami finansowymi, zwi\u0119ksza\u0107 wydajno\u015b\u0107 operacyjn\u0105 i zapewnia\u0107 p\u0142ynne p\u0142atno\u015bci wszystkim interesariuszom zaanga\u017cowanym w ich dzia\u0142alno\u015b\u0107.<\/p>\n\n\n\n<style type=\"text\/css\">\n\t#message-box-block_a9e4bc9f74d471c3d89782c76efc0c76 {\n\t\t\/* Add styles that use ACF values here *\/\n\t}\n<\/style>\n\n<div id=\"message-box-block_a9e4bc9f74d471c3d89782c76efc0c76\" class=\"block-message-box\">\n\t\t\t\t\t\t\t\t\t\t\n\t\t\t<div class='row info' style=\"display: flex;\">\n\t\t\t  <div class='col' style=\"width: 10%; display: flex; align-items: center; justify-content: center;\">\n\t\t\t\t\t<img decoding=\"async\" src=\"https:\/\/www.qly.docs.pay.sibs.com\/wp-content\/themes\/themify-ultra-child\/images\/msg_info.svg\" alt=\"Info\">\n\t\t\t  <\/div>\n\t\t\t  <div class='col2'>\n\t\t\t\t<p ><p>Aby aktywowa\u0107 funkcj\u0119 Split Payout, skontaktuj si\u0119 z <a href=\"mailto:ecommerce@paytel.pl\">Account Managerem<\/a>.<\/p>\n<\/p>\n\t\t\t  <\/div>\n\t\t\t<\/div>\n\t\t\t\t\n\t\t\t\t\n\t\t\t\t\n\t\t\t\t\t\t<\/div>\n\n\n<h3 class=\"wp-block-heading\">Jak to dzia\u0142a<\/h3>\n\n\n\n<h6 class=\"wp-block-heading\"><a href=\"#step1\">Krok 1: Zdefiniowanie punkt\u00f3w rozliczeniowych<\/a><\/h6>\n\n\n\n<h6 class=\"wp-block-heading\"><a href=\"#step2\">Krok 2: Uzyskanie odpowiedzi<\/a><\/h6>\n\n\n\n<h6 class=\"wp-block-heading\"><a href=\"#step3\">Krok 3: Zr\u00f3b p\u0142atno\u015b\u0107<\/a><\/h6>\n\n\n\n<h5 class=\"wp-block-heading\" id=\"step1\">Krok 1: Zdefiniowanie punkt\u00f3w rozliczeniowych<\/h5>\n\n\n\n<p>Po aktywowaniu w Onboarding funkcji Split Payout, w \u017c\u0105daniu API Checkout nale\u017cy uwzgl\u0119dni\u0107 nast\u0119puj\u0105c\u0105 struktur\u0119 <mark style=\"background-color:#e9e9f5\" class=\"has-inline-color\">settlementPoint<\/mark>.<\/p>\n\n\n\n<h6 class=\"wp-block-heading\">SettlementPoint<\/h6>\n\n\n\n\n\n<div id=\"nested-tables-block_b2c7e3ddb388f56a4cb691775dca36ff\" class=\"block-nested-tables_new\">\n\t\n\t\t\t<div class=\"sub_level lvl1\">\n\t\t\n\t\t\t\t\t\n\t\t\t\t\t\t<div class=\"thi_table table_nr1\">\n\t\t\t\t<div class=\"sp_param\">id<\/div>\n\t\t\t\t<div class=\"sp_typee\"><p>objekt<\/p>\n<\/div>\n\t\t\t\t<div class=\"sp_condit Warunkowy\">Warunkowy<\/div>\n\t\t\t\t<div class=\"sp_descc\"><p>Unikalny identyfikator punktu rozliczeniowego. Unikalny identyfikator, ustawiony podczas wdra\u017cania i powinien by\u0107 dostarczony przez mened\u017cera konta.<\/p>\n<\/div>\n\t\t\t\t<a class=\"sp_view_mores\">Show more<\/a>\n\t\t\t<\/div>\n\t\n\t\t\t\t\t\t\t\t\t\t\t\t\t\t\t\t\t\t\n\t\t\t\t\t\t<div class=\"thi_table table_nr2\">\n\t\t\t\t<div class=\"sp_param\">kwota<\/div>\n\t\t\t\t<div class=\"sp_typee\"><p>objekt<\/p>\n<\/div>\n\t\t\t\t<div class=\"sp_condit Warunkowy\">Warunkowy<\/div>\n\t\t\t\t<div class=\"sp_descc\"><p>Kwota punktu rozliczeniowego wraz z warto\u015bci\u0105 i walut\u0105 transakcji.<\/p>\n<\/div>\n\t\t\t\t<a class=\"sp_view_mores\">Show more<\/a>\n\t\t\t<\/div>\n\t\n\t\t\t\t\t\t\t\t\t<div class=\"sub_level lvl2\">\t\n\t\t\n\t\t\t\t\t\t\t\t\t\n\t\t\t\t\t\t\t\t<div class=\"thi_table table_nr1\">\n\t\t\t\t\t<div class=\"sp_param\">warto\u015b\u0107<\/div>\n\t\t\t\t\t<div class=\"sp_typee\"><p>number: Double<\/p>\n<\/div>\n\t\t\t\t\t<div class=\"sp_condit Warunkowy\">Warunkowy<\/div>\n\t\t\t\t\t<div class=\"sp_descc\"><p>Kwota w transakcji.<\/p>\n<\/div>\n\t\t\t\t\t<a class=\"sp_view_mores\">Show more<\/a>\n\t\t\t\t<\/div>\n\t\n\t\t\t\t\t\t\t\t\t\t\t\t\t\t\t\t\t\t\t\t\t\t\t\t\t\t\t\t\t\t\n\t\t\t\t\t\t\t\t<div class=\"thi_table table_nr2\">\n\t\t\t\t\t<div class=\"sp_param\">waluta<\/div>\n\t\t\t\t\t<div class=\"sp_typee\"><p>currency code:<br \/>\nISO 4217 Alpha-3 Code<\/p>\n<\/div>\n\t\t\t\t\t<div class=\"sp_condit Warunkowy\">Warunkowy<\/div>\n\t\t\t\t\t<div class=\"sp_descc\"><p>Waluta u\u017cyta w transakcji. ISO 4217 Alpha-3 Code.<\/p>\n<\/div>\n\t\t\t\t\t<a class=\"sp_view_mores\">Show more<\/a>\n\t\t\t\t<\/div>\n\t\n\t\t\t\t\t\t\t\t\t\t\t\t\t\t\t\t\t\t\t\t\t\t\t\t\t\t\t\t\t<\/div>\n\t\t\n\t\t\t\t\t\t\t<\/div>\n\t\n\t<\/div>\n\n\n\n\n\n\n\n\n\n\n\n\n\n<p>Poni\u017cej znajduje si\u0119 tre\u015b\u0107 \u017c\u0105dania realizacji transakcji zawieraj\u0105ca struktur\u0119 <mark style=\"background-color:#e9e9f5\" class=\"has-inline-color\">settlement point<\/mark> .<\/p>\n\n\n\n<h6 class=\"wp-block-heading\">Body:<\/h6>\n\n\n\n<pre class=\"wp-block-code\"><code><mark style=\"background-color:rgba(0, 0, 0, 0)\" class=\"has-inline-color has-pale-pink-color\">\"settlementPoint\"<\/mark>: &#91;\n      {\n        <mark style=\"background-color:rgba(0, 0, 0, 0)\" class=\"has-inline-color has-pale-pink-color\">\"id\"<\/mark>: <mark style=\"background-color:rgba(0, 0, 0, 0)\" class=\"has-inline-color has-vivid-green-cyan-color\">\"T13d4f9fb115f54b6cbe6f20a6ae68dbd6\"<\/mark>,\n        <mark style=\"background-color:rgba(0, 0, 0, 0)\" class=\"has-inline-color has-pale-pink-color\">\"amount\"<\/mark>: {\n          <mark style=\"background-color:rgba(0, 0, 0, 0)\" class=\"has-inline-color has-pale-pink-color\">\"value\"<\/mark>: <mark style=\"background-color:rgba(0, 0, 0, 0)\" class=\"has-inline-color has-luminous-vivid-amber-color\">2<\/mark>,\n          <mark style=\"background-color:rgba(0, 0, 0, 0)\" class=\"has-inline-color has-pale-pink-color\">\"currency\"<\/mark>: <mark style=\"background-color:rgba(0, 0, 0, 0)\" class=\"has-inline-color has-vivid-green-cyan-color\">\"PLN\"<\/mark>\n        }\n      },\n      {\n        <mark style=\"background-color:rgba(0, 0, 0, 0)\" class=\"has-inline-color has-pale-pink-color\">\"id\"<\/mark>: <mark style=\"background-color:rgba(0, 0, 0, 0)\" class=\"has-inline-color has-vivid-green-cyan-color\">\"T23d4f9fb115f54b6cbe6f20a6ae68dbd6\"<\/mark>,\n        <mark style=\"background-color:rgba(0, 0, 0, 0)\" class=\"has-inline-color has-pale-pink-color\">\"amount\"<\/mark>: {\n          <mark style=\"background-color:rgba(0, 0, 0, 0)\" class=\"has-inline-color has-pale-pink-color\">\"value\"<\/mark>: <mark style=\"background-color:rgba(0, 0, 0, 0)\" class=\"has-inline-color has-luminous-vivid-amber-color\">2<\/mark>,\n          <mark style=\"background-color:rgba(0, 0, 0, 0)\" class=\"has-inline-color has-pale-pink-color\">\"currency\"<\/mark>: <mark style=\"background-color:rgba(0, 0, 0, 0)\" class=\"has-inline-color has-vivid-green-cyan-color\">\"PLN\"<\/mark>\n        }\n<\/code><\/pre>\n\n\n\n<h5 class=\"wp-block-heading\" id=\"step2\">Krok 2: Uzyskanie odpowiedzi<\/h5>\n\n\n\n<p>Odpowied\u017a zawieta <mark style=\"background-color:#e9e9f5\" class=\"has-inline-color\">statusMsg<\/mark>, <mark style=\"background-color:#e9e9f5\" class=\"has-inline-color\">transactionID<\/mark>, <mark style=\"background-color:#e9e9f5\" class=\"has-inline-color\">transactionSignature<\/mark> list\u0119 dost\u0119pnych <mark style=\"background-color:#e9e9f5\" class=\"has-inline-color\">paymentMethodList<\/mark> kt\u00f3re mo\u017cna wy\u015bwietli\u0107.<\/p>\n\n\n\n<p>Upewnij si\u0119, \u017ce <a href=\"https:\/\/www.qly.docs.pay.sibs.com\/integrations\/api\/integration-guide\/#create-an-order\">zam\u00f3wienie<\/a> zosta\u0142o utworzone i przes\u0142ane.<\/p>\n\n\n\n<h5 class=\"wp-block-heading\" id=\"step3\">Krok 3: Zr\u00f3b p\u0142atno\u015b\u0107<\/h5>\n\n\n\n<p>Po utworzeniu i przes\u0142aniu zam\u00f3wienia z punktami rozliczeniowymi, je\u015bli klient wybierze metod\u0119 p\u0142atno\u015bci wymagaj\u0105c\u0105 przekierowania, nale\u017cy wys\u0142a\u0107 \u017c\u0105danie p\u0142atno\u015bci do SIBS Gateway.<br><br>Aby uzyska\u0107 wi\u0119cej szczeg\u00f3\u0142\u00f3w, sprawd\u017a:<\/p>\n\n\n\n<div id=\"link-cards-block_1970107c8fc9d1cd0e84a39429343f71\" class=\"block-link-cards\">\n            <div class=\"row\">\n                                                <a href=\"https:\/\/www.qly.docs.pay.sibs.com\/pl\/metody-platnosci\/\" target=\"\">\n                        <div class=\"link-card-col\">\n                                                            <h5>Metody p\u0142atno\u015bci<\/h5>\n                                <p><\/p>\n                                <div id=\"go-arrow-right\"> Learn More <\/div>\n                                                    <\/div>\n                    <\/a>\n                                    <\/div>\n    <\/div>\n\n<script>\ndocument.addEventListener('DOMContentLoaded', function() {\n    \/\/ Get all the rows of link cards\n    var rows = document.querySelectorAll('.block-link-cards .row');\n\n    \/\/ Loop through each row\n    rows.forEach(function(row) {\n        \/\/ Get all the link cards in the row\n        var linkCards = row.querySelectorAll('.link-card-col');\n\n        \/\/ Find the tallest card height in the row\n        var tallestCardHeight = 0;\n        linkCards.forEach(function(card) {\n            card.style.height = ''; \/\/ Reset the height to auto\n            var cardHeight = card.offsetHeight;\n            if (cardHeight > tallestCardHeight) {\n                tallestCardHeight = cardHeight;\n            }\n        });\n\n        \/\/ Set the height of all link cards in the row to the tallest card height\n        linkCards.forEach(function(card) {\n            card.style.height = tallestCardHeight + 'px';\n        });\n    });\n});\n<\/script>\n\n\n\n\n<style type=\"text\/css\">\n\t#message-box-block_6ac901c0ac08386b3456b017ae1cc5b4 {\n\t\t\/* Add styles that use ACF values here *\/\n\t}\n<\/style>\n\n<div id=\"message-box-block_6ac901c0ac08386b3456b017ae1cc5b4\" class=\"block-message-box\">\n\t\t\t\t\t\t\t\t\t\t\n\t\t\t<div class='row info' style=\"display: flex;\">\n\t\t\t  <div class='col' style=\"width: 10%; display: flex; align-items: center; justify-content: center;\">\n\t\t\t\t\t<img decoding=\"async\" src=\"https:\/\/www.qly.docs.pay.sibs.com\/wp-content\/themes\/themify-ultra-child\/images\/msg_info.svg\" alt=\"Info\">\n\t\t\t  <\/div>\n\t\t\t  <div class='col2'>\n\t\t\t\t<p ><p>Punkty rozliczeniowe okre\u015blone dla ka\u017cdego sklepu mo\u017cna sprawdzi\u0107 na koncie SIBS Backoffice. Id\u017a do <strong>Konfiguracji<\/strong> &gt; <strong>Split Payouts<\/strong> in do menu po lewej stronie.<\/p>\n<p>&nbsp;<\/p>\n<p>Je\u015bli chcesz zobaczy\u0107 kwot\u0119 dla ka\u017cdego punktu rozliczeniowego dla danej transakcji, sprawd\u017a swoje konto SIBS Backoffice. Id\u017a do <strong>Business<\/strong> &gt; <strong>Transactions<\/strong> do menu po lewej stronie. Aby uzyska\u0107 wi\u0119cej informacji, zobacz nasz\u0105 stron\u0119 <a href=\"https:\/\/www.qly.docs.pay.sibs.com\/international\/sibs-backoffice\/transactions\/\">Transakcje<\/a> .<\/p>\n<\/p>\n\t\t\t  <\/div>\n\t\t\t<\/div>\n\t\t\t\t\n\t\t\t\t\n\t\t\t\t\n\t\t\t\t\t\t<\/div>\n\n\n<h3 class=\"wp-block-heading\">Obs\u0142ugiwane metody p\u0142atno\u015bci<\/h3>\n\n\n\n<p>Split Payout oferuje pe\u0142n\u0105 kompatybilno\u015b\u0107 ze wszystkimi dost\u0119pnymi metodami p\u0142atno\u015bci, zapewniaj\u0105c maksymaln\u0105 elastyczno\u015b\u0107 i wygod\u0119.<\/p>\n","protected":false},"excerpt":{"rendered":"<p>Funkcja Split Payout umo\u017cliwia SIBS Gateway podzia\u0142 \u015brodk\u00f3w z pojedynczej transakcji pomi\u0119dzy maksymalnie cztery r\u00f3\u017cne konta. Funkcja ta jest szczeg\u00f3lnie przydatna w scenariuszach, w kt\u00f3rych dana transakcja obejmuje wiele stron, kt\u00f3re kwalifikuj\u0105 si\u0119 do otrzymania cz\u0119\u015bci p\u0142atno\u015bci. Korzy\u015bci Funkcjonalno\u015b\u0107 ta przynosi r\u00f3\u017cne korzy\u015bci dla merchant\u00f3w, takie jak: Og\u00f3lnie rzecz bior\u0105c, funkcjonalno\u015b\u0107 SIBS Gateway Split Payout [&hellip;]<\/p>\n","protected":false},"author":1,"featured_media":0,"parent":10580,"menu_order":0,"comment_status":"closed","ping_status":"closed","template":"","meta":{"_acf_changed":false,"_eb_attr":"","footnotes":""},"class_list":["post-10585","page","type-page","status-publish","hentry","has-post-title","has-post-date","has-post-category","has-post-tag","has-post-comment","has-post-author",""],"acf":[],"builder_content":"","_links":{"self":[{"href":"https:\/\/www.qly.docs.pay.sibs.com\/pl\/wp-json\/wp\/v2\/pages\/10585","targetHints":{"allow":["GET"]}}],"collection":[{"href":"https:\/\/www.qly.docs.pay.sibs.com\/pl\/wp-json\/wp\/v2\/pages"}],"about":[{"href":"https:\/\/www.qly.docs.pay.sibs.com\/pl\/wp-json\/wp\/v2\/types\/page"}],"author":[{"embeddable":true,"href":"https:\/\/www.qly.docs.pay.sibs.com\/pl\/wp-json\/wp\/v2\/users\/1"}],"replies":[{"embeddable":true,"href":"https:\/\/www.qly.docs.pay.sibs.com\/pl\/wp-json\/wp\/v2\/comments?post=10585"}],"version-history":[{"count":3,"href":"https:\/\/www.qly.docs.pay.sibs.com\/pl\/wp-json\/wp\/v2\/pages\/10585\/revisions"}],"predecessor-version":[{"id":21785,"href":"https:\/\/www.qly.docs.pay.sibs.com\/pl\/wp-json\/wp\/v2\/pages\/10585\/revisions\/21785"}],"up":[{"embeddable":true,"href":"https:\/\/www.qly.docs.pay.sibs.com\/pl\/wp-json\/wp\/v2\/pages\/10580"}],"wp:attachment":[{"href":"https:\/\/www.qly.docs.pay.sibs.com\/pl\/wp-json\/wp\/v2\/media?parent=10585"}],"curies":[{"name":"wp","href":"https:\/\/api.w.org\/{rel}","templated":true}]}}