{"id":10580,"date":"2023-06-14T09:46:23","date_gmt":"2023-06-14T09:46:23","guid":{"rendered":"https:\/\/www.qly.docs.pay.sibs.com\/funkcjonalnosci-platnosci-online\/"},"modified":"2025-09-15T14:17:49","modified_gmt":"2025-09-15T14:17:49","slug":"funkcjonalnosci-platnosci-online","status":"publish","type":"page","link":"https:\/\/www.qly.docs.pay.sibs.com\/pl\/sibs-gateway-dokumentacja\/funkcjonalnosci-platnosci-online\/","title":{"rendered":"Funkcjonalno\u015bci p\u0142atno\u015bci online"},"content":{"rendered":"<!-- wp:themify-builder\/canvas \/-->\n\n\n<p>Odkryj nasze funkcje p\u0142atno\u015bci online, zaprojektowane w celu zapewnienia p\u0142ynnych i bezpiecznych p\u0142atno\u015bci internetowych. <\/p>\n\n\n\n<div id=\"link-cards-block_e583bd3a212a4ab09daf0103a216eea6\" class=\"block-link-cards\">\n            <div class=\"row\">\n                                                <div class=\"link-card-col\">\n                        <p>Link inv\u00e1lido ou incompleto.<\/p>\n                    <\/div>\n                                    <\/div>\n    <\/div>\n\n<script>\ndocument.addEventListener('DOMContentLoaded', function() {\n    \/\/ Get all the rows of link cards\n    var rows = document.querySelectorAll('.block-link-cards .row');\n\n    \/\/ Loop through each row\n    rows.forEach(function(row) {\n        \/\/ Get all the link cards in the row\n        var linkCards = row.querySelectorAll('.link-card-col');\n\n        \/\/ Find the tallest card height in the row\n        var tallestCardHeight = 0;\n        linkCards.forEach(function(card) {\n            card.style.height = ''; \/\/ Reset the height to auto\n            var cardHeight = card.offsetHeight;\n            if (cardHeight > tallestCardHeight) {\n                tallestCardHeight = cardHeight;\n            }\n        });\n\n        \/\/ Set the height of all link cards in the row to the tallest card height\n        linkCards.forEach(function(card) {\n            card.style.height = tallestCardHeight + 'px';\n        });\n    });\n});\n<\/script>\n\n\n\n\n<div id=\"link-cards-block_6851c8002464968feba9a2ea086cfc48\" class=\"block-link-cards\">\n            <p>Nenhum cart\u00e3o de link encontrado.<\/p>\n    <\/div>\n\n<script>\ndocument.addEventListener('DOMContentLoaded', function() {\n    \/\/ Get all the rows of link cards\n    var rows = document.querySelectorAll('.block-link-cards .row');\n\n    \/\/ Loop through each row\n    rows.forEach(function(row) {\n        \/\/ Get all the link cards in the row\n        var linkCards = row.querySelectorAll('.link-card-col');\n\n        \/\/ Find the tallest card height in the row\n        var tallestCardHeight = 0;\n        linkCards.forEach(function(card) {\n            card.style.height = ''; \/\/ Reset the height to auto\n            var cardHeight = card.offsetHeight;\n            if (cardHeight > tallestCardHeight) {\n                tallestCardHeight = cardHeight;\n            }\n        });\n\n        \/\/ Set the height of all link cards in the row to the tallest card height\n        linkCards.forEach(function(card) {\n            card.style.height = tallestCardHeight + 'px';\n        });\n    });\n});\n<\/script>\n\n","protected":false},"excerpt":{"rendered":"<p>Odkryj nasze funkcje p\u0142atno\u015bci online, zaprojektowane w celu zapewnienia p\u0142ynnych i bezpiecznych p\u0142atno\u015bci internetowych.<\/p>\n","protected":false},"author":1,"featured_media":0,"parent":9923,"menu_order":6,"comment_status":"closed","ping_status":"closed","template":"","meta":{"_acf_changed":false,"_eb_attr":"","footnotes":""},"class_list":["post-10580","page","type-page","status-publish","hentry","has-post-title","has-post-date","has-post-category","has-post-tag","has-post-comment","has-post-author",""],"acf":[],"builder_content":"","_links":{"self":[{"href":"https:\/\/www.qly.docs.pay.sibs.com\/pl\/wp-json\/wp\/v2\/pages\/10580","targetHints":{"allow":["GET"]}}],"collection":[{"href":"https:\/\/www.qly.docs.pay.sibs.com\/pl\/wp-json\/wp\/v2\/pages"}],"about":[{"href":"https:\/\/www.qly.docs.pay.sibs.com\/pl\/wp-json\/wp\/v2\/types\/page"}],"author":[{"embeddable":true,"href":"https:\/\/www.qly.docs.pay.sibs.com\/pl\/wp-json\/wp\/v2\/users\/1"}],"replies":[{"embeddable":true,"href":"https:\/\/www.qly.docs.pay.sibs.com\/pl\/wp-json\/wp\/v2\/comments?post=10580"}],"version-history":[{"count":5,"href":"https:\/\/www.qly.docs.pay.sibs.com\/pl\/wp-json\/wp\/v2\/pages\/10580\/revisions"}],"predecessor-version":[{"id":25235,"href":"https:\/\/www.qly.docs.pay.sibs.com\/pl\/wp-json\/wp\/v2\/pages\/10580\/revisions\/25235"}],"up":[{"embeddable":true,"href":"https:\/\/www.qly.docs.pay.sibs.com\/pl\/wp-json\/wp\/v2\/pages\/9923"}],"wp:attachment":[{"href":"https:\/\/www.qly.docs.pay.sibs.com\/pl\/wp-json\/wp\/v2\/media?parent=10580"}],"curies":[{"name":"wp","href":"https:\/\/api.w.org\/{rel}","templated":true}]}}