{"id":10574,"date":"2023-06-14T09:40:32","date_gmt":"2023-06-14T09:40:32","guid":{"rendered":"https:\/\/www.qly.docs.pay.sibs.com\/metody-platnosci\/"},"modified":"2026-04-13T15:34:38","modified_gmt":"2026-04-13T15:34:38","slug":"metody-platnosci","status":"publish","type":"page","link":"https:\/\/www.qly.docs.pay.sibs.com\/pl\/sibs-gateway-dokumentacja\/metody-platnosci\/","title":{"rendered":"Metody p\u0142atno\u015bci"},"content":{"rendered":"<!-- wp:themify-builder\/canvas \/-->\n\n\n<p>Nasze elastyczne rozwi\u0105zanie p\u0142atnicze jest dostosowane do preferowanych przez klient\u00f3w opcji p\u0142atno\u015bci, niezale\u017cnie od tego, czy s\u0105 to g\u0142\u00f3wne systemy kart p\u0142atniczych, czy szereg alternatywnych metod p\u0142atno\u015bci, umo\u017cliwiamy Twojej firmie przyjmowanie p\u0142atno\u015bci bez wysi\u0142ku.<\/p>\n\n\n\n<p>Dzi\u0119ki SIBS mo\u017cesz obs\u0142ugiwa\u0107 transakcje w r\u00f3\u017cnych kana\u0142ach p\u0142atno\u015bci, usprawniaj\u0105c proces i poprawiaj\u0105c og\u00f3lne wra\u017cenia zakupowe klient\u00f3w.<\/p>\n\n\n\n<p>Poni\u017cej znajduj\u0105 si\u0119 szczeg\u00f3\u0142owe informacje na temat ka\u017cdej metody p\u0142atno\u015bci.<\/p>\n\n\n\n<figure class=\"wp-block-table\"><table><thead><tr><th>Metoda p\u0142atno\u015bci<\/th><th>Typ p\u0142atno\u015bci<\/th><th>Kraje<\/th><th>Waluty przetwarzania<\/th><th>Funkcjonalno\u015bci<\/th><th>Integracje<\/th><\/tr><\/thead><tbody><tr><td><a href=\"https:\/\/www.qly.docs.pay.sibs.com\/pl\/sibs-gateway-dokumentacja\/metody-platnosci\/mb-way\/\">MB WAY<\/a><\/td><td>Bankowo\u015b\u0107 internetowa<\/td><td>Portugalia<\/td><td>EUR<\/td><td>Wst\u0119pnie autoryzowane przechwytywanie<br>Zakup jednorazowy<br>Cz\u0119\u015bciowe przechwytywanie<br>Cz\u0119\u015bciowy zwrot koszt\u00f3w<br>Zwroty koszt\u00f3w<br>Anulowanie<br>Link do P\u0142atno\u015bci<\/td><td>API<br>Formularz P\u0142atno\u015bci<\/td><\/tr><tr><td><a href=\"https:\/\/www.qly.docs.pay.sibs.com\/pl\/metody-platnosci\/karty\/\" data-type=\"URL\">Mastercard<\/a><\/td><td>Karty<\/td><td>Czechy, Estonia, Francja, Hiszpania, Holandia, Niemcy, Polska, Portugalia, Rumunia, S\u0142owacja, W\u0119gry<\/td><td>CZK, EUR, HUF, PLN, RON<\/td><td>3D Secure<br>OneClick<br>Wst\u0119pnie autoryzowane przechwytywanie<br>Zakup jednorazowy<br>Cz\u0119\u015bciowe przechwytywanie<br>Cz\u0119\u015bciowy zwrot koszt\u00f3w<br>Subscrypcje<br>Zwroty koszt\u00f3w<br>Anulowanie<br>Wirtualny Terminal<br>Link do P\u0142atno\u015bci<\/td><td>API<br>Formularz P\u0142atno\u015bci<br>Wtyczka Prestashop<br>Wtyczka WooCommerce<br>Wtyczka Magento<\/td><\/tr><tr><td><a href=\"https:\/\/www.qly.docs.pay.sibs.com\/pl\/metody-platnosci\/karty\/\" data-type=\"URL\">Visa<\/a><\/td><td>Karty<\/td><td>Czechy, Estonia, Francja, Hiszpania, Holandia, Niemcy, Polska, Portugalia, Rumunia, S\u0142owacja, W\u0119gry<\/td><td>CZK, EUR, HUF, PLN, RON<\/td><td>3D Secure<br>OneClick<br>Wst\u0119pnie autoryzowane przechwytywanie<br>Zakup jednorazowy<br>Cz\u0119\u015bciowe przechwytywanie<br>Cz\u0119\u015bciowy zwrot koszt\u00f3w<br>Subscrypcje<br>Zwroty koszt\u00f3w<br>Anulowanie<br>Wirtualny Terminal<br>Link do P\u0142atno\u015bci<\/td><td>API<br>Formularz P\u0142atno\u015bci<br>Wtyczka Prestashop<br>Wtyczka WooCommerce<br>Wtyczka Magento<\/td><\/tr><tr><td><a href=\"https:\/\/www.qly.docs.pay.sibs.com\/pl\/metody-platnosci\/karty\/#cartes-bancaires\">Cartes Bancaires<\/a><\/td><td>Karty<\/td><td>Francja<\/td><td>EUR<\/td><td>3D Secure<br>OneClick<br>Wst\u0119pnie autoryzowane przechwytywanie<br>Zakup jednorazowy<br>Cz\u0119\u015bciowe przechwytywanie<br>Cz\u0119\u015bciowy zwrot koszt\u00f3w<br>Subscrypcje<br>Zwroty koszt\u00f3w<br>Anulowanie<br>Wirtualny Terminal<\/td><td>API<br>Formularz P\u0142atno\u015bci<br>Wtyczka Prestashop<br>Wtyczka WooCommerce<br>Wtyczka Magento<\/td><\/tr><tr><td><a href=\"https:\/\/www.qly.docs.pay.sibs.com\/pl\/metody-platnosci\/blik\/\" data-type=\"URL\" data-id=\"https:\/\/www.qly.docs.pay.sibs.com\/payment-methods\/blik\/\">BLIK<\/a><\/td><td>Bankowo\u015b\u0107 internetowa<\/td><td>Polska<\/td><td>PLN<\/td><td>One-Click\/Bez kodu<br>Cz\u0119\u015bciowy zwrot koszt\u00f3w<br>Zwroty koszt\u00f3w<br>Anulowanie<br>Wirtualny Terminal<br>Link do P\u0142atno\u015bci<\/td><td>API<br>Formularz P\u0142atno\u015bci<br>Wtyczka PrestaShop<br>Wtyczka WooCommerce<br>Wtyczka Magento<\/td><\/tr><tr><td><a href=\"https:\/\/www.qly.docs.pay.sibs.com\/pl\/metody-platnosci\/pay-by-link\/\" data-type=\"URL\" data-id=\"https:\/\/www.qly.docs.pay.sibs.com\/payment-methods\/paybylink\/\">Szybki przelew<\/a><\/td><td>Bankowo\u015b\u0107 internetowa<\/td><td>Czechy, Estonia, Francja, Hiszpania, Niemcy, Polska, Portugalia, Rumunia, S\u0142owacja, W\u0119gry<\/td><td>CZK, EUR, HUF, PLN, RON<\/td><td>Cz\u0119\u015bciowy zwrot koszt\u00f3w<br>Zwroty pieni\u0119dzy <br>Anulowanie<br>Link do P\u0142atno\u015bci<\/td><td>API<br>Formularz P\u0142atno\u015bci<br>Wtyczka PrestaShop<br>Wtyczka WooCommerce<br>Wtyczka Magento<\/td><\/tr><tr><td><a href=\"https:\/\/www.qly.docs.pay.sibs.com\/payment-methods\/apple-pay\/\" data-type=\"page\" data-id=\"1051\">Apple Pay<\/a><\/td><td>Portfele cyfrowe<\/td><td>Czechy, Estonia, Francja, Hiszpania, Holandia, Niemcy, Polska, Portugalia, Rumunia, S\u0142owacja<\/td><td>CZK, EUR, PLN, RON<\/td><td>Wst\u0119pnie autoryzowane przechwytywanie<br>Zakup jednorazowy<br>Cz\u0119\u015bciowe przechwytywanie<br>Cz\u0119\u015bciowy zwrot koszt\u00f3w<br>Subscrypcje<br>Zwroty koszt\u00f3w<br>Anulowanie<br>Link do P\u0142atno\u015bci<\/td><td>API<br>Formularz P\u0142atno\u015bci<br>Wtyczka Prestashop<br>Wtyczka WooCommerce<br>Wtyczka Magento<\/td><\/tr><tr><td><a href=\"https:\/\/www.qly.docs.pay.sibs.com\/pl\/metody-platnosci\/google-pay\/\" data-type=\"page\" data-id=\"1053\">Google Pay<\/a><\/td><td>Portfele cyfrowe<\/td><td>Czechy, Estonia, Francja, Hiszpania, Holandia, Niemcy, Polska, Portugalia, Rumunia, S\u0142owacja<\/td><td>CZK, EUR, PLN, RON<\/td><td>Wst\u0119pnie autoryzowane przechwytywanie<br>Zakup jednorazowy<br>Cz\u0119\u015bciowe przechwytywanie<br>Cz\u0119\u015bciowy zwrot koszt\u00f3w<br>Subscrypcje<br>Zwroty koszt\u00f3w<br>Anulowanie<br>Link do P\u0142atno\u015bci<\/td><td>API<br>Formularz P\u0142atno\u015bci<br>Wtyczka Prestashop<br>Wtyczka WooCommerce<br>Wtyczka Magento<\/td><\/tr><tr><td><a href=\"https:\/\/www.qly.docs.pay.sibs.com\/pl\/metody-platnosci\/polecenie-zaplaty-sepa\/\">Polecenie zap\u0142aty SEPA<\/a><\/td><td>Polecenie zap\u0142aty<\/td><td>Austria, Belgia, Bu\u0142garia, Chorwacja, Cypr, Czechy, Dania, Estonia, Finlandia, Francja, Grecja, Hiszpania, Holandia, Irlandia, Islandia, Liechtenstein, Litwa, Luksemburg, \u0141otwa, Malta, Niemcy, Norwegia, Polska, Portugalia, Rumunia, S\u0142owacja, Szwajcaria, Szwecja, W\u0119gry, W\u0142ochy<\/td><td>EUR<\/td><td>Cz\u0119\u015bciowy zwrot koszt\u00f3w<br>Zwroty koszt\u00f3w<\/td><td>API<br>Formularz P\u0142atno\u015bci<br>Wtyczka Prestashop<br>Wtyczka WooCommerce<br>Wtyczka Magento<\/td><\/tr><tr><td><a href=\"https:\/\/www.docs.pay.sibs.com\/pl\/metody-platnosci\/sepa-credit-transfer\/\" target=\"_blank\" rel=\"noreferrer noopener\">SEPA CT<\/a><\/td><td>Przelew bankowy<\/td><td>Strefa SEPA<br><\/td><td>EUR<\/td><td>Inicjacja, \u015bledzenie statusu, powiadomienia (webhooki)<\/td><td>API<\/td><\/tr><tr><td><a href=\"https:\/\/www.qly.docs.pay.sibs.com\/pl\/metody-platnosci\/inne\/bancontact\/\">Bancontact<\/a><\/td><td>Karty<\/td><td>Belgia<\/td><td>EUR<\/td><td>Cz\u0119\u015bciowy zwrot koszt\u00f3w<br>Zwroty koszt\u00f3w<br>Anulowanie<br>Link do P\u0142atno\u015bci<\/td><td>API<br>Formularz P\u0142atno\u015bci<br>Wtyczka Prestashop<br>Wtyczka WooCommerce<br>Wtyczka Magento<\/td><\/tr><tr><td><a href=\"https:\/\/www.qly.docs.pay.sibs.com\/pl\/sibs-gateway-dokumentacja\/metody-platnosci\/inne\/bizum\/\">Bizum<\/a><\/td><td>Bankowo\u015b\u0107 internetowa<\/td><td>Hiszpania<\/td><td>EUR<\/td><td>Zakup jednorazowy<br>Cz\u0119\u015bciowy zwrot koszt\u00f3w<br>Zwroty koszt\u00f3w<br>Anulowanie<br>Link do P\u0142atno\u015bci<\/td><td>API<br>Formularz P\u0142atno\u015bci<\/td><\/tr><tr><td><a href=\"https:\/\/www.qly.docs.pay.sibs.com\/pl\/metody-platnosci\/inne\/ideal\/\">iDEAL<\/a><\/td><td>Bankowo\u015b\u0107 internetowa<\/td><td>Holandia<\/td><td>EUR<\/td><td>Zakup jednorazowy<br>Cz\u0119\u015bciowy zwrot koszt\u00f3w<br>Zwroty koszt\u00f3w<br>Anulowanie<br>Link do P\u0142atno\u015bci<\/td><td>API<br>Formularz P\u0142atno\u015bci<br>Wtyczka Prestashop<br>Wtyczka WooCommerce<br>Wtyczka Magento<\/td><\/tr><tr><td><a href=\"https:\/\/www.qly.docs.pay.sibs.com\/pl\/metody-platnosci\/inne\/przelewy24\/\">Przelewy24<\/a><\/td><td>Bankowo\u015b\u0107 internetowa<\/td><td>Polska<\/td><td>PLN<\/td><td>Cz\u0119\u015bciowy zwrot koszt\u00f3w<br>Zwroty koszt\u00f3w<br>Anulowanie<br>Link do P\u0142atno\u015bci<\/td><td>API<br>Formularz P\u0142atno\u015bci<br>Wtyczka Prestashop<br>Wtyczka WooCommerce<br>Wtyczka Magento<\/td><\/tr><\/tbody><\/table><\/figure>\n\n\n\n<p><\/p>\n\n\n\n<p><\/p>\n","protected":false},"excerpt":{"rendered":"<p>Nasze elastyczne rozwi\u0105zanie p\u0142atnicze jest dostosowane do preferowanych przez klient\u00f3w opcji p\u0142atno\u015bci, niezale\u017cnie od tego, czy s\u0105 to g\u0142\u00f3wne systemy kart p\u0142atniczych, czy szereg alternatywnych metod p\u0142atno\u015bci, umo\u017cliwiamy Twojej firmie przyjmowanie p\u0142atno\u015bci bez wysi\u0142ku. Dzi\u0119ki SIBS mo\u017cesz obs\u0142ugiwa\u0107 transakcje w r\u00f3\u017cnych kana\u0142ach p\u0142atno\u015bci, usprawniaj\u0105c proces i poprawiaj\u0105c og\u00f3lne wra\u017cenia zakupowe klient\u00f3w. Poni\u017cej znajduj\u0105 si\u0119 szczeg\u00f3\u0142owe [&hellip;]<\/p>\n","protected":false},"author":1,"featured_media":0,"parent":9923,"menu_order":3,"comment_status":"closed","ping_status":"closed","template":"","meta":{"_acf_changed":false,"_eb_attr":"","footnotes":""},"class_list":["post-10574","page","type-page","status-publish","hentry","has-post-title","has-post-date","has-post-category","has-post-tag","has-post-comment","has-post-author",""],"acf":[],"builder_content":"","_links":{"self":[{"href":"https:\/\/www.qly.docs.pay.sibs.com\/pl\/wp-json\/wp\/v2\/pages\/10574","targetHints":{"allow":["GET"]}}],"collection":[{"href":"https:\/\/www.qly.docs.pay.sibs.com\/pl\/wp-json\/wp\/v2\/pages"}],"about":[{"href":"https:\/\/www.qly.docs.pay.sibs.com\/pl\/wp-json\/wp\/v2\/types\/page"}],"author":[{"embeddable":true,"href":"https:\/\/www.qly.docs.pay.sibs.com\/pl\/wp-json\/wp\/v2\/users\/1"}],"replies":[{"embeddable":true,"href":"https:\/\/www.qly.docs.pay.sibs.com\/pl\/wp-json\/wp\/v2\/comments?post=10574"}],"version-history":[{"count":4,"href":"https:\/\/www.qly.docs.pay.sibs.com\/pl\/wp-json\/wp\/v2\/pages\/10574\/revisions"}],"predecessor-version":[{"id":29717,"href":"https:\/\/www.qly.docs.pay.sibs.com\/pl\/wp-json\/wp\/v2\/pages\/10574\/revisions\/29717"}],"up":[{"embeddable":true,"href":"https:\/\/www.qly.docs.pay.sibs.com\/pl\/wp-json\/wp\/v2\/pages\/9923"}],"wp:attachment":[{"href":"https:\/\/www.qly.docs.pay.sibs.com\/pl\/wp-json\/wp\/v2\/media?parent=10574"}],"curies":[{"name":"wp","href":"https:\/\/api.w.org\/{rel}","templated":true}]}}