{"id":10572,"date":"2023-06-22T15:33:41","date_gmt":"2023-06-22T15:33:41","guid":{"rendered":"https:\/\/www.qly.docs.pay.sibs.com\/sibs-backoffice-2\/konfiguracja-sprzedawcy\/"},"modified":"2024-04-02T15:51:53","modified_gmt":"2024-04-02T15:51:53","slug":"konfiguracja-sprzedawcy","status":"publish","type":"page","link":"https:\/\/www.qly.docs.pay.sibs.com\/pl\/sibs-gateway-dokumentacja\/sibs-backoffice\/konfiguracja-sprzedawcy\/","title":{"rendered":"Konfiguracja sprzedawcy"},"content":{"rendered":"<!-- wp:themify-builder\/canvas \/-->\n<p>Informacje o sprzedawcy s\u0105 skondensowane w menu &#8222;Konfiguracja&#8221; i &#8222;SIBS Payment Gateway&#8221;.<\/p>\n\n<p>Menu &#8222;Konfiguracja&#8221; sk\u0142ada si\u0119 z kilku podmenu, w tym &#8222;Sklepy&#8221;, &#8222;Terminale&#8221;, &#8222;U\u017cytkownicy&#8221; i &#8222;Podmioty p\u0142atno\u015bci&#8221;.<\/p>\n\n<figure class=\"wp-block-image size-full is-resized\"><img loading=\"lazy\" decoding=\"async\" src=\"https:\/\/www.qly.docs.pay.sibs.com\/wp-content\/uploads\/2023\/09\/stores-1.png\" alt=\"\" class=\"wp-image-8085\" style=\"width:838px;height:252px\" width=\"838\" height=\"252\" srcset=\"https:\/\/www.qly.docs.pay.sibs.com\/wp-content\/uploads\/2023\/09\/stores-1.png 1440w, https:\/\/www.qly.docs.pay.sibs.com\/wp-content\/uploads\/2023\/09\/stores-1-300x90.png 300w, https:\/\/www.qly.docs.pay.sibs.com\/wp-content\/uploads\/2023\/09\/stores-1-768x231.png 768w, https:\/\/www.qly.docs.pay.sibs.com\/wp-content\/uploads\/2023\/09\/stores-1-1024x308.png 1024w\" sizes=\"auto, (max-width: 838px) 100vw, 838px\" \/><\/figure>\n\n<h3 class=\"wp-block-heading\">Sklep<\/h3>\n\n<p>Lista sklep\u00f3w sprzedawcy, kt\u00f3r\u0105 mo\u017cna filtrowa\u0107 za pomoc\u0105 szybkiego wyszukiwania na podstawie w\u0142a\u015bciwo\u015bci takich jak kod, nazwa, kierownik, adres i lokalizacja; z opcj\u0105 przegl\u0105dania szczeg\u00f3\u0142\u00f3w sklepu, edytowania sklep\u00f3w i zAPI (full code)sywania zmian lub usuwania sklep\u00f3w.<\/p>\n\n<h3 class=\"wp-block-heading\">Terminal<\/h3>\n\n<p>Menu &#8222;Terminale&#8221; wy\u015bwietla list\u0119 wszystkich zarejestrowanych terminali z podsumowaniem informacji i zapewnia u\u017cytkownikom szybkie filtry do wyszukiwania terminali na podstawie okre\u015blonych kryteri\u00f3w; nazwa terminala jest jedynym edytowalnym polem, a u\u017cytkownicy mog\u0105 wy\u015bwietli\u0107 szczeg\u00f3\u0142owy widok wybranego terminala, klikaj\u0105c przycisk rozwijania.<\/p>\n\n<h3 class=\"wp-block-heading\">Umowa<\/h3>\n\n<p>Strona um\u00f3w pozwala u\u017cytkownikowi wybra\u0107 sklep spo\u015br\u00f3d dost\u0119pnych opcji. Po wybraniu sklepu wy\u015bwietlane s\u0105 odpowiednie umowy.<\/p>\n\n<h3 class=\"wp-block-heading\">Dodaj dane uwierzytelniaj\u0105ce i uzyskaj Client ID oraz warto\u015b\u0107 &#8222;Tajne&#8221; (Secret)<\/h3>\n\n<p>Gdy sprzedawcy zostan\u0105 zonboardowani, otrzymuj\u0105 dost\u0119p do menu &#8222;Po\u015bwiadczenia&#8221; w menu &#8222;SIBS Payment Gateway Pozwala im to dodawa\u0107 nowe dane uwierzytelniaj\u0105ce, przegl\u0105da\u0107 list\u0119 istniej\u0105cych i sprawdza\u0107 ich status &#8211; czy s\u0105 aktywne, czy nieaktywne.<\/p>\n\n<p>Informacje techniczne niezb\u0119dne do wywo\u0142ywania interfejs\u00f3w API SIBS Gateway mo\u017cna znale\u017a\u0107 w menu &#8222;APP SPG 2.0&#8221;. Tutaj mo\u017cna uzyska\u0107 Identyfikator Klienta (Client ID) API i Client Secret, klikaj\u0105c przycisk &#8222;Pobierz&#8221; i weryfikuj\u0105c za pomoc\u0105 has\u0142a. Wa\u017cne jest, aby zachowa\u0107 bezpiecze\u0144stwo tych informacji i uwzgl\u0119dni\u0107 je jako warto\u015b\u0107 odpowiednich p\u00f3l nag\u0142\u00f3wka HTTP w ka\u017cdym wywo\u0142aniu API. Aby skopiowa\u0107 warto\u015bci, wystarczy klikn\u0105\u0107 przycisk kopiowania.<\/p>\n\n<figure class=\"wp-block-image size-full\"><img loading=\"lazy\" decoding=\"async\" width=\"2540\" height=\"856\" src=\"https:\/\/www.qly.docs.pay.sibs.com\/wp-content\/uploads\/2023\/09\/spg_list.png\" alt=\"\" class=\"wp-image-8088\" srcset=\"https:\/\/www.qly.docs.pay.sibs.com\/wp-content\/uploads\/2023\/09\/spg_list.png 2540w, https:\/\/www.qly.docs.pay.sibs.com\/wp-content\/uploads\/2023\/09\/spg_list-300x101.png 300w, https:\/\/www.qly.docs.pay.sibs.com\/wp-content\/uploads\/2023\/09\/spg_list-768x259.png 768w, https:\/\/www.qly.docs.pay.sibs.com\/wp-content\/uploads\/2023\/09\/spg_list-1024x345.png 1024w, https:\/\/www.qly.docs.pay.sibs.com\/wp-content\/uploads\/2023\/09\/spg_list-1536x518.png 1536w, https:\/\/www.qly.docs.pay.sibs.com\/wp-content\/uploads\/2023\/09\/spg_list-2048x690.png 2048w\" sizes=\"auto, (max-width: 2540px) 100vw, 2540px\" \/><\/figure>\n","protected":false},"excerpt":{"rendered":"<p>Informacje o sprzedawcy s\u0105 skondensowane w menu &#8222;Konfiguracja&#8221; i &#8222;SIBS Payment Gateway&#8221;. Menu &#8222;Konfiguracja&#8221; sk\u0142ada si\u0119 z kilku podmenu, w tym &#8222;Sklepy&#8221;, &#8222;Terminale&#8221;, &#8222;U\u017cytkownicy&#8221; i &#8222;Podmioty p\u0142atno\u015bci&#8221;. Sklep Lista sklep\u00f3w sprzedawcy, kt\u00f3r\u0105 mo\u017cna filtrowa\u0107 za pomoc\u0105 szybkiego wyszukiwania na podstawie w\u0142a\u015bciwo\u015bci takich jak kod, nazwa, kierownik, adres i lokalizacja; z opcj\u0105 przegl\u0105dania szczeg\u00f3\u0142\u00f3w sklepu, edytowania [&hellip;]<\/p>\n","protected":false},"author":3,"featured_media":0,"parent":10440,"menu_order":2,"comment_status":"closed","ping_status":"closed","template":"","meta":{"_acf_changed":false,"_eb_attr":"","footnotes":""},"class_list":["post-10572","page","type-page","status-publish","hentry","has-post-title","has-post-date","has-post-category","has-post-tag","has-post-comment","has-post-author",""],"acf":[],"builder_content":"","_links":{"self":[{"href":"https:\/\/www.qly.docs.pay.sibs.com\/pl\/wp-json\/wp\/v2\/pages\/10572","targetHints":{"allow":["GET"]}}],"collection":[{"href":"https:\/\/www.qly.docs.pay.sibs.com\/pl\/wp-json\/wp\/v2\/pages"}],"about":[{"href":"https:\/\/www.qly.docs.pay.sibs.com\/pl\/wp-json\/wp\/v2\/types\/page"}],"author":[{"embeddable":true,"href":"https:\/\/www.qly.docs.pay.sibs.com\/pl\/wp-json\/wp\/v2\/users\/3"}],"replies":[{"embeddable":true,"href":"https:\/\/www.qly.docs.pay.sibs.com\/pl\/wp-json\/wp\/v2\/comments?post=10572"}],"version-history":[{"count":1,"href":"https:\/\/www.qly.docs.pay.sibs.com\/pl\/wp-json\/wp\/v2\/pages\/10572\/revisions"}],"predecessor-version":[{"id":10573,"href":"https:\/\/www.qly.docs.pay.sibs.com\/pl\/wp-json\/wp\/v2\/pages\/10572\/revisions\/10573"}],"up":[{"embeddable":true,"href":"https:\/\/www.qly.docs.pay.sibs.com\/pl\/wp-json\/wp\/v2\/pages\/10440"}],"wp:attachment":[{"href":"https:\/\/www.qly.docs.pay.sibs.com\/pl\/wp-json\/wp\/v2\/media?parent=10572"}],"curies":[{"name":"wp","href":"https:\/\/api.w.org\/{rel}","templated":true}]}}