{"id":10570,"date":"2023-09-08T13:24:18","date_gmt":"2023-09-08T13:24:18","guid":{"rendered":"https:\/\/www.qly.docs.pay.sibs.com\/pelna-personalizacja\/"},"modified":"2024-04-18T14:17:21","modified_gmt":"2024-04-18T14:17:21","slug":"pelna-personalizacja","status":"publish","type":"page","link":"https:\/\/www.qly.docs.pay.sibs.com\/pl\/sibs-gateway-dokumentacja\/pelna-personalizacja\/","title":{"rendered":"Pe\u0142na personalizacja"},"content":{"rendered":"<!-- wp:themify-builder\/canvas \/-->\n<p>Dzi\u0119ki naszej opcji pe\u0142nej personalizacji (white-label) mo\u017cesz przyj\u0105\u0107 w pe\u0142ni markowe i spersonalizowane rozwi\u0105zanie, kt\u00f3re odpowiada Twoim potrzebom biznesowym, jednocze\u015bnie zwi\u0119kszaj\u0105c rozpoznawalno\u015b\u0107 Twojej marki.<\/p>\n\n<p>Mo\u017cesz mie\u0107 pewno\u015b\u0107, \u017ce do\u015bwiadczenie klient\u00f3w przy kasie, ca\u0142a komunikacja z nimi i identyfikacja wizualna platformy backoffice pozostaj\u0105 zsynchronizowane z Twoj\u0105 mark\u0105.<\/p>\n\n<p>W tym celu prezentujemy trzy poziomy pe\u0142nej personalizacji:<\/p>\n\n<h6 class=\"wp-block-heading\"><a href=\"#level-one\">Poziom 1: Formularz p\u0142atno\u015bci<\/a><br\/><a href=\"#level-two\">Poziom 2: Formularz p\u0142atno\u015bci i wiadomo\u015bci wychodz\u0105ce<\/a><\/h6>\n\n<h3 class=\"wp-block-heading\" id=\"level-one\">Poziom 1: Formularz p\u0142atno\u015bci<\/h3>\n\n<p>Od dodania logo po personalizacj\u0119 opcji stylizacji, kolor\u00f3w marki, czcionek, a nawet strony \u0142adowania, umo\u017cliwiamy tworzenie sp\u00f3jnych i markowych do\u015bwiadcze\u0144 p\u0142atniczych dla klient\u00f3w.<\/p>\n\n<h3 class=\"wp-block-heading\" id=\"level-two\">Poziom 2: Formularz p\u0142atno\u015bci i wiadomo\u015bci wychodz\u0105ce<\/h3>\n\n<p>Opr\u00f3cz dostosowywania formularzy p\u0142atno\u015bci, mo\u017cna r\u00f3wnie\u017c nada\u0107 wychodz\u0105cym wiadomo\u015bciom e-mail spersonalizowany charakter poprzez w\u0142\u0105czenie logo marki, spersonalizowanie nazwy nadawcy i dostosowanie ujawnienia polityki prywatno\u015bci firmy. Takie podej\u015bcie zapewnia, \u017ce ka\u017cdy aspekt interakcji z klientem odzwierciedla unikaln\u0105 to\u017csamo\u015b\u0107 marki.<\/p>\n\n<p>Aby uzyska\u0107 wi\u0119cej informacji na temat naszego rozwi\u0105zania pe\u0142nej personalizacji (White Label), <a href=\"mailto:ecommerce@paytel.pl\" data-type=\"mailto\" data-id=\"mailto:ecommerce@paytel.pl\">skontaktuj si\u0119 z nami<\/a>.<\/p>\n","protected":false},"excerpt":{"rendered":"<p>Dzi\u0119ki naszej opcji pe\u0142nej personalizacji (white-label) mo\u017cesz przyj\u0105\u0107 w pe\u0142ni markowe i spersonalizowane rozwi\u0105zanie, kt\u00f3re odpowiada Twoim potrzebom biznesowym, jednocze\u015bnie zwi\u0119kszaj\u0105c rozpoznawalno\u015b\u0107 Twojej marki. Mo\u017cesz mie\u0107 pewno\u015b\u0107, \u017ce do\u015bwiadczenie klient\u00f3w przy kasie, ca\u0142a komunikacja z nimi i identyfikacja wizualna platformy backoffice pozostaj\u0105 zsynchronizowane z Twoj\u0105 mark\u0105. W tym celu prezentujemy trzy poziomy pe\u0142nej personalizacji: Poziom [&hellip;]<\/p>\n","protected":false},"author":2,"featured_media":0,"parent":9923,"menu_order":0,"comment_status":"closed","ping_status":"closed","template":"","meta":{"_acf_changed":false,"_eb_attr":"","footnotes":""},"class_list":["post-10570","page","type-page","status-publish","hentry","has-post-title","has-post-date","has-post-category","has-post-tag","has-post-comment","has-post-author",""],"acf":[],"builder_content":"","_links":{"self":[{"href":"https:\/\/www.qly.docs.pay.sibs.com\/pl\/wp-json\/wp\/v2\/pages\/10570","targetHints":{"allow":["GET"]}}],"collection":[{"href":"https:\/\/www.qly.docs.pay.sibs.com\/pl\/wp-json\/wp\/v2\/pages"}],"about":[{"href":"https:\/\/www.qly.docs.pay.sibs.com\/pl\/wp-json\/wp\/v2\/types\/page"}],"author":[{"embeddable":true,"href":"https:\/\/www.qly.docs.pay.sibs.com\/pl\/wp-json\/wp\/v2\/users\/2"}],"replies":[{"embeddable":true,"href":"https:\/\/www.qly.docs.pay.sibs.com\/pl\/wp-json\/wp\/v2\/comments?post=10570"}],"version-history":[{"count":4,"href":"https:\/\/www.qly.docs.pay.sibs.com\/pl\/wp-json\/wp\/v2\/pages\/10570\/revisions"}],"predecessor-version":[{"id":10658,"href":"https:\/\/www.qly.docs.pay.sibs.com\/pl\/wp-json\/wp\/v2\/pages\/10570\/revisions\/10658"}],"up":[{"embeddable":true,"href":"https:\/\/www.qly.docs.pay.sibs.com\/pl\/wp-json\/wp\/v2\/pages\/9923"}],"wp:attachment":[{"href":"https:\/\/www.qly.docs.pay.sibs.com\/pl\/wp-json\/wp\/v2\/media?parent=10570"}],"curies":[{"name":"wp","href":"https:\/\/api.w.org\/{rel}","templated":true}]}}