{"id":10548,"date":"2023-06-14T09:47:09","date_gmt":"2023-06-14T09:47:09","guid":{"rendered":"https:\/\/www.qly.docs.pay.sibs.com\/store-cards\/"},"modified":"2024-04-02T16:53:00","modified_gmt":"2024-04-02T16:53:00","slug":"store-cards","status":"publish","type":"page","link":"https:\/\/www.qly.docs.pay.sibs.com\/pl\/sibs-gateway-dokumentacja\/funkcjonalnosci-platnosci-online\/store-cards\/","title":{"rendered":"Store cards"},"content":{"rendered":"<!-- wp:themify-builder\/canvas \/-->\n<p>SIBS Gateway oferuje rozwi\u0105zanie do bezpiecznego przechowywania i zarz\u0105dzania danymi p\u0142atno\u015bci klient\u00f3w.<\/p>\n\n<p>Wykorzystuj\u0105c funkcj\u0119 kart sklepowych, firmy mog\u0105 zoptymalizowa\u0107 swoje przep\u0142ywy pracy zwi\u0105zane z p\u0142atno\u015bciami, usprawni\u0107 przysz\u0142e transakcje, zwi\u0119kszy\u0107 bezpiecze\u0144stwo i zapewni\u0107 klientom p\u0142ynn\u0105 obs\u0142ug\u0119 przy kasie. <\/p>\n\n<p>Oferujemy szereg opcji Store Cards, w tym:<\/p>\n\n<div id=\"link-cards-block_e3d5c426c47691773c0e0dd2f2ced3c5\" class=\"block-link-cards\">\n            <div class=\"row\">\n                                                <div class=\"link-card-col\">\n                        <p>Link inv\u00e1lido ou incompleto.<\/p>\n                    <\/div>\n                                    <\/div>\n    <\/div>\n\n<script>\ndocument.addEventListener('DOMContentLoaded', function() {\n    \/\/ Get all the rows of link cards\n    var rows = document.querySelectorAll('.block-link-cards .row');\n\n    \/\/ Loop through each row\n    rows.forEach(function(row) {\n        \/\/ Get all the link cards in the row\n        var linkCards = row.querySelectorAll('.link-card-col');\n\n        \/\/ Find the tallest card height in the row\n        var tallestCardHeight = 0;\n        linkCards.forEach(function(card) {\n            card.style.height = ''; \/\/ Reset the height to auto\n            var cardHeight = card.offsetHeight;\n            if (cardHeight > tallestCardHeight) {\n                tallestCardHeight = cardHeight;\n            }\n        });\n\n        \/\/ Set the height of all link cards in the row to the tallest card height\n        linkCards.forEach(function(card) {\n            card.style.height = tallestCardHeight + 'px';\n        });\n    });\n});\n<\/script>\n\n","protected":false},"excerpt":{"rendered":"<p>SIBS Gateway oferuje rozwi\u0105zanie do bezpiecznego przechowywania i zarz\u0105dzania danymi p\u0142atno\u015bci klient\u00f3w. Wykorzystuj\u0105c funkcj\u0119 kart sklepowych, firmy mog\u0105 zoptymalizowa\u0107 swoje przep\u0142ywy pracy zwi\u0105zane z p\u0142atno\u015bciami, usprawni\u0107 przysz\u0142e transakcje, zwi\u0119kszy\u0107 bezpiecze\u0144stwo i zapewni\u0107 klientom p\u0142ynn\u0105 obs\u0142ug\u0119 przy kasie. Oferujemy szereg opcji Store Cards, w tym:<\/p>\n","protected":false},"author":1,"featured_media":0,"parent":10580,"menu_order":0,"comment_status":"closed","ping_status":"closed","template":"","meta":{"_acf_changed":false,"_eb_attr":"","footnotes":""},"class_list":["post-10548","page","type-page","status-publish","hentry","has-post-title","has-post-date","has-post-category","has-post-tag","has-post-comment","has-post-author",""],"acf":[],"builder_content":"","_links":{"self":[{"href":"https:\/\/www.qly.docs.pay.sibs.com\/pl\/wp-json\/wp\/v2\/pages\/10548","targetHints":{"allow":["GET"]}}],"collection":[{"href":"https:\/\/www.qly.docs.pay.sibs.com\/pl\/wp-json\/wp\/v2\/pages"}],"about":[{"href":"https:\/\/www.qly.docs.pay.sibs.com\/pl\/wp-json\/wp\/v2\/types\/page"}],"author":[{"embeddable":true,"href":"https:\/\/www.qly.docs.pay.sibs.com\/pl\/wp-json\/wp\/v2\/users\/1"}],"replies":[{"embeddable":true,"href":"https:\/\/www.qly.docs.pay.sibs.com\/pl\/wp-json\/wp\/v2\/comments?post=10548"}],"version-history":[{"count":1,"href":"https:\/\/www.qly.docs.pay.sibs.com\/pl\/wp-json\/wp\/v2\/pages\/10548\/revisions"}],"predecessor-version":[{"id":10549,"href":"https:\/\/www.qly.docs.pay.sibs.com\/pl\/wp-json\/wp\/v2\/pages\/10548\/revisions\/10549"}],"up":[{"embeddable":true,"href":"https:\/\/www.qly.docs.pay.sibs.com\/pl\/wp-json\/wp\/v2\/pages\/10580"}],"wp:attachment":[{"href":"https:\/\/www.qly.docs.pay.sibs.com\/pl\/wp-json\/wp\/v2\/media?parent=10548"}],"curies":[{"name":"wp","href":"https:\/\/api.w.org\/{rel}","templated":true}]}}