{"id":10544,"date":"2023-06-22T15:35:38","date_gmt":"2023-06-22T15:35:38","guid":{"rendered":"https:\/\/www.qly.docs.pay.sibs.com\/zasoby-do-rozwoju\/"},"modified":"2025-10-20T14:53:20","modified_gmt":"2025-10-20T14:53:20","slug":"zasoby-dla-programistow","status":"publish","type":"page","link":"https:\/\/www.qly.docs.pay.sibs.com\/pl\/sibs-gateway-dokumentacja\/zasoby-dla-programistow\/","title":{"rendered":"Zasoby dla programist\u00f3w"},"content":{"rendered":"<!-- wp:themify-builder\/canvas \/-->\n\n\n<p>Po zidentyfikowaniu typu <a href=\"https:\/\/www.qly.docs.pay.sibs.com\/integrations\/\" data-type=\"URL\" data-id=\"https:\/\/www.qly.docs.pay.sibs.com\/integrations\/\">integracji<\/a> , kt\u00f3ry odpowiada Twoim potrzebom, post\u0119puj zgodnie z naszymi szczeg\u00f3\u0142owymi przewodnikami integracji, aby efektywnie wykorzysta\u0107 t\u0119 sekcj\u0119. <\/p>\n\n\n\n<p>Wykorzystaj informacje zawarte w tym dokumencie jako wiarygodny punkt odniesienia w ca\u0142ym procesie integracji, umo\u017cliwiaj\u0105c wydajn\u0105 integracj\u0119 naszych us\u0142ug z systemem.<\/p>\n\n\n\n<div id=\"link-cards-block_b444db5d7461e5dd194f6310bd9dc412\" class=\"block-link-cards\">\n            <div class=\"row\">\n                                                <a href=\"https:\/\/www.qly.docs.pay.sibs.com\/pl\/zasoby-dla-programistow\/punkty-koncowe\/\" target=\"\">\n                        <div class=\"link-card-col\">\n                                                            <h5>Punkty ko\u0144cowe<\/h5>\n                                <p>Sprawd\u017a list\u0119 dost\u0119pnych punkt\u00f3w ko\u0144cowych testowych i produkcyjnych.<\/p>\n                                <div id=\"go-arrow-right\"> Learn More <\/div>\n                                                    <\/div>\n                    <\/a>\n                                                                <a href=\"https:\/\/www.qly.docs.pay.sibs.com\/pl\/sibs-gateway-dokumentacja\/zasoby-dla-programistow\/do-testowania\/\" target=\"\">\n                        <div class=\"link-card-col\">\n                                                            <h5>Do testowania<\/h5>\n                                <p>Niezb\u0119dne narz\u0119dzia i zasoby do testowania.<\/p>\n                                <div id=\"go-arrow-right\"> Learn More <\/div>\n                                                    <\/div>\n                    <\/a>\n                                                                <a href=\"https:\/\/www.docs.pay.sibs.com\/pl\/zasoby-dla-programistow\/api-certificate\/\" target=\"\">\n                        <div class=\"link-card-col\">\n                                                            <h5>Certyfikat API<\/h5>\n                                <p>Nowy certyfikat API<\/p>\n                                <div id=\"go-arrow-right\"> Learn More <\/div>\n                                                    <\/div>\n                    <\/a>\n                                    <\/div>\n    <\/div>\n\n<script>\ndocument.addEventListener('DOMContentLoaded', function() {\n    \/\/ Get all the rows of link cards\n    var rows = document.querySelectorAll('.block-link-cards .row');\n\n    \/\/ Loop through each row\n    rows.forEach(function(row) {\n        \/\/ Get all the link cards in the row\n        var linkCards = row.querySelectorAll('.link-card-col');\n\n        \/\/ Find the tallest card height in the row\n        var tallestCardHeight = 0;\n        linkCards.forEach(function(card) {\n            card.style.height = ''; \/\/ Reset the height to auto\n            var cardHeight = card.offsetHeight;\n            if (cardHeight > tallestCardHeight) {\n                tallestCardHeight = cardHeight;\n            }\n        });\n\n        \/\/ Set the height of all link cards in the row to the tallest card height\n        linkCards.forEach(function(card) {\n            card.style.height = tallestCardHeight + 'px';\n        });\n    });\n});\n<\/script>\n\n","protected":false},"excerpt":{"rendered":"<p>Po zidentyfikowaniu typu integracji , kt\u00f3ry odpowiada Twoim potrzebom, post\u0119puj zgodnie z naszymi szczeg\u00f3\u0142owymi przewodnikami integracji, aby efektywnie wykorzysta\u0107 t\u0119 sekcj\u0119. Wykorzystaj informacje zawarte w tym dokumencie jako wiarygodny punkt odniesienia w ca\u0142ym procesie integracji, umo\u017cliwiaj\u0105c wydajn\u0105 integracj\u0119 naszych us\u0142ug z systemem.<\/p>\n","protected":false},"author":3,"featured_media":0,"parent":9923,"menu_order":12,"comment_status":"closed","ping_status":"closed","template":"","meta":{"_acf_changed":false,"_eb_attr":"","footnotes":""},"class_list":["post-10544","page","type-page","status-publish","hentry","has-post-title","has-post-date","has-post-category","has-post-tag","has-post-comment","has-post-author",""],"acf":[],"builder_content":"","_links":{"self":[{"href":"https:\/\/www.qly.docs.pay.sibs.com\/pl\/wp-json\/wp\/v2\/pages\/10544","targetHints":{"allow":["GET"]}}],"collection":[{"href":"https:\/\/www.qly.docs.pay.sibs.com\/pl\/wp-json\/wp\/v2\/pages"}],"about":[{"href":"https:\/\/www.qly.docs.pay.sibs.com\/pl\/wp-json\/wp\/v2\/types\/page"}],"author":[{"embeddable":true,"href":"https:\/\/www.qly.docs.pay.sibs.com\/pl\/wp-json\/wp\/v2\/users\/3"}],"replies":[{"embeddable":true,"href":"https:\/\/www.qly.docs.pay.sibs.com\/pl\/wp-json\/wp\/v2\/comments?post=10544"}],"version-history":[{"count":4,"href":"https:\/\/www.qly.docs.pay.sibs.com\/pl\/wp-json\/wp\/v2\/pages\/10544\/revisions"}],"predecessor-version":[{"id":25631,"href":"https:\/\/www.qly.docs.pay.sibs.com\/pl\/wp-json\/wp\/v2\/pages\/10544\/revisions\/25631"}],"up":[{"embeddable":true,"href":"https:\/\/www.qly.docs.pay.sibs.com\/pl\/wp-json\/wp\/v2\/pages\/9923"}],"wp:attachment":[{"href":"https:\/\/www.qly.docs.pay.sibs.com\/pl\/wp-json\/wp\/v2\/media?parent=10544"}],"curies":[{"name":"wp","href":"https:\/\/api.w.org\/{rel}","templated":true}]}}