{"id":10473,"date":"2023-06-14T09:53:50","date_gmt":"2023-06-14T09:53:50","guid":{"rendered":"https:\/\/www.qly.docs.pay.sibs.com\/finanse-i-raportowanie\/wyplaty\/"},"modified":"2024-03-20T16:46:09","modified_gmt":"2024-03-20T16:46:09","slug":"wyplaty","status":"publish","type":"page","link":"https:\/\/www.qly.docs.pay.sibs.com\/pl\/sibs-gateway-dokumentacja\/finanse-i-raportowanie\/wyplaty\/","title":{"rendered":"Wyp\u0142aty"},"content":{"rendered":"<!-- wp:themify-builder\/canvas \/-->\n<p>W tej sekcji zajmiemy si\u0119 wyp\u0142atami i zwi\u0105zanymi z nimi procesami.<\/p>\n\n<h3 class=\"wp-block-heading\">Rozliczenie brutto i netto<\/h3>\n\n<p>Oferujemy elastyczno\u015b\u0107 zar\u00f3wno rozlicze\u0144 <strong>brutto,<\/strong> jak i <strong>netto<\/strong> lub typ\u00f3w wyp\u0142at. <\/p>\n\n<p>W przypadku <strong>netto<\/strong> <strong>rozliczenia<\/strong>, prowizje s\u0105 odejmowane od wyp\u0142aty po za\u0142adowaniu transakcji do systemu. Odliczenie to nast\u0119puje podczas nast\u0119pnej realizacji wyp\u0142aty, kt\u00f3ra zwykle nast\u0119puje nast\u0119pnego dnia po dokonaniu transakcji.<\/p>\n\n<p>Z drugiej strony, przy <strong>rozliczeniu brutto,<\/strong> prowizje s\u0105 potr\u0105cane z wyp\u0142aty 10-tego dnia miesi\u0105ca nast\u0119puj\u0105cego po fakturze, kt\u00f3rej dotycz\u0105. Je\u015bli wyznaczona data przypada na dzie\u0144 wolny od pracy, potr\u0105cenie nast\u0105pi nast\u0119pnego dnia roboczego.<\/p>\n\n<p>Je\u015bli sprzedawca prze\u0142\u0105czy si\u0119 z trybu brutto na netto lub odwrotnie, zmiana b\u0119dzie obowi\u0105zywa\u0107 tylko pierwszego dnia nast\u0119pnego miesi\u0105ca. Wynika to z faktu, \u017ce kwota prowizji w trybie netto zosta\u0142aby ju\u017c odj\u0119ta od dziennych wyp\u0142at.<\/p>\n\n<h3 class=\"wp-block-heading\">Cz\u0119stotliwo\u015b\u0107<\/h3>\n\n<p>Wyp\u0142aty s\u0105 przetwarzane codziennie, obejmuj\u0105c wszystkie transakcje utworzone w systemie mi\u0119dzy 00:10:00 UTC poprzedniego dnia a 00:10:00 UTC tego samego dnia. <\/p>\n\n<h3 class=\"wp-block-heading\">Niewystarczaj\u0105ce fundusze<\/h3>\n\n<p>W sytuacjach, w kt\u00f3rych kwota wyp\u0142aty jest niewystarczaj\u0105ca do pokrycia op\u0142aty, kt\u00f3ra ma zosta\u0107 uiszczona (takich jak anulacje, zwroty lub ponowne op\u0142aty), kolejne wyp\u0142aty b\u0119d\u0105 wykorzystywane do momentu ca\u0142kowitego uiszczenia op\u0142aty. Dotyczy to zar\u00f3wno kwoty netto, jak i brutto.<\/p>\n\n<h3 class=\"wp-block-heading\">Anulowanie<\/h3>\n\n<p>W przypadku transakcji obejmuj\u0105cych anulowanie przed wys\u0142aniem do sprzedawcy, nie b\u0119d\u0105 one brane pod uwag\u0119 w procesie wyp\u0142aty. Je\u015bli jednak anulowanie nast\u0105pi po wys\u0142aniu pieni\u0119dzy do sprzedawcy, odpowiednia kwota zostanie odj\u0119ta od kolejnej wyp\u0142aty.<\/p>\n\n<p>Na przyk\u0142ad, je\u015bli cena jest nieprawid\u0142owa i zostanie wprowadzona zmiana, zainicjujemy proces ponownego przeliczenia w celu skorygowania warto\u015bci. Przeredagowane transakcje, kt\u00f3re maj\u0105 miejsce tego samego dnia lub przed przekazaniem kwoty transakcji sprzedawcy, nie zostan\u0105 uwzgl\u0119dnione w obliczeniach wyp\u0142aty za pierwotne zdarzenie. Jednak wszelkie r\u00f3\u017cnice wynikaj\u0105ce z ponownych transakcji po transferze zostan\u0105 skorygowane, dodaj\u0105c lub zmniejszaj\u0105c kwot\u0119 z wyp\u0142aty sprzedawcy.<\/p>\n\n<h3 class=\"wp-block-heading\">Rodzaj prowizji<\/h3>\n\n<p>Sprzedawcy maj\u0105 mo\u017cliwo\u015b\u0107 wyboru pomi\u0119dzy <strong>Merchant Service Charge (MSC)<\/strong> i <strong>IF++.<\/strong><\/p>\n\n<p>W przypadku prowizji typu <strong>MSC<\/strong> kwota wyp\u0142acana sprzedawcy jest obliczana poprzez odj\u0119cie prowizji MSC od kwoty transakcji. <\/p>\n\n<p>W przypadku <strong>IF++,<\/strong> zap\u0142acona kwota odejmuje op\u0142aty interchange i op\u0142aty manipulacyjne oraz prowizj\u0119 od ca\u0142kowitej warto\u015bci transakcji w analizowanym dniu.<\/p>\n\n<p>Kwoty Cashback i Dynamic Currency Conversion (DCC) nie s\u0105 uwzgl\u0119dniane w procesie wyp\u0142aty.<\/p>\n\n<p>W takich scenariuszach waluta wyp\u0142aty jest zgodna z walut\u0105 klienta lub walut\u0105 dostawcy us\u0142ug p\u0142atniczych.<\/p>\n\n<h3 class=\"wp-block-heading\">Rozliczenia i fakturowanie<\/h3>\n\n<p>Procesy rozliczania i fakturowania w systemie s\u0105 obs\u0142ugiwane jako odr\u0119bne operacje.<\/p>\n\n<p>Proces <strong>rozliczeniowy<\/strong> obejmuje zamkni\u0119cie cyklu rozliczeniowego poprzez pobranie op\u0142at, zastosowanie rabat\u00f3w, wykonanie oblicze\u0144 VAT i skonsolidowanie wszystkich op\u0142at w jeden rachunek za okre\u015blony okres rozliczeniowy i konto. Okres rozliczeniowy jest definiowany przez pierwszy dzie\u0144 miesi\u0105ca, kt\u00f3ry okre\u015bla dat\u0119 rozpocz\u0119cia i zako\u0144czenia okresu rozliczeniowego.<\/p>\n\n<p>Z drugiej strony, proces <strong>fakturowania<\/strong> koncentruje si\u0119 na zestawianiu op\u0142at w pozycje faktur, reprezentuj\u0105ce zestawy zdarze\u0144. <\/p>\n\n<p>Ka\u017cda otrzymana transakcja jest traktowana jako zdarzenie, a zdarzenia te s\u0105 agregowane w pozycje w oparciu o predefiniowane regu\u0142y skonfigurowane w katalogu produkt\u00f3w systemu. <\/p>\n\n<p>Pozycje s\u0105 tworzone dla ka\u017cdej us\u0142ugi i cyklu rozliczeniowego, a kolejne zdarzenia s\u0105 mapowane na t\u0119 sam\u0105 pozycj\u0119.<\/p>\n\n<p>Faktury miesi\u0119czne obejmuj\u0105 wy\u0142\u0105cznie op\u0142aty za bie\u017c\u0105cy okres rozliczeniowy i nie zawieraj\u0105 niezap\u0142aconych op\u0142at z poprzednich faktur.<\/p>\n","protected":false},"excerpt":{"rendered":"<p>W tej sekcji zajmiemy si\u0119 wyp\u0142atami i zwi\u0105zanymi z nimi procesami. Rozliczenie brutto i netto Oferujemy elastyczno\u015b\u0107 zar\u00f3wno rozlicze\u0144 brutto, jak i netto lub typ\u00f3w wyp\u0142at. W przypadku netto rozliczenia, prowizje s\u0105 odejmowane od wyp\u0142aty po za\u0142adowaniu transakcji do systemu. Odliczenie to nast\u0119puje podczas nast\u0119pnej realizacji wyp\u0142aty, kt\u00f3ra zwykle nast\u0119puje nast\u0119pnego dnia po dokonaniu transakcji. [&hellip;]<\/p>\n","protected":false},"author":1,"featured_media":0,"parent":10463,"menu_order":2,"comment_status":"closed","ping_status":"closed","template":"","meta":{"_acf_changed":false,"_eb_attr":"","footnotes":""},"class_list":["post-10473","page","type-page","status-publish","hentry","has-post-title","has-post-date","has-post-category","has-post-tag","has-post-comment","has-post-author",""],"acf":[],"builder_content":"","_links":{"self":[{"href":"https:\/\/www.qly.docs.pay.sibs.com\/pl\/wp-json\/wp\/v2\/pages\/10473","targetHints":{"allow":["GET"]}}],"collection":[{"href":"https:\/\/www.qly.docs.pay.sibs.com\/pl\/wp-json\/wp\/v2\/pages"}],"about":[{"href":"https:\/\/www.qly.docs.pay.sibs.com\/pl\/wp-json\/wp\/v2\/types\/page"}],"author":[{"embeddable":true,"href":"https:\/\/www.qly.docs.pay.sibs.com\/pl\/wp-json\/wp\/v2\/users\/1"}],"replies":[{"embeddable":true,"href":"https:\/\/www.qly.docs.pay.sibs.com\/pl\/wp-json\/wp\/v2\/comments?post=10473"}],"version-history":[{"count":1,"href":"https:\/\/www.qly.docs.pay.sibs.com\/pl\/wp-json\/wp\/v2\/pages\/10473\/revisions"}],"predecessor-version":[{"id":10474,"href":"https:\/\/www.qly.docs.pay.sibs.com\/pl\/wp-json\/wp\/v2\/pages\/10473\/revisions\/10474"}],"up":[{"embeddable":true,"href":"https:\/\/www.qly.docs.pay.sibs.com\/pl\/wp-json\/wp\/v2\/pages\/10463"}],"wp:attachment":[{"href":"https:\/\/www.qly.docs.pay.sibs.com\/pl\/wp-json\/wp\/v2\/media?parent=10473"}],"curies":[{"name":"wp","href":"https:\/\/api.w.org\/{rel}","templated":true}]}}