{"id":10471,"date":"2023-06-14T09:44:00","date_gmt":"2023-06-14T09:44:00","guid":{"rendered":"https:\/\/www.qly.docs.pay.sibs.com\/rodzaje-transakcji\/przechwytywanie\/"},"modified":"2024-03-20T12:54:23","modified_gmt":"2024-03-20T12:54:23","slug":"przechwytywanie","status":"publish","type":"page","link":"https:\/\/www.qly.docs.pay.sibs.com\/pl\/sibs-gateway-dokumentacja\/rodzaje-transakcji\/przechwytywanie\/","title":{"rendered":"Przechwytywanie"},"content":{"rendered":"<!-- wp:themify-builder\/canvas \/-->\n<style type=\"text\/css\">\n\t#message-box-block_d57c2086985b5ca7d8067d7f940f0ccb {\n\t\t\/* Add styles that use ACF values here *\/\n\t}\n<\/style>\n\n<div id=\"message-box-block_d57c2086985b5ca7d8067d7f940f0ccb\" class=\"block-message-box\">\n\t\t\t\t\t\t\t\t\t<\/div>\n<p>Przej\u0119cie s\u0142u\u017cy do za\u017c\u0105dania rozliczenia wcze\u015bniej autoryzowanych \u015brodk\u00f3w.<\/p>\n\n<p>\u017b\u0105danie Capture jest wykonywane przy u\u017cyciu poprzedniej p\u0142atno\u015bci z preautoryzacj\u0105 (AUTH) poprzez odniesienie do jej <mark style=\"background-color:#e9e9f5\" class=\"has-inline-color\">identyfikatora transakcji<\/mark> i wys\u0142anie \u017c\u0105dania <mark style=\"background-color:#d6e9ff\" class=\"has-inline-color\">POST<\/mark> przez HTTPS do punktu ko\u0144cowego \/payments\/{transactionID}\/capture.<\/p>\n\n<p>Przechwytywanie mo\u017ce odbywa\u0107 si\u0119 na r\u00f3\u017cne sposoby:<\/p>\n\n<ul class=\"wp-block-list\">\n<li><strong>Pe\u0142ny<\/strong>: przechwy\u0107 ca\u0142\u0105 autoryzowan\u0105 kwot\u0119 i doko\u0144cz zakup<\/li>\n\n\n\n<li><strong>Cz\u0119\u015bciowe<\/strong>: podziel przechwytywanie na jedno lub kilka \u017c\u0105da\u0144 przechwytywania, a\u017c do ca\u0142kowitej autoryzowanej kwoty<\/li>\n<\/ul>\n\n<p>W przypadku \u017c\u0105dania przechwytywania nale\u017cy wys\u0142a\u0107:<\/p>\n\n<h6 class=\"wp-block-heading\">Opis przechwytywania:<\/h6>\n\n<figure class=\"wp-block-table\"><table><tbody><tr><td><strong>Operacja<\/strong><\/td><td><strong>Typ operacji<\/strong><\/td><td><strong>Metoda dzia\u0142ania i punkt ko\u0144cowy<\/strong><\/td><td><strong>Opis operacji<\/strong><\/td><\/tr><tr><td>Karta<\/td><td>Po\u0142\u0105czenie synchroniczne<\/td><td><mark style=\"background-color:#d6e9ff\" class=\"has-inline-color\">POST<\/mark> version-id\/{original-tx-id}\/capture<\/td><td>\u017b\u0105da przej\u0119cia finansowego (kwota cz\u0119\u015bciowa lub ca\u0142kowita) zwi\u0105zanego z poprzednim zezwoleniem.<\/td><\/tr><\/tbody><\/table><\/figure>\n\n<h6 class=\"wp-block-heading\">\u017b\u0105danie przechwytywania:<\/h6>\n\n<figure class=\"wp-block-table\"><table><tbody><tr><td><strong>Lokalizacja<\/strong><\/td><td><strong>Element danych<\/strong><\/td><td><strong>Typ<\/strong><\/td><td><strong>Stan<\/strong><\/td><td><strong>Opis<\/strong><\/td><\/tr><tr><td>\u015acie\u017cka<\/td><td><mark style=\"background-color:#e9e9f5\" class=\"has-inline-color\">original-tx-id<\/mark><\/td><td>Ci\u0105g<\/td><td>Obowi\u0105zkowy<\/td><td>Oryginalny identyfikator transakcji (identyfikator transakcji pierwotnej autoryzacji)<\/td><\/tr><tr><td>Nag\u0142\u00f3wek \u017c\u0105dania<\/td><td><mark style=\"background-color:#e9e9f5\" class=\"has-inline-color\">Typ zawarto\u015bci<\/mark><\/td><td>Ci\u0105g<\/td><td>Obowi\u0105zkowy<\/td><td>aplikacja\/json<\/td><\/tr><tr><td>Nag\u0142\u00f3wek \u017c\u0105dania<\/td><td><mark style=\"background-color:#e9e9f5\" class=\"has-inline-color\">autoryzacja<\/mark><\/td><td>Ci\u0105g<\/td><td>Obowi\u0105zkowy<\/td><td>Token okaziciela. Na podstawie uwierzytelniania OAuth2 przeprowadzonego na etapie wst\u0119pnym.<\/td><\/tr><tr><td>Nag\u0142\u00f3wek \u017c\u0105dania<\/td><td><mark style=\"background-color:#e9e9f5\" class=\"has-inline-color\">x-ibm-client-id<\/mark><\/td><td>Ci\u0105g<\/td><td>Obowi\u0105zkowy<\/td><td>Token identyfikuj\u0105cy organizacj\u0119 klienta. Jest on podawany podczas procesu onboardingu i nale\u017cy go stosowa\u0107 podczas ka\u017cdego po\u0142\u0105czenia.<\/td><\/tr><tr><td>Tre\u015b\u0107 \u017c\u0105dania<\/td><td><mark style=\"background-color:#e9e9f5\" class=\"has-inline-color\">sprzedawca<\/mark><\/td><td>Sprzedawca<\/td><td>Obowi\u0105zkowy<\/td><td>Obiekt definiuj\u0105cy Sprzedawc\u0119.<\/td><\/tr><tr><td>Zapytanie o Body.merchant<\/td><td><mark style=\"background-color:#e9e9f5\" class=\"has-inline-color\">terminalId<\/mark><\/td><td>Max10NumericText<\/td><td><\/td><td><\/td><\/tr><tr><td>Zapytanie o Body.merchant<\/td><td><mark style=\"background-color:#e9e9f5\" class=\"has-inline-color\">kana\u0142<\/mark><\/td><td>Ci\u0105g<\/td><td><\/td><td>Kana\u0142 u\u017cyty w transakcji.<\/td><\/tr><tr><td>Zapytanie o Body.merchant<\/td><td><mark style=\"background-color:#e9e9f5\" class=\"has-inline-color\">merchantTransactionId<\/mark><\/td><td>Ci\u0105g<\/td><td>Obowi\u0105zkowy<\/td><td>Unikalny identyfikator transakcji z perspektywy sprzedawcy.<\/td><\/tr><tr><td>Tre\u015b\u0107 \u017c\u0105dania<\/td><td><mark style=\"background-color:#e9e9f5\" class=\"has-inline-color\">transakcja<\/mark><\/td><td>Transakcja<\/td><td>Obowi\u0105zkowy<\/td><td>Obiekt definiuj\u0105cy transakcj\u0119.<\/td><\/tr><tr><td>\u017b\u0105danie Body.transaction<\/td><td><mark style=\"background-color:#e9e9f5\" class=\"has-inline-color\">transactionTimeStamp<\/mark><\/td><td>ISODateTime<\/td><td>Obowi\u0105zkowy<\/td><td>Znacznik czasu transakcji.<\/td><\/tr><tr><td>\u017b\u0105danie Body.transaction<\/td><td><mark style=\"background-color:#e9e9f5\" class=\"has-inline-color\">opis<\/mark><\/td><td>Ci\u0105g<\/td><td>Obowi\u0105zkowy<\/td><td>Kr\u00f3tki opis transakcji.<\/td><\/tr><tr><td>\u017b\u0105danie Body.transaction<\/td><td><mark style=\"background-color:#e9e9f5\" class=\"has-inline-color\">ilo\u015b\u0107<\/mark><\/td><td>Ilo\u015b\u0107<\/td><td>Obowi\u0105zkowy<\/td><td>Parametr okre\u015blaj\u0105cy warto\u015b\u0107 i walut\u0119 transakcji.<\/td><\/tr><tr><td>\u017b\u0105danie Body.transaction.amount<\/td><td><mark style=\"background-color:#e9e9f5\" class=\"has-inline-color\">warto\u015b\u0107<\/mark><\/td><td>Numer (podw\u00f3jny)<\/td><td>Obowi\u0105zkowy<\/td><td>Kwota w transakcji.<\/td><\/tr><tr><td>\u017b\u0105danie Body.transaction.amount<\/td><td><mark style=\"background-color:#e9e9f5\" class=\"has-inline-color\">waluta<\/mark><\/td><td>Kod waluty<\/td><td>Obowi\u0105zkowy<\/td><td>Waluta u\u017cyta w transakcji. Alpha3<\/td><\/tr><tr><td>Tre\u015b\u0107 \u017c\u0105dania<\/td><td><mark style=\"background-color:#e9e9f5\" class=\"has-inline-color\">originalTransaction<\/mark><\/td><td>OriginalTransaction<\/td><td>Obowi\u0105zkowy<\/td><td>Obiekt identyfikuj\u0105cy pierwotn\u0105 transakcj\u0119.<\/td><\/tr><tr><td>Request Body.originalTransaction<\/td><td><mark style=\"background-color:#e9e9f5\" class=\"has-inline-color\">identyfikator<\/mark><\/td><td>Ci\u0105g<\/td><td>Obowi\u0105zkowy<\/td><td>Oryginalna identyfikacja transakcji.<\/td><\/tr><\/tbody><\/table><\/figure>\n\n<h6 class=\"wp-block-heading\">Przyk\u0142ad \u017c\u0105dania przechwytywania:<\/h6>\n\n<div class=\"wp-block-buttons is-layout-flex wp-block-buttons-is-layout-flex\">\n<div class=\"wp-block-button postman\"><a class=\"wp-block-button__link wp-element-button\" href=\"https:\/\/www.postman.com\/warped-star-117264\/workspace\/sibs-v3\/request\/28493802-686411c7-e771-4a12-ad6b-7e03d0b2ea8b?ctx=documentation\" target=\"_blank\" rel=\"noreferrer noopener\">Uruchom w Postmanie<\/a><\/div>\n<\/div>\n\n<pre class=\"wp-block-code\"><code>{\n    <mark style=\"background-color:rgba(0, 0, 0, 0)\" class=\"has-inline-color has-pale-pink-color\">\"merchant\"<\/mark>: {\n        <mark style=\"background-color:rgba(0, 0, 0, 0)\" class=\"has-inline-color has-pale-pink-color\">\"terminalId\"<\/mark>: <mark style=\"background-color:rgba(0, 0, 0, 0)\" class=\"has-inline-color has-luminous-vivid-amber-color\">{{TerminalID}}<\/mark>,\n        <mark style=\"background-color:rgba(0, 0, 0, 0)\" class=\"has-inline-color has-pale-pink-color\">\"channel\"<\/mark>: <mark style=\"background-color:rgba(0, 0, 0, 0)\" class=\"has-inline-color has-vivid-green-cyan-color\">\"web\"<\/mark>,\n        <mark style=\"background-color:rgba(0, 0, 0, 0)\" class=\"has-inline-color has-pale-pink-color\">\"merchantTransactionId\"<\/mark>: <mark style=\"background-color:rgba(0, 0, 0, 0)\" class=\"has-inline-color has-vivid-green-cyan-color\">\"BO_Order Id: \"<\/mark>\n    },\n    <mark style=\"background-color:rgba(0, 0, 0, 0)\" class=\"has-inline-color has-pale-pink-color\">\"transaction\"<\/mark>: {\n        <mark style=\"background-color:rgba(0, 0, 0, 0)\" class=\"has-inline-color has-pale-pink-color\">\"transactionTimestamp\"<\/mark>: <mark style=\"background-color:rgba(0, 0, 0, 0)\" class=\"has-inline-color has-vivid-green-cyan-color\">\"{{trxDatetime}}\"<\/mark>,\n        <mark style=\"background-color:rgba(0, 0, 0, 0)\" class=\"has-inline-color has-pale-pink-color\">\"description\"<\/mark>: <mark style=\"background-color:rgba(0, 0, 0, 0)\" class=\"has-inline-color has-vivid-green-cyan-color\">\"Transaction short description\"<\/mark>,\n        <mark style=\"background-color:rgba(0, 0, 0, 0)\" class=\"has-inline-color has-pale-pink-color\">\"amount\"<\/mark>: {\n            <mark style=\"background-color:rgba(0, 0, 0, 0)\" class=\"has-inline-color has-pale-pink-color\">\"value\"<\/mark>: <mark style=\"background-color:rgba(0, 0, 0, 0)\" class=\"has-inline-color has-luminous-vivid-amber-color\">1<\/mark>,\n            <mark style=\"background-color:rgba(0, 0, 0, 0)\" class=\"has-inline-color has-pale-pink-color\">\"currency\"<\/mark>: <mark style=\"background-color:rgba(0, 0, 0, 0)\" class=\"has-inline-color has-vivid-green-cyan-color\">\"PLN\"<\/mark>\n        },\n        <mark style=\"background-color:rgba(0, 0, 0, 0)\" class=\"has-inline-color has-pale-pink-color\">\"originalTransaction\"<\/mark>: {\n            <mark style=\"background-color:rgba(0, 0, 0, 0)\" class=\"has-inline-color has-pale-pink-color\">\"id\"<\/mark>: <mark style=\"background-color:rgba(0, 0, 0, 0)\" class=\"has-inline-color has-vivid-green-cyan-color\">\"{{originalTransactionId}}\"<\/mark>\n        }\n    }\n}<\/code><\/pre>\n\n<p>Odpowied\u017a poni\u017cej b\u0119dzie zawiera\u0107 identyfikator transakcji, kt\u00f3rego mo\u017cesz u\u017cy\u0107 do sprawdzenia statusu.<\/p>\n\n<pre class=\"wp-block-code\"><code>{\n    <mark style=\"background-color:rgba(0, 0, 0, 0)\" class=\"has-inline-color has-pale-pink-color\">\"merchant\"<\/mark>: {\n        <mark style=\"background-color:rgba(0, 0, 0, 0)\" class=\"has-inline-color has-pale-pink-color\">\"terminalId\"<\/mark>: <mark style=\"background-color:rgba(0, 0, 0, 0)\" class=\"has-inline-color has-vivid-green-cyan-color\">\"101776\"<\/mark>,\n        <mark style=\"background-color:rgba(0, 0, 0, 0)\" class=\"has-inline-color has-pale-pink-color\">\"merchantTransactionId\"<\/mark>: <mark style=\"background-color:rgba(0, 0, 0, 0)\" class=\"has-inline-color has-vivid-green-cyan-color\">\"BO_Order Id: \"<\/mark>,\n        <mark style=\"background-color:rgba(0, 0, 0, 0)\" class=\"has-inline-color has-pale-pink-color\">\"merchantTransactionTimestamp\"<\/mark>: <mark style=\"background-color:rgba(0, 0, 0, 0)\" class=\"has-inline-color has-vivid-green-cyan-color\">\"2023-06-20T11:15:57.040Z\"<\/mark>\n    },\n    <mark style=\"background-color:rgba(0, 0, 0, 0)\" class=\"has-inline-color has-pale-pink-color\">\"transactionTimestamp\"<\/mark>: <mark style=\"background-color:rgba(0, 0, 0, 0)\" class=\"has-inline-color has-vivid-green-cyan-color\">\"2023-06-20T11:16:14.988Z\"<\/mark>,\n    <mark style=\"background-color:rgba(0, 0, 0, 0)\" class=\"has-inline-color has-pale-pink-color\">\"amount\"<\/mark>: {\n        <mark style=\"background-color:rgba(0, 0, 0, 0)\" class=\"has-inline-color has-pale-pink-color\">\"value\"<\/mark>: <mark style=\"background-color:rgba(0, 0, 0, 0)\" class=\"has-inline-color has-vivid-green-cyan-color\">\"1\"<\/mark>,\n        <mark style=\"background-color:rgba(0, 0, 0, 0)\" class=\"has-inline-color has-pale-pink-color\">\"currency\"<\/mark>: <mark style=\"background-color:rgba(0, 0, 0, 0)\" class=\"has-inline-color has-vivid-green-cyan-color\">\"PLN\"<\/mark>\n    },\n    <mark style=\"background-color:rgba(0, 0, 0, 0)\" class=\"has-inline-color has-pale-pink-color\">\"transactionID\"<\/mark>: <mark style=\"background-color:rgba(0, 0, 0, 0)\" class=\"has-inline-color has-vivid-green-cyan-color\">\"RW5vBMHj4RhQWFRc0GvS\"<\/mark>,\n    <mark style=\"background-color:rgba(0, 0, 0, 0)\" class=\"has-inline-color has-pale-pink-color\">\"execution\"<\/mark>: {\n        <mark style=\"background-color:rgba(0, 0, 0, 0)\" class=\"has-inline-color has-pale-pink-color\">\"startTime\"<\/mark>: <mark style=\"background-color:rgba(0, 0, 0, 0)\" class=\"has-inline-color has-vivid-green-cyan-color\">\"2023-06-20T11:15:57.206Z\"<\/mark>,\n        <mark style=\"background-color:rgba(0, 0, 0, 0)\" class=\"has-inline-color has-pale-pink-color\">\"endTime\"<\/mark>: <mark style=\"background-color:rgba(0, 0, 0, 0)\" class=\"has-inline-color has-vivid-green-cyan-color\">\"2023-06-20T11:16:15.100Z\"<\/mark>\n    },\n    <mark style=\"background-color:rgba(0, 0, 0, 0)\" class=\"has-inline-color has-pale-pink-color\">\"paymentStatus\"<\/mark>: <mark style=\"background-color:rgba(0, 0, 0, 0)\" class=\"has-inline-color has-vivid-green-cyan-color\">\"Success\"<\/mark>,\n    <mark style=\"background-color:rgba(0, 0, 0, 0)\" class=\"has-inline-color has-pale-pink-color\">\"returnStatus\"<\/mark>: {\n        <mark style=\"background-color:rgba(0, 0, 0, 0)\" class=\"has-inline-color has-pale-pink-color\">\"statusCode\"<\/mark>: <mark style=\"background-color:rgba(0, 0, 0, 0)\" class=\"has-inline-color has-vivid-green-cyan-color\">\"000\"<\/mark>,\n        <mark style=\"background-color:rgba(0, 0, 0, 0)\" class=\"has-inline-color has-pale-pink-color\">\"statusMsg\"<\/mark>: <mark style=\"background-color:rgba(0, 0, 0, 0)\" class=\"has-inline-color has-vivid-green-cyan-color\">\"Success\"<\/mark>,\n        <mark style=\"background-color:rgba(0, 0, 0, 0)\" class=\"has-inline-color has-pale-pink-color\">\"statusDescription\"<\/mark>: <mark style=\"background-color:rgba(0, 0, 0, 0)\" class=\"has-inline-color has-vivid-green-cyan-color\">\"Success.\"<\/mark>\n    }\n}<\/code><\/pre>\n\n<p>Nast\u0119pnie, po przetworzeniu p\u0142atno\u015bci, mo\u017cesz sprawdzi\u0107 status swojej transakcji, wysy\u0142aj\u0105c \u017c\u0105danie <mark style=\"background-color:#007d57\" class=\"has-inline-color has-white-color\">GET<\/mark>.<\/p>\n\n<p>Nag\u0142\u00f3wek HTTP autoryzacji jest ustawiony na token okaziciela, tak jak by\u0142 u\u017cywany podczas pocz\u0105tkowej realizacji transakcji.<\/p>\n\n<div class=\"wp-block-buttons is-layout-flex wp-block-buttons-is-layout-flex\">\n<div class=\"wp-block-button postman\"><a class=\"wp-block-button__link wp-element-button\" href=\"https:\/\/www.postman.com\/warped-star-117264\/workspace\/sibs-v3\/request\/28493802-7c689e76-20bf-4b9a-bee4-c994c6e1c043?ctx=documentation\" target=\"_blank\" rel=\"noreferrer noopener\">Uruchom w Postmanie<\/a><\/div>\n<\/div>\n\n<h6 class=\"wp-block-heading\">Adres URL \u017c\u0105dania:<\/h6>\n\n<pre class=\"wp-block-code singleline\"><code>https:&#47;&#47;stargate-cer.qly.site1.sibs.pt\/api\/v1\/payments\/{transactionID}\/status<\/code><\/pre>\n\n<h6 class=\"wp-block-heading\">Nag\u0142\u00f3wki \u017c\u0105da\u0144:<\/h6>\n\n<pre class=\"wp-block-code singleline\"><code>Autorization: Bearer eyJhbGciOiJIUzI1NiIsInR5cCIgOiAiSldUIiwia2lkIiA6I (...)\nX-IBM-Client-Id: b4480347-9fc8-4790-b359-100a99c60ea3\nContent-Type: application\/json<\/code><\/pre>\n\n<p>Pomy\u015blna odpowied\u017a techniczna sk\u0142ada si\u0119 ze statusu HTTP-200 i <mark style=\"background-color:#e9e9f5\" class=\"has-inline-color\">returnStatus.statusCode=&#8221;000&#8243;<\/mark>.<\/p>\n\n<p>Oto kilka przyk\u0142ad\u00f3w mo\u017cliwych kod\u00f3w wynik\u00f3w:<\/p>\n\n<figure class=\"wp-block-table\"><table><thead><tr><th>Kod wyniku<\/th><th><mark style=\"background-color:#e9e9f5\" class=\"has-inline-color\">statusMsg<\/mark><\/th><th>Opis<\/th><th>Akcja<\/th><\/tr><\/thead><tbody><tr><td>HTTP-200<\/td><td>Sukces<\/td><td>Odpowied\u017a z sukcesem<\/td><td>n\/a.<\/td><\/tr><tr><td>HTTP-400<\/td><td>Z\u0142a pro\u015bba<\/td><td>\u0141adunek JSON nie jest zgodny z definicj\u0105 API lub brakuje niekt\u00f3rych obowi\u0105zkowych nag\u0142\u00f3wk\u00f3w HTTP.<\/td><td>Sprawd\u017a w API Market poprawn\u0105 sk\u0142adni\u0119.<\/td><\/tr><tr><td>HTTP-401<\/td><td>Nieautoryzowany<\/td><td>W przypadku Autoryzacji token okaziciela jest nieprawid\u0142owy\/wygas\u0142 lub nie jest powi\u0105zany z u\u017cywanym terminalem.<\/td><td>Sprawd\u017a w SIBS Backoffice w sekcji Po\u015bwiadczenia, czy token jest wa\u017cny i w razie potrzeby utw\u00f3rz nowy.<\/td><\/tr><tr><td>HTTP-403<\/td><td>Zabroniony<\/td><td><mark style=\"background-color:#e9e9f5\" class=\"has-inline-color\">Identyfikator klienta<\/mark> ustawiony w nag\u0142\u00f3wku HTTP <mark style=\"background-color:#e9e9f5\" class=\"has-inline-color\">X-IBM-Client-Id<\/mark> jest nieprawid\u0142owy lub nie posiada wa\u017cnej subskrypcji interfejsu API.<\/td><td>Sprawd\u017a w SIBS Backoffice w SPG APP 2.0, czy <mark style=\"background-color:#e9e9f5\" class=\"has-inline-color\">ClientID<\/mark> jest poprawny. Je\u015bli problem b\u0119dzie si\u0119 powtarza\u0142, skontaktuj si\u0119 z pomoc\u0105 techniczn\u0105 SIBS Gateway w celu zresetowania <mark style=\"background-color:#e9e9f5\" class=\"has-inline-color\">ClientID<\/mark>.<\/td><\/tr><tr><td>HTTP-405<\/td><td>Niedozwolona metoda<\/td><td>Zastosowana metoda HTTP nie jest zgodna z \u017cadn\u0105 dost\u0119pn\u0105 definicj\u0105 API.<\/td><td>Sprawd\u017a w API Market poprawn\u0105 metod\u0119 HTTP.<\/td><\/tr><tr><td>HTTP-429<\/td><td>Zbyt du\u017co pr\u00f3\u015bb<\/td><td>Przekroczono limit szybko\u015bci wywo\u0142a\u0144 API.<\/td><td>Informacje na temat limit\u00f3w stawek maj\u0105cych zastosowanie do API mo\u017cna znale\u017a\u0107 w API Market.<\/td><\/tr><tr><td>HTTP-500<\/td><td>Wewn\u0119trzny b\u0142\u0105d serwera<\/td><td>Wywo\u0142anie API nie powiod\u0142o si\u0119&#8230; i najprawdopodobniej jest to po naszej stronie.<\/td><td>Powiniene\u015b ponowi\u0107 operacj\u0119, a je\u015bli problem b\u0119dzie si\u0119 powtarza\u0142, skontaktuj si\u0119 z pomoc\u0105 techniczn\u0105 SIBS Gateway w celu uzyskania pomocy.<\/td><\/tr><tr><td>HTTP-503<\/td><td>serwis niedost\u0119pny<\/td><td>Wywo\u0142anie API nie jest obecnie dost\u0119pne. Zwykle jeste\u015bmy zawsze aktywni, ale podczas planowej konserwacji mog\u0105 wyst\u0105pi\u0107 kr\u00f3tkie problemy z dost\u0119pno\u015bci\u0105.<\/td><td>Powiniene\u015b poczeka\u0107 i spr\u00f3bowa\u0107 ponownie p\u00f3\u017aniej.<\/td><\/tr><\/tbody><\/table><\/figure>\n","protected":false},"excerpt":{"rendered":"<p>Przej\u0119cie s\u0142u\u017cy do za\u017c\u0105dania rozliczenia wcze\u015bniej autoryzowanych \u015brodk\u00f3w. \u017b\u0105danie Capture jest wykonywane przy u\u017cyciu poprzedniej p\u0142atno\u015bci z preautoryzacj\u0105 (AUTH) poprzez odniesienie do jej identyfikatora transakcji i wys\u0142anie \u017c\u0105dania POST przez HTTPS do punktu ko\u0144cowego \/payments\/{transactionID}\/capture. Przechwytywanie mo\u017ce odbywa\u0107 si\u0119 na r\u00f3\u017cne sposoby: W przypadku \u017c\u0105dania przechwytywania nale\u017cy wys\u0142a\u0107: Opis przechwytywania: Operacja Typ operacji Metoda dzia\u0142ania [&hellip;]<\/p>\n","protected":false},"author":1,"featured_media":0,"parent":9960,"menu_order":0,"comment_status":"closed","ping_status":"closed","template":"","meta":{"_acf_changed":false,"_eb_attr":"","footnotes":""},"class_list":["post-10471","page","type-page","status-publish","hentry","has-post-title","has-post-date","has-post-category","has-post-tag","has-post-comment","has-post-author",""],"acf":[],"builder_content":"","_links":{"self":[{"href":"https:\/\/www.qly.docs.pay.sibs.com\/pl\/wp-json\/wp\/v2\/pages\/10471","targetHints":{"allow":["GET"]}}],"collection":[{"href":"https:\/\/www.qly.docs.pay.sibs.com\/pl\/wp-json\/wp\/v2\/pages"}],"about":[{"href":"https:\/\/www.qly.docs.pay.sibs.com\/pl\/wp-json\/wp\/v2\/types\/page"}],"author":[{"embeddable":true,"href":"https:\/\/www.qly.docs.pay.sibs.com\/pl\/wp-json\/wp\/v2\/users\/1"}],"replies":[{"embeddable":true,"href":"https:\/\/www.qly.docs.pay.sibs.com\/pl\/wp-json\/wp\/v2\/comments?post=10471"}],"version-history":[{"count":1,"href":"https:\/\/www.qly.docs.pay.sibs.com\/pl\/wp-json\/wp\/v2\/pages\/10471\/revisions"}],"predecessor-version":[{"id":10472,"href":"https:\/\/www.qly.docs.pay.sibs.com\/pl\/wp-json\/wp\/v2\/pages\/10471\/revisions\/10472"}],"up":[{"embeddable":true,"href":"https:\/\/www.qly.docs.pay.sibs.com\/pl\/wp-json\/wp\/v2\/pages\/9960"}],"wp:attachment":[{"href":"https:\/\/www.qly.docs.pay.sibs.com\/pl\/wp-json\/wp\/v2\/media?parent=10471"}],"curies":[{"name":"wp","href":"https:\/\/api.w.org\/{rel}","templated":true}]}}