{"id":10467,"date":"2023-06-14T09:52:42","date_gmt":"2023-06-14T09:52:42","guid":{"rendered":"https:\/\/www.qly.docs.pay.sibs.com\/finanse-i-raportowanie\/raportowanie\/"},"modified":"2025-01-06T16:37:35","modified_gmt":"2025-01-06T16:37:35","slug":"raportowanie","status":"publish","type":"page","link":"https:\/\/www.qly.docs.pay.sibs.com\/pl\/sibs-gateway-dokumentacja\/finanse-i-raportowanie\/raportowanie\/","title":{"rendered":"Raportowanie"},"content":{"rendered":"<!-- wp:themify-builder\/canvas \/-->\n\n\n<p>Wykorzystaj nasze wnikliwe raporty, kt\u00f3re dostarczaj\u0105 cennych informacji i analiz, aby dok\u0142adnie zrozumie\u0107 swoje operacje. <\/p>\n\n\n\n<h3 class=\"wp-block-heading\">Raporty rozliczeniowe dla po\u015brednik\u00f3w p\u0142atno\u015bci<\/h3>\n\n\n\n<p>Przetwarzanie transakcji Sponsorowanych Sprzedawc\u00f3w w imieniu Organizator\u00f3w P\u0142atno\u015bci obejmuje akumulacj\u0119 r\u00f3\u017cnych operacji, w tym obliczenia prowizji i wyp\u0142aty.<\/p>\n\n\n\n<p>Aby u\u0142atwi\u0107 uzgodnienie, generowany jest raport rozliczeniowy, zapewniaj\u0105cy kompleksowy przegl\u0105d wszystkich rozlicze\u0144 przeprowadzonych w danym dniu.<\/p>\n\n\n\n<p>Celem tego raportu jest pomoc Organizatorom p\u0142atno\u015bci w sprawdzeniu zgodno\u015bci kwoty przekazanej podczas wyp\u0142aty z informacjami zawartymi w raporcie. Jest on generowany wy\u0142\u0105cznie dla uprawnionych po\u015brednik\u00f3w p\u0142atno\u015bci.<\/p>\n\n\n\n<style type=\"text\/css\">\n\t#message-box-block_577254cb7d5916b718a95e17f869c5b5 {\n\t\t\/* Add styles that use ACF values here *\/\n\t}\n<\/style>\n\n<div id=\"message-box-block_577254cb7d5916b718a95e17f869c5b5\" class=\"block-message-box\">\n\t\t\t\t\t\t\t\t\t<\/div>\n\n\n<h5 class=\"wp-block-heading\">Bezpiecze\u0144stwo<\/h5>\n\n\n\n<p>Aby spe\u0142ni\u0107 wymogi bezpiecze\u0144stwa, dostawcy us\u0142ug p\u0142atniczych, kt\u00f3rzy za\u017c\u0105daj\u0105 szyfrowania PGP dla raportu, b\u0119d\u0105 mogli spe\u0142ni\u0107 swoje potrzeby. Klucze PGP zostan\u0105 wymienione podczas procesu wdra\u017cania, zapewniaj\u0105c bezpieczn\u0105 komunikacj\u0119 i zgodno\u015b\u0107 ze standardami szyfrowania.<\/p>\n\n\n\n<p>W przypadku dostawc\u00f3w us\u0142ug p\u0142atniczych z w\u0142\u0105czonym szyfrowaniem PGP wygenerowane raporty s\u0105 szyfrowane przed udost\u0119pnieniem ich do pobrania z wyznaczonego folderu wyj\u015bciowego na serwerze SIBS SFTP. Zapewnia to poufno\u015b\u0107 i integralno\u015b\u0107 przesy\u0142anych informacji.<\/p>\n\n\n\n<h5 class=\"wp-block-heading\">Cz\u0119stotliwo\u015b\u0107<\/h5>\n\n\n\n<p>Raport ten b\u0119dzie generowany raz dziennie po wyp\u0142acie, co obejmuje wszystkie transakcje w systemie do godziny granicznej (00:10 UTC).<\/p>\n\n\n\n<h5 class=\"wp-block-heading\">Format pliku<\/h5>\n\n\n\n<p>Plik b\u0119dzie zgodny z nast\u0119puj\u0105cym formatem:<\/p>\n\n\n\n<figure class=\"wp-block-table\"><table><thead><tr><th>Nazwa nieruchomo\u015bci<\/th><th>Opis<\/th><th>Formu\u0142a<\/th><\/tr><\/thead><tbody><tr><td>Nazwa pliku<\/td><td>Nazwa pliku, kt\u00f3ry ma zosta\u0107 utworzony. Znacznik czasu generowania b\u0119dzie r\u00f3wnie\u017c cz\u0119\u015bci\u0105 nazwy pliku.<\/td><td>SIBS_Reconciliation_<yyyymmddhh24miss>.csv<\/yyyymmddhh24miss><\/td><\/tr><tr><td>Rozszerzenie pliku<\/td><td>Rozszerzenie pliku, kt\u00f3ry ma zosta\u0107 utworzony<\/td><td>csv<\/td><\/tr><tr><td>Separator p\u00f3l<\/td><td>Separator u\u017cywany mi\u0119dzy polami<\/td><td>;<\/td><\/tr><tr><td>Ogranicznik pola<\/td><td>Znaki u\u017cywane do okre\u015blenia pocz\u0105tku i ko\u0144ca pola<\/td><td>&#8222;<\/td><\/tr><tr><td>Nag\u0142owek<\/td><td>Plik nie b\u0119dzie mia\u0142 nag\u0142\u00f3wka<\/td><td>Nie dotyczy<\/td><\/tr><\/tbody><\/table><\/figure>\n\n\n\n<h5 class=\"wp-block-heading\">Struktura pliku<\/h5>\n\n\n\n<p>Raport rozliczeniowy zawiera nast\u0119puj\u0105ce informacje:<\/p>\n\n\n\n<figure class=\"wp-block-table\"><table><thead><tr><th>Nazwa pola<\/th><th>Opis<\/th><th>Typ pola<\/th><th>Lista warto\u015bci<\/th><th>Przyk\u0142adowa transakcja<\/th><th>Przyk\u0142adowa przeniesiona kwota<\/th><th>Dodatkowe informacje<\/th><\/tr><\/thead><tbody><tr><td><mark style=\"background-color:#e9e9f5\" class=\"has-inline-color\">IDENTYFIKATOR SPRZEDAWCY (MERCHANT_IDENTIFIER)<\/mark><\/td><td>Identyfikator sprzedawcy dostawcy us\u0142ug p\u0142atniczych<\/td><td>VARCHAR2(60)<\/td><td>&#8211;<\/td><td>&#8222;PL-123456789-1&#8221;<\/td><td>&#8222;PL-123456789-1&#8221;<\/td><td>&#8211;<\/td><\/tr><tr><td><mark style=\"background-color:#e9e9f5\" class=\"has-inline-color\">Identyfikator Sponsorowanego Sprzedawcy (SPONSORED_MERCHANT_ID)<\/mark><\/td><td>Identyfikator Sponsorowanego Sprzedawcy<\/td><td>VARCHAR2(60)<\/td><td>&#8211;<\/td><td>&#8222;PL-123456789-2&#8221;<\/td><td>&#8222;&#8221;<\/td><td>W przypadku linii Carried Over warto\u015b\u0107 b\u0119dzie pusta<\/td><\/tr><tr><td><mark style=\"background-color:#e9e9f5\" class=\"has-inline-color\">RODZAJ TERMINALA (TERMINAL TYPE<\/mark>)<\/td><td>Okre\u015bla rodzaj terminala<\/td><td>VARCHAR(60)<\/td><td>&#8217;XPOS&#8217;<br>&#8217;CSHR&#8217;<br>&#8217;SLFS&#8217;<br>&#8217;VNDN&#8217;<br>&#8217;PMGT&#8217;<br>&#8217;MTVL&#8217;<\/td><td><\/td><td><\/td><td>W przypadku linii Carried Over warto\u015b\u0107 b\u0119dzie pusta<\/td><\/tr><tr><td><mark style=\"background-color:#e9e9f5\" class=\"has-inline-color\">DATA TRANSAKCJI (TRANSACTION_DATE)<\/mark><\/td><td>Data transakcji<\/td><td>DATA<\/td><td>&#8211;<\/td><td>&#8222;2022-07-04 23:45:09&#8221;<\/td><td>&#8222;&#8221;<\/td><td>W przypadku linii Carried Over warto\u015b\u0107 b\u0119dzie pusta<\/td><\/tr><tr><td><mark style=\"background-color:#e9e9f5\" class=\"has-inline-color\">IDENTYFIKATOR NABYWCY (ACQUIRER_ID)<\/mark><\/td><td>Identyfikator nabywcy.<\/td><td>VARCHAR2(60)<\/td><td>&#8211;<\/td><td>&#8222;&#8221;<\/td><td>&#8222;&#8221;<\/td><td>W przypadku linii Carried Over warto\u015b\u0107 b\u0119dzie pusta<\/td><\/tr><tr><td><mark style=\"background-color:#e9e9f5\" class=\"has-inline-color\">IDENTYFIKATOR TRANSAKCJI (TRANSACTION_ID)<\/mark><\/td><td>Identyfikator transakcji<\/td><td>VARCHAR2(60)<\/td><td>&#8211;<\/td><td>&#8222;STGB00100010RAcJSRG50kQbxVvxfyJx&#8221;<\/td><td>PRZENIESIONY (CARRIED_OVER)<\/td><td>W przypadku linii Przeniesiony (Carried Over), warto\u015b\u0107 b\u0119dzie sta\u0142a &#8222;CARRIED_OVER&#8221;.<\/td><\/tr><tr><td><mark style=\"background-color:#e9e9f5\" class=\"has-inline-color\">MARKA<\/mark><\/td><td>Definiuje mark\u0119 transakcji.<\/td><td>VERCHAR2(60)<\/td><td>KARTY<br>BLIK<br>PBL<\/td><td>&#8222;KARTA&#8221;<\/td><td>&#8222;&#8221;<\/td><td>W przypadku linii Carried Over warto\u015b\u0107 b\u0119dzie pusta<\/td><\/tr><tr><td><mark style=\"background-color:#e9e9f5\" class=\"has-inline-color\">TRANSACTION_GROSS_AMOUNT (KWOTA BRUTTO TRANSAKCJI)<\/mark><\/td><td>Kwota transakcji<\/td><td>NUMER<\/td><td>&#8211;<\/td><td>&#8222;301.34&#8221;<\/td><td>&#8211;<\/td><td>Kwota transakcji zostanie ustawiona jako ujemna dla operacji anulowania i zwrotu<br>W przypadku linii Carried Over warto\u015b\u0107 b\u0119dzie pusta<\/td><\/tr><tr><td><mark style=\"background-color:#e9e9f5\" class=\"has-inline-color\">WALUTA<\/mark><\/td><td>Waluta transakcji<\/td><td>VARCHAR2(3)<\/td><td>ISO 4217 Cz\u0119\u015b\u0107 numeryczna<\/td><td>&#8222;985&#8221;<\/td><td>&#8211;<\/td><td>&#8211;<\/td><\/tr><tr><td><mark style=\"background-color:#e9e9f5\" class=\"has-inline-color\">PROWIZJA<\/mark><\/td><td>Ca\u0142kowita prowizja zastosowana do transakcji.<\/td><td>NUMER<\/td><td>&#8211;<\/td><td>&#8222;3.01&#8221;<\/td><td>&#8222;&#8221;<\/td><td>B\u0119dzie to ostateczna kwota naliczona klientowi.<br>W taryfach IF++ b\u0119dzie zawiera\u0107 sum\u0119 Mar\u017cy, IF i PF.<br>W przypadku linii Carried Over warto\u015b\u0107 b\u0119dzie pusta<\/td><\/tr><tr><td><mark style=\"background-color:#e9e9f5\" class=\"has-inline-color\">KWOTA NETTO TRANSAKCJI (TRANSACTION_NET_AMOUNT)<\/mark><\/td><td>Kwota transakcji po obliczeniu prowizji<\/td><td>NUMER<\/td><td>&#8211;<\/td><td>&#8222;298,33&#8221;<\/td><td>&#8222;&#8221;<\/td><td>W przypadku linii Carried Over warto\u015b\u0107 b\u0119dzie pusta<\/td><\/tr><tr><td><mark style=\"background-color:#e9e9f5\" class=\"has-inline-color\">KONTO WYP\u0141ATY (PAYOUT_ACCOUNT)<\/mark><\/td><td>Numer rachunku bankowego podmiotu po\u015brednicz\u0105cego w p\u0142atno\u015bciach u\u017cyty do wyp\u0142aty<\/td><td>VARCHAR2(60)<\/td><td>&#8211;<\/td><td>&#8222;PL999999999999999999&#8221;<\/td><td>&#8222;&#8221;<\/td><td>W przypadku linii Carried Over warto\u015b\u0107 b\u0119dzie pusta<\/td><\/tr><tr><td><mark style=\"background-color:#e9e9f5\" class=\"has-inline-color\">KWOTA WYP\u0141ATY (PAYOUT_AMOUNT)<\/mark><\/td><td>Kwota brana pod uwag\u0119 przy wyp\u0142acie transakcji<\/td><td><mark style=\"background-color:#e9e9f5\" class=\"has-inline-color\">DATA WYP\u0141ATY (PAYOUT_DATE)<\/mark><\/td><td><\/td><td><\/td><td>&#8222;-43.35&#8221;<\/td><td>Pole Kwota wyp\u0142aty mo\u017ce mie\u0107 warto\u015b\u0107 ujemn\u0105 w przypadku anulowania\/zwrotu transakcji. Warto\u015b\u0107 ta zostanie odj\u0119ta od ostatecznej kwoty wyp\u0142aty. W przypadku, gdy nie ma wystarczaj\u0105cej warto\u015bci wyp\u0142aty, aby pokry\u0107 ujemn\u0105 kwot\u0119, zostanie ona zgromadzona na nast\u0119pn\u0105 dost\u0119pn\u0105 sesj\u0119 wyp\u0142aty.<br>Przy nast\u0119pnej wyp\u0142acie w raporcie zostanie wy\u015bwietlony nowy wiersz niezwi\u0105zany z \u017cadn\u0105 transakcj\u0105, aby uwzgl\u0119dni\u0107 ujemn\u0105 kwot\u0119 zrekompensowan\u0105 z wyp\u0142aty.<\/td><\/tr><tr><td><mark style=\"background-color:#e9e9f5\" class=\"has-inline-color\">DATA WYP\u0141ATY (PAYOUT_DATE)<\/mark><\/td><td>Data przekazania transakcji do dostawcy us\u0142ug p\u0142atniczych.<\/td><td>DATA<\/td><td>&#8211;<\/td><td>&#8222;2022-07-05&#8221;<\/td><td>&#8222;2022-07-05&#8221;<\/td><td>&#8211;<\/td><\/tr><tr><td><mark style=\"background-color:#e9e9f5\" class=\"has-inline-color\">RODZAJ TRANSAKCJI (TRANSACTION TYPE)<\/mark><\/td><td>Descriptor to know if the transaction is a Payment (\u201cSALES\u201d) or a Refund (\u201cREFUND\u201d)<\/td><td>VARCHAR2(60)<\/td><td>SALES<br>REFUND<\/td><td>\u201cSALES\u201d<\/td><td><\/td><td>In case of Carried Over line, value will be empty.<\/td><\/tr><tr><td><mark style=\"background-color:#e9e9f5\" class=\"has-inline-color\">PIERWOTNY IDENTYFIKATOR TRANSAKCJI (ORIGINAL TRANSACTION ID)<\/mark><\/td><td>ID of the original Payment<\/td><td>VARCHAR2(60)<\/td><td><\/td><td>\u201cSTGB00100010RAcJSRG50kQbxVvxfyJx\u201d<\/td><td><\/td><td>Should only be filled out if the transaction type is Refund<br>In case of Carried Over line, value will be empty.<\/td><\/tr><tr><td><mark style=\"background-color:#e9e9f5\" class=\"has-inline-color\">PIERWOTNA DATA TRANSAKCJI (ORIGINAL TRANSACTION DATE)<\/mark><\/td><td>Date of the original Payment<\/td><td>DATA<\/td><td><\/td><td>\u201c2022-07-04 23:45:09\u201d<\/td><td><\/td><td>Should only be filled out if the transaction type is Refund<br>In case of Carried Over line, value will be empty.<\/td><\/tr><tr><td><mark style=\"background-color:#e9e9f5\" class=\"has-inline-color\">NUMER KONTA DLA ZWROTU (REFUND ACCOUNT NUMBER)<\/mark><\/td><td>SIBS Bank account number for cases where the Payment Facilitator needs to wire the amount of the refunds<\/td><td>VARCHAR2(26)<\/td><td><\/td><td><\/td><td><\/td><td>Should only be filled out if the transaction type is Refund<br>In case of Carried Over line, value will be empty.<\/td><\/tr><\/tbody><\/table><\/figure>\n","protected":false},"excerpt":{"rendered":"<p>Wykorzystaj nasze wnikliwe raporty, kt\u00f3re dostarczaj\u0105 cennych informacji i analiz, aby dok\u0142adnie zrozumie\u0107 swoje operacje. Raporty rozliczeniowe dla po\u015brednik\u00f3w p\u0142atno\u015bci Przetwarzanie transakcji Sponsorowanych Sprzedawc\u00f3w w imieniu Organizator\u00f3w P\u0142atno\u015bci obejmuje akumulacj\u0119 r\u00f3\u017cnych operacji, w tym obliczenia prowizji i wyp\u0142aty. Aby u\u0142atwi\u0107 uzgodnienie, generowany jest raport rozliczeniowy, zapewniaj\u0105cy kompleksowy przegl\u0105d wszystkich rozlicze\u0144 przeprowadzonych w danym dniu. Celem [&hellip;]<\/p>\n","protected":false},"author":1,"featured_media":0,"parent":10463,"menu_order":1,"comment_status":"closed","ping_status":"closed","template":"","meta":{"_acf_changed":false,"_eb_attr":"","footnotes":""},"class_list":["post-10467","page","type-page","status-publish","hentry","has-post-title","has-post-date","has-post-category","has-post-tag","has-post-comment","has-post-author",""],"acf":[],"builder_content":"","_links":{"self":[{"href":"https:\/\/www.qly.docs.pay.sibs.com\/pl\/wp-json\/wp\/v2\/pages\/10467","targetHints":{"allow":["GET"]}}],"collection":[{"href":"https:\/\/www.qly.docs.pay.sibs.com\/pl\/wp-json\/wp\/v2\/pages"}],"about":[{"href":"https:\/\/www.qly.docs.pay.sibs.com\/pl\/wp-json\/wp\/v2\/types\/page"}],"author":[{"embeddable":true,"href":"https:\/\/www.qly.docs.pay.sibs.com\/pl\/wp-json\/wp\/v2\/users\/1"}],"replies":[{"embeddable":true,"href":"https:\/\/www.qly.docs.pay.sibs.com\/pl\/wp-json\/wp\/v2\/comments?post=10467"}],"version-history":[{"count":14,"href":"https:\/\/www.qly.docs.pay.sibs.com\/pl\/wp-json\/wp\/v2\/pages\/10467\/revisions"}],"predecessor-version":[{"id":22251,"href":"https:\/\/www.qly.docs.pay.sibs.com\/pl\/wp-json\/wp\/v2\/pages\/10467\/revisions\/22251"}],"up":[{"embeddable":true,"href":"https:\/\/www.qly.docs.pay.sibs.com\/pl\/wp-json\/wp\/v2\/pages\/10463"}],"wp:attachment":[{"href":"https:\/\/www.qly.docs.pay.sibs.com\/pl\/wp-json\/wp\/v2\/media?parent=10467"}],"curies":[{"name":"wp","href":"https:\/\/api.w.org\/{rel}","templated":true}]}}