{"id":10465,"date":"2023-10-18T16:10:12","date_gmt":"2023-10-18T16:10:12","guid":{"rendered":"https:\/\/www.qly.docs.pay.sibs.com\/inne\/bancontact\/"},"modified":"2026-03-09T10:51:57","modified_gmt":"2026-03-09T10:51:57","slug":"bancontact","status":"publish","type":"page","link":"https:\/\/www.qly.docs.pay.sibs.com\/pl\/sibs-gateway-dokumentacja\/metody-platnosci\/inne\/bancontact\/","title":{"rendered":"Bancontact"},"content":{"rendered":"<!-- wp:themify-builder\/canvas \/-->\n\n\n<figure class=\"wp-block-image size-thumbnail is-resized\"><img loading=\"lazy\" decoding=\"async\" width=\"150\" height=\"150\" src=\"https:\/\/www.qly.docs.pay.sibs.com\/wp-content\/uploads\/2023\/10\/Bancontact-Original-logo-RGB-150x150.png\" alt=\"\" class=\"wp-image-8718\" style=\"aspect-ratio:1;object-fit:cover;width:102px;height:auto\"\/><\/figure>\n\n\n\n<p>Zacznij akceptowa\u0107 p\u0142atno\u015bci za pomoc\u0105 Bancontact, najpopularniejszej metody p\u0142atno\u015bci online w Belgii, utrzymuj\u0105c pozycj\u0119 lidera na rynku zar\u00f3wno w transakcjach internetowych, jak i osobistych.<\/p>\n\n\n\n<p>Aby dokona\u0107 p\u0142atno\u015bci za pomoc\u0105 Bancontact, klienci s\u0105 kierowani do witryny internetowej lub aplikacji mobilnej w celu autoryzacji. Wprowadzaj\u0105 dane swojej karty lub skanuj\u0105 kod QR, a nast\u0119pnie autoryzuj\u0105 p\u0142atno\u015b\u0107.<\/p>\n\n\n\n<p>Nast\u0119pnie wracaj\u0105 na Twoj\u0105 stron\u0119 internetow\u0105 i natychmiast powiadamiaj\u0105 Ci\u0119 o powodzeniu lub niepowodzeniu p\u0142atno\u015bci.<\/p>\n\n\n\n<figure class=\"wp-block-table\"><table><thead><tr><th>Metoda p\u0142atno\u015bci<\/th><th>Kategoria<\/th><th>Kraj<\/th><th>Waluta<\/th><th>Funkcjonalno\u015bci<\/th><th>Integracje<\/th><\/tr><\/thead><tbody><tr><td>Bancontact<\/td><td>Karty<\/td><td>Belgia<\/td><td>EUR<\/td><td>Cz\u0119\u015bciowy zwrot pieni\u0119dzy<br>Zwroty<br>Anulowanie<\/td><td>API<br>Formularz p\u0142atno\u015bci<br>Wtyczka Prestashop<br>Wtyczka WooCommerce<br>Wtyczka Magento<\/td><\/tr><\/tbody><\/table><\/figure>\n\n\n\n<h3 class=\"wp-block-heading\">Jak korzysta\u0107 z Bancontact<\/h3>\n\n\n\n<p>Przep\u0142yw pracy przebiega w nast\u0119puj\u0105cy spos\u00f3b:<\/p>\n\n\n\n<ol style=\"list-style-type:1\" class=\"wp-block-list\">\n<li>Na stronie sprzedawcy klient wybiera Bancontact.<\/li>\n\n\n\n<li>Klient zostaje przekierowany na stron\u0119 p\u0142atno\u015bci Bancontact, gdzie ma mo\u017cliwo\u015b\u0107 wprowadzenia numeru PAN lub zeskanowania kodu QR.<\/li>\n\n\n\n<li>Ko\u0144cz\u0105 p\u0142atno\u015b\u0107:<br>a. Je\u015bli konsument zdecyduje si\u0119 na wprowadzenie numeru PAN, zostanie przekierowany do banku wydaj\u0105cego w celu uwierzytelnienia 3DS.<br>b. Je\u015bli konsument zeskanuje kod QR, potwierdza p\u0142atno\u015b\u0107 w aplikacji Bancontact.<\/li>\n\n\n\n<li>Konsument zostaje przekierowany na stron\u0119 internetow\u0105 sprzedawcy.<\/li>\n\n\n\n<li>Sprzedawca otrzymuje potwierdzenie p\u0142atno\u015bci.<\/li>\n\n\n\n<li>Nast\u0119pnie sprzedawca mo\u017ce wys\u0142a\u0107 zam\u00f3wienie\/dostarczy\u0107 towar konsumentowi.<\/li>\n<\/ol>\n\n\n\n<h3 class=\"wp-block-heading\">Jak to dzia\u0142a<\/h3>\n\n\n\n<p>Poni\u017cej znajdziesz najwa\u017cniejsze kroki wymagane do integracji metody p\u0142atno\u015bci Bancontact.<\/p>\n\n\n\n<h6 class=\"wp-block-heading\"><a href=\"#step1\">Krok 1: Utw\u00f3rz zam\u00f3wienie<\/a><\/h6>\n\n\n\n<h6 class=\"wp-block-heading\"><a href=\"#step2\">Krok 2: Uzyskaj Link do p\u0142atno\u015bci<\/a><\/h6>\n\n\n\n<h6 class=\"wp-block-heading\"><a href=\"#step3\">Krok 3: Uzyskaj status p\u0142atno\u015bci<\/a><\/h6>\n\n\n\n<h5 class=\"wp-block-heading\" id=\"step1\">Krok 1: Utw\u00f3rz zam\u00f3wienie<\/h5>\n\n\n\n<p>Pami\u0119taj, aby <a href=\"https:\/\/www.qly.docs.pay.sibs.com\/integrations\/api\/integration-guide\/#create-an-order\">utworzy\u0107 \u017c\u0105danie zam\u00f3wienia<\/a> z Bancontact (\u201eBNCT\u201d) jako wybran\u0105 metod\u0105 p\u0142atno\u015bci (<mark style=\"background-color:#e9e9f5\" class=\"has-inline-color\">transaction.paymentMethod<\/mark>) i ustawi\u0107 preferencje j\u0119zykowe klienta w <mark style=\"background-color:#e9e9f5\" class=\"has-inline-color\">CustomerInfo.customerLanguage<\/mark>.<\/p>\n\n\n\n<div class=\"wp-block-buttons is-layout-flex wp-block-buttons-is-layout-flex\">\n<div class=\"wp-block-button postman\"><a class=\"wp-block-button__link wp-element-button\" href=\"https:\/\/www.postman.com\/warped-star-117264\/workspace\/sibs-v3\/request\/28493802-10557c14-5495-47ca-939e-eba091a2e5bf\" target=\"_blank\" rel=\"noreferrer noopener\">Uruchom w Postmanie<\/a><\/div>\n<\/div>\n\n\n\n<h5 class=\"wp-block-heading\" id=\"step2\">Krok 2: Uzyskaj Link do p\u0142atno\u015bci<\/h5>\n\n\n\n<p>Przejd\u017a do linku do p\u0142atno\u015bci opisanego poni\u017cej, aby przekierowa\u0107 klienta na bezpieczn\u0105 stron\u0119 p\u0142atno\u015bci w celu uwierzytelnienia i autoryzacji p\u0142atno\u015bci.<\/p>\n\n\n\n<p>Nale\u017cy pami\u0119ta\u0107, \u017ce poni\u017csze \u017c\u0105danie wymaga nag\u0142\u00f3wka autoryzacji zawieraj\u0105cego <mark style=\"background-color:#e9e9f5\" class=\"has-inline-color\">podpis transakcji<\/mark> uzyskany w poprzednim kroku.<\/p>\n\n\n\n<h6 class=\"wp-block-heading\">Punkty ko\u0144cowe:<\/h6>\n\n\n\n<figure class=\"wp-block-table\"><table><thead><tr><th>\u015arodowisko<\/th><th>URL<\/th><th>Metoda dzia\u0142ania i punkt ko\u0144cowy<\/th><th>Opis operacji<\/th><\/tr><\/thead><tbody><tr><td>PROD<\/td><td>api.sibsgateway.com<\/td><td>POST {version-id}\/payments\/{id}\/pbl\/payment-link<\/td><td>Wykonaj transakcj\u0119 i przekieruj u\u017cytkownika do Hosta p\u0142atno\u015bci.<\/td><\/tr><tr><td>TEST<\/td><td>stargate.qly.site[1|2].sibs.pt<\/td><td>POST {version-id}\/payments\/{id}\/pbl\/payment-link<\/td><td>Wykonaj transakcj\u0119 i przekieruj u\u017cytkownika do Hosta p\u0142atno\u015bci.<\/td><\/tr><\/tbody><\/table><\/figure>\n\n\n\n<p>Upewnij si\u0119, \u017ce uwzgl\u0119dni\u0142e\u015b nast\u0119puj\u0105ce istotne elementy zgodnie ze specyfikacj\u0105:<\/p>\n\n\n\n<figure class=\"wp-block-table\"><table><thead><tr><th><strong>Lokalizacja<\/strong><\/th><th><strong>Element danych<\/strong><\/th><th><strong>Typ<\/strong><\/th><th><strong>Stan<\/strong><\/th><th><strong>Opis<\/strong><\/th><\/tr><\/thead><tbody><tr><td>\u015acie\u017cka<\/td><td>id<\/td><td>Ci\u0105g<\/td><td>Obowi\u0105zkowy<\/td><td>S\u0142u\u017cy do identyfikacji transakcji<\/td><\/tr><\/tbody><\/table><\/figure>\n\n\n\n<h6 class=\"wp-block-heading\">Parametry nag\u0142\u00f3wka:<\/h6>\n\n\n\n<figure class=\"wp-block-table\"><table><thead><tr><th><strong>Lokalizacja<\/strong><\/th><th><strong>Element danych<\/strong><\/th><th><strong>Typ<\/strong><\/th><th><strong>Stan<\/strong><\/th><th><strong>Opis<\/strong><\/th><\/tr><\/thead><tbody><tr><td>Nag\u0142\u00f3wek \u017c\u0105dania<\/td><td>Typ zawarto\u015bci<\/td><td>Ci\u0105g<\/td><td>Obowi\u0105zkowy<\/td><td>aplikacja\/json<\/td><\/tr><tr><td>Nag\u0142\u00f3wek \u017c\u0105dania<\/td><td>Upowa\u017cnienie<\/td><td>Ci\u0105g<\/td><td>Obowi\u0105zkowy<\/td><td>Podsumowanie autoryzacji<\/td><\/tr><\/tbody><\/table><\/figure>\n\n\n\n<h6 class=\"wp-block-heading\">Parametry \u017c\u0105dania:<\/h6>\n\n\n\n<figure class=\"wp-block-table\"><table><thead><tr><th><strong>Lokalizacja<\/strong><\/th><th><strong>Element danych<\/strong><\/th><th><strong>Typ<\/strong><\/th><th><strong>Stan<\/strong><\/th><th><strong>Opis<\/strong><\/th><\/tr><\/thead><tbody><tr><td>Tre\u015b\u0107 \u017c\u0105dania<\/td><td>userAcceptanceIndicator<\/td><td>Warto\u015b\u0107 logiczna<\/td><td>Obowi\u0105zkowy<\/td><td>Wskazuje, czy u\u017cytkownik zaakceptowa\u0142 Regulamin, aby kontynuowa\u0107 p\u0142atno\u015b\u0107.<\/td><\/tr><tr><td>Tre\u015b\u0107 \u017c\u0105dania<\/td><td>gatewayId<\/td><td>Ci\u0105g<\/td><td>Obowi\u0105zkowy<\/td><td>Kana\u0142 p\u0142atno\u015bci Identyfikator kana\u0142u, kt\u00f3rego Klient b\u0119dzie u\u017cywa\u0142 do dokonywania p\u0142atno\u015bci.<br>Warto\u015b\u0107: 'bcmc&#8217; &#8211; Bancontact;<\/td><\/tr><tr><td>Tre\u015b\u0107 \u017c\u0105dania<\/td><td>informacja<\/td><td>Informacja<\/td><td>Obowi\u0105zkowy<\/td><td>Obiekt definiuj\u0105cy dodatkowe informacje o transakcji.<\/td><\/tr><tr><td>Popro\u015b o Body.info<\/td><td>deviceInfo<\/td><td>Informacje o urz\u0105dzeniu<\/td><td>Opcjonalny<\/td><td>Obiekt definiuj\u0105cy informacje o urz\u0105dzeniu klienta.<\/td><\/tr><tr><td>Popro\u015b o Body.info.deviceInfo<\/td><td>browserAcceptHeader<\/td><td>ci\u0105g<\/td><td>Opcjonalny<\/td><td>Nag\u0142\u00f3wek akceptacji przegl\u0105darki<\/td><\/tr><tr><td>Popro\u015b o Body.info.deviceInfo<\/td><td>browserJavaEnabled<\/td><td>ci\u0105g<\/td><td>Opcjonalny<\/td><td>Przegl\u0105darka Java w\u0142\u0105czona<\/td><\/tr><tr><td>Popro\u015b o Body.info.deviceInfo<\/td><td>browserLanguage<\/td><td>ci\u0105g<\/td><td>Opcjonalny<\/td><td>J\u0119zyk przegl\u0105darki<\/td><\/tr><tr><td>Popro\u015b o Body.info.deviceInfo<\/td><td>browserColorDepth<\/td><td>ci\u0105g<\/td><td>Opcjonalny<\/td><td>G\u0142\u0119bia kolor\u00f3w przegl\u0105darki<\/td><\/tr><tr><td>Popro\u015b o Body.info.deviceInfo<\/td><td>browserScreenHeight<\/td><td>ci\u0105g<\/td><td>Opcjonalny<\/td><td>Wysoko\u015b\u0107 ekranu przegl\u0105darki<\/td><\/tr><tr><td>Popro\u015b o Body.info.deviceInfo<\/td><td>browserScreenWidth<\/td><td>ci\u0105g<\/td><td>Opcjonalny<\/td><td>Szeroko\u015b\u0107 ekranu przegl\u0105darki<\/td><\/tr><tr><td>Popro\u015b o Body.info.deviceInfo<\/td><td>browserTZ<\/td><td>ci\u0105g<\/td><td>Opcjonalny<\/td><td>Strefa czasowa przegl\u0105darki<\/td><\/tr><tr><td>Popro\u015b o Body.info.deviceInfo<\/td><td>browserUserAgent<\/td><td>ci\u0105g<\/td><td>Opcjonalny<\/td><td>Agent u\u017cytkownika przegl\u0105darki<\/td><\/tr><tr><td>Popro\u015b o Body.info.deviceInfo<\/td><td>systemFamily<\/td><td>ci\u0105g<\/td><td>Opcjonalny<\/td><td>Rodzina systemowa<\/td><\/tr><tr><td>Popro\u015b o Body.info.deviceInfo<\/td><td>systemVersion<\/td><td>ci\u0105g<\/td><td>Opcjonalny<\/td><td>Wersja systemu<\/td><\/tr><tr><td>Popro\u015b o Body.info.deviceInfo<\/td><td>systemArchitecture<\/td><td>ci\u0105g<\/td><td>Opcjonalny<\/td><td>architektura systemu<\/td><\/tr><tr><td>Popro\u015b o Body.info.deviceInfo<\/td><td>deviceManufacturer<\/td><td>ci\u0105g<\/td><td>Opcjonalny<\/td><td>Producent urz\u0105dzenia<\/td><\/tr><tr><td>Popro\u015b o Body.info.deviceInfo<\/td><td>deviceModel<\/td><td>ci\u0105g<\/td><td>Opcjonalny<\/td><td>Model urz\u0105dzenia<\/td><\/tr><tr><td>Popro\u015b o Body.info.deviceInfo<\/td><td>deviceID<\/td><td>ci\u0105g<\/td><td>Opcjonalny<\/td><td>Unikalna identyfikacja urz\u0105dzenia<\/td><\/tr><tr><td>Popro\u015b o Body.info.deviceInfo<\/td><td>applicationName<\/td><td>ci\u0105g<\/td><td>Opcjonalny<\/td><td>Nazwa aplikacji<\/td><\/tr><tr><td>Popro\u015b o Body.info.deviceInfo<\/td><td>applicationVersion<\/td><td>ci\u0105g<\/td><td>Opcjonalny<\/td><td>Wersja aplikacji<\/td><\/tr><tr><td>Popro\u015b o Body.info.deviceInfo<\/td><td>geoLocalization<\/td><td>ci\u0105g<\/td><td>Opcjonalny<\/td><td>Geolokalizacja<\/td><\/tr><tr><td>Popro\u015b o Body.info.deviceInfo<\/td><td>ipAddress<\/td><td>ci\u0105g<\/td><td>Opcjonalny<\/td><td>Adres IP<\/td><\/tr><tr><td>Tre\u015b\u0107 \u017c\u0105dania<\/td><td>customerInfo<\/td><td>Informacja dla klientow<\/td><td>Opcjonalny<\/td><td>Tablica krotno\u015bci warto\u015bci klucza.<\/td><\/tr><tr><td>Popro\u015b o Body.customerInfo<\/td><td>klucz<\/td><td>ci\u0105g<\/td><td>Obowi\u0105zkowy<\/td><td>U\u017cywane do podawania \u201enazwy klienta\u201d, \u201ee-maila klienta\u201d.<\/td><\/tr><tr><td>Popro\u015b o Body.customerInfo<\/td><td>warto\u015b\u0107<\/td><td>ci\u0105g<\/td><td>Obowi\u0105zkowy<\/td><td>U\u017cywane do podawania \u201enazwy klienta\u201d, \u201ee-maila klienta\u201d.<\/td><\/tr><tr><td>Tre\u015b\u0107 \u017c\u0105dania<\/td><td>sprzedawca<\/td><td>Sprzedawca<\/td><td>Opcjonalny<\/td><td>Dane sprzedawcy<\/td><\/tr><tr><td>Zapytanie o Body.merchant<\/td><td>merchantURL<\/td><td>ci\u0105g<\/td><td>Obowi\u0105zkowy<\/td><td>Adres URL sklepu sprzedawcy do przekierowania.<\/td><\/tr><tr><td>Zapytanie o Body.merchant<\/td><td>appToAppURL<\/td><td>ci\u0105g<\/td><td>Opcjonalny<\/td><td>Niestandardowy adres URL aplikacji do przekierowania klienta z powrotem do aplikacji, co spowodowa\u0142o p\u0142atno\u015b\u0107.<br>Ma zastosowanie, gdy identyfikator bramy to \u201ebcmc\u201d.<br>Zast\u0119puje adres URL sprzedawcy dla przep\u0142yw\u00f3w mobilnych.<\/td><\/tr><tr><td>Popro\u015b o Body.info<\/td><td>accountInfo<\/td><td>Informacje o koncie<\/td><td>Opcjonalny<\/td><td>Dane zwi\u0105zane z kontem.<br>Ma zastosowanie, gdy identyfikator bramy to \u201ebcmc\u201d<\/td><\/tr><tr><td>Popro\u015b o Body.info.accountInfo<\/td><td>holderName<\/td><td>Max100Text<\/td><td>Opcjonalny<\/td><td>Nazwa w\u0142a\u015bciciela konta. Format UTF-8 . <\/td><\/tr><tr><td>Popro\u015b o Body.info.accountInfo<\/td><td>customerCountry<\/td><td>Kod kraju<\/td><td>Opcjonalny<\/td><td>Kod kraju klienta. Alpha2<\/td><\/tr><\/tbody><\/table><\/figure>\n\n\n\n<p>Oto przyk\u0142adowy spos\u00f3b uzyskania linku do p\u0142atno\u015bci:<\/p>\n\n\n\n<div class=\"wp-block-buttons is-layout-flex wp-block-buttons-is-layout-flex\">\n<div class=\"wp-block-button postman\"><a class=\"wp-block-button__link wp-element-button\" href=\"https:\/\/www.postman.com\/warped-star-117264\/workspace\/sibs-v3\/request\/28493802-b28d4463-8fd9-4111-82c4-fe4971f888aa\" target=\"_blank\" rel=\"noreferrer noopener\">Uruchom w Postmanie<\/a><\/div>\n<\/div>\n\n\n\n<pre class=\"wp-block-code\"><code>{\n    <mark style=\"background-color:rgba(0, 0, 0, 0)\" class=\"has-inline-color has-pale-pink-color\">\"userAcceptanceIndicator\"<\/mark>: <mark style=\"background-color:rgba(0, 0, 0, 0)\" class=\"has-inline-color has-pale-cyan-blue-color\">true<\/mark>,\n    <mark style=\"background-color:rgba(0, 0, 0, 0)\" class=\"has-inline-color has-pale-pink-color\">\"gatewayId\"<\/mark>: <mark style=\"background-color:rgba(0, 0, 0, 0)\" class=\"has-inline-color has-vivid-green-cyan-color\">\"bcmc\"<\/mark>,\n    <mark style=\"background-color:rgba(0, 0, 0, 0)\" class=\"has-inline-color has-pale-pink-color\">\"info\"<\/mark>: {\n        <mark style=\"background-color:rgba(0, 0, 0, 0)\" class=\"has-inline-color has-pale-pink-color\">\"deviceInfo\"<\/mark>: {\n            <mark style=\"background-color:rgba(0, 0, 0, 0)\" class=\"has-inline-color has-pale-pink-color\">\"browserAcceptHeader\"<\/mark>: <mark style=\"background-color:rgba(0, 0, 0, 0)\" class=\"has-inline-color has-vivid-green-cyan-color\">\"application\/json, text\/plain, *\/*\"<\/mark>,\n            <mark style=\"background-color:rgba(0, 0, 0, 0)\" class=\"has-inline-color has-pale-pink-color\">\"browserJavaEnabled\"<\/mark>: <mark style=\"background-color:rgba(0, 0, 0, 0)\" class=\"has-inline-color has-pale-cyan-blue-color\">\"false\"<\/mark>,\n            <mark style=\"background-color:rgba(0, 0, 0, 0)\" class=\"has-inline-color has-pale-pink-color\">\"browserLanguage\"<\/mark>: <mark style=\"background-color:rgba(0, 0, 0, 0)\" class=\"has-inline-color has-vivid-green-cyan-color\">\"en\"<\/mark>,\n            <mark style=\"background-color:rgba(0, 0, 0, 0)\" class=\"has-inline-color has-pale-pink-color\">\"browserColorDepth\"<\/mark>: <mark style=\"background-color:rgba(0, 0, 0, 0)\" class=\"has-inline-color has-luminous-vivid-amber-color\">\"24\"<\/mark>,\n            <mark style=\"background-color:rgba(0, 0, 0, 0)\" class=\"has-inline-color has-pale-pink-color\">\"browserScreenHeight\"<\/mark>: <mark style=\"background-color:rgba(0, 0, 0, 0)\" class=\"has-inline-color has-luminous-vivid-amber-color\">\"1080\"<\/mark>,\n            <mark style=\"background-color:rgba(0, 0, 0, 0)\" class=\"has-inline-color has-pale-pink-color\">\"browserScreenWidth\"<\/mark>: <mark style=\"background-color:rgba(0, 0, 0, 0)\" class=\"has-inline-color has-luminous-vivid-amber-color\">\"1920\"<\/mark>,\n            <mark style=\"background-color:rgba(0, 0, 0, 0)\" class=\"has-inline-color has-pale-pink-color\">\"browserTZ\"<\/mark>: <mark style=\"background-color:rgba(0, 0, 0, 0)\" class=\"has-inline-color has-luminous-vivid-amber-color\">\"-60\"<\/mark>,\n            <mark style=\"background-color:rgba(0, 0, 0, 0)\" class=\"has-inline-color has-pale-pink-color\">\"browserUserAgent\"<\/mark>: <mark style=\"background-color:rgba(0, 0, 0, 0)\" class=\"has-inline-color has-vivid-green-cyan-color\">\"Mozilla\/5.0 (Windows NT 10.0; WOW64) AppleWebKit\/537.36 (KHTML, like Gecko) Chrome\/106.0.0.0 Safari\/537.36\"<\/mark>,\n            <mark style=\"background-color:rgba(0, 0, 0, 0)\" class=\"has-inline-color has-pale-pink-color\">\"geoLocalization\"<\/mark>: <mark style=\"background-color:rgba(0, 0, 0, 0)\" class=\"has-inline-color has-vivid-green-cyan-color\">\"Lat: 38.7350528 | Long: -9.2143616\"<\/mark>,\n            <mark style=\"background-color:rgba(0, 0, 0, 0)\" class=\"has-inline-color has-pale-pink-color\">\"systemFamily\"<\/mark>: <mark style=\"background-color:rgba(0, 0, 0, 0)\" class=\"has-inline-color has-vivid-green-cyan-color\">\"Windows\"<\/mark>,\n            <mark style=\"background-color:rgba(0, 0, 0, 0)\" class=\"has-inline-color has-pale-pink-color\">\"systemVersion\"<\/mark>: <mark style=\"background-color:rgba(0, 0, 0, 0)\" class=\"has-inline-color has-vivid-green-cyan-color\">\"Windows\"<\/mark>,\n            <mark style=\"background-color:rgba(0, 0, 0, 0)\" class=\"has-inline-color has-pale-pink-color\">\"deviceID\"<\/mark>: <mark style=\"background-color:rgba(0, 0, 0, 0)\" class=\"has-inline-color has-vivid-green-cyan-color\">\"498bfd4c3a3645b38667a7037b616c18\"<\/mark>,\n            <mark style=\"background-color:rgba(0, 0, 0, 0)\" class=\"has-inline-color has-pale-pink-color\">\"applicationName\"<\/mark>: <mark style=\"background-color:rgba(0, 0, 0, 0)\" class=\"has-inline-color has-vivid-green-cyan-color\">\"Chrome\"<\/mark>,\n            <mark style=\"background-color:rgba(0, 0, 0, 0)\" class=\"has-inline-color has-pale-pink-color\">\"applicationVersion\"<\/mark>: <mark style=\"background-color:rgba(0, 0, 0, 0)\" class=\"has-inline-color has-luminous-vivid-amber-color\">\"106\"<\/mark>\n        },\n        <mark style=\"background-color:rgba(0, 0, 0, 0)\" class=\"has-inline-color has-pale-pink-color\">\"customerInfo\"<\/mark>: &#91;\n            {\n                <mark style=\"background-color:rgba(0, 0, 0, 0)\" class=\"has-inline-color has-pale-pink-color\">\"key\"<\/mark>: <mark style=\"background-color:rgba(0, 0, 0, 0)\" class=\"has-inline-color has-vivid-green-cyan-color\">\"customerName\"<\/mark>,\n                <mark style=\"background-color:rgba(0, 0, 0, 0)\" class=\"has-inline-color has-pale-pink-color\">\"value\"<\/mark>: <mark style=\"background-color:rgba(0, 0, 0, 0)\" class=\"has-inline-color has-vivid-green-cyan-color\">\"Test Name\"<\/mark>\n            },\n            {\n                <mark style=\"background-color:rgba(0, 0, 0, 0)\" class=\"has-inline-color has-pale-pink-color\">\"key\"<\/mark>: <mark style=\"background-color:rgba(0, 0, 0, 0)\" class=\"has-inline-color has-vivid-green-cyan-color\">\"customerEmail\"<\/mark>,\n                <mark style=\"background-color:rgba(0, 0, 0, 0)\" class=\"has-inline-color has-pale-pink-color\">\"value\"<\/mark>: <mark style=\"background-color:rgba(0, 0, 0, 0)\" class=\"has-inline-color has-vivid-green-cyan-color\">email@provider.com<\/mark>\n            }\n        ],\n        <mark style=\"background-color:rgba(0, 0, 0, 0)\" class=\"has-inline-color has-pale-pink-color\">\"accountInfo\"<\/mark>: {\n            <mark style=\"background-color:rgba(0, 0, 0, 0)\" class=\"has-inline-color has-pale-pink-color\">\"holderName\"<\/mark>: <mark style=\"background-color:rgba(0, 0, 0, 0)\" class=\"has-inline-color has-vivid-green-cyan-color\">\"Test Name\"<\/mark>,\n            <mark style=\"background-color:rgba(0, 0, 0, 0)\" class=\"has-inline-color has-pale-pink-color\">\"customerCountry\"<\/mark>: <mark style=\"background-color:rgba(0, 0, 0, 0)\" class=\"has-inline-color has-vivid-green-cyan-color\">\"BE\"<\/mark>\n        }\n    },\n    <mark style=\"background-color:rgba(0, 0, 0, 0)\" class=\"has-inline-color has-pale-pink-color\">\"merchant\"<\/mark>: {\n        <mark style=\"background-color:rgba(0, 0, 0, 0)\" class=\"has-inline-color has-pale-pink-color\">\"appToAppURL\"<\/mark>: <mark style=\"background-color:rgba(0, 0, 0, 0)\" class=\"has-inline-color has-vivid-green-cyan-color\">https:\/\/egadget2.azurewebsites.net\/#\/returns?id={{transactionId}}<\/mark>,\n        <mark style=\"background-color:rgba(0, 0, 0, 0)\" class=\"has-inline-color has-pale-pink-color\">\"merchantURL\"<\/mark>: <mark style=\"background-color:rgba(0, 0, 0, 0)\" class=\"has-inline-color has-vivid-green-cyan-color\">https:\/\/egadget2.azurewebsites.net\/#\/returns?id={{transactionId}}<\/mark>\n    }\n}\n<\/code><\/pre>\n\n\n\n<p>Po pomy\u015blnym zako\u0144czeniu operacji otrzymany zostanie <mark style=\"background-color:#e9e9f5\" class=\"has-inline-color\">status p\u0142atno\u015bci<\/mark> \u201eoczekuj\u0105cy\u201d.<\/p>\n\n\n\n<p>U\u017cytkownik zostaje nast\u0119pnie przekierowany do \u015brodowiska potwierdzenia p\u0142atno\u015bci, po czym bezproblemowo powr\u00f3ci do adresu URL sprzedawcy.<\/p>\n\n\n\n<h5 class=\"wp-block-heading\" id=\"step3\">Krok 3: Uzyskaj status p\u0142atno\u015bci<\/h5>\n\n\n\n<p>W dowolnym momencie mo\u017cesz wykona\u0107 operacj\u0119 \u201ePobierz status\u201d, aby sprawdzi\u0107 status.<\/p>\n\n\n\n<p>Nag\u0142\u00f3wek HTTP autoryzacji jest ustawiony na token no\u015bnika, tak jak by\u0142 u\u017cywany podczas pocz\u0105tkowej realizacji transakcji.<\/p>\n\n\n\n<pre class=\"wp-block-code singleline\"><code><code><mark style=\"background-color:#007d57\" class=\"has-inline-color has-white-color\">GET<\/mark> {transactionID}\/status<\/code><\/code><\/pre>\n\n\n\n<div class=\"wp-block-buttons is-layout-flex wp-block-buttons-is-layout-flex\">\n<div class=\"wp-block-button postman\"><a class=\"wp-block-button__link wp-element-button\" href=\"https:\/\/www.postman.com\/warped-star-117264\/workspace\/sibs-v3\/request\/28493802-0618acfc-d648-4ca4-a4a1-b139aee92b67\" target=\"_blank\" rel=\"noreferrer noopener\">Uruchom w Postmanie<\/a><\/div>\n<\/div>\n\n\n\n<h6 class=\"wp-block-heading\">Adres URL \u017c\u0105dania:<\/h6>\n\n\n\n<pre class=\"wp-block-code singleline\"><code>https:&#47;&#47;stargate-cer.qly.site1.sibs.pt\/api\/v1\/payments\/{transactionID}\/status<\/code><\/pre>\n\n\n\n<h6 class=\"wp-block-heading\">Nag\u0142\u00f3wki \u017c\u0105da\u0144:<\/h6>\n\n\n\n<pre class=\"wp-block-code singleline\"><code>Authorization: \u2018Bearer &lt;AuthToken&gt;\u2019\nX-IBM-Client-Id: \u2018&lt;ClientId&gt;\u2019\nContent-Type: application\/json\n<\/code><\/pre>\n\n\n\n<p>Pomy\u015blna odpowied\u017a techniczna sk\u0142ada si\u0119 ze statusu HTTP-200 i returnStatus.statusCode=\u201d000\u2033.<\/p>\n\n\n\n<p>Oto kilka przyk\u0142ad\u00f3w mo\u017cliwych kod\u00f3w wynik\u00f3w:<\/p>\n\n\n\n<figure class=\"wp-block-table\"><table><thead><tr><th><strong>Result Code<\/strong><\/th><th><strong>statusMsg<\/strong><\/th><th><strong>Description<\/strong><\/th><th><strong>Action<\/strong><\/th><\/tr><\/thead><tbody><tr><td>HTTP-200<\/td><td>Success<\/td><td>Success response<\/td><td>N\/A<\/td><\/tr><tr><td>HTTP-400<\/td><td>Bad Request<\/td><td>The JSON payload is not matching the API definition or some mandatory HTTP headers are missing.<\/td><td>Please check in API Market for the correct syntax.<\/td><\/tr><tr><td>HTTP-401<\/td><td>Unauthorized<\/td><td>On the Authorization, Bearer token is invalid\/expired or not associated with the Terminal used.<\/td><td>Please check in SIBS Backoffice under the Credentials if the token is valid and create a new one if needed.<\/td><\/tr><tr><td>HTTP-403<\/td><td>Forbidden<\/td><td>The <mark style=\"background-color:#e9e9f5\" class=\"has-inline-color\">ClientID<\/mark> set on the <mark style=\"background-color:#e9e9f5\" class=\"has-inline-color\">X-IBM-Client-Id<\/mark> HTTP header is not valid or does not possess a valid subscription to the API.<\/td><td>Please check in SIBS Backoffice under the SPG APP 2.0 if the <mark style=\"background-color:#e9e9f5\" class=\"has-inline-color\">ClientID<\/mark> is correct. If the problem persists contact SIBS Gateway support for a <mark style=\"background-color:#e9e9f5\" class=\"has-inline-color\">ClientID<\/mark> reset.<\/td><\/tr><tr><td>HTTP-405<\/td><td>Method Not Allowed<\/td><td>The HTTP Method used is not matching any of the API definitions available.<\/td><td>Please check in API Market for the correct HTTP Method.<\/td><\/tr><tr><td>HTTP-429<\/td><td>Too Many Requests<\/td><td>The API calls rate limit has been exceeded.<\/td><td>Please check in API Market for information on the rate limits that apply to the API.<\/td><\/tr><tr><td>HTTP-500<\/td><td>Internal Server Error<\/td><td>The API call has failed&#8230; and its most likely on our side.<\/td><td>You should retry the operation, and if the problem persists contact SIBS Gateway support for assistance.<\/td><\/tr><tr><td>HTTP-503<\/td><td>Service Unavailable<\/td><td>The API call is not currently available. Usually we are always on, but short availability issues may occur during scheduled maintenance.<\/td><td>You should wait and try again later.<\/td><\/tr><\/tbody><\/table><\/figure>\n","protected":false},"excerpt":{"rendered":"<p>Zacznij akceptowa\u0107 p\u0142atno\u015bci za pomoc\u0105 Bancontact, najpopularniejszej metody p\u0142atno\u015bci online w Belgii, utrzymuj\u0105c pozycj\u0119 lidera na rynku zar\u00f3wno w transakcjach internetowych, jak i osobistych. Aby dokona\u0107 p\u0142atno\u015bci za pomoc\u0105 Bancontact, klienci s\u0105 kierowani do witryny internetowej lub aplikacji mobilnej w celu autoryzacji. Wprowadzaj\u0105 dane swojej karty lub skanuj\u0105 kod QR, a nast\u0119pnie autoryzuj\u0105 p\u0142atno\u015b\u0107. Nast\u0119pnie [&hellip;]<\/p>\n","protected":false},"author":3,"featured_media":0,"parent":9950,"menu_order":1,"comment_status":"closed","ping_status":"closed","template":"","meta":{"_acf_changed":false,"_eb_attr":"","footnotes":""},"class_list":["post-10465","page","type-page","status-publish","hentry","has-post-title","has-post-date","has-post-category","has-post-tag","has-post-comment","has-post-author",""],"acf":[],"builder_content":"","_links":{"self":[{"href":"https:\/\/www.qly.docs.pay.sibs.com\/pl\/wp-json\/wp\/v2\/pages\/10465","targetHints":{"allow":["GET"]}}],"collection":[{"href":"https:\/\/www.qly.docs.pay.sibs.com\/pl\/wp-json\/wp\/v2\/pages"}],"about":[{"href":"https:\/\/www.qly.docs.pay.sibs.com\/pl\/wp-json\/wp\/v2\/types\/page"}],"author":[{"embeddable":true,"href":"https:\/\/www.qly.docs.pay.sibs.com\/pl\/wp-json\/wp\/v2\/users\/3"}],"replies":[{"embeddable":true,"href":"https:\/\/www.qly.docs.pay.sibs.com\/pl\/wp-json\/wp\/v2\/comments?post=10465"}],"version-history":[{"count":4,"href":"https:\/\/www.qly.docs.pay.sibs.com\/pl\/wp-json\/wp\/v2\/pages\/10465\/revisions"}],"predecessor-version":[{"id":27775,"href":"https:\/\/www.qly.docs.pay.sibs.com\/pl\/wp-json\/wp\/v2\/pages\/10465\/revisions\/27775"}],"up":[{"embeddable":true,"href":"https:\/\/www.qly.docs.pay.sibs.com\/pl\/wp-json\/wp\/v2\/pages\/9950"}],"wp:attachment":[{"href":"https:\/\/www.qly.docs.pay.sibs.com\/pl\/wp-json\/wp\/v2\/media?parent=10465"}],"curies":[{"name":"wp","href":"https:\/\/api.w.org\/{rel}","templated":true}]}}