{"id":10463,"date":"2023-06-22T15:29:45","date_gmt":"2023-06-22T15:29:45","guid":{"rendered":"https:\/\/www.qly.docs.pay.sibs.com\/finanse-i-raportowanie\/"},"modified":"2024-03-19T13:08:26","modified_gmt":"2024-03-19T13:08:26","slug":"finanse-i-raportowanie","status":"publish","type":"page","link":"https:\/\/www.qly.docs.pay.sibs.com\/pl\/sibs-gateway-dokumentacja\/finanse-i-raportowanie\/","title":{"rendered":"Finanse i raportowanie"},"content":{"rendered":"<!-- wp:themify-builder\/canvas \/-->\n<p>Zwi\u0119ksz swoje do\u015bwiadczenie p\u0142atnicze dzi\u0119ki naszemu rozwi\u0105zaniu, kt\u00f3re optymalizuje procesy dzi\u0119ki dok\u0142adnemu fakturowaniu, wyp\u0142atom i cennym spostrze\u017ceniom, zapewniaj\u0105c sukces w Twojej dzia\u0142alno\u015bci.<\/p>\n\n<div id=\"link-cards-block_21dfb7671739b3914f6f37e4a7d6f6d4\" class=\"block-link-cards\">\n            <div class=\"row\">\n                                                <div class=\"link-card-col\">\n                        <p>Link inv\u00e1lido ou incompleto.<\/p>\n                    <\/div>\n                                    <\/div>\n    <\/div>\n\n<script>\ndocument.addEventListener('DOMContentLoaded', function() {\n    \/\/ Get all the rows of link cards\n    var rows = document.querySelectorAll('.block-link-cards .row');\n\n    \/\/ Loop through each row\n    rows.forEach(function(row) {\n        \/\/ Get all the link cards in the row\n        var linkCards = row.querySelectorAll('.link-card-col');\n\n        \/\/ Find the tallest card height in the row\n        var tallestCardHeight = 0;\n        linkCards.forEach(function(card) {\n            card.style.height = ''; \/\/ Reset the height to auto\n            var cardHeight = card.offsetHeight;\n            if (cardHeight > tallestCardHeight) {\n                tallestCardHeight = cardHeight;\n            }\n        });\n\n        \/\/ Set the height of all link cards in the row to the tallest card height\n        linkCards.forEach(function(card) {\n            card.style.height = tallestCardHeight + 'px';\n        });\n    });\n});\n<\/script>\n\n","protected":false},"excerpt":{"rendered":"<p>Zwi\u0119ksz swoje do\u015bwiadczenie p\u0142atnicze dzi\u0119ki naszemu rozwi\u0105zaniu, kt\u00f3re optymalizuje procesy dzi\u0119ki dok\u0142adnemu fakturowaniu, wyp\u0142atom i cennym spostrze\u017ceniom, zapewniaj\u0105c sukces w Twojej dzia\u0142alno\u015bci.<\/p>\n","protected":false},"author":3,"featured_media":0,"parent":9923,"menu_order":8,"comment_status":"closed","ping_status":"closed","template":"","meta":{"_acf_changed":false,"_eb_attr":"","footnotes":""},"class_list":["post-10463","page","type-page","status-publish","hentry","has-post-title","has-post-date","has-post-category","has-post-tag","has-post-comment","has-post-author",""],"acf":[],"builder_content":"","_links":{"self":[{"href":"https:\/\/www.qly.docs.pay.sibs.com\/pl\/wp-json\/wp\/v2\/pages\/10463","targetHints":{"allow":["GET"]}}],"collection":[{"href":"https:\/\/www.qly.docs.pay.sibs.com\/pl\/wp-json\/wp\/v2\/pages"}],"about":[{"href":"https:\/\/www.qly.docs.pay.sibs.com\/pl\/wp-json\/wp\/v2\/types\/page"}],"author":[{"embeddable":true,"href":"https:\/\/www.qly.docs.pay.sibs.com\/pl\/wp-json\/wp\/v2\/users\/3"}],"replies":[{"embeddable":true,"href":"https:\/\/www.qly.docs.pay.sibs.com\/pl\/wp-json\/wp\/v2\/comments?post=10463"}],"version-history":[{"count":1,"href":"https:\/\/www.qly.docs.pay.sibs.com\/pl\/wp-json\/wp\/v2\/pages\/10463\/revisions"}],"predecessor-version":[{"id":10464,"href":"https:\/\/www.qly.docs.pay.sibs.com\/pl\/wp-json\/wp\/v2\/pages\/10463\/revisions\/10464"}],"up":[{"embeddable":true,"href":"https:\/\/www.qly.docs.pay.sibs.com\/pl\/wp-json\/wp\/v2\/pages\/9923"}],"wp:attachment":[{"href":"https:\/\/www.qly.docs.pay.sibs.com\/pl\/wp-json\/wp\/v2\/media?parent=10463"}],"curies":[{"name":"wp","href":"https:\/\/api.w.org\/{rel}","templated":true}]}}