{"id":10461,"date":"2023-06-14T09:52:23","date_gmt":"2023-06-14T09:52:23","guid":{"rendered":"https:\/\/www.qly.docs.pay.sibs.com\/onboarding-api-full-code\/"},"modified":"2025-01-23T15:35:15","modified_gmt":"2025-01-23T15:35:15","slug":"onboarding-api","status":"publish","type":"page","link":"https:\/\/www.qly.docs.pay.sibs.com\/pl\/sibs-gateway-dokumentacja\/onboarding-api\/","title":{"rendered":"Onboarding API"},"content":{"rendered":"<!-- wp:themify-builder\/canvas \/-->\n<p>Nasz <strong>Onboarding API<\/strong> upraszcza proces integracji, dzi\u0119ki czemu sprzedawcy mog\u0105 szybko i \u0142atwo rozpocz\u0105\u0107 prac\u0119. Dzi\u0119ki temu narz\u0119dziu mo\u017cesz przyspieszy\u0107 proces rejestracji cyfrowej, umo\u017cliwiaj\u0105c sprzedawcom b\u0142yskawiczne rozpocz\u0119cie dzia\u0142alno\u015bci.<\/p>\n\n<p>W naszym rozwi\u0105zaniu Sponsorowany Sprzedawca oznacza sprzedawc\u00f3w detalicznych lub us\u0142ugodawc\u00f3w na Twojej platformie.<\/p>\n\n<p>Aby usprawni\u0107 proces wdra\u017cania tych Sponsorowanych Sprzedawc\u00f3w na swojej platformie, mo\u017cna utworzy\u0107 dostosowany interfejs u\u017cytkownika (UI) w celu gromadzenia danych sprzedawc\u00f3w, a nast\u0119pnie przesy\u0142ania ich do naszego interfejsu API (FULL CODE).<\/p>\n\n<p>W tym przewodniku znajdziesz wyja\u015bnienie ca\u0142ego procesu wdra\u017cania Sponsorowanego Sprzedawcy.<\/p>\n\n<style type=\"text\/css\">\n\t#message-box-block_a553b9d090af542b3b8bf7c13749bc59 {\n\t\t\/* Add styles that use ACF values here *\/\n\t}\n<\/style>\n\n<div id=\"message-box-block_a553b9d090af542b3b8bf7c13749bc59\" class=\"block-message-box\">\n\t\t\t\t\t\t\t\t\t<\/div>\n<h3 class=\"wp-block-heading\"><strong>Przed rozpocz\u0119ciem<\/strong><\/h3>\n\n<p>Upewnij si\u0119, \u017ce podczas procesu wdra\u017cania Tw\u00f3j opiekun udost\u0119pni\u0142 Ci niezb\u0119dne dane uwierzytelniaj\u0105ce:<\/p>\n\n<ul class=\"wp-block-list\">\n<li><strong>Identyfikator Klienta (Client ID)<\/strong><\/li>\n\n\n\n<li><strong>Tajny Klucz (Client Secret)<\/strong><\/li>\n<\/ul>\n\n<p>Gdy ju\u017c je uzyskasz, b\u0119dziesz m\u00f3g\u0142 zainicjowa\u0107 proces wdra\u017cania za po\u015brednictwem interfejsu API (FULL CODE).<\/p>\n\n<style type=\"text\/css\">\n\t#message-box-block_77356975de110ccf0789f5b76d2ca9d3 {\n\t\t\/* Add styles that use ACF values here *\/\n\t}\n<\/style>\n\n<div id=\"message-box-block_77356975de110ccf0789f5b76d2ca9d3\" class=\"block-message-box\">\n\t\t\t\t\t\t\t\t\t<\/div>","protected":false},"excerpt":{"rendered":"<p>Nasz Onboarding API upraszcza proces integracji, dzi\u0119ki czemu sprzedawcy mog\u0105 szybko i \u0142atwo rozpocz\u0105\u0107 prac\u0119. Dzi\u0119ki temu narz\u0119dziu mo\u017cesz przyspieszy\u0107 proces rejestracji cyfrowej, umo\u017cliwiaj\u0105c sprzedawcom b\u0142yskawiczne rozpocz\u0119cie dzia\u0142alno\u015bci. W naszym rozwi\u0105zaniu Sponsorowany Sprzedawca oznacza sprzedawc\u00f3w detalicznych lub us\u0142ugodawc\u00f3w na Twojej platformie. Aby usprawni\u0107 proces wdra\u017cania tych Sponsorowanych Sprzedawc\u00f3w na swojej platformie, mo\u017cna utworzy\u0107 dostosowany interfejs [&hellip;]<\/p>\n","protected":false},"author":1,"featured_media":0,"parent":9923,"menu_order":7,"comment_status":"closed","ping_status":"closed","template":"","meta":{"_acf_changed":false,"_eb_attr":"","footnotes":""},"class_list":["post-10461","page","type-page","status-publish","hentry","has-post-title","has-post-date","has-post-category","has-post-tag","has-post-comment","has-post-author",""],"acf":[],"builder_content":"","_links":{"self":[{"href":"https:\/\/www.qly.docs.pay.sibs.com\/pl\/wp-json\/wp\/v2\/pages\/10461","targetHints":{"allow":["GET"]}}],"collection":[{"href":"https:\/\/www.qly.docs.pay.sibs.com\/pl\/wp-json\/wp\/v2\/pages"}],"about":[{"href":"https:\/\/www.qly.docs.pay.sibs.com\/pl\/wp-json\/wp\/v2\/types\/page"}],"author":[{"embeddable":true,"href":"https:\/\/www.qly.docs.pay.sibs.com\/pl\/wp-json\/wp\/v2\/users\/1"}],"replies":[{"embeddable":true,"href":"https:\/\/www.qly.docs.pay.sibs.com\/pl\/wp-json\/wp\/v2\/comments?post=10461"}],"version-history":[{"count":2,"href":"https:\/\/www.qly.docs.pay.sibs.com\/pl\/wp-json\/wp\/v2\/pages\/10461\/revisions"}],"predecessor-version":[{"id":22773,"href":"https:\/\/www.qly.docs.pay.sibs.com\/pl\/wp-json\/wp\/v2\/pages\/10461\/revisions\/22773"}],"up":[{"embeddable":true,"href":"https:\/\/www.qly.docs.pay.sibs.com\/pl\/wp-json\/wp\/v2\/pages\/9923"}],"wp:attachment":[{"href":"https:\/\/www.qly.docs.pay.sibs.com\/pl\/wp-json\/wp\/v2\/media?parent=10461"}],"curies":[{"name":"wp","href":"https:\/\/api.w.org\/{rel}","templated":true}]}}