{"id":10459,"date":"2023-06-22T15:34:17","date_gmt":"2023-06-22T15:34:17","guid":{"rendered":"https:\/\/www.qly.docs.pay.sibs.com\/sibs-backoffice-2\/panel\/"},"modified":"2024-03-19T13:01:40","modified_gmt":"2024-03-19T13:01:40","slug":"panel","status":"publish","type":"page","link":"https:\/\/www.qly.docs.pay.sibs.com\/pl\/sibs-gateway-dokumentacja\/sibs-backoffice\/panel\/","title":{"rendered":"Panel"},"content":{"rendered":"<!-- wp:themify-builder\/canvas \/-->\n<p>Menu \u201eDashboard\u201d podsumowuje dane transakcyjne w formie graficznej i listowej. Tylko okre\u015blone profile u\u017cytkownik\u00f3w, w tym w\u0142a\u015bciciel, administrator, mened\u017cer i prze\u0142o\u017cony, maj\u0105 dost\u0119p do tej funkcji. Umo\u017cliwia segmentacj\u0119 danych wed\u0142ug wybranych kategorii, zar\u00f3wno pod wzgl\u0119dem ilo\u015bciowym, jak i wolumenowym sprzeda\u017cy oraz wyb\u00f3r r\u00f3\u017cnych typ\u00f3w reprezentacji graficznej.<\/p>\n\n<figure class=\"wp-block-image size-full\"><img loading=\"lazy\" decoding=\"async\" width=\"742\" height=\"516\" src=\"https:\/\/www.qly.docs.pay.sibs.com\/wp-content\/uploads\/2023\/06\/Picture-1-3.png\" alt=\"\" class=\"wp-image-3840\" srcset=\"https:\/\/www.qly.docs.pay.sibs.com\/wp-content\/uploads\/2023\/06\/Picture-1-3.png 742w, https:\/\/www.qly.docs.pay.sibs.com\/wp-content\/uploads\/2023\/06\/Picture-1-3-300x209.png 300w\" sizes=\"auto, (max-width: 742px) 100vw, 742px\" \/><\/figure>\n\n<h3 class=\"wp-block-heading\">Filtruj dane<\/h3>\n\n<p>Funkcja \u201ePanel kontrolny\u201d umo\u017cliwia filtrowanie danych dla domy\u015blnych okres\u00f3w czasu \u201e24 godziny\u201d, \u201e7 dni\u201d lub \u201e14 dni\u201d, a tak\u017ce pozwala na wizualizacj\u0119 danych transakcyjnych, kt\u00f3re mog\u0105 by\u0107 wy\u015bwietlane w formie sumarycznej (\u201e Razem\u201d) lub zagregowane w kategorie takie jak \u201eKana\u0142y\u201d, \u201eTerminale\u201d, \u201eSystemy\u201d i \u201eMetody\u201d.<\/p>\n\n<p>Opcja wyszukiwania zaawansowanego pozwala wybra\u0107 do 10 sklep\u00f3w i jeden lub wi\u0119cej terminali na sklep, aby zaw\u0119zi\u0107 wyniki wyszukiwania.<\/p>\n\n<div class=\"wp-block-accordion-toggle-accordion-toggle\"><div class=\"eb-parent-wrapper eb-parent-eb-accordion-1fzy7io \"><div class=\"eb-accordion-container eb-accordion-1fzy7io\" data-accordion-type=\"toggle\" data-tab-icon=\"fas fa-angle-right\" data-expanded-icon=\"fas fa-angle-down\"><div class=\"eb-accordion-inner\">\n<div class=\"eb-accordion-item-j6gdxve eb-accordion-wrapper\" data-clickable=\"false\"><div class=\"eb-accordion-title-wrapper\"><span class=\"eb-accordion-icon-wrapper\"><span class=\"fas fa-angle-right eb-accordion-icon\"><\/span><\/span><h3 class=\"eb-accordion-title\">&#8222;Channels&#8221; filter<\/h3><\/div><div class=\"eb-accordion-content-wrapper\"><div class=\"eb-accordion-content\">\n<p>Pokazuje wolumen i liczb\u0119 transakcji dziennie. System pokazuje tylko 7 najpopularniejszych typ\u00f3w u\u017cywanych do przetwarzania transakcji. Wszystkie pozosta\u0142e s\u0105 agregowane w Inne. Dane mo\u017cna dzieli\u0107 ze wzgl\u0119du na kana\u0142:<\/p>\n\n\n\n<ul class=\"wp-block-list\">\n<li><strong>Cyfrowe<\/strong> \u2013 eCommerce i\/lub<\/li>\n\n\n\n<li><strong>Fizyczny<\/strong> \u2013 terminal POS (dost\u0119pny tylko na niekt\u00f3rych rynkach)<\/li>\n<\/ul>\n<\/div><\/div><\/div>\n\n\n\n<div class=\"eb-accordion-item-iljg39t eb-accordion-wrapper\" data-clickable=\"false\"><div class=\"eb-accordion-title-wrapper\"><span class=\"eb-accordion-icon-wrapper\"><span class=\"fas fa-angle-right eb-accordion-icon\"><\/span><\/span><h3 class=\"eb-accordion-title\">&#8222;Terminals&#8221; filter<\/h3><\/div><div class=\"eb-accordion-content-wrapper\"><div class=\"eb-accordion-content\">\n<p>Ta kategoria obejmuje sprz\u0119t lub interfejs p\u0142atniczy. Przyk\u0142ady:<\/p>\n\n\n\n<ul class=\"wp-block-list\">\n<li><strong>POS<\/strong>: tradycyjny terminal POS;<\/li>\n\n\n\n<li><strong>WEB:<\/strong> terminal e-commerce ;<\/li>\n\n\n\n<li><strong>mPOS<\/strong>: mobilny terminal p\u0142atniczy.<\/li>\n<\/ul>\n\n\n\n<p>Ka\u017cdy terminal, kt\u00f3ry nie mie\u015bci si\u0119 w powy\u017cszej klasyfikacji, zaliczany jest do kategorii \u201eInne\u201d.<\/p>\n<\/div><\/div><\/div>\n\n\n\n<div class=\"eb-accordion-item-5o0atzx eb-accordion-wrapper\" data-clickable=\"false\"><div class=\"eb-accordion-title-wrapper\"><span class=\"eb-accordion-icon-wrapper\"><span class=\"fas fa-angle-right eb-accordion-icon\"><\/span><\/span><h3 class=\"eb-accordion-title\">&#8222;Systems&#8221; filter<\/h3><\/div><div class=\"eb-accordion-content-wrapper\"><div class=\"eb-accordion-content\">\n<p>Systems to mi\u0119dzynarodowe marki odpowiedzialne za systemy kart kredytowych (np.: Visa, Mastercard). <\/p>\n\n\n\n<p>Opcja \u201eSystemy\u201d wy\u015bwietla maksymalnie siedem produkt\u00f3w finansowych, posortowanych wed\u0142ug \u201ewolumenu\u201d lub \u201eilo\u015bci\u201d (w zale\u017cno\u015bci od przegl\u0105danej zak\u0142adki), a pozosta\u0142e znajduj\u0105 si\u0119 w kategorii \u201eInne\u201d.<\/p>\n<\/div><\/div><\/div>\n\n\n\n<div class=\"eb-accordion-item-oao18ca eb-accordion-wrapper\" data-clickable=\"false\"><div class=\"eb-accordion-title-wrapper\"><span class=\"eb-accordion-icon-wrapper\"><span class=\"fas fa-angle-right eb-accordion-icon\"><\/span><\/span><h3 class=\"eb-accordion-title\">&#8222;Methods&#8221; filter<\/h3><\/div><div class=\"eb-accordion-content-wrapper\"><div class=\"eb-accordion-content\">\n<p>Metody to instrumenty p\u0142atnicze (przyk\u0142ady: Karty Pay by Link, BLIK, Paypal, Apple Pay). Wy\u015bwietlanych jest maksymalnie siedem r\u00f3\u017cnych Metod, przy czym mniej istotne metody p\u0142atno\u015bci s\u0105 zebrane w kategorii \u201eInne\u201d.<\/p>\n<\/div><\/div><\/div>\n\n\n\n<div class=\"eb-accordion-item-j2ok3zg eb-accordion-wrapper\" data-clickable=\"false\"><div class=\"eb-accordion-title-wrapper\"><span class=\"eb-accordion-icon-wrapper\"><span class=\"fas fa-angle-right eb-accordion-icon\"><\/span><\/span><h3 class=\"eb-accordion-title\"><strong>&#8222;Totalizers&#8221; filter<\/strong><\/h3><\/div><div class=\"eb-accordion-content-wrapper\"><div class=\"eb-accordion-content\">\n<p>\u201eSuma\u201d to suma wszystkich dost\u0119pnych transakcji. Po klikni\u0119ciu na jedn\u0105 z kategorii wy\u015bwietli si\u0119 tabela z rozbitymi danymi. <\/p>\n<\/div><\/div><\/div>\n<\/div><\/div><\/div><\/div>\n\n<h3 class=\"wp-block-heading\">Wykresy<\/h3>\n\n<p>Dane wybranej wcze\u015bniej kategorii prezentowane s\u0105 graficznie na Dashboardzie w formie wykresu s\u0142upkowego, liniowego lub listy.<\/p>\n\n<h5 class=\"wp-block-heading\"><strong>Wykres s\u0142upkowy<\/strong><\/h5>\n\n<p>Informacje prezentowane s\u0105 w formie s\u0142upk\u00f3w posegmentowanych kolorami, kt\u00f3re reprezentuj\u0105 opcje wybranej kategorii.<\/p>\n\n<figure class=\"wp-block-image size-full\"><img loading=\"lazy\" decoding=\"async\" width=\"730\" height=\"516\" src=\"https:\/\/www.qly.docs.pay.sibs.com\/wp-content\/uploads\/2023\/06\/Picture-2-2.png\" alt=\"\" class=\"wp-image-3871\" srcset=\"https:\/\/www.qly.docs.pay.sibs.com\/wp-content\/uploads\/2023\/06\/Picture-2-2.png 730w, https:\/\/www.qly.docs.pay.sibs.com\/wp-content\/uploads\/2023\/06\/Picture-2-2-300x212.png 300w\" sizes=\"auto, (max-width: 730px) 100vw, 730px\" \/><\/figure>\n\n<h5 class=\"wp-block-heading\"><strong>Wykres liniowy<\/strong><\/h5>\n\n<p>Dla ka\u017cdej opcji wybranej kategorii pojawia si\u0119 wykres liniowy.<\/p>\n\n<figure class=\"wp-block-image size-full\"><img loading=\"lazy\" decoding=\"async\" width=\"684\" height=\"484\" src=\"https:\/\/www.qly.docs.pay.sibs.com\/wp-content\/uploads\/2023\/06\/Picture-3-1.png\" alt=\"\" class=\"wp-image-3874\" srcset=\"https:\/\/www.qly.docs.pay.sibs.com\/wp-content\/uploads\/2023\/06\/Picture-3-1.png 684w, https:\/\/www.qly.docs.pay.sibs.com\/wp-content\/uploads\/2023\/06\/Picture-3-1-300x212.png 300w\" sizes=\"auto, (max-width: 684px) 100vw, 684px\" \/><\/figure>\n\n<h5 class=\"wp-block-heading\"><strong>Lista<\/strong><\/h5>\n\n<p>Informacje z wykresu prezentowane s\u0105 w formie tabeli, kt\u00f3r\u0105 mo\u017cna wyeksportowa\u0107 w formacie CSV.<\/p>\n\n<figure class=\"wp-block-image size-full\"><img decoding=\"async\" src=\"https:\/\/www.qly.docs.pay.sibs.com\/wp-content\/uploads\/2023\/06\/Picture-4.png\" alt=\"\" class=\"wp-image-3875\"\/><\/figure>\n","protected":false},"excerpt":{"rendered":"<p>Menu \u201eDashboard\u201d podsumowuje dane transakcyjne w formie graficznej i listowej. Tylko okre\u015blone profile u\u017cytkownik\u00f3w, w tym w\u0142a\u015bciciel, administrator, mened\u017cer i prze\u0142o\u017cony, maj\u0105 dost\u0119p do tej funkcji. Umo\u017cliwia segmentacj\u0119 danych wed\u0142ug wybranych kategorii, zar\u00f3wno pod wzgl\u0119dem ilo\u015bciowym, jak i wolumenowym sprzeda\u017cy oraz wyb\u00f3r r\u00f3\u017cnych typ\u00f3w reprezentacji graficznej. Filtruj dane Funkcja \u201ePanel kontrolny\u201d umo\u017cliwia filtrowanie danych dla [&hellip;]<\/p>\n","protected":false},"author":3,"featured_media":0,"parent":10440,"menu_order":3,"comment_status":"closed","ping_status":"closed","template":"","meta":{"_acf_changed":false,"_eb_attr":"","footnotes":""},"class_list":["post-10459","page","type-page","status-publish","hentry","has-post-title","has-post-date","has-post-category","has-post-tag","has-post-comment","has-post-author",""],"acf":[],"builder_content":"","_links":{"self":[{"href":"https:\/\/www.qly.docs.pay.sibs.com\/pl\/wp-json\/wp\/v2\/pages\/10459","targetHints":{"allow":["GET"]}}],"collection":[{"href":"https:\/\/www.qly.docs.pay.sibs.com\/pl\/wp-json\/wp\/v2\/pages"}],"about":[{"href":"https:\/\/www.qly.docs.pay.sibs.com\/pl\/wp-json\/wp\/v2\/types\/page"}],"author":[{"embeddable":true,"href":"https:\/\/www.qly.docs.pay.sibs.com\/pl\/wp-json\/wp\/v2\/users\/3"}],"replies":[{"embeddable":true,"href":"https:\/\/www.qly.docs.pay.sibs.com\/pl\/wp-json\/wp\/v2\/comments?post=10459"}],"version-history":[{"count":1,"href":"https:\/\/www.qly.docs.pay.sibs.com\/pl\/wp-json\/wp\/v2\/pages\/10459\/revisions"}],"predecessor-version":[{"id":10460,"href":"https:\/\/www.qly.docs.pay.sibs.com\/pl\/wp-json\/wp\/v2\/pages\/10459\/revisions\/10460"}],"up":[{"embeddable":true,"href":"https:\/\/www.qly.docs.pay.sibs.com\/pl\/wp-json\/wp\/v2\/pages\/10440"}],"wp:attachment":[{"href":"https:\/\/www.qly.docs.pay.sibs.com\/pl\/wp-json\/wp\/v2\/media?parent=10459"}],"curies":[{"name":"wp","href":"https:\/\/api.w.org\/{rel}","templated":true}]}}