{"id":10457,"date":"2023-06-22T15:33:03","date_gmt":"2023-06-22T15:33:03","guid":{"rendered":"https:\/\/www.qly.docs.pay.sibs.com\/powiadomienia\/wiadomosci-wychodzace\/"},"modified":"2024-03-19T12:10:32","modified_gmt":"2024-03-19T12:10:32","slug":"wiadomosci-wychodzace","status":"publish","type":"page","link":"https:\/\/www.qly.docs.pay.sibs.com\/pl\/sibs-gateway-dokumentacja\/powiadomienia\/wiadomosci-wychodzace\/","title":{"rendered":"Wiadomo\u015bci wychodz\u0105ce"},"content":{"rendered":"<!-- wp:themify-builder\/canvas \/-->\n<p>Dzi\u0119ki wiadomo\u015bciom wychodz\u0105cym u\u017cytkownicy mog\u0105 by\u0107 na bie\u017c\u0105co informowani o post\u0119pach swoich dzia\u0142a\u0144, niezale\u017cnie od tego, czy s\u0105 sprzedawcami, czy u\u017cytkownikami ko\u0144cowymi.<\/p>\n\n<p>Wiadomo\u015bci te s\u0105 generowane, gdy wykonywane s\u0105 transakcje p\u0142atnicze lub gdy podejmowane s\u0105 dzia\u0142ania na <a href=\"https:\/\/www.qly.docs.pay.sibs.com\/sibs-backoffice\/\" data-type=\"URL\" data-id=\"https:\/\/www.qly.docs.pay.sibs.com\/sibs-backoffice\/\">SIBS Backoffice<\/a>. Nasz system zapewnia komunikacj\u0119 poprzez wysy\u0142anie powiadomie\u0144 i aktualizacji dotycz\u0105cych statusu wykonywanych dzia\u0142a\u0144.<\/p>\n\n<p>Opr\u00f3cz <a href=\"https:\/\/www.qly.docs.pay.sibs.com\/notifications\/webhooks\/\" data-type=\"URL\" data-id=\"https:\/\/www.qly.docs.pay.sibs.com\/notifications\/webhooks\/\">WebHooks<\/a>, SIBS dostarcza powiadomienia za ka\u017cdym razem, gdy ma miejsce jedna z poni\u017cszych akcji:<\/p>\n\n<figure class=\"wp-block-table\"><table><thead><tr><th>Dzia\u0142anie<\/th><th>Opis<\/th><th>Typ powiadomienia<\/th><\/tr><\/thead><tbody><tr><td>Rozpocz\u0119cie transakcji<\/td><td>Pocz\u0105tkowy etap transakcji, w kt\u00f3rym proces jest inicjowany.<\/td><td>Email<\/td><\/tr><tr><td>Koniec udanej transakcji<\/td><td>Zako\u0144czenie transakcji z pomy\u015bln\u0105 realizacj\u0105 i po\u017c\u0105danym wynikiem.<\/td><td>Email<\/td><\/tr><tr><td>Koniec nieudanej transakcji<\/td><td>Zako\u0144czenie transakcji z powodu awarii lub b\u0142\u0119du podczas przetwarzania.<\/td><td>Email<\/td><\/tr><tr><td>Tworzenie nowego u\u017cytkownika<\/td><td>Proces tworzenia nowego konta u\u017cytkownika w SIBS Backoffice.<\/td><td>Email<\/td><\/tr><tr><td>Wygenerowano nowe has\u0142o pocz\u0105tkowe u\u017cytkownika Backoffice<\/td><td>Pocz\u0105tkowe has\u0142o przypisane do nowego u\u017cytkownika w systemie SIBS Backoffice.<\/td><td>SMS<\/td><\/tr><tr><td>Rejestracja u\u017cytkownika (aktywacja)<\/td><td>Aktywacja konta u\u017cytkownika po udanej rejestracji w SIBS Backoffice.<\/td><td>Email<\/td><\/tr><tr><td>Zmiana has\u0142a<\/td><td>Czynno\u015b\u0107 modyfikacji istniej\u0105cego has\u0142a dla konta u\u017cytkownika w SIBS Backoffice.<\/td><td>Email<\/td><\/tr><tr><td>Resetowanie has\u0142a<\/td><td>Proces resetowania zapomnianego lub naruszonego has\u0142a w SIBS Backoffice.<\/td><td>Email<\/td><\/tr><tr><td>Zmiana numeru telefonu kom\u00f3rkowego<\/td><td>Proces zmiany numeru telefonu kom\u00f3rkowego powi\u0105zanego z kontem u\u017cytkownika.<\/td><td>SMS<\/td><\/tr><tr><td>Wygenerowany token okaziciela (bearer token)<\/td><td>Token uwierzytelniaj\u0105cy u\u017cywany do autoryzacji dost\u0119pu do zasob\u00f3w chronionych przez SIBS.<\/td><td>Email<\/td><\/tr><tr><td>Wygenerowany Identyfikator Klienta (Client ID)<\/td><td>Unikalny identyfikator przypisany do aplikacji klienta w celu uwierzytelnienia.<\/td><td>Email<\/td><\/tr><tr><td>Backoffice OTP<\/td><td>Has\u0142o jednorazowe (OTP) wygenerowane w celu uwierzytelnienia w systemie SIBS Backoffice.<\/td><td>SMS<\/td><\/tr><\/tbody><\/table><\/figure>\n","protected":false},"excerpt":{"rendered":"<p>Dzi\u0119ki wiadomo\u015bciom wychodz\u0105cym u\u017cytkownicy mog\u0105 by\u0107 na bie\u017c\u0105co informowani o post\u0119pach swoich dzia\u0142a\u0144, niezale\u017cnie od tego, czy s\u0105 sprzedawcami, czy u\u017cytkownikami ko\u0144cowymi. Wiadomo\u015bci te s\u0105 generowane, gdy wykonywane s\u0105 transakcje p\u0142atnicze lub gdy podejmowane s\u0105 dzia\u0142ania na SIBS Backoffice. Nasz system zapewnia komunikacj\u0119 poprzez wysy\u0142anie powiadomie\u0144 i aktualizacji dotycz\u0105cych statusu wykonywanych dzia\u0142a\u0144. Opr\u00f3cz WebHooks, SIBS [&hellip;]<\/p>\n","protected":false},"author":3,"featured_media":0,"parent":10376,"menu_order":2,"comment_status":"closed","ping_status":"closed","template":"","meta":{"_acf_changed":false,"_eb_attr":"","footnotes":""},"class_list":["post-10457","page","type-page","status-publish","hentry","has-post-title","has-post-date","has-post-category","has-post-tag","has-post-comment","has-post-author",""],"acf":[],"builder_content":"","_links":{"self":[{"href":"https:\/\/www.qly.docs.pay.sibs.com\/pl\/wp-json\/wp\/v2\/pages\/10457","targetHints":{"allow":["GET"]}}],"collection":[{"href":"https:\/\/www.qly.docs.pay.sibs.com\/pl\/wp-json\/wp\/v2\/pages"}],"about":[{"href":"https:\/\/www.qly.docs.pay.sibs.com\/pl\/wp-json\/wp\/v2\/types\/page"}],"author":[{"embeddable":true,"href":"https:\/\/www.qly.docs.pay.sibs.com\/pl\/wp-json\/wp\/v2\/users\/3"}],"replies":[{"embeddable":true,"href":"https:\/\/www.qly.docs.pay.sibs.com\/pl\/wp-json\/wp\/v2\/comments?post=10457"}],"version-history":[{"count":1,"href":"https:\/\/www.qly.docs.pay.sibs.com\/pl\/wp-json\/wp\/v2\/pages\/10457\/revisions"}],"predecessor-version":[{"id":10458,"href":"https:\/\/www.qly.docs.pay.sibs.com\/pl\/wp-json\/wp\/v2\/pages\/10457\/revisions\/10458"}],"up":[{"embeddable":true,"href":"https:\/\/www.qly.docs.pay.sibs.com\/pl\/wp-json\/wp\/v2\/pages\/10376"}],"wp:attachment":[{"href":"https:\/\/www.qly.docs.pay.sibs.com\/pl\/wp-json\/wp\/v2\/media?parent=10457"}],"curies":[{"name":"wp","href":"https:\/\/api.w.org\/{rel}","templated":true}]}}