{"id":10453,"date":"2023-06-22T15:34:30","date_gmt":"2023-06-22T15:34:30","guid":{"rendered":"https:\/\/www.qly.docs.pay.sibs.com\/sibs-backoffice-2\/transakcje\/"},"modified":"2024-10-01T13:26:08","modified_gmt":"2024-10-01T13:26:08","slug":"transakcje","status":"publish","type":"page","link":"https:\/\/www.qly.docs.pay.sibs.com\/pl\/sibs-gateway-dokumentacja\/sibs-backoffice\/transakcje\/","title":{"rendered":"Transakcje"},"content":{"rendered":"<!-- wp:themify-builder\/canvas \/-->\n\n\n<p>Menu Transakcje zawiera informacje o transakcjach biznesowych. Tutaj mo\u017cesz tak\u017ce anulowa\u0107 autoryzacj\u0119, odebra\u0107 lub zwr\u00f3ci\u0107 p\u0142atno\u015b\u0107, a nawet wygenerowa\u0107 potwierdzenie transakcji.<\/p>\n\n\n\n<p>Mo\u017cesz przegl\u0105da\u0107 wszystkie swoje ostatnie p\u0142atno\u015bci i mo\u017cesz je filtrowa\u0107. Informacje wy\u015bwietlane przy ka\u017cdej p\u0142atno\u015bci obejmuj\u0105 status transakcji, kwot\u0119 p\u0142atno\u015bci, dat\u0119 transakcji, rodzaj operacji, kana\u0142, metod\u0119 p\u0142atno\u015bci, terminal POS i kod sklepu.<\/p>\n\n\n\n<figure class=\"wp-block-image size-full\"><img loading=\"lazy\" decoding=\"async\" width=\"2312\" height=\"1480\" src=\"https:\/\/www.qly.docs.pay.sibs.com\/wp-content\/uploads\/2023\/09\/Transactions-_-1.png\" alt=\"\" class=\"wp-image-8248\" srcset=\"https:\/\/www.qly.docs.pay.sibs.com\/wp-content\/uploads\/2023\/09\/Transactions-_-1.png 2312w, https:\/\/www.qly.docs.pay.sibs.com\/wp-content\/uploads\/2023\/09\/Transactions-_-1-300x192.png 300w, https:\/\/www.qly.docs.pay.sibs.com\/wp-content\/uploads\/2023\/09\/Transactions-_-1-768x492.png 768w, https:\/\/www.qly.docs.pay.sibs.com\/wp-content\/uploads\/2023\/09\/Transactions-_-1-1024x656.png 1024w, https:\/\/www.qly.docs.pay.sibs.com\/wp-content\/uploads\/2023\/09\/Transactions-_-1-1536x983.png 1536w, https:\/\/www.qly.docs.pay.sibs.com\/wp-content\/uploads\/2023\/09\/Transactions-_-1-2048x1311.png 2048w\" sizes=\"auto, (max-width: 2312px) 100vw, 2312px\" \/><\/figure>\n\n\n\n<p>Mo\u017cesz uzyska\u0107 dost\u0119p do bardziej szczeg\u00f3\u0142owych informacji o ka\u017cdej p\u0142atno\u015bci, naciskaj\u0105c przycisk \u201eSzczeg\u00f3\u0142y\u201d.<\/p>\n\n\n\n<p>Poni\u017csza tabela szczeg\u00f3\u0142owo opisuje wszystkie wy\u015bwietlane pola. Pola te mog\u0105 si\u0119 r\u00f3\u017cni\u0107 w zale\u017cno\u015bci od rodzaju transakcji.<\/p>\n\n\n\n<figure class=\"wp-block-table\"><table><thead><tr><th>Grupa<\/th><th>Pole<\/th><th>Opis<\/th><\/tr><\/thead><tbody><tr><td>Grupa \u201eTransakcja\u201d.<\/td><td>Date<\/td><td>Znacznik czasu operacji\/transakcji.<\/td><\/tr><tr><td><\/td><td>Operacja<\/td><td>Rodzaj operacji (Autoryzacja\/Zakup\/Zwrot pieni\u0119dzy\/Cofni\u0119cie\/Zamkni\u0119cie itp.).<\/td><\/tr><tr><td><\/td><td>Amount<\/td><td>Suma transakcyjna.<\/td><\/tr><tr><td><\/td><td>Kod waluty<\/td><td>Kod waluty transakcji. Przyjmuje sta\u0142\u0105 warto\u015b\u0107 \u201e978 \u2013 Euro\u201d.<\/td><\/tr><tr><td><\/td><td>Status<\/td><td>Status transakcji, kt\u00f3ry mo\u017ce by\u0107: \u201eZako\u0144czona\u201d, \u201eOdrzucona\u201d lub \u201eAnulowana\u201d.<\/td><\/tr><tr><td><\/td><td>Przyczyna b\u0142\u0119du<\/td><td>Informuje o kodzie b\u0142\u0119du.<\/td><\/tr><tr><td><\/td><td>Opis b\u0142\u0119du<\/td><td>Informuje o opisie b\u0142\u0119du.<\/td><\/tr><tr><td><\/td><td>Identyfikator autoryzacji \/ ARN<\/td><td>Identyfikacja autoryzacji w systemie p\u0142atniczym.<\/td><\/tr><tr><td><\/td><td>Klucz autoryzacyjny<\/td><td>Identyfikacja transakcji w SIBS Backoffice.<\/td><\/tr><tr><td><\/td><td>Oryginalny klucz autoryzacyjny<\/td><td>Wt\u00f3rna identyfikacja transakcji w SIBS Backoffice.<\/td><\/tr><tr><td><\/td><td>Oryginalny klucz autoryzacyjny (zewn\u0119trzny)<\/td><td>Wt\u00f3rna identyfikacja transakcji w SIBS Backoffice.<\/td><\/tr><tr><td><\/td><td>Nabywca<\/td><td>Identyfikacja nabywcy powi\u0105zanego z transakcj\u0105.<\/td><\/tr><tr><td>Grupa \u201eSprzedawcy\u201d.<\/td><td>Sprzedawca<\/td><td>Identyfikacja sprzedawcy w SIBS Backoffice.<\/td><\/tr><tr><td><\/td><td>Sklep<\/td><td>Identyfikacja sklepu Sprzedawcy, w\u0142a\u015bciciela terminala, na kt\u00f3rym przeprowadzono transakcj\u0119.<\/td><\/tr><tr><td>Grupa \u201eTerminal\u201d.<\/td><td>POS<\/td><td>Identyfikator terminala.<\/td><\/tr><tr><td><\/td><td>Kod marki POS<\/td><td>Identyfikuje kod marki terminala u\u017cytego do transakcji.<\/td><\/tr><tr><td><\/td><td>Typ terminala<\/td><td>Okre\u015bla typ terminala u\u017cytego do transakcji.<\/td><\/tr><tr><td>Grupa \u201eAkceptacja\u201d.<\/td><td>Kana\u0142<\/td><td>Okre\u015bla typ kana\u0142u (cyfrowy lub fizyczny).<\/td><\/tr><tr><td><\/td><td>Kod sieci akceptacji<\/td><td>Identyfikuje kod akceptacji w sieci.<\/td><\/tr><tr><td><\/td><td>Kod typu kana\u0142u akceptacji<\/td><td>Okre\u015bla rodzaj akceptacji w u\u017cywanym kanale.<\/td><\/tr><tr><td>Grupa \u201eP\u0142atno\u015b\u0107\u201d.<\/td><td>Typ p\u0142atno\u015bci<\/td><td>Okre\u015bla rodzaj p\u0142atno\u015bci (Klucz, Inne).<\/td><\/tr><tr><td><\/td><td>Schemat<\/td><td>Identyfikuje schemat p\u0142atno\u015bci.<\/td><\/tr><tr><td><\/td><td>Metoda p\u0142atno\u015bci<\/td><td>Okre\u015bla spos\u00f3b p\u0142atno\u015bci (Karta, BLIK, PayByLink).<\/td><\/tr><tr><td>Grupa \u201eKarta\u201d.<\/td><td>Tryb wprowadzania danych karty<\/td><td>Okre\u015bla rodzaj uwierzytelnienia (chip, zbli\u017ceniowo itp.) operacji z perspektywy terminala.<\/td><\/tr><tr><td><\/td><td>Obecno\u015b\u0107<\/td><td>Okre\u015bla, czy karta jest obecna, czy nie.<\/td><\/tr><tr><td><\/td><td>Numer<\/td><td>Okre\u015bla numer karty (PAN).<\/td><\/tr><tr><td>Grupa \u201ePosiadacz karty\u201d.<\/td><td>Uwierzytelnianie<\/td><td>Okre\u015bla, czy transakcja zosta\u0142a dokonana z uwierzytelnieniem czy bez.<\/td><\/tr><tr><td><\/td><td>Imi\u0119 i nazwisko<\/td><td>Okre\u015bla imi\u0119 i nazwisko klienta.<\/td><\/tr><tr><td><\/td><td>email<\/td><td>Okre\u015bla adres e-mail klienta.<\/td><\/tr><tr><td>Grupa \u201cSplit Payouts\u201d<\/td><td>Split Payout ID<\/td><td>Settlement Point ID<\/td><\/tr><tr><td><\/td><td>Amount<\/td><td>Warto\u015b\u0107 zdefiniowana dla okre\u015blonego identyfikatora punktu rozliczeniowego<\/td><\/tr><\/tbody><\/table><\/figure>\n\n\n\n<h3 class=\"wp-block-heading\">Wyszukuj i filtruj transakcje<\/h3>\n\n\n\n<p>Funkcja filtrowania umo\u017cliwia ograniczenie danych wed\u0142ug wst\u0119pnie zdefiniowanych przedzia\u0142\u00f3w czasowych, takich jak \u201eDzisiaj\u201d, \u201e24 godziny\u201d i \u201e7 dni\u201d. Filtr przedzia\u0142\u00f3w czasowych jest aktualizowany w miar\u0119 post\u0119p\u00f3w na stronach transakcji.<\/p>\n\n\n\n<figure class=\"wp-block-image size-full\"><img loading=\"lazy\" decoding=\"async\" width=\"2350\" height=\"794\" src=\"https:\/\/www.qly.docs.pay.sibs.com\/wp-content\/uploads\/2023\/09\/transactions.png\" alt=\"\" class=\"wp-image-8246\" srcset=\"https:\/\/www.qly.docs.pay.sibs.com\/wp-content\/uploads\/2023\/09\/transactions.png 2350w, https:\/\/www.qly.docs.pay.sibs.com\/wp-content\/uploads\/2023\/09\/transactions-300x101.png 300w, https:\/\/www.qly.docs.pay.sibs.com\/wp-content\/uploads\/2023\/09\/transactions-768x259.png 768w, https:\/\/www.qly.docs.pay.sibs.com\/wp-content\/uploads\/2023\/09\/transactions-1024x346.png 1024w, https:\/\/www.qly.docs.pay.sibs.com\/wp-content\/uploads\/2023\/09\/transactions-1536x519.png 1536w, https:\/\/www.qly.docs.pay.sibs.com\/wp-content\/uploads\/2023\/09\/transactions-2048x692.png 2048w\" sizes=\"auto, (max-width: 2350px) 100vw, 2350px\" \/><\/figure>\n\n\n\n<p>W menu \u201eTransakcje\u201d mo\u017cesz filtrowa\u0107 transakcje na podstawie kilku kryteri\u00f3w, jak pokazano poni\u017cej:<\/p>\n\n\n\n<div class=\"wp-block-accordion-toggle-accordion-toggle  root-eb-accordion-fp4yax7\"><div class=\"eb-parent-wrapper eb-parent-eb-accordion-fp4yax7 \"><div class=\"eb-accordion-container eb-accordion-fp4yax7\" data-accordion-type=\"accordion\" data-tab-icon=\"fas fa-angle-right\" data-expanded-icon=\"fas fa-angle-down\" data-transition-duration=\"500\"><div class=\"eb-accordion-inner\">\n<div class=\"wp-block-accordion-toggle-accordion-item eb-accordion-item-64lw806 eb-accordion-wrapper\" data-clickable=\"false\"><div class=\"eb-accordion-title-wrapper eb-accordion-title-wrapper-eb-accordion-fp4yax7\" tabindex=\"0\"><span class=\"eb-accordion-icon-wrapper eb-accordion-icon-wrapper-eb-accordion-fp4yax7\"><span class=\"fas fa-angle-right eb-accordion-icon\"><\/span><\/span><div class=\"eb-accordion-title-content-wrap title-content-eb-accordion-fp4yax7\"><h3 class=\"eb-accordion-title\">&#8222;Store&#8221; filter<\/h3><\/div><\/div><div class=\"eb-accordion-content-wrapper eb-accordion-content-wrapper-eb-accordion-fp4yax7\"><div class=\"eb-accordion-content\">\n<p>Aby skorzysta\u0107 z tego filtra, wybierz sklep, aby dost\u0119pne sta\u0142y si\u0119 pozosta\u0142e filtry wyszukiwania. Je\u015bli chcesz wyczy\u015bci\u0107 sklep z filtra kliknij \u201ex\u201d po prawej stronie parametru.<\/p>\n<\/div><\/div><\/div>\n\n\n\n<div class=\"wp-block-accordion-toggle-accordion-item eb-accordion-item-s1hsb44 eb-accordion-wrapper\" data-clickable=\"false\"><div class=\"eb-accordion-title-wrapper eb-accordion-title-wrapper-eb-accordion-fp4yax7\" tabindex=\"0\"><span class=\"eb-accordion-icon-wrapper eb-accordion-icon-wrapper-eb-accordion-fp4yax7\"><span class=\"fas fa-angle-right eb-accordion-icon\"><\/span><\/span><div class=\"eb-accordion-title-content-wrap title-content-eb-accordion-fp4yax7\"><h3 class=\"eb-accordion-title\">&#8222;POS&#8221; filter<\/h3><\/div><\/div><div class=\"eb-accordion-content-wrapper eb-accordion-content-wrapper-eb-accordion-fp4yax7\"><div class=\"eb-accordion-content\">\n<p>Filtr \u201ePOS\u201d umo\u017cliwia filtrowanie a\u017c do dziesi\u0119ciu r\u00f3\u017cnych terminali POS. Aby usun\u0105\u0107 punkt sprzeda\u017cy z filtra, kliknij \u201ex\u201d po prawej stronie parametru.<\/p>\n<\/div><\/div><\/div>\n\n\n\n<div class=\"wp-block-accordion-toggle-accordion-item eb-accordion-item-573ygkc eb-accordion-wrapper\" data-clickable=\"false\"><div class=\"eb-accordion-title-wrapper eb-accordion-title-wrapper-eb-accordion-fp4yax7\" tabindex=\"0\"><span class=\"eb-accordion-icon-wrapper eb-accordion-icon-wrapper-eb-accordion-fp4yax7\"><span class=\"fas fa-angle-right eb-accordion-icon\"><\/span><\/span><div class=\"eb-accordion-title-content-wrap title-content-eb-accordion-fp4yax7\"><h3 class=\"eb-accordion-title\">&#8222;Date&#8221; filter<\/h3><\/div><\/div><div class=\"eb-accordion-content-wrapper eb-accordion-content-wrapper-eb-accordion-fp4yax7\"><div class=\"eb-accordion-content\">\n<p>Filtr \u201eData\u201d umo\u017cliwia filtrowanie transakcji wed\u0142ug okresu czasu. Kliknij przycisk daty, aby otworzy\u0107 kalendarz i wybierz daty pocz\u0105tkow\u0105 i ko\u0144cow\u0105 lub jeden z domy\u015blnych okres\u00f3w, np. \u201eDzisiaj\u201d, \u201e24 godziny\u201d lub \u201e7 dni\u201d. Aby wyszuka\u0107 \u201eczas\u201d, okre\u015bl czas rozpocz\u0119cia i zako\u0144czenia, a nast\u0119pnie kliknij przycisk \u201eWyszukaj\u201d. Nale\u017cy pami\u0119ta\u0107, \u017ce okno suwaka jest ograniczone do 7 dni. Wyszukiwanie zwraca wszystkie transakcje i \u0142aduje 100 pozycji na stron\u0119.<\/p>\n<\/div><\/div><\/div>\n<\/div><\/div><\/div><\/div>\n\n\n\n<h3 class=\"wp-block-heading\">Dodaj filtr do wyszukiwania<\/h3>\n\n\n\n<p>Mo\u017cesz wybra\u0107 jeden lub wi\u0119cej filtr\u00f3w spo\u015br\u00f3d poni\u017cszych opcji. Po wybraniu filtra wystarczy nacisn\u0105\u0107 przycisk \u201e+\u201d, aby doda\u0107 go do linii wyszukiwania, jak pokazano w poni\u017cszej tabeli.<\/p>\n\n\n\n<figure class=\"wp-block-table\"><table><thead><tr><th>Pole<\/th><th>Warto\u015b\u0107<\/th><\/tr><\/thead><tbody><tr><td>Nabywca<\/td><td>Wybierz opcj\u0119<\/td><\/tr><tr><td>Metoda Uwierzytelnienia<\/td><td>Wybierz opcj\u0119<\/td><\/tr><tr><td>Identyfikator autoryzacji\/ARN<\/td><td>Edytowalne<\/td><\/tr><tr><td>Card<\/td><td>Edytowalne<\/td><\/tr><tr><td>Tryb wprowadzania danych karty<\/td><td>Wybierz opcj\u0119<\/td><\/tr><tr><td>Kana\u0142<\/td><td>Wybierz opcj\u0119<\/td><\/tr><tr><td>Identyfikator kana\u0142u transakcji<\/td><td>Edytowalne<\/td><\/tr><tr><td>Email klienta<\/td><td>Edytowalne<\/td><\/tr><tr><td>Uwierzytelnianie handlu elektronicznego<\/td><td>Wybierz opcj\u0119<\/td><\/tr><tr><td>Maksymalna ilo\u015b\u0107<\/td><td>Edytowalne<\/td><\/tr><tr><td>Identyfikator operacji sprzedawcy<\/td><td>Edytowalne<\/td><\/tr><tr><td>Stawka minimalna<\/td><td>Edytowalne<\/td><\/tr><tr><td>Operacja<\/td><td>Wybierz opcj\u0119<\/td><\/tr><tr><td>Metoda p\u0142atno\u015bci<\/td><td>Wybierz opcj\u0119<\/td><\/tr><tr><td>Typ p\u0142atno\u015bci<\/td><td>Wybierz opcj\u0119<\/td><\/tr><tr><td>Subscrypcje<\/td><td>Wybierz opcj\u0119<\/td><\/tr><tr><td>Schemat<\/td><td>Wybierz opcj\u0119<\/td><\/tr><tr><td>Split Payouts<\/td><td>Wybierz opcj\u0119<\/td><\/tr><tr><td>Podzielona p\u0142atno\u015b\u0107<\/td><td>Wybierz opcj\u0119<\/td><\/tr><tr><td>Status<\/td><td>Wybierz opcj\u0119<\/td><\/tr><tr><td>System<\/td><td>Wybierz opcj\u0119<\/td><\/tr><tr><td>Okres terminalny<\/td><td>Edytowalne<\/td><\/tr><tr><td>Typ terminala<\/td><td>Wybierz opcj\u0119<\/td><\/tr><\/tbody><\/table><\/figure>\n\n\n\n<p>Po wybraniu \u017c\u0105danych filtr\u00f3w wyszukiwania kliknij przycisk \u201eSzukaj\u201d, aby pobra\u0107 odpowiednie dane z systemu. Aby usun\u0105\u0107 lub wyczy\u015bci\u0107 wszystkie zastosowane filtry, po prostu kliknij przycisk \u201eWyczy\u015b\u0107\u201d. Mo\u017cesz nada\u0107 nazw\u0119 parametrom wyszukiwania, aby m\u00f3c p\u00f3\u017aniej \u0142atwo z nich skorzysta\u0107.<\/p>\n\n\n\n<p>Po zapisaniu Twoje wyszukiwanie pojawi si\u0119 na karcie \u201eZapisane wyszukiwania\u201d i b\u0119dzie mo\u017cna je ponownie wykorzysta\u0107 w razie potrzeby.<\/p>\n\n\n\n<h3 class=\"wp-block-heading\">Anuluj autoryzacj\u0119 p\u0142atno\u015bci<\/h3>\n\n\n\n<p>Aby anulowa\u0107 autoryzacj\u0119, kliknij odpowiedni\u0105 transakcj\u0119, otw\u00f3rz menu i wybierz opcj\u0119 \u201eAnuluj\u201d. Nast\u0119pnie na wy\u015bwietlonym ekranie naci\u015bnij przycisk \u201ePrzeprowad\u017a anulowanie\u201d, aby potwierdzi\u0107 anulowanie. Je\u015bli operacja si\u0119 powiedzie, zostanie wygenerowana operacja \u201eAnulowanie\u201d.<\/p>\n\n\n\n<figure class=\"wp-block-image size-full\"><img loading=\"lazy\" decoding=\"async\" width=\"2324\" height=\"1496\" src=\"https:\/\/www.qly.docs.pay.sibs.com\/wp-content\/uploads\/2023\/09\/details_2-1.png\" alt=\"\" class=\"wp-image-8253\" srcset=\"https:\/\/www.qly.docs.pay.sibs.com\/wp-content\/uploads\/2023\/09\/details_2-1.png 2324w, https:\/\/www.qly.docs.pay.sibs.com\/wp-content\/uploads\/2023\/09\/details_2-1-300x193.png 300w, https:\/\/www.qly.docs.pay.sibs.com\/wp-content\/uploads\/2023\/09\/details_2-1-768x494.png 768w, https:\/\/www.qly.docs.pay.sibs.com\/wp-content\/uploads\/2023\/09\/details_2-1-1024x659.png 1024w, https:\/\/www.qly.docs.pay.sibs.com\/wp-content\/uploads\/2023\/09\/details_2-1-1536x989.png 1536w, https:\/\/www.qly.docs.pay.sibs.com\/wp-content\/uploads\/2023\/09\/details_2-1-2048x1318.png 2048w\" sizes=\"auto, (max-width: 2324px) 100vw, 2324px\" \/><\/figure>\n\n\n\n<p>Nale\u017cy pami\u0119ta\u0107, \u017ce anulowa\u0107 mo\u017cna wy\u0142\u0105cznie autoryzacj\u0119, kt\u00f3ra nie zosta\u0142a op\u0142acona. Musisz zapyta\u0107 o powi\u0105zane transakcje, aby sprawdzi\u0107, czy autoryzacja zosta\u0142a op\u0142acona.<\/p>\n\n\n\n<h3 class=\"wp-block-heading\">Odbierz p\u0142atno\u015b\u0107<\/h3>\n\n\n\n<p>Aby zatwierdzi\u0107 Autoryzacj\u0119 Zakupu i odebra\u0107 p\u0142atno\u015b\u0107, nale\u017cy klikn\u0105\u0107 transakcj\u0119, otworzy\u0107 menu i wybra\u0107 opcj\u0119 \u201eOdbierz p\u0142atno\u015b\u0107\u201d. Nale\u017cy pami\u0119ta\u0107, \u017ce mo\u017cna op\u0142aci\u0107 jedynie autoryzacje, kt\u00f3re nie zosta\u0142y anulowane, dlatego nale\u017cy sprawdzi\u0107 powi\u0105zane transakcje, aby sprawdzi\u0107, czy autoryzacja nie zosta\u0142a cofni\u0119ta.<\/p>\n\n\n\n<p>Mo\u017cesz zap\u0142aci\u0107 pe\u0142n\u0105 lub cz\u0119\u015bciow\u0105 kwot\u0119, ale je\u015bli zdecydujesz si\u0119 zap\u0142aci\u0107 cz\u0119\u015bciow\u0105 kwot\u0119, pozosta\u0142e saldo zostanie automatycznie anulowane.<\/p>\n\n\n\n<figure class=\"wp-block-image size-full\"><img loading=\"lazy\" decoding=\"async\" width=\"2296\" height=\"824\" src=\"https:\/\/www.qly.docs.pay.sibs.com\/wp-content\/uploads\/2023\/09\/amount_3-2.png\" alt=\"\" class=\"wp-image-8262\" srcset=\"https:\/\/www.qly.docs.pay.sibs.com\/wp-content\/uploads\/2023\/09\/amount_3-2.png 2296w, https:\/\/www.qly.docs.pay.sibs.com\/wp-content\/uploads\/2023\/09\/amount_3-2-300x108.png 300w, https:\/\/www.qly.docs.pay.sibs.com\/wp-content\/uploads\/2023\/09\/amount_3-2-768x276.png 768w, https:\/\/www.qly.docs.pay.sibs.com\/wp-content\/uploads\/2023\/09\/amount_3-2-1024x367.png 1024w, https:\/\/www.qly.docs.pay.sibs.com\/wp-content\/uploads\/2023\/09\/amount_3-2-1536x551.png 1536w, https:\/\/www.qly.docs.pay.sibs.com\/wp-content\/uploads\/2023\/09\/amount_3-2-2048x735.png 2048w\" sizes=\"auto, (max-width: 2296px) 100vw, 2296px\" \/><\/figure>\n\n\n\n<h3 class=\"wp-block-heading\">Zwrot p\u0142atno\u015bci<\/h3>\n\n\n\n<p>Dzi\u0119ki tej opcji mo\u017cesz zwr\u00f3ci\u0107 klientowi kwot\u0119 zakupu. Zanim to zrobisz, sprawd\u017a powi\u0105zane transakcje, aby upewni\u0107 si\u0119, \u017ce kwota do zwrotu nie zosta\u0142a ju\u017c zwr\u00f3cona.<\/p>\n\n\n\n<p>Aby zainicjowa\u0107 zwrot pieni\u0119dzy, kliknij odpowiedni\u0105 transakcj\u0119 i wybierz z menu opcj\u0119 \u201eZwrot\u201d. Wprowad\u017a kwot\u0119 do zwrotu, ca\u0142kowit\u0105 lub cz\u0119\u015bciow\u0105, a nast\u0119pnie kliknij przycisk \u201eZwrot\u201d, aby zako\u0144czy\u0107 proces.<\/p>\n\n\n\n<figure class=\"wp-block-image size-full\"><img loading=\"lazy\" decoding=\"async\" width=\"2296\" height=\"1246\" src=\"https:\/\/www.qly.docs.pay.sibs.com\/wp-content\/uploads\/2023\/09\/refund_4.png\" alt=\"\" class=\"wp-image-8266\" srcset=\"https:\/\/www.qly.docs.pay.sibs.com\/wp-content\/uploads\/2023\/09\/refund_4.png 2296w, https:\/\/www.qly.docs.pay.sibs.com\/wp-content\/uploads\/2023\/09\/refund_4-300x163.png 300w, https:\/\/www.qly.docs.pay.sibs.com\/wp-content\/uploads\/2023\/09\/refund_4-768x417.png 768w, https:\/\/www.qly.docs.pay.sibs.com\/wp-content\/uploads\/2023\/09\/refund_4-1024x556.png 1024w, https:\/\/www.qly.docs.pay.sibs.com\/wp-content\/uploads\/2023\/09\/refund_4-1536x834.png 1536w, https:\/\/www.qly.docs.pay.sibs.com\/wp-content\/uploads\/2023\/09\/refund_4-2048x1111.png 2048w\" sizes=\"auto, (max-width: 2296px) 100vw, 2296px\" \/><\/figure>\n","protected":false},"excerpt":{"rendered":"<p>Menu Transakcje zawiera informacje o transakcjach biznesowych. Tutaj mo\u017cesz tak\u017ce anulowa\u0107 autoryzacj\u0119, odebra\u0107 lub zwr\u00f3ci\u0107 p\u0142atno\u015b\u0107, a nawet wygenerowa\u0107 potwierdzenie transakcji. Mo\u017cesz przegl\u0105da\u0107 wszystkie swoje ostatnie p\u0142atno\u015bci i mo\u017cesz je filtrowa\u0107. Informacje wy\u015bwietlane przy ka\u017cdej p\u0142atno\u015bci obejmuj\u0105 status transakcji, kwot\u0119 p\u0142atno\u015bci, dat\u0119 transakcji, rodzaj operacji, kana\u0142, metod\u0119 p\u0142atno\u015bci, terminal POS i kod sklepu. Mo\u017cesz uzyska\u0107 [&hellip;]<\/p>\n","protected":false},"author":3,"featured_media":0,"parent":10440,"menu_order":4,"comment_status":"closed","ping_status":"closed","template":"","meta":{"_acf_changed":false,"_eb_attr":"","footnotes":""},"class_list":["post-10453","page","type-page","status-publish","hentry","has-post-title","has-post-date","has-post-category","has-post-tag","has-post-comment","has-post-author",""],"acf":[],"builder_content":"","_links":{"self":[{"href":"https:\/\/www.qly.docs.pay.sibs.com\/pl\/wp-json\/wp\/v2\/pages\/10453","targetHints":{"allow":["GET"]}}],"collection":[{"href":"https:\/\/www.qly.docs.pay.sibs.com\/pl\/wp-json\/wp\/v2\/pages"}],"about":[{"href":"https:\/\/www.qly.docs.pay.sibs.com\/pl\/wp-json\/wp\/v2\/types\/page"}],"author":[{"embeddable":true,"href":"https:\/\/www.qly.docs.pay.sibs.com\/pl\/wp-json\/wp\/v2\/users\/3"}],"replies":[{"embeddable":true,"href":"https:\/\/www.qly.docs.pay.sibs.com\/pl\/wp-json\/wp\/v2\/comments?post=10453"}],"version-history":[{"count":4,"href":"https:\/\/www.qly.docs.pay.sibs.com\/pl\/wp-json\/wp\/v2\/pages\/10453\/revisions"}],"predecessor-version":[{"id":20966,"href":"https:\/\/www.qly.docs.pay.sibs.com\/pl\/wp-json\/wp\/v2\/pages\/10453\/revisions\/20966"}],"up":[{"embeddable":true,"href":"https:\/\/www.qly.docs.pay.sibs.com\/pl\/wp-json\/wp\/v2\/pages\/10440"}],"wp:attachment":[{"href":"https:\/\/www.qly.docs.pay.sibs.com\/pl\/wp-json\/wp\/v2\/media?parent=10453"}],"curies":[{"name":"wp","href":"https:\/\/api.w.org\/{rel}","templated":true}]}}