{"id":10440,"date":"2023-06-22T15:33:15","date_gmt":"2023-06-22T15:33:15","guid":{"rendered":"https:\/\/www.qly.docs.pay.sibs.com\/sibs-backoffice-2\/"},"modified":"2025-01-27T09:28:27","modified_gmt":"2025-01-27T09:28:27","slug":"sibs-backoffice","status":"publish","type":"page","link":"https:\/\/www.qly.docs.pay.sibs.com\/pl\/sibs-gateway-dokumentacja\/sibs-backoffice\/","title":{"rendered":"SIBS Backoffice"},"content":{"rendered":"<!-- wp:themify-builder\/canvas \/-->\n\n\n<p>SIBS Backoffice oferuje kompleksowy i przyjazny dla u\u017cytkownika interfejs zaprojektowany tak, aby wspiera\u0107 Twoj\u0105 strategi\u0119 p\u0142atno\u015bci na r\u00f3\u017cne sposoby. Jedn\u0105 z jego kluczowych funkcji jest mo\u017cliwo\u015b\u0107 znacznie prostszego, szybszego i prostszego konfigurowania operacji p\u0142atniczych i zarz\u0105dzania nimi. Dzi\u0119ki intuicyjnemu interfejsowi i zaawansowanym funkcjom jest to idealne narz\u0119dzie dla ka\u017cdego sprzedawcy, kt\u00f3ry chce przenie\u015b\u0107 przetwarzanie p\u0142atno\u015bci na wy\u017cszy poziom. <\/p>\n\n\n\n<p>Ponadto SIBS Backoffice zapewnia r\u00f3wnie\u017c narz\u0119dzia analityczne, kt\u00f3re pozwalaj\u0105 uzyska\u0107 g\u0142\u0119boki wgl\u0105d w dane dotycz\u0105ce p\u0142atno\u015bci. Narz\u0119dzia te mog\u0105 pom\u00f3c w identyfikowaniu trend\u00f3w, dostrzeganiu mo\u017cliwo\u015bci optymalizacji i podejmowaniu decyzji w oparciu o dane, kt\u00f3re mog\u0105 mie\u0107 znacz\u0105cy wp\u0142yw na wyniki finansowe.<\/p>\n\n\n\n<p>Dzi\u0119ki tym narz\u0119dziom mo\u017cesz usprawni\u0107 przep\u0142yw pracy, zmniejszy\u0107 liczb\u0119 b\u0142\u0119d\u00f3w i poprawi\u0107 og\u00f3ln\u0105 wydajno\u015b\u0107.<\/p>\n\n\n\n<style type=\"text\/css\">\n\t#message-box-block_0c0d51201a55a5e8145911def329d03e {\n\t\t\/* Add styles that use ACF values here *\/\n\t}\n<\/style>\n\n<div id=\"message-box-block_0c0d51201a55a5e8145911def329d03e\" class=\"block-message-box\">\n\t\t\t\t\t\t\t\t\t\t\n\t\t\t<div class='row info' style=\"display: flex;\">\n\t\t\t  <div class='col' style=\"width: 10%; display: flex; align-items: center; justify-content: center;\">\n\t\t\t\t\t<img decoding=\"async\" src=\"https:\/\/www.qly.docs.pay.sibs.com\/wp-content\/themes\/themify-ultra-child\/images\/msg_info.svg\" alt=\"Info\">\n\t\t\t  <\/div>\n\t\t\t  <div class='col2'>\n\t\t\t\t<p ><p>SIBS Backoffice jest dost\u0119pny w j\u0119zykach\u00a0<strong>angielskim<\/strong>,\u00a0<strong>holenderskim<\/strong>,\u00a0<strong>polskim<\/strong>,\u00a0<strong>portugalskim<\/strong> i <strong>rumu\u0144skim<\/strong> co umo\u017cliwia korzystanie z platformy w preferowanym j\u0119zyku.<\/p>\n<\/p>\n\t\t\t  <\/div>\n\t\t\t<\/div>\n\t\t\t\t\n\t\t\t\t\n\t\t\t\t\n\t\t\t\t\t\t<\/div>\n\n\n<h3 class=\"wp-block-heading\">Zanim zaczniesz<\/h3>\n\n\n\n<p>Po zako\u0144czeniu procesu wdra\u017cania otrzymasz dane uwierzytelniaj\u0105ce, kt\u00f3re obejmuj\u0105 wiadomo\u015b\u0107 e-mail i kod aktywacyjny. B\u0119dziesz potrzebowa\u0107 tych danych uwierzytelniaj\u0105cych, aby zarejestrowa\u0107 sw\u00f3j dost\u0119p w SIBS Backoffice.<\/p>\n\n\n\n<figure class=\"wp-block-image aligncenter size-large is-resized\"><img loading=\"lazy\" decoding=\"async\" width=\"769\" height=\"1024\" src=\"https:\/\/www.qly.docs.pay.sibs.com\/wp-content\/uploads\/2023\/09\/activate-account-769x1024.png\" alt=\"\" class=\"wp-image-8056\" style=\"width:345px;height:459px\" srcset=\"https:\/\/www.qly.docs.pay.sibs.com\/wp-content\/uploads\/2023\/09\/activate-account-769x1024.png 769w, https:\/\/www.qly.docs.pay.sibs.com\/wp-content\/uploads\/2023\/09\/activate-account-225x300.png 225w, https:\/\/www.qly.docs.pay.sibs.com\/wp-content\/uploads\/2023\/09\/activate-account-768x1023.png 768w, https:\/\/www.qly.docs.pay.sibs.com\/wp-content\/uploads\/2023\/09\/activate-account.png 940w\" sizes=\"auto, (max-width: 769px) 100vw, 769px\" \/><\/figure>\n\n\n\n<h3 class=\"wp-block-heading\">Podr\u0119cznik u\u017cytkownika<\/h3>\n\n\n\n<p>Dla zalogowanych u\u017cytkownik\u00f3w SIBS Backoffice udost\u0119pnia Podr\u0119cznik u\u017cytkownika w formacie PDF. Je\u015bli potrzebujesz dodatkowego wsparcia lub masz jakie\u015b pytania, przycisk wsparcia umo\u017cliwia dost\u0119p do cz\u0119sto zadawanych pyta\u0144 w SIBS Backoffice. Stamt\u0105d mo\u017cesz \u0142atwo pobra\u0107 Podr\u0119cznik u\u017cytkownika, naciskaj\u0105c odpowiedni przycisk.<\/p>\n","protected":false},"excerpt":{"rendered":"<p>SIBS Backoffice oferuje kompleksowy i przyjazny dla u\u017cytkownika interfejs zaprojektowany tak, aby wspiera\u0107 Twoj\u0105 strategi\u0119 p\u0142atno\u015bci na r\u00f3\u017cne sposoby. Jedn\u0105 z jego kluczowych funkcji jest mo\u017cliwo\u015b\u0107 znacznie prostszego, szybszego i prostszego konfigurowania operacji p\u0142atniczych i zarz\u0105dzania nimi. Dzi\u0119ki intuicyjnemu interfejsowi i zaawansowanym funkcjom jest to idealne narz\u0119dzie dla ka\u017cdego sprzedawcy, kt\u00f3ry chce przenie\u015b\u0107 przetwarzanie p\u0142atno\u015bci [&hellip;]<\/p>\n","protected":false},"author":3,"featured_media":0,"parent":9923,"menu_order":11,"comment_status":"closed","ping_status":"closed","template":"","meta":{"_acf_changed":false,"_eb_attr":"","footnotes":""},"class_list":["post-10440","page","type-page","status-publish","hentry","has-post-title","has-post-date","has-post-category","has-post-tag","has-post-comment","has-post-author",""],"acf":[],"builder_content":"","_links":{"self":[{"href":"https:\/\/www.qly.docs.pay.sibs.com\/pl\/wp-json\/wp\/v2\/pages\/10440","targetHints":{"allow":["GET"]}}],"collection":[{"href":"https:\/\/www.qly.docs.pay.sibs.com\/pl\/wp-json\/wp\/v2\/pages"}],"about":[{"href":"https:\/\/www.qly.docs.pay.sibs.com\/pl\/wp-json\/wp\/v2\/types\/page"}],"author":[{"embeddable":true,"href":"https:\/\/www.qly.docs.pay.sibs.com\/pl\/wp-json\/wp\/v2\/users\/3"}],"replies":[{"embeddable":true,"href":"https:\/\/www.qly.docs.pay.sibs.com\/pl\/wp-json\/wp\/v2\/comments?post=10440"}],"version-history":[{"count":3,"href":"https:\/\/www.qly.docs.pay.sibs.com\/pl\/wp-json\/wp\/v2\/pages\/10440\/revisions"}],"predecessor-version":[{"id":22813,"href":"https:\/\/www.qly.docs.pay.sibs.com\/pl\/wp-json\/wp\/v2\/pages\/10440\/revisions\/22813"}],"up":[{"embeddable":true,"href":"https:\/\/www.qly.docs.pay.sibs.com\/pl\/wp-json\/wp\/v2\/pages\/9923"}],"wp:attachment":[{"href":"https:\/\/www.qly.docs.pay.sibs.com\/pl\/wp-json\/wp\/v2\/media?parent=10440"}],"curies":[{"name":"wp","href":"https:\/\/api.w.org\/{rel}","templated":true}]}}