{"id":10438,"date":"2023-06-14T09:45:29","date_gmt":"2023-06-14T09:45:29","guid":{"rendered":"https:\/\/www.qly.docs.pay.sibs.com\/rodzaje-transakcji\/anulowanie\/"},"modified":"2026-03-09T12:37:22","modified_gmt":"2026-03-09T12:37:22","slug":"anulowanie","status":"publish","type":"page","link":"https:\/\/www.qly.docs.pay.sibs.com\/pl\/sibs-gateway-dokumentacja\/rodzaje-transakcji\/anulowanie\/","title":{"rendered":"Anulowanie"},"content":{"rendered":"<!-- wp:themify-builder\/canvas \/-->\n\n\n<style type=\"text\/css\">\n\t#message-box-block_61aef6d78c0413f11ffafd83bbf0ae16 {\n\t\t\/* Add styles that use ACF values here *\/\n\t}\n<\/style>\n\n<div id=\"message-box-block_61aef6d78c0413f11ffafd83bbf0ae16\" class=\"block-message-box\">\n\t\t\t\t\t\t\t\t\t\t\n\t\t\t<div class='row info' style=\"display: flex;\">\n\t\t\t  <div class='col' style=\"width: 10%; display: flex; align-items: center; justify-content: center;\">\n\t\t\t\t\t<img decoding=\"async\" src=\"https:\/\/www.qly.docs.pay.sibs.com\/wp-content\/themes\/themify-ultra-child\/images\/msg_info.svg\" alt=\"Info\">\n\t\t\t  <\/div>\n\t\t\t  <div class='col2'>\n\t\t\t\t<p ><p>Ten rodzaj transakcji jest dost\u0119pny dla: <strong>Kart<\/strong>, <strong>BLIK<\/strong> i <strong>PayByLink<\/strong>.<\/p>\n<\/p>\n\t\t\t  <\/div>\n\t\t\t<\/div>\n\t\t\t\t\n\t\t\t\t\n\t\t\t\t\n\t\t\t\t\t\t<\/div>\n\n\n<p><strong>Anulowanie<\/strong> odbywa si\u0119 na podstawie poprzedniej autoryzacji p\u0142atno\u015bci (AUTH) poprzez odniesienie do jej <mark style=\"background-color:#e9e9f5\" class=\"has-inline-color\">identyfikatora transakcji<\/mark> i wys\u0142anie \u017c\u0105dania <mark style=\"background-color:#d6e9ff\" class=\"has-inline-color\">POST<\/mark> przez HTTPS do <a href=\"#_Endpoints\">punktu ko\u0144cowego<\/a> \/payments\/{transactionID}\/cancellation. <\/p>\n\n\n\n<p>W przypadku anulowania p\u0142atno\u015bci, je\u015bli zosta\u0142a wys\u0142ana w okre\u015blonym terminie, autoryzacja nie zosta\u0142a jeszcze przechwycona, anulowanie powoduje wys\u0142anie do wydawcy karty \u017c\u0105dania cofni\u0119cia autoryzacji w celu rozliczenia \u015brodk\u00f3w zgromadzonych na podstawie autoryzacji.<\/p>\n\n\n\n<p>Mo\u017ce to by\u0107 anulowanie <strong>ca\u0142kowite<\/strong>, gdy sprzedawca anuluje ca\u0142\u0105 kwot\u0119 autoryzacji, lub <strong>cz\u0119\u015bciowe<\/strong>, gdy sprzedawca anuluje sum\u0119 cz\u0119\u015bciow\u0105 ca\u0142kowitej autoryzacji.<\/p>\n\n\n\n<p>Mo\u017cliwo\u015b\u0107 anulowania zakupu BLIK jest dost\u0119pna tylko do momentu osi\u0105gni\u0119cia przez transakcj\u0119 statusu ko\u0144cowego, co nast\u0119puje w momencie otrzymania przez Stargate potwierdzenia BLIK.<\/p>\n\n\n\n<div class=\"wp-block-buttons is-layout-flex wp-block-buttons-is-layout-flex\">\n<div class=\"wp-block-button postman\"><a class=\"wp-block-button__link wp-element-button\" href=\"https:\/\/www.postman.com\/warped-star-117264\/workspace\/sibs-v3\/folder\/28493802-32d7a5f9-706c-433d-8127-4c9a459a940f?ctx=documentation\" target=\"_blank\" rel=\"noreferrer noopener\">Uruchom w Postmanie<\/a><\/div>\n<\/div>\n\n\n\n<h6 class=\"wp-block-heading\">Wygeneruj transakcj\u0119:<\/h6>\n\n\n\n<pre class=\"wp-block-code singleline\"><code><mark style=\"background-color:#d6e9ff\" class=\"has-inline-color\">POST<\/mark>\u00a0https:\/\/stargate.qly.site1.sibs.pt\/api\/v1\/payments\/{transactionID}\/cancellation<\/code><\/pre>\n\n\n\n<h6 class=\"wp-block-heading\">Parametry nag\u0142\u00f3wka<\/h6>\n\n\n\n\n\n<div id=\"nested-tables-block_708ac69e2a68852073e0ee18f40d7deb\" class=\"block-nested-tables_new\">\n\t\n\t\t\t<div class=\"sub_level lvl1\">\n\t\t\n\t\t\t\t\t\n\t\t\t\t\t\t<div class=\"thi_table table_nr1\">\n\t\t\t\t<div class=\"sp_param\">Content-type<\/div>\n\t\t\t\t<div class=\"sp_typee\"><p>string<\/p>\n<\/div>\n\t\t\t\t<div class=\"sp_condit Mandatory\">Mandatory<\/div>\n\t\t\t\t<div class=\"sp_descc\"><p>application\/json<\/p>\n<\/div>\n\t\t\t\t<a class=\"sp_view_mores\">Show more<\/a>\n\t\t\t<\/div>\n\t\n\t\t\t\t\t\t\t\t\t\t\t\t\t\t\t\t\t\t\n\t\t\t\t\t\t<div class=\"thi_table table_nr2\">\n\t\t\t\t<div class=\"sp_param\">Authorization<\/div>\n\t\t\t\t<div class=\"sp_typee\"><p>string<\/p>\n<\/div>\n\t\t\t\t<div class=\"sp_condit Mandatory\">Mandatory<\/div>\n\t\t\t\t<div class=\"sp_descc\"><p>Bearer Token. Based on OAuth2 authentication performed in a pre-step.<\/p>\n<\/div>\n\t\t\t\t<a class=\"sp_view_mores\">Show more<\/a>\n\t\t\t<\/div>\n\t\n\t\t\t\t\t\t\t\t\t\t\t\t\t\t\t\t\t\t\n\t\t\t\t\t\t<div class=\"thi_table table_nr3\">\n\t\t\t\t<div class=\"sp_param\">x-ibm-client-id<\/div>\n\t\t\t\t<div class=\"sp_typee\"><p>string<\/p>\n<\/div>\n\t\t\t\t<div class=\"sp_condit Mandatory\">Mandatory<\/div>\n\t\t\t\t<div class=\"sp_descc\"><p>Token that identifies a client organization. It is provided during onboarding process and must be used in every call.<\/p>\n<\/div>\n\t\t\t\t<a class=\"sp_view_mores\">Show more<\/a>\n\t\t\t<\/div>\n\t\n\t\t\t\t\t\t\t\t\t\t\t\t\t\t\t\t\t<\/div>\n\t\n\t<\/div>\n\n\n\n\n\n\n\n\n\n\n\n\n\n<h6 class=\"wp-block-heading\">Parametry zapytania<\/h6>\n\n\n\n\n\n<div id=\"nested-tables-block_986304a5aabc749fb30eea7c88860b31\" class=\"block-nested-tables_new\">\n\t\n\t\t\t<div class=\"sub_level lvl1\">\n\t\t\n\t\t\t\t\t\n\t\t\t\t\t\t<div class=\"thi_table table_nr1\">\n\t\t\t\t<div class=\"sp_param\">Merchant<\/div>\n\t\t\t\t<div class=\"sp_typee\"><p>object<\/p>\n<\/div>\n\t\t\t\t<div class=\"sp_condit Mandatory\">Mandatory<\/div>\n\t\t\t\t<div class=\"sp_descc\"><p>An optional element to query transaction status.<\/p>\n<\/div>\n\t\t\t\t<a class=\"sp_view_mores\">Show more<\/a>\n\t\t\t<\/div>\n\t\n\t\t\t\t\t\t\t\t\t<div class=\"sub_level lvl2\">\t\n\t\t\n\t\t\t\t\t\t\t\t\t\n\t\t\t\t\t\t\t\t<div class=\"thi_table table_nr1\">\n\t\t\t\t\t<div class=\"sp_param\">TerminalID<\/div>\n\t\t\t\t\t<div class=\"sp_typee\"><p>numeric [&lt;= 10 characters]<\/p>\n<\/div>\n\t\t\t\t\t<div class=\"sp_condit Mandatory\">Mandatory<\/div>\n\t\t\t\t\t<div class=\"sp_descc\"><p>Merchant Terminal Identification.<\/p>\n<\/div>\n\t\t\t\t\t<a class=\"sp_view_mores\">Show more<\/a>\n\t\t\t\t<\/div>\n\t\n\t\t\t\t\t\t\t\t\t\t\t\t\t\t\t\t\t\t\t\t\t\t\t\t\t\t\t\t\t\t\n\t\t\t\t\t\t\t\t<div class=\"thi_table table_nr2\">\n\t\t\t\t\t<div class=\"sp_param\">Channel<\/div>\n\t\t\t\t\t<div class=\"sp_typee\"><p>string<\/p>\n<\/div>\n\t\t\t\t\t<div class=\"sp_condit Mandatory\">Mandatory<\/div>\n\t\t\t\t\t<div class=\"sp_descc\"><p>Merchant channel, Possible Value \u201cWeb\u201d.<\/p>\n<\/div>\n\t\t\t\t\t<a class=\"sp_view_mores\">Show more<\/a>\n\t\t\t\t<\/div>\n\t\n\t\t\t\t\t\t\t\t\t\t\t\t\t\t\t\t\t\t\t\t\t\t\t\t\t\t\t\t\t\t\n\t\t\t\t\t\t\t\t<div class=\"thi_table table_nr3\">\n\t\t\t\t\t<div class=\"sp_param\">merchantTransactionID<\/div>\n\t\t\t\t\t<div class=\"sp_typee\"><p>string<\/p>\n<\/div>\n\t\t\t\t\t<div class=\"sp_condit Mandatory\">Mandatory<\/div>\n\t\t\t\t\t<div class=\"sp_descc\"><p>Unique Id used by the Merchant.<\/p>\n<\/div>\n\t\t\t\t\t<a class=\"sp_view_mores\">Show more<\/a>\n\t\t\t\t<\/div>\n\t\n\t\t\t\t\t\t\t\t\t\t\t\t\t\t\t\t\t\t\t\t\t\t\t\t\t\t\t\t\t<\/div>\n\t\t\n\t\t\t\t\t\t\t\t\n\t\t\t\t\t\t<div class=\"thi_table table_nr2\">\n\t\t\t\t<div class=\"sp_param\">Transaction<\/div>\n\t\t\t\t<div class=\"sp_typee\"><p>object<\/p>\n<\/div>\n\t\t\t\t<div class=\"sp_condit Mandatory\">Mandatory<\/div>\n\t\t\t\t<div class=\"sp_descc\"><p>An optional element to query transaction status.<\/p>\n<\/div>\n\t\t\t\t<a class=\"sp_view_mores\">Show more<\/a>\n\t\t\t<\/div>\n\t\n\t\t\t\t\t\t\t\t\t<div class=\"sub_level lvl2\">\t\n\t\t\n\t\t\t\t\t\t\t\t\t\n\t\t\t\t\t\t\t\t<div class=\"thi_table table_nr1\">\n\t\t\t\t\t<div class=\"sp_param\">transactionTimeStamp<\/div>\n\t\t\t\t\t<div class=\"sp_typee\"><p>Date ISODate Time<\/p>\n<\/div>\n\t\t\t\t\t<div class=\"sp_condit Mandatory\">Mandatory<\/div>\n\t\t\t\t\t<div class=\"sp_descc\"><p>Transaction timestamp.<\/p>\n<\/div>\n\t\t\t\t\t<a class=\"sp_view_mores\">Show more<\/a>\n\t\t\t\t<\/div>\n\t\n\t\t\t\t\t\t\t\t\t\t\t\t\t\t\t\t\t\t\t\t\t\t\t\t\t\t\t\t\t\t\n\t\t\t\t\t\t\t\t<div class=\"thi_table table_nr2\">\n\t\t\t\t\t<div class=\"sp_param\">Description<\/div>\n\t\t\t\t\t<div class=\"sp_typee\"><p>string &lt;= 70 characters<\/p>\n<\/div>\n\t\t\t\t\t<div class=\"sp_condit Mandatory\">Mandatory<\/div>\n\t\t\t\t\t<div class=\"sp_descc\"><p>Transaction short description.<\/p>\n<\/div>\n\t\t\t\t\t<a class=\"sp_view_mores\">Show more<\/a>\n\t\t\t\t<\/div>\n\t\n\t\t\t\t\t\t\t\t\t\t\t\t\t\t\t\t\t\t\t\t\t\t\t\t\t\t\t\t\t\t\n\t\t\t\t\t\t\t\t<div class=\"thi_table table_nr3\">\n\t\t\t\t\t<div class=\"sp_param\">amount<\/div>\n\t\t\t\t\t<div class=\"sp_typee\"><\/div>\n\t\t\t\t\t<div class=\"sp_condit Mandatory\">Mandatory<\/div>\n\t\t\t\t\t<div class=\"sp_descc\"><p>Parameter with the value and currency of the transaction.<\/p>\n<\/div>\n\t\t\t\t\t<a class=\"sp_view_mores\">Show more<\/a>\n\t\t\t\t<\/div>\n\t\n\t\t\t\t\t\t\t\t\t\t\t\t\t\t\t<div class=\"sub_level lvl3\">\n\t\t\t\t\n\t\t\t\t\t\t\t\t\t\t\t\t\t\n\t\t\t\t\t\t\t\t\t\t\t\t<div class=\"thi_table table_nr1\">\n\t\t\t\t\t\t\t<div class=\"sp_param\">Value<\/div>\n\t\t\t\t\t\t\t<div class=\"sp_typee\"><p>number Double<\/p>\n<\/div>\n\t\t\t\t\t\t\t<div class=\"sp_condit Mandatory\">Mandatory<\/div>\n\t\t\t\t\t\t\t<div class=\"sp_descc\"><p>Amount in the transaction.<\/p>\n<\/div>\n\t\t\t\t\t\t\t<a class=\"sp_view_mores\">Show more<\/a>\n\t\t\t\t\t\t<\/div>\n\t\t\t\t\t\t\t\n\t\t\t\t\t\t\t\t\t\t\t\t\t\t\t\t\t\t\t\t\t\t\t\t\t\t\t\t\t\t\t\t\t\t\t\t\t\t\t\t\t\t\n\t\t\t\t\t\t\t\t\t\t\t\t<div class=\"thi_table table_nr2\">\n\t\t\t\t\t\t\t<div class=\"sp_param\">Currency<\/div>\n\t\t\t\t\t\t\t<div class=\"sp_typee\"><p>Currency Code<br \/>\nSO 4217 Alpha-3 Code<\/p>\n<\/div>\n\t\t\t\t\t\t\t<div class=\"sp_condit Mandatory\">Mandatory<\/div>\n\t\t\t\t\t\t\t<div class=\"sp_descc\"><\/div>\n\t\t\t\t\t\t\t<a class=\"sp_view_mores\">Show more<\/a>\n\t\t\t\t\t\t<\/div>\n\t\t\t\t\t\t\t\n\t\t\t\t\t\t\t\t\t\t\t\t\t\t\t\t\t\t\t\t\t\t\t\t\t\t\t\t\t\t\t\t\t\t\t\t\t\t\t\t\t<\/div>\n\t\t\t\t\n\t\t\t\t\t\t\t\t\t\t\t\t\t\t\n\t\t\t\t\t\t\t\t<div class=\"thi_table table_nr4\">\n\t\t\t\t\t<div class=\"sp_param\">originalTransaction<\/div>\n\t\t\t\t\t<div class=\"sp_typee\"><\/div>\n\t\t\t\t\t<div class=\"sp_condit Mandatory\">Mandatory<\/div>\n\t\t\t\t\t<div class=\"sp_descc\"><p>Parameter with the original transaction.<\/p>\n<\/div>\n\t\t\t\t\t<a class=\"sp_view_mores\">Show more<\/a>\n\t\t\t\t<\/div>\n\t\n\t\t\t\t\t\t\t\t\t\t\t\t\t\t\t<div class=\"sub_level lvl3\">\n\t\t\t\t\n\t\t\t\t\t\t\t\t\t\t\t\t\t\n\t\t\t\t\t\t\t\t\t\t\t\t<div class=\"thi_table table_nr1\">\n\t\t\t\t\t\t\t<div class=\"sp_param\">Id<\/div>\n\t\t\t\t\t\t\t<div class=\"sp_typee\"><p>string<\/p>\n<\/div>\n\t\t\t\t\t\t\t<div class=\"sp_condit Mandatory\">Mandatory<\/div>\n\t\t\t\t\t\t\t<div class=\"sp_descc\"><p>Unique identifier of the original transaction.<\/p>\n<\/div>\n\t\t\t\t\t\t\t<a class=\"sp_view_mores\">Show more<\/a>\n\t\t\t\t\t\t<\/div>\n\t\t\t\t\t\t\t\n\t\t\t\t\t\t\t\t\t\t\t\t\t\t\t\t\t\t\t\t\t\t\t\t\t\t\t\t\t\t\t\t\t\t\t\t\t\t\t\t\t\t\n\t\t\t\t\t\t\t\t\t\t\t\t<div class=\"thi_table table_nr2\">\n\t\t\t\t\t\t\t<div class=\"sp_param\">Date time<\/div>\n\t\t\t\t\t\t\t<div class=\"sp_typee\"><p>date ISODate Time<\/p>\n<\/div>\n\t\t\t\t\t\t\t<div class=\"sp_condit Mandatory\">Mandatory<\/div>\n\t\t\t\t\t\t\t<div class=\"sp_descc\"><p>Timestamp of the original transaction.<\/p>\n<\/div>\n\t\t\t\t\t\t\t<a class=\"sp_view_mores\">Show more<\/a>\n\t\t\t\t\t\t<\/div>\n\t\t\t\t\t\t\t\n\t\t\t\t\t\t\t\t\t\t\t\t\t\t\t\t\t\t\t\t\t\t\t\t\t\t\t\t\t\t\t\t\t\t\t\t\t\t\t\t\t<\/div>\n\t\t\t\t\n\t\t\t\t\t\t\t\t\t\t\t\t\t<\/div>\n\t\t\n\t\t\t\t\t\t\t<\/div>\n\t\n\t<\/div>\n\n\n\n\n\n\n\n\n\n\n\n\n\n<p>Oto przyk\u0142ad wiadomo\u015bci o anulowaniu:<\/p>\n\n\n\n<h6 class=\"wp-block-heading\">Nag\u0142\u00f3wek \u017c\u0105dania:<\/h6>\n\n\n\n<pre class=\"wp-block-code singleline\"><code>Autorization: Bearer eyJhbGciOiJIUzI1NiIsInR5cCIgOiAiSldUIiwia2lkIiA6I (...)\nX-IBM-Client-Id: b4480347-9fc8-4790-b359-100a99c60ea3\nContent-Type: application\/json<\/code><\/pre>\n\n\n\n<pre class=\"wp-block-code\"><code>{\n  <mark style=\"background-color:rgba(0, 0, 0, 0)\" class=\"has-inline-color has-pale-pink-color\">\"merchant\"<\/mark>: {\n    <mark style=\"background-color:rgba(0, 0, 0, 0)\" class=\"has-inline-color has-pale-pink-color\">\"terminalId\"<\/mark>: <mark style=\"background-color:rgba(0, 0, 0, 0)\" class=\"has-inline-color has-luminous-vivid-amber-color\">24<\/mark>,\n    <mark style=\"background-color:rgba(0, 0, 0, 0)\" class=\"has-inline-color has-pale-pink-color\">\"channel\"<\/mark>: <mark style=\"background-color:rgba(0, 0, 0, 0)\" class=\"has-inline-color has-vivid-green-cyan-color\">\"web\"<\/mark>,\n    <mark style=\"background-color:rgba(0, 0, 0, 0)\" class=\"has-inline-color has-pale-pink-color\">\"merchantTransactionId\"<\/mark>: <mark style=\"background-color:rgba(0, 0, 0, 0)\" class=\"has-inline-color has-vivid-green-cyan-color\">\"BO_Order Id: c9876bcasd\"<\/mark>\n  },\n  <mark style=\"background-color:rgba(0, 0, 0, 0)\" class=\"has-inline-color has-pale-pink-color\">\"transaction\"<\/mark>: {\n    <mark style=\"background-color:rgba(0, 0, 0, 0)\" class=\"has-inline-color has-pale-pink-color\">\"transactionTimestamp\"<\/mark>: <mark style=\"background-color:rgba(0, 0, 0, 0)\" class=\"has-inline-color has-vivid-green-cyan-color\">\"2022-05-29T18:23:41.367Z\"<\/mark>,\n    <mark style=\"background-color:rgba(0, 0, 0, 0)\" class=\"has-inline-color has-pale-pink-color\">\"description\"<\/mark>: <mark style=\"background-color:rgba(0, 0, 0, 0)\" class=\"has-inline-color has-vivid-green-cyan-color\">\"This is a cancellation request\"<\/mark>,\n    <mark style=\"background-color:rgba(0, 0, 0, 0)\" class=\"has-inline-color has-pale-pink-color\">\"amount\"<\/mark>: {\n      <mark style=\"background-color:rgba(0, 0, 0, 0)\" class=\"has-inline-color has-pale-pink-color\">\"value\"<\/mark>: <mark style=\"background-color:rgba(0, 0, 0, 0)\" class=\"has-inline-color has-luminous-vivid-amber-color\">5<\/mark>,\n      <mark style=\"background-color:rgba(0, 0, 0, 0)\" class=\"has-inline-color has-pale-pink-color\">\"currency\"<\/mark>: <mark style=\"background-color:rgba(0, 0, 0, 0)\" class=\"has-inline-color has-vivid-green-cyan-color\">\"PLN\"<\/mark>\n    },\n    <mark style=\"background-color:rgba(0, 0, 0, 0)\" class=\"has-inline-color has-pale-pink-color\">\"originalTransaction\"<\/mark>: {\n      <mark style=\"background-color:rgba(0, 0, 0, 0)\" class=\"has-inline-color has-pale-pink-color\">\"id\"<\/mark>: <mark style=\"background-color:rgba(0, 0, 0, 0)\" class=\"has-inline-color has-vivid-green-cyan-color\">\"1ach2CGpZ2BAKUfqJ9Rp\"<\/mark>,\n      <mark style=\"background-color:rgba(0, 0, 0, 0)\" class=\"has-inline-color has-pale-pink-color\">\"datetime\"<\/mark>: <mark style=\"background-color:rgba(0, 0, 0, 0)\" class=\"has-inline-color has-vivid-green-cyan-color\">\"2022-05-29T17:23:36.105Z\"<\/mark>\n    }\n  }\n}<\/code><\/pre>\n","protected":false},"excerpt":{"rendered":"<p>Anulowanie odbywa si\u0119 na podstawie poprzedniej autoryzacji p\u0142atno\u015bci (AUTH) poprzez odniesienie do jej identyfikatora transakcji i wys\u0142anie \u017c\u0105dania POST przez HTTPS do punktu ko\u0144cowego \/payments\/{transactionID}\/cancellation. W przypadku anulowania p\u0142atno\u015bci, je\u015bli zosta\u0142a wys\u0142ana w okre\u015blonym terminie, autoryzacja nie zosta\u0142a jeszcze przechwycona, anulowanie powoduje wys\u0142anie do wydawcy karty \u017c\u0105dania cofni\u0119cia autoryzacji w celu rozliczenia \u015brodk\u00f3w zgromadzonych na [&hellip;]<\/p>\n","protected":false},"author":1,"featured_media":0,"parent":9960,"menu_order":0,"comment_status":"closed","ping_status":"closed","template":"","meta":{"_acf_changed":false,"_eb_attr":"","footnotes":""},"class_list":["post-10438","page","type-page","status-publish","hentry","has-post-title","has-post-date","has-post-category","has-post-tag","has-post-comment","has-post-author",""],"acf":[],"builder_content":"","_links":{"self":[{"href":"https:\/\/www.qly.docs.pay.sibs.com\/pl\/wp-json\/wp\/v2\/pages\/10438","targetHints":{"allow":["GET"]}}],"collection":[{"href":"https:\/\/www.qly.docs.pay.sibs.com\/pl\/wp-json\/wp\/v2\/pages"}],"about":[{"href":"https:\/\/www.qly.docs.pay.sibs.com\/pl\/wp-json\/wp\/v2\/types\/page"}],"author":[{"embeddable":true,"href":"https:\/\/www.qly.docs.pay.sibs.com\/pl\/wp-json\/wp\/v2\/users\/1"}],"replies":[{"embeddable":true,"href":"https:\/\/www.qly.docs.pay.sibs.com\/pl\/wp-json\/wp\/v2\/comments?post=10438"}],"version-history":[{"count":3,"href":"https:\/\/www.qly.docs.pay.sibs.com\/pl\/wp-json\/wp\/v2\/pages\/10438\/revisions"}],"predecessor-version":[{"id":27810,"href":"https:\/\/www.qly.docs.pay.sibs.com\/pl\/wp-json\/wp\/v2\/pages\/10438\/revisions\/27810"}],"up":[{"embeddable":true,"href":"https:\/\/www.qly.docs.pay.sibs.com\/pl\/wp-json\/wp\/v2\/pages\/9960"}],"wp:attachment":[{"href":"https:\/\/www.qly.docs.pay.sibs.com\/pl\/wp-json\/wp\/v2\/media?parent=10438"}],"curies":[{"name":"wp","href":"https:\/\/api.w.org\/{rel}","templated":true}]}}