{"id":10434,"date":"2023-08-29T10:38:08","date_gmt":"2023-08-29T10:38:08","guid":{"rendered":"https:\/\/www.qly.docs.pay.sibs.com\/powiadomienia\/webhooks\/konfiguracja\/"},"modified":"2024-03-18T14:02:57","modified_gmt":"2024-03-18T14:02:57","slug":"konfiguracja","status":"publish","type":"page","link":"https:\/\/www.qly.docs.pay.sibs.com\/pl\/sibs-gateway-dokumentacja\/powiadomienia\/webhooki\/konfiguracja\/","title":{"rendered":"Konfiguracja"},"content":{"rendered":"<!-- wp:themify-builder\/canvas \/-->\n<p>Skorzystaj z <a href=\"https:\/\/www.qly.docs.pay.sibs.com\/sibs-backoffice\/\">SIBS Backoffice,<\/a> aby utworzy\u0107 webhook i by\u0107 na bie\u017c\u0105co z p\u0142atno\u015bciami. Post\u0119puj zgodnie z kolejnymi krokami i wybierz odpowiednie opcje, kt\u00f3re odpowiadaj\u0105 \u017c\u0105danym aktualizacjom.<\/p>\n\n<p>Aby skorzysta\u0107 z tej funkcji, mo\u017cna \u0142atwo skonfigurowa\u0107 webhook do otrzymywania powiadomie\u0144 o zdarzeniach na koncie. Pozwoli Ci to by\u0107 na bie\u017c\u0105co i podejmowa\u0107 odpowiednie dzia\u0142ania w razie potrzeby.<\/p>\n\n<p>W menu &#8222;Webhooks&#8221; mo\u017cna wy\u015bwietli\u0107 list\u0119 wszystkich webhook\u00f3w. Mo\u017cesz szybko zastosowa\u0107 filtry wed\u0142ug po\u015bwiadcze\u0144, powiadomie\u0144, typu i webhook\u00f3w (e-mail lub URL).<\/p>\n\n<p>Po klikni\u0119ciu ikony <strong>Webhook,<\/strong> mog\u0105 zosta\u0107 wy\u015bwietlone dwie opcje w zale\u017cno\u015bci od typu elementu webhook. Je\u015bli webhook jest typu URL, mo\u017cna uzyska\u0107 dost\u0119p do jego szczeg\u00f3\u0142\u00f3w i przetestowa\u0107 go. Je\u015bli webhook jest typu e-mail, mo\u017cna wy\u015bwietli\u0107 tylko jego szczeg\u00f3\u0142y.<\/p>\n\n<figure class=\"wp-block-image size-full is-resized\"><img loading=\"lazy\" decoding=\"async\" src=\"https:\/\/www.qly.docs.pay.sibs.com\/wp-content\/uploads\/2023\/06\/Webhooks-Picture1.png\" alt=\"\" class=\"wp-image-3688\" style=\"width:666px;height:157px\" width=\"666\" height=\"157\" srcset=\"https:\/\/www.qly.docs.pay.sibs.com\/wp-content\/uploads\/2023\/06\/Webhooks-Picture1.png 624w, https:\/\/www.qly.docs.pay.sibs.com\/wp-content\/uploads\/2023\/06\/Webhooks-Picture1-300x71.png 300w\" sizes=\"auto, (max-width: 666px) 100vw, 666px\" \/><\/figure>\n\n<figure class=\"wp-block-image size-full is-resized\"><img loading=\"lazy\" decoding=\"async\" src=\"https:\/\/www.qly.docs.pay.sibs.com\/wp-content\/uploads\/2023\/06\/Webhooks-Picture2.png\" alt=\"\" class=\"wp-image-3689\" style=\"width:667px;height:200px\" width=\"667\" height=\"200\" srcset=\"https:\/\/www.qly.docs.pay.sibs.com\/wp-content\/uploads\/2023\/06\/Webhooks-Picture2.png 624w, https:\/\/www.qly.docs.pay.sibs.com\/wp-content\/uploads\/2023\/06\/Webhooks-Picture2-300x90.png 300w\" sizes=\"auto, (max-width: 667px) 100vw, 667px\" \/><\/figure>\n\n<h3 class=\"wp-block-heading\">Dodaj nowy Webhook<\/h3>\n\n<h6 class=\"wp-block-heading\"><a href=\"#step1\" data-type=\"internal\" data-id=\"#step1\">Krok 1: Wyb\u00f3r typu Webhook (wymagane)<\/a><\/h6>\n\n<h6 class=\"wp-block-heading\"><a href=\"#step2\" data-type=\"internal\" data-id=\"#step2\">Krok 2: Dodaj adres URL (wymagane)<\/a><\/h6>\n\n<h6 class=\"wp-block-heading\"><a href=\"#step3\" data-type=\"internal\" data-id=\"#step3\">Krok 3: Wyb\u00f3r aplikacji Webhook (wymagane)<\/a><\/h6>\n\n<h6 class=\"wp-block-heading\"><a href=\"#step4\" data-type=\"internal\" data-id=\"#step4\">Krok 4: Wybierz typy powiadomie\u0144 (wymagane)<\/a><\/h6>\n\n<h6 class=\"wp-block-heading\"><a href=\"#step5\" data-type=\"internal\" data-id=\"#step5\">Krok 5: Tajny Webhook (wymagane)<\/a><\/h6>\n\n<h6 class=\"wp-block-heading\"><a href=\"#step6\" data-type=\"internal\" data-id=\"#step6\">Krok 6: Wiadomo\u015bci e-mail Webhook dla pomocy technicznej<\/a><\/h6>\n\n<p>Aby utworzy\u0107 nowy webhook, nale\u017cy klikn\u0105\u0107 przycisk &#8222;Dodaj nowy webhook&#8221;. Nast\u0119pnie zostanie przedstawiony zestaw krok\u00f3w, kt\u00f3re pomog\u0105 w wype\u0142nieniu danych niezb\u0119dnych do utworzenia elementu webhook. Poni\u017csze obrazy przedstawiaj\u0105 przyk\u0142ad tworzenia elementu webhook typu URL.<\/p>\n\n<h5 class=\"wp-block-heading\" id=\"step1\">Krok 1: Wyb\u00f3r typu Webhook (wymagane)<\/h5>\n\n<p>Je\u015bli chodzi o dostarczanie powiadomie\u0144, webhook dla adresu URL wysy\u0142a dane w czasie rzeczywistym, wysy\u0142aj\u0105c \u017c\u0105danie HTTP do okre\u015blonego punktu ko\u0144cowego, podczas gdy webhook dla wiadomo\u015bci e-mail dostarcza powiadomienia, wysy\u0142aj\u0105c je jako wiadomo\u015bci e-mail na wskazany adres e-mail.<\/p>\n\n<figure class=\"wp-block-image size-full is-resized\"><img loading=\"lazy\" decoding=\"async\" src=\"https:\/\/www.qly.docs.pay.sibs.com\/wp-content\/uploads\/2023\/06\/Webhooks-Picture3.png\" alt=\"\" class=\"wp-image-3691\" style=\"width:675px;height:144px\" width=\"675\" height=\"144\" srcset=\"https:\/\/www.qly.docs.pay.sibs.com\/wp-content\/uploads\/2023\/06\/Webhooks-Picture3.png 624w, https:\/\/www.qly.docs.pay.sibs.com\/wp-content\/uploads\/2023\/06\/Webhooks-Picture3-300x64.png 300w\" sizes=\"auto, (max-width: 675px) 100vw, 675px\" \/><\/figure>\n\n<h5 class=\"wp-block-heading\" id=\"step2\">Krok 2: Dodaj adres URL (wymagane)<\/h5>\n\n<figure class=\"wp-block-image size-full is-resized\"><img loading=\"lazy\" decoding=\"async\" src=\"https:\/\/www.qly.docs.pay.sibs.com\/wp-content\/uploads\/2023\/06\/Webhooks-Picture4.png\" alt=\"\" class=\"wp-image-3692\" style=\"width:677px;height:164px\" width=\"677\" height=\"164\" srcset=\"https:\/\/www.qly.docs.pay.sibs.com\/wp-content\/uploads\/2023\/06\/Webhooks-Picture4.png 624w, https:\/\/www.qly.docs.pay.sibs.com\/wp-content\/uploads\/2023\/06\/Webhooks-Picture4-300x73.png 300w\" sizes=\"auto, (max-width: 677px) 100vw, 677px\" \/><\/figure>\n\n<h5 class=\"wp-block-heading\" id=\"step3\">Krok 3: Wyb\u00f3r aplikacji Webhook (wymagane)<\/h5>\n\n<p>Webhooki mo\u017cna zdefiniowa\u0107 dla sprzedawcy, sklepu lub terminala. Je\u015bli s\u0105 one zdefiniowane dla sprzedawcy, b\u0119d\u0105 mia\u0142y zastosowanie do wszystkich sklep\u00f3w i terminali w nim zawartych.<\/p>\n\n<p>Definiowanie webhook\u00f3w dla sklepu dotyczy tylko terminali w tym sklepie.<\/p>\n\n<p>Je\u015bli chcesz zdefiniowa\u0107 webhook dla konkretnego terminala, powiniene\u015b wybra\u0107 t\u0119 opcj\u0119.<\/p>\n\n<figure class=\"wp-block-image size-full is-resized\"><img loading=\"lazy\" decoding=\"async\" src=\"https:\/\/www.qly.docs.pay.sibs.com\/wp-content\/uploads\/2023\/06\/Webhooks-Picture6.png\" alt=\"\" class=\"wp-image-3694\" style=\"width:677px;height:169px\" width=\"677\" height=\"169\" srcset=\"https:\/\/www.qly.docs.pay.sibs.com\/wp-content\/uploads\/2023\/06\/Webhooks-Picture6.png 624w, https:\/\/www.qly.docs.pay.sibs.com\/wp-content\/uploads\/2023\/06\/Webhooks-Picture6-300x75.png 300w\" sizes=\"auto, (max-width: 677px) 100vw, 677px\" \/><\/figure>\n\n<h5 class=\"wp-block-heading\" id=\"step4\">Krok 4: Wybierz typy powiadomie\u0144 (wymagane)<\/h5>\n\n<figure class=\"wp-block-image size-full is-resized\"><img loading=\"lazy\" decoding=\"async\" src=\"https:\/\/www.qly.docs.pay.sibs.com\/wp-content\/uploads\/2023\/06\/Webhooks-Picture7.png\" alt=\"\" class=\"wp-image-3695\" style=\"width:675px;height:158px\" width=\"675\" height=\"158\" srcset=\"https:\/\/www.qly.docs.pay.sibs.com\/wp-content\/uploads\/2023\/06\/Webhooks-Picture7.png 624w, https:\/\/www.qly.docs.pay.sibs.com\/wp-content\/uploads\/2023\/06\/Webhooks-Picture7-300x70.png 300w\" sizes=\"auto, (max-width: 675px) 100vw, 675px\" \/><\/figure>\n\n<h5 class=\"wp-block-heading\" id=\"step5\">Krok 5: Tajny Webhook (wymagane)<\/h5>\n\n<figure class=\"wp-block-image size-full is-resized\"><img loading=\"lazy\" decoding=\"async\" src=\"https:\/\/www.qly.docs.pay.sibs.com\/wp-content\/uploads\/2023\/06\/Webhooks-Picture8.png\" alt=\"\" class=\"wp-image-3696\" style=\"width:674px;height:162px\" width=\"674\" height=\"162\" srcset=\"https:\/\/www.qly.docs.pay.sibs.com\/wp-content\/uploads\/2023\/06\/Webhooks-Picture8.png 624w, https:\/\/www.qly.docs.pay.sibs.com\/wp-content\/uploads\/2023\/06\/Webhooks-Picture8-300x72.png 300w\" sizes=\"auto, (max-width: 674px) 100vw, 674px\" \/><\/figure>\n\n<h5 class=\"wp-block-heading\" id=\"step6\">Krok 6: Wiadomo\u015bci e-mail Webhook dla pomocy technicznej<\/h5>\n\n<figure class=\"wp-block-image size-full is-resized\"><img loading=\"lazy\" decoding=\"async\" src=\"https:\/\/www.qly.docs.pay.sibs.com\/wp-content\/uploads\/2023\/06\/Webhooks-Picture9.png\" alt=\"\" class=\"wp-image-3697\" style=\"width:668px;height:172px\" width=\"668\" height=\"172\" srcset=\"https:\/\/www.qly.docs.pay.sibs.com\/wp-content\/uploads\/2023\/06\/Webhooks-Picture9.png 624w, https:\/\/www.qly.docs.pay.sibs.com\/wp-content\/uploads\/2023\/06\/Webhooks-Picture9-300x77.png 300w\" sizes=\"auto, (max-width: 668px) 100vw, 668px\" \/><\/figure>\n\n<p>Po wype\u0142nieniu wszystkich wymaganych danych mo\u017cna klikn\u0105\u0107 przycisk <strong>\u201cUtw\u00f3rz webhook\u201d<\/strong>, aby utworzy\u0107 webhook.<\/p>\n\n<h3 class=\"wp-block-heading\">Usuwanie Webhook\u00f3w<\/h3>\n\n<p>Je\u015bli masz uprawnienia do zarz\u0105dzania webhookami, mo\u017cesz usuwa\u0107 powiadomienia, kt\u00f3re nie s\u0105 ju\u017c potrzebne. Aby to zrobi\u0107, nale\u017cy klikn\u0105\u0107 opcj\u0119 &#8222;Usu\u0144&#8221; znajduj\u0105c\u0105 si\u0119 w prawym g\u00f3rnym rogu strony szczeg\u00f3\u0142\u00f3w webhooka. Po jej klikni\u0119ciu wy\u015bwietlone zostanie wyskakuj\u0105ce okienko z potwierdzeniem operacji i b\u0119dzie mo\u017cna usun\u0105\u0107 webhook.<\/p>\n\n<h3 class=\"wp-block-heading\">Test Webhook\u00f3w<\/h3>\n\n<p>Mo\u017cesz \u0142atwo przetestowa\u0107 webhook, o ile jest on typu URL. Aby to zrobi\u0107, wystarczy klikn\u0105\u0107 przycisk &#8222;Test&#8221;, a zostaniesz przekierowany na stron\u0119 testowania webhooka. Kliknij przycisk testowy i poczekaj na pomy\u015blne zako\u0144czenie \u017c\u0105dania. Nast\u0119pnie zostanie wy\u015bwietlone wys\u0142ane powiadomienie, potwierdzaj\u0105ce, \u017ce webhook dzia\u0142a poprawnie.<\/p>\n\n<figure class=\"wp-block-image size-full is-resized\"><img loading=\"lazy\" decoding=\"async\" src=\"https:\/\/www.qly.docs.pay.sibs.com\/wp-content\/uploads\/2023\/06\/Webhooks-Picture10.png\" alt=\"\" class=\"wp-image-3698\" style=\"width:636px;height:288px\" width=\"636\" height=\"288\" srcset=\"https:\/\/www.qly.docs.pay.sibs.com\/wp-content\/uploads\/2023\/06\/Webhooks-Picture10.png 624w, https:\/\/www.qly.docs.pay.sibs.com\/wp-content\/uploads\/2023\/06\/Webhooks-Picture10-300x136.png 300w\" sizes=\"auto, (max-width: 636px) 100vw, 636px\" \/><\/figure>\n\n<h3 class=\"wp-block-heading\">Szczeg\u00f3\u0142y Webhooka<\/h3>\n\n<p>Aby wy\u015bwietli\u0107 wszystkie szczeg\u00f3\u0142y webhooka, nale\u017cy klikn\u0105\u0107 opcj\u0119 &#8222;Szczeg\u00f3\u0142y&#8221;. Zapewni to bardziej szczeg\u00f3\u0142owy widok danych webhooka. Je\u015bli chcesz wprowadzi\u0107 jakiekolwiek zmiany, wystarczy \u017ce klikniesz ikon\u0119 o\u0142\u00f3wka, aby edytowa\u0107 informacje. Po zaktualizowaniu danych kliknij ikon\u0119, aby upewni\u0107 si\u0119, \u017ce nowe informacje zosta\u0142y zapisane.<\/p>\n\n<figure class=\"wp-block-image size-full is-resized\"><img loading=\"lazy\" decoding=\"async\" src=\"https:\/\/www.qly.docs.pay.sibs.com\/wp-content\/uploads\/2023\/06\/Webhooks-Picture11.png\" alt=\"\" class=\"wp-image-3699\" style=\"width:678px;height:288px\" width=\"678\" height=\"288\" srcset=\"https:\/\/www.qly.docs.pay.sibs.com\/wp-content\/uploads\/2023\/06\/Webhooks-Picture11.png 624w, https:\/\/www.qly.docs.pay.sibs.com\/wp-content\/uploads\/2023\/06\/Webhooks-Picture11-300x127.png 300w\" sizes=\"auto, (max-width: 678px) 100vw, 678px\" \/><\/figure>\n","protected":false},"excerpt":{"rendered":"<p>Skorzystaj z SIBS Backoffice, aby utworzy\u0107 webhook i by\u0107 na bie\u017c\u0105co z p\u0142atno\u015bciami. Post\u0119puj zgodnie z kolejnymi krokami i wybierz odpowiednie opcje, kt\u00f3re odpowiadaj\u0105 \u017c\u0105danym aktualizacjom. Aby skorzysta\u0107 z tej funkcji, mo\u017cna \u0142atwo skonfigurowa\u0107 webhook do otrzymywania powiadomie\u0144 o zdarzeniach na koncie. Pozwoli Ci to by\u0107 na bie\u017c\u0105co i podejmowa\u0107 odpowiednie dzia\u0142ania w razie potrzeby. [&hellip;]<\/p>\n","protected":false},"author":2,"featured_media":0,"parent":10428,"menu_order":0,"comment_status":"closed","ping_status":"closed","template":"","meta":{"_acf_changed":false,"_eb_attr":"","footnotes":""},"class_list":["post-10434","page","type-page","status-publish","hentry","has-post-title","has-post-date","has-post-category","has-post-tag","has-post-comment","has-post-author",""],"acf":[],"builder_content":"","_links":{"self":[{"href":"https:\/\/www.qly.docs.pay.sibs.com\/pl\/wp-json\/wp\/v2\/pages\/10434","targetHints":{"allow":["GET"]}}],"collection":[{"href":"https:\/\/www.qly.docs.pay.sibs.com\/pl\/wp-json\/wp\/v2\/pages"}],"about":[{"href":"https:\/\/www.qly.docs.pay.sibs.com\/pl\/wp-json\/wp\/v2\/types\/page"}],"author":[{"embeddable":true,"href":"https:\/\/www.qly.docs.pay.sibs.com\/pl\/wp-json\/wp\/v2\/users\/2"}],"replies":[{"embeddable":true,"href":"https:\/\/www.qly.docs.pay.sibs.com\/pl\/wp-json\/wp\/v2\/comments?post=10434"}],"version-history":[{"count":1,"href":"https:\/\/www.qly.docs.pay.sibs.com\/pl\/wp-json\/wp\/v2\/pages\/10434\/revisions"}],"predecessor-version":[{"id":10435,"href":"https:\/\/www.qly.docs.pay.sibs.com\/pl\/wp-json\/wp\/v2\/pages\/10434\/revisions\/10435"}],"up":[{"embeddable":true,"href":"https:\/\/www.qly.docs.pay.sibs.com\/pl\/wp-json\/wp\/v2\/pages\/10428"}],"wp:attachment":[{"href":"https:\/\/www.qly.docs.pay.sibs.com\/pl\/wp-json\/wp\/v2\/media?parent=10434"}],"curies":[{"name":"wp","href":"https:\/\/api.w.org\/{rel}","templated":true}]}}