{"id":10432,"date":"2023-06-22T15:34:56","date_gmt":"2023-06-22T15:34:56","guid":{"rendered":"https:\/\/www.qly.docs.pay.sibs.com\/raportowanie\/"},"modified":"2024-03-19T08:33:30","modified_gmt":"2024-03-19T08:33:30","slug":"raportowanie","status":"publish","type":"page","link":"https:\/\/www.qly.docs.pay.sibs.com\/pl\/sibs-gateway-dokumentacja\/sibs-backoffice\/raportowanie\/","title":{"rendered":"Raportowanie"},"content":{"rendered":"<!-- wp:themify-builder\/canvas \/-->\n<p>Ta funkcja wy\u015bwietla list\u0119 wszystkich plik\u00f3w \u017c\u0105danych przez Sprzedawc\u0119. Mo\u017cesz wyszuka\u0107 konkretny plik, korzystaj\u0105c z dowolnych dost\u0119pnych kryteri\u00f3w wyszukiwania.<\/p>\n\n<p>Aby pobra\u0107 plik na komputer lokalny, wystarczy klikn\u0105\u0107 menu po prawej stronie archiwum i wybra\u0107 opcj\u0119 \u201ePobierz plik\u201d. Pliki s\u0105 dost\u0119pne w kilku formatach, w tym JPEG, PNG, GIF, ZIP, PDF, DOC i XLS.<\/p>\n\n<h3 class=\"wp-block-heading\">Eksportuj dane<\/h3>\n\n<p>W kilku podmenu dost\u0119pna jest opcja Eksportu danych. Po naci\u015bni\u0119ciu przycisku \u201eEksportuj\u201d pobierany jest plik .CSV z danymi aktualnie za\u0142adowanymi na stron\u0119. Proces ten mo\u017cna powtarza\u0107 tyle razy, ile potrzeba, aby mie\u0107 pewno\u015b\u0107, \u017ce wszystkie wymagane dane znajd\u0105 si\u0119 w wyeksportowanym pliku CSV.<\/p>\n\n<p>Wyeksportowany plik CSV b\u0119dzie zawiera\u0142 kolumny danych wymienione poni\u017cej.<\/p>\n\n<figure class=\"wp-block-table\"><table><thead><tr><th>Kolumna<\/th><\/tr><\/thead><tbody><tr><td>SIE\u0106 AKCEPTACJI<\/td><\/tr><tr><td>NABYWCA<\/td><\/tr><tr><td>ALIAS<\/td><\/tr><tr><td>KWOTA<\/td><\/tr><tr><td>IDENTYFIKATOR AUTORYZACJI<\/td><\/tr><tr><td>ADRES ROZLICZENIOWY<\/td><\/tr><tr><td>MIASTO ROZLICZENIOWE<\/td><\/tr><tr><td>NAZWA KLIENTA ROZLICZENIOWEGO<\/td><\/tr><tr><td>KOD POCZTOWY DO ROZLICZE\u0143<\/td><\/tr><tr><td>NIP ROZLICZENIOWY<\/td><\/tr><tr><td>KOD KRAJU KARTY<\/td><\/tr><tr><td>UWIERZYTELNIANIE POSIADACZA KARTY<\/td><\/tr><tr><td>NUMER KARTY<\/td><\/tr><tr><td>SCHEMAT KART<\/td><\/tr><tr><td>KANA\u0141<\/td><\/tr><tr><td>TELEFON KLIENTA<\/td><\/tr><tr><td>KOD WALUTY<\/td><\/tr><tr><td>TRYB WPROWADZANIA DANYCH<\/td><\/tr><tr><td>DATA<\/td><\/tr><tr><td>PRZYCZYNA B\u0141\u0118DU<\/td><\/tr><tr><td>UNIKALNY KLUCZ US\u0141UGI ZEWN\u0118TRZNEJ<\/td><\/tr><tr><td>ZEWN\u0118TRZNY UNIKALNY KLUCZ<\/td><\/tr><tr><td>OPIS PRODUKTU FINANSOWEGO<\/td><\/tr><tr><td>ID<\/td><\/tr><tr><td>PO\u0141\u0104CZONY KLUCZ TRANSAKCJI<\/td><\/tr><tr><td>SPRZEDAWCA<\/td><\/tr><tr><td>Identyfikator operacji handlowej<\/td><\/tr><tr><td>NUMER OKRESU WIADOMO\u015aCI<\/td><\/tr><tr><td>METODA UWIERZYTELNIANIA ONLINE<\/td><\/tr><tr><td>OPERACJA<\/td><\/tr><tr><td>E-MAIL OPERATORA<\/td><\/tr><tr><td>ORYGINALNY KLUCZ TRANSAKCJI POWI\u0104ZANEJ<\/td><\/tr><tr><td>KOD PODMIOTU P\u0141ATNEGO<\/td><\/tr><tr><td>KOD REFERENCYJNY PODMIOTU P\u0141ATNO\u015aCI<\/td><\/tr><tr><td>METODA P\u0141ATNO\u015aCI<\/td><\/tr><tr><td>W\u0141A\u015aCICIEL P\u0141ATNO\u015aCI<\/td><\/tr><tr><td>FLAGA W\u0141A\u015aCICIELA P\u0141ATNO\u015aCI<\/td><\/tr><tr><td>TYP P\u0141ATNO\u015aCI<\/td><\/tr><tr><td>POCHODZENIE ODNIESIENIA<\/td><\/tr><tr><td>ADRES WYSY\u0141KI<\/td><\/tr><tr><td>MIASTO WYSY\u0141KI<\/td><\/tr><tr><td>KOD KRAJU WYSY\u0141KI<\/td><\/tr><tr><td>KOD POCZTOWY WYSY\u0141KI<\/td><\/tr><tr><td>SKLEP<\/td><\/tr><tr><td>MARKA TERMINALU<\/td><\/tr><tr><td>KOD TERMINALU<\/td><\/tr><tr><td>DATA TERMINALU<\/td><\/tr><tr><td>TYP TERMINALU<\/td><\/tr><tr><td>TRANSAKCJA ODWR\u00d3CONA<\/td><\/tr><tr><td>TSE<\/td><\/tr><\/tbody><\/table><\/figure>\n","protected":false},"excerpt":{"rendered":"<p>Ta funkcja wy\u015bwietla list\u0119 wszystkich plik\u00f3w \u017c\u0105danych przez Sprzedawc\u0119. Mo\u017cesz wyszuka\u0107 konkretny plik, korzystaj\u0105c z dowolnych dost\u0119pnych kryteri\u00f3w wyszukiwania. Aby pobra\u0107 plik na komputer lokalny, wystarczy klikn\u0105\u0107 menu po prawej stronie archiwum i wybra\u0107 opcj\u0119 \u201ePobierz plik\u201d. Pliki s\u0105 dost\u0119pne w kilku formatach, w tym JPEG, PNG, GIF, ZIP, PDF, DOC i XLS. Eksportuj dane [&hellip;]<\/p>\n","protected":false},"author":3,"featured_media":0,"parent":10440,"menu_order":6,"comment_status":"closed","ping_status":"closed","template":"","meta":{"_acf_changed":false,"_eb_attr":"","footnotes":""},"class_list":["post-10432","page","type-page","status-publish","hentry","has-post-title","has-post-date","has-post-category","has-post-tag","has-post-comment","has-post-author",""],"acf":[],"builder_content":"","_links":{"self":[{"href":"https:\/\/www.qly.docs.pay.sibs.com\/pl\/wp-json\/wp\/v2\/pages\/10432","targetHints":{"allow":["GET"]}}],"collection":[{"href":"https:\/\/www.qly.docs.pay.sibs.com\/pl\/wp-json\/wp\/v2\/pages"}],"about":[{"href":"https:\/\/www.qly.docs.pay.sibs.com\/pl\/wp-json\/wp\/v2\/types\/page"}],"author":[{"embeddable":true,"href":"https:\/\/www.qly.docs.pay.sibs.com\/pl\/wp-json\/wp\/v2\/users\/3"}],"replies":[{"embeddable":true,"href":"https:\/\/www.qly.docs.pay.sibs.com\/pl\/wp-json\/wp\/v2\/comments?post=10432"}],"version-history":[{"count":1,"href":"https:\/\/www.qly.docs.pay.sibs.com\/pl\/wp-json\/wp\/v2\/pages\/10432\/revisions"}],"predecessor-version":[{"id":10433,"href":"https:\/\/www.qly.docs.pay.sibs.com\/pl\/wp-json\/wp\/v2\/pages\/10432\/revisions\/10433"}],"up":[{"embeddable":true,"href":"https:\/\/www.qly.docs.pay.sibs.com\/pl\/wp-json\/wp\/v2\/pages\/10440"}],"wp:attachment":[{"href":"https:\/\/www.qly.docs.pay.sibs.com\/pl\/wp-json\/wp\/v2\/media?parent=10432"}],"curies":[{"name":"wp","href":"https:\/\/api.w.org\/{rel}","templated":true}]}}