{"id":10430,"date":"2023-06-22T15:48:53","date_gmt":"2023-06-22T15:48:53","guid":{"rendered":"https:\/\/www.qly.docs.pay.sibs.com\/punkty-koncowe\/"},"modified":"2026-03-09T17:08:04","modified_gmt":"2026-03-09T17:08:04","slug":"punkty-koncowe","status":"publish","type":"page","link":"https:\/\/www.qly.docs.pay.sibs.com\/pl\/sibs-gateway-dokumentacja\/zasoby-dla-programistow\/punkty-koncowe\/","title":{"rendered":"Punkty ko\u0144cowe"},"content":{"rendered":"<!-- wp:themify-builder\/canvas \/-->\n\n\n<p>Poni\u017csza tabela przedstawia dost\u0119pne <mark style=\"background-color:#e9e9f5\" class=\"has-inline-color\">{API Host}<\/mark>.<\/p>\n\n\n\n<figure class=\"wp-block-table\"><table><thead><tr><th><strong>\u015arodowisko testowe<\/strong><\/th><th><strong>PROD (na \u017cywo) \u015arodowisko<\/strong><\/th><\/tr><\/thead><tbody><tr><td>stargate.qly.site1.sibs.pt<\/td><td>api.sibsgateway.com<\/td><\/tr><\/tbody><\/table><\/figure>\n\n\n\n<p>W wykorzystaniu informacji zapoznaj si\u0119 z poni\u017csz\u0105 struktur\u0105 punktu ko\u0144cowego.<\/p>\n\n\n\n<p>Powiniene\u015b zast\u0105pi\u0107 symbol zast\u0119pczy <mark style=\"background-color:#e9e9f5\" class=\"has-inline-color\">{API Host}<\/mark> \u017c\u0105danym \u015brodowiskiem, kt\u00f3rego chcesz u\u017cywa\u0107.<\/p>\n\n\n\n<figure class=\"wp-block-table\"><table><tbody><tr><td><strong>Og\u00f3lny punkt ko\u0144cowy<\/strong><br>Kasa<\/td><td>https:\/\/{API Host}\/api\/v1\/payments<\/td><\/tr><tr><td><strong>Og\u00f3lny punkt ko\u0144cowy<\/strong><br>Sprawd\u017a status<\/td><td>https:\/\/{API Host}\/api\/v1\/payments\/:transactionId\/status<\/td><\/tr><tr><td><strong>Punkt ko\u0144cowy kart<\/strong><br>Zakup kart\u0105<\/td><td>https:\/\/{API Host}\/api\/v1\/payments\/:transactionId\/card\/purchase <\/td><\/tr><tr><td><strong>Punkt ko\u0144cowy kart<\/strong><br>Token Karty<\/td><td>https:\/\/{API Host}\/api\/v1\/payments\/:transactionId\/token\/purchase<\/td><\/tr><tr><td><strong>Punkt ko\u0144cowy kart<\/strong><br>Karta powtarzalna<\/td><td>https:\/\/{API Host}\/api\/v1\/payments\/:transactionId\/recurring<\/td><\/tr><tr><td><strong>Punkt ko\u0144cowy kart<\/strong><br>Przechwytywanie karty<\/td><td>https:\/\/{API Host}\/api\/v1\/payments\/:transactionID\/capture<\/td><\/tr><tr><td><strong>Punkt ko\u0144cowy kart<\/strong><br>Anulowanie karty<\/td><td>https:\/\/{API Host}\/api\/v1\/payments\/:transactionID\/cancellation<\/td><\/tr><tr><td><strong>Punkt ko\u0144cowy BLIKA<\/strong><br>Przechwytywanie karty<\/td><td>https:\/\/{API Host}\/api\/v1\/payments\/:transactionId\/blik\/purchase<\/td><\/tr><tr><td><strong>Punkt ko\u0144cowy PayByLink<\/strong><br>Uzyskaj kana\u0142 p\u0142atno\u015bci<\/td><td>https:\/\/{API Host}\/api\/v2\/paymentChannels<\/td><\/tr><tr><td><strong>Punkt ko\u0144cowy PayByLink<\/strong><br>Uzyskaj link do p\u0142atno\u015bci<\/td><td>https:\/\/{API Host}\/v2\/payments\/:transactionId\/pbl\/payment-link<\/td><\/tr><tr><td><strong>Punkt ko\u0144cowy Apple Pay<\/strong><br>\u017b\u0105danie zap\u0142aty<\/td><td>https:\/\/{API Host}\/api\/v1\/payments\/:transactionId \/xpay\/payment<\/td><\/tr><tr><td><strong>Punkt ko\u0144cowy Google Pay<\/strong><br>\u017b\u0105danie zap\u0142aty<\/td><td>https:\/\/{API Host}\/api\/v1\/payments\/:transactionId \/xpay\/payment<\/td><\/tr><\/tbody><\/table><\/figure>\n","protected":false},"excerpt":{"rendered":"<p>Poni\u017csza tabela przedstawia dost\u0119pne {API Host}. \u015arodowisko testowe PROD (na \u017cywo) \u015arodowisko stargate.qly.site1.sibs.pt api.sibsgateway.com W wykorzystaniu informacji zapoznaj si\u0119 z poni\u017csz\u0105 struktur\u0105 punktu ko\u0144cowego. Powiniene\u015b zast\u0105pi\u0107 symbol zast\u0119pczy {API Host} \u017c\u0105danym \u015brodowiskiem, kt\u00f3rego chcesz u\u017cywa\u0107. Og\u00f3lny punkt ko\u0144cowyKasa https:\/\/{API Host}\/api\/v1\/payments Og\u00f3lny punkt ko\u0144cowySprawd\u017a status https:\/\/{API Host}\/api\/v1\/payments\/:transactionId\/status Punkt ko\u0144cowy kartZakup kart\u0105 https:\/\/{API Host}\/api\/v1\/payments\/:transactionId\/card\/purchase Punkt ko\u0144cowy kartToken [&hellip;]<\/p>\n","protected":false},"author":3,"featured_media":0,"parent":10544,"menu_order":1,"comment_status":"closed","ping_status":"closed","template":"","meta":{"_acf_changed":false,"_eb_attr":"","footnotes":""},"class_list":["post-10430","page","type-page","status-publish","hentry","has-post-title","has-post-date","has-post-category","has-post-tag","has-post-comment","has-post-author",""],"acf":[],"builder_content":"","_links":{"self":[{"href":"https:\/\/www.qly.docs.pay.sibs.com\/pl\/wp-json\/wp\/v2\/pages\/10430","targetHints":{"allow":["GET"]}}],"collection":[{"href":"https:\/\/www.qly.docs.pay.sibs.com\/pl\/wp-json\/wp\/v2\/pages"}],"about":[{"href":"https:\/\/www.qly.docs.pay.sibs.com\/pl\/wp-json\/wp\/v2\/types\/page"}],"author":[{"embeddable":true,"href":"https:\/\/www.qly.docs.pay.sibs.com\/pl\/wp-json\/wp\/v2\/users\/3"}],"replies":[{"embeddable":true,"href":"https:\/\/www.qly.docs.pay.sibs.com\/pl\/wp-json\/wp\/v2\/comments?post=10430"}],"version-history":[{"count":2,"href":"https:\/\/www.qly.docs.pay.sibs.com\/pl\/wp-json\/wp\/v2\/pages\/10430\/revisions"}],"predecessor-version":[{"id":27834,"href":"https:\/\/www.qly.docs.pay.sibs.com\/pl\/wp-json\/wp\/v2\/pages\/10430\/revisions\/27834"}],"up":[{"embeddable":true,"href":"https:\/\/www.qly.docs.pay.sibs.com\/pl\/wp-json\/wp\/v2\/pages\/10544"}],"wp:attachment":[{"href":"https:\/\/www.qly.docs.pay.sibs.com\/pl\/wp-json\/wp\/v2\/media?parent=10430"}],"curies":[{"name":"wp","href":"https:\/\/api.w.org\/{rel}","templated":true}]}}