{"id":10376,"date":"2023-06-22T15:32:17","date_gmt":"2023-06-22T15:32:17","guid":{"rendered":"https:\/\/www.qly.docs.pay.sibs.com\/powiadomienia\/"},"modified":"2024-03-14T15:31:58","modified_gmt":"2024-03-14T15:31:58","slug":"powiadomienia","status":"publish","type":"page","link":"https:\/\/www.qly.docs.pay.sibs.com\/pl\/sibs-gateway-dokumentacja\/powiadomienia\/","title":{"rendered":"Powiadomienia"},"content":{"rendered":"<!-- wp:themify-builder\/canvas \/-->\n<p>Oferujemy solidne rozwi\u0105zanie, kt\u00f3re zapewnia powiadomienia w czasie rzeczywistym lub webhooki dla okre\u015blonych zdarze\u0144, zapewniaj\u0105c, \u017ce b\u0119dziesz na bie\u017c\u0105co informowany o zmianach w statusie p\u0142atno\u015bci transakcji.<\/p>\n\n<p>Konfiguruj\u0105c powiadomienia o zdarzeniach, nasza platforma wysy\u0142a odpowiedzi API (FULL CODE) do punktu ko\u0144cowego. Dla p\u0142ynnej integracji z asynchroniczn\u0105 komunikacj\u0105 w chmurze, te powiadomienia o zdarzeniach s\u0105 niezb\u0119dne.<\/p>\n\n<p>Ponadto mo\u017cna skorzysta\u0107 z wiadomo\u015bci wychodz\u0105cych, kt\u00f3re s\u0105 generowane i wysy\u0142ane za ka\u017cdym razem, gdy wykonywane s\u0105 transakcje lub aktualizacje na koncie SIBS Backoffice.<a href=\"https:\/\/www.qly.docs.pay.sibs.com\/notifications\/webhooks\/\"><\/a><\/p>\n\n<div id=\"link-cards-block_e7641072f883ca48adae34526e010b67\" class=\"block-link-cards\">\n            <div class=\"row\">\n                                                <div class=\"link-card-col\">\n                        <p>Link inv\u00e1lido ou incompleto.<\/p>\n                    <\/div>\n                                    <\/div>\n    <\/div>\n\n<script>\ndocument.addEventListener('DOMContentLoaded', function() {\n    \/\/ Get all the rows of link cards\n    var rows = document.querySelectorAll('.block-link-cards .row');\n\n    \/\/ Loop through each row\n    rows.forEach(function(row) {\n        \/\/ Get all the link cards in the row\n        var linkCards = row.querySelectorAll('.link-card-col');\n\n        \/\/ Find the tallest card height in the row\n        var tallestCardHeight = 0;\n        linkCards.forEach(function(card) {\n            card.style.height = ''; \/\/ Reset the height to auto\n            var cardHeight = card.offsetHeight;\n            if (cardHeight > tallestCardHeight) {\n                tallestCardHeight = cardHeight;\n            }\n        });\n\n        \/\/ Set the height of all link cards in the row to the tallest card height\n        linkCards.forEach(function(card) {\n            card.style.height = tallestCardHeight + 'px';\n        });\n    });\n});\n<\/script>\n\n","protected":false},"excerpt":{"rendered":"<p>Oferujemy solidne rozwi\u0105zanie, kt\u00f3re zapewnia powiadomienia w czasie rzeczywistym lub webhooki dla okre\u015blonych zdarze\u0144, zapewniaj\u0105c, \u017ce b\u0119dziesz na bie\u017c\u0105co informowany o zmianach w statusie p\u0142atno\u015bci transakcji. Konfiguruj\u0105c powiadomienia o zdarzeniach, nasza platforma wysy\u0142a odpowiedzi API (FULL CODE) do punktu ko\u0144cowego. Dla p\u0142ynnej integracji z asynchroniczn\u0105 komunikacj\u0105 w chmurze, te powiadomienia o zdarzeniach s\u0105 niezb\u0119dne. Ponadto [&hellip;]<\/p>\n","protected":false},"author":3,"featured_media":0,"parent":9923,"menu_order":10,"comment_status":"closed","ping_status":"closed","template":"","meta":{"_acf_changed":false,"_eb_attr":"","footnotes":""},"class_list":["post-10376","page","type-page","status-publish","hentry","has-post-title","has-post-date","has-post-category","has-post-tag","has-post-comment","has-post-author",""],"acf":[],"builder_content":"","_links":{"self":[{"href":"https:\/\/www.qly.docs.pay.sibs.com\/pl\/wp-json\/wp\/v2\/pages\/10376","targetHints":{"allow":["GET"]}}],"collection":[{"href":"https:\/\/www.qly.docs.pay.sibs.com\/pl\/wp-json\/wp\/v2\/pages"}],"about":[{"href":"https:\/\/www.qly.docs.pay.sibs.com\/pl\/wp-json\/wp\/v2\/types\/page"}],"author":[{"embeddable":true,"href":"https:\/\/www.qly.docs.pay.sibs.com\/pl\/wp-json\/wp\/v2\/users\/3"}],"replies":[{"embeddable":true,"href":"https:\/\/www.qly.docs.pay.sibs.com\/pl\/wp-json\/wp\/v2\/comments?post=10376"}],"version-history":[{"count":3,"href":"https:\/\/www.qly.docs.pay.sibs.com\/pl\/wp-json\/wp\/v2\/pages\/10376\/revisions"}],"predecessor-version":[{"id":10389,"href":"https:\/\/www.qly.docs.pay.sibs.com\/pl\/wp-json\/wp\/v2\/pages\/10376\/revisions\/10389"}],"up":[{"embeddable":true,"href":"https:\/\/www.qly.docs.pay.sibs.com\/pl\/wp-json\/wp\/v2\/pages\/9923"}],"wp:attachment":[{"href":"https:\/\/www.qly.docs.pay.sibs.com\/pl\/wp-json\/wp\/v2\/media?parent=10376"}],"curies":[{"name":"wp","href":"https:\/\/api.w.org\/{rel}","templated":true}]}}