{"id":10349,"date":"2023-06-01T10:35:31","date_gmt":"2023-06-01T10:35:31","guid":{"rendered":"https:\/\/www.qly.docs.pay.sibs.com\/integrations\/api\/"},"modified":"2024-03-14T15:24:39","modified_gmt":"2024-03-14T15:24:39","slug":"api","status":"publish","type":"page","link":"https:\/\/www.qly.docs.pay.sibs.com\/pl\/sibs-gateway-dokumentacja\/integracje\/api\/","title":{"rendered":"API"},"content":{"rendered":"<!-- wp:themify-builder\/canvas \/-->\n<p>Integracja serwer-serwer z nasz\u0105 bramk\u0105 p\u0142atno\u015bci umo\u017cliwia bezpieczne przetwarzanie p\u0142atno\u015bci z poziomu witryny lub aplikacji, bez konieczno\u015bci przekierowywania klient\u00f3w na osobn\u0105 stron\u0119 p\u0142atno\u015bci. Prowadzi to do p\u0142ynnej realizacji transakcji dla klient\u00f3w, co mo\u017ce skutkowa\u0107 wy\u017cszymi wsp\u00f3\u0142czynnikami konwersji i zwi\u0119kszonymi przychodami dla Twojej firmy.<\/p>\n\n<p>Dzi\u0119ki naszemu rozwi\u0105zaniu Full API (FULL CODE) masz dwie opcje akceptowania p\u0142atno\u015bci kart\u0105:<\/p>\n\n<ul class=\"wp-block-list\">\n<li>Skorzystaj z naszego niestandardowego <a href=\"https:\/\/www.qly.docs.pay.sibs.com\/pl\/integrations\/payment-form\/\" data-type=\"page\" data-id=\"1023\">formularza p\u0142atno\u015bci<\/a> aby bezpiecznie zaszyfrowa\u0107 dane karty. Pomaga to zapewni\u0107 zgodno\u015b\u0107 z PCI.<\/li>\n\n\n\n<li>Zbieranie i przekazywanie nieprzetworzonych danych kart. Wymaga to oceny <strong>zgodno\u015bci z PCI<\/strong>.<\/li>\n<\/ul>\n\n<style type=\"text\/css\">\n\t#message-box-block_eca5205358afb2ca615c3c4f42916d04 {\n\t\t\/* Add styles that use ACF values here *\/\n\t}\n<\/style>\n\n<div id=\"message-box-block_eca5205358afb2ca615c3c4f42916d04\" class=\"block-message-box\">\n\t\t\t\t\t\t\t\t\t<\/div>\n<h3 class=\"wp-block-heading\">Korzy\u015bci<\/h3>\n\n<p>Integracja serwer-serwer oferuje kilka kluczowych korzy\u015bci dla firm, kt\u00f3re chc\u0105 usprawni\u0107 proces realizacji transakcji i poprawi\u0107 og\u00f3ln\u0105 obs\u0142ug\u0119 p\u0142atno\u015bci:<\/p>\n\n<style type=\"text\/css\">\n\t#message-box-block_563a60544aac952f961c827096b601ab {\n\t\t\/* Add styles that use ACF values here *\/\n\t}\n<\/style>\n\n<div id=\"message-box-block_563a60544aac952f961c827096b601ab\" class=\"block-message-box\">\n\t\t\t\t\t\t\t\t\t<\/div>\n<h3 class=\"wp-block-heading\">Jak to dzia\u0142a<\/h3>\n\n<figure class=\"wp-block-image alignwide size-full is-style-default\"><img loading=\"lazy\" decoding=\"async\" width=\"1408\" height=\"2642\" src=\"https:\/\/www.qly.docs.pay.sibs.com\/wp-content\/uploads\/2023\/07\/api_scheme-2x.png\" alt=\"\" class=\"wp-image-5374\" srcset=\"https:\/\/www.qly.docs.pay.sibs.com\/wp-content\/uploads\/2023\/07\/api_scheme-2x.png 1408w, https:\/\/www.qly.docs.pay.sibs.com\/wp-content\/uploads\/2023\/07\/api_scheme-2x-160x300.png 160w, https:\/\/www.qly.docs.pay.sibs.com\/wp-content\/uploads\/2023\/07\/api_scheme-2x-768x1441.png 768w, https:\/\/www.qly.docs.pay.sibs.com\/wp-content\/uploads\/2023\/07\/api_scheme-2x-546x1024.png 546w, https:\/\/www.qly.docs.pay.sibs.com\/wp-content\/uploads\/2023\/07\/api_scheme-2x-819x1536.png 819w, https:\/\/www.qly.docs.pay.sibs.com\/wp-content\/uploads\/2023\/07\/api_scheme-2x-1091x2048.png 1091w\" sizes=\"auto, (max-width: 1408px) 100vw, 1408px\" \/><\/figure>\n\n<h3 class=\"wp-block-heading\">Jak to zrobi\u0107<\/h3>\n\n<p>Ten przewodnik opisuje pe\u0142n\u0105 integracj\u0119 API (FULL CODE) i implementacj\u0119 \u015brodowiska klienta, kt\u00f3r\u0105 nale\u017cy zbudowa\u0107, aby rozpocz\u0105\u0107 przyjmowanie p\u0142atno\u015bci za po\u015brednictwem naszego rozwi\u0105zania API (FULL CODE).<\/p>\n\n<ol class=\"wp-block-list\">\n<li><a href=\"https:\/\/www.qly.docs.pay.sibs.com\/pl\/integrations\/api\/integration-guide\/#create-an-order\" data-type=\"URL\" data-id=\"https:\/\/www.qly.docs.pay.sibs.com\/integrations\/api\/integration-guide\/#create-an-order\">Utw\u00f3rz zam\u00f3wienie<\/a> i wy\u015blij zapytanie z serwera, wywo\u0142uj\u0105c dost\u0119pne Punkty ko\u0144cowe (Endpoints).<\/li>\n\n\n\n<li><a href=\"https:\/\/www.qly.docs.pay.sibs.com\/pl\/integrations\/api\/integration-guide\/#get-the-response\" data-type=\"URL\" data-id=\"https:\/\/www.qly.docs.pay.sibs.com\/integrations\/api\/integration-guide\/#get-the-response\">Uzyskaj oczekiwan\u0105 odpowied\u017a<\/a> po utworzeniu zam\u00f3wienia.<\/li>\n\n\n\n<li><a href=\"https:\/\/www.qly.docs.pay.sibs.com\/pl\/integrations\/api\/integration-guide\/#make-a-payment\" data-type=\"URL\" data-id=\"https:\/\/www.qly.docs.pay.sibs.com\/integrations\/api\/integration-guide\/#make-a-payment\">Stw\u00f3rz zapytanie o p\u0142atno\u015b\u0107<\/a>, korzystaj\u0105c z danych zebranych od kupuj\u0105cego.<\/li>\n\n\n\n<li><a href=\"https:\/\/www.qly.docs.pay.sibs.com\/pl\/metody-platnosci\/karty\/#get-payment-status\" data-type=\"URL\" data-id=\"https:\/\/www.qly.docs.pay.sibs.com\/payment-methods\/cards\/#get-payment-status\">Uzyskaj status p\u0142atno\u015bci<\/a>. Sprawd\u017a odpowied\u017a zapytanie na p\u0142atno\u015b\u0107, aby zarz\u0105dza\u0107 zachowaniem witryny.<\/li>\n<\/ol>\n\n<p>Ponadto podczas tworzenia zam\u00f3wienia mo\u017cna poda\u0107 <a href=\"https:\/\/www.qly.docs.pay.sibs.com\/pl\/funkcjonalnosci-platnosci-online\/\" data-type=\"URL\" data-id=\"https:\/\/www.qly.docs.pay.sibs.com\/online-payment-features\/\">dodatkowe szczeg\u00f3\u0142y p\u0142atno\u015bci<\/a> kt\u00f3re zapewni\u0105 niezawodn\u0105, bezpieczn\u0105 i bezproblemow\u0105 transakcj\u0119, ale tak\u017ce wykona\u0107 inne <a href=\"https:\/\/www.qly.docs.pay.sibs.com\/pl\/rodzaje-transakcji\/\" data-type=\"URL\" data-id=\"https:\/\/www.qly.docs.pay.sibs.com\/transaction-types\/\">rodzaje transakcji<\/a>. <\/p>\n\n<h3 class=\"wp-block-heading\">Przed rozpocz\u0119ciem<\/h3>\n\n<p>Przed rozpocz\u0119ciem korzystania z naszej bramki p\u0142atno\u015bci nale\u017cy wykona\u0107 kilka krok\u00f3w:<\/p>\n\n<style type=\"text\/css\">\n\t#bullet-list-blue-block_b143287c15ee7e8504212954316437a0 {\n\t\t\/* Add styles that use ACF values here *\/\n\t}\n\n\t#bullet-list-blue-block_b143287c15ee7e8504212954316437a0 ul {\n\t\tlist-style-type: none;\n\t\tpadding-left: 0;\n\t\tmargin-top: 30px;\n\t}\n\n\t#bullet-list-blue-block_b143287c15ee7e8504212954316437a0 ul li {\n\t\tdisplay: flex;\n\t\talign-items: flex-start;\n\t\tmargin-bottom: 8px;\n\t\tposition: relative;\n\t}\n\n\t#bullet-list-blue-block_b143287c15ee7e8504212954316437a0 ul li::before {\n\t\tcontent: \"\\2022\";\n\t\tfont-size: 100px;\n\t\tdisplay: inline-block;\n\t\tcolor: #BDDCFF;\n\t\tmargin-right: 8px;\n\t\tmargin-top: -7px;\n\t\tmargin-bottom: 0;\n\t\tmargin-left: -30px;\n\t}\n\n\t#bullet-list-blue-block_b143287c15ee7e8504212954316437a0 ul li span {\n\t\tdisplay: inline-block;\n\t\tvertical-align: top;\n\t}\n\n\t#bullet-list-blue-block_b143287c15ee7e8504212954316437a0 ul li:not(:last-child)::after {\n\t\tcontent: \"\";\n\t\tposition: absolute;\n\t\ttop: 17px;\n\t\tleft: -16px;\n\t\tborder-left: 1px solid #BDDCFF;\n\t\theight: 100%;\n\t}\n<\/style>\n\n<div id=\"bullet-list-blue-block_b143287c15ee7e8504212954316437a0\" class=\"block-bullet-list-blue\">\n\t<ul>\n\t\t\t\t\t\t\t\t\t<li><p>Musisz zarejestrowa\u0107 si\u0119 lub porozmawia\u0107 ze swoim Opiekuna Klienta i przej\u015b\u0107 przez nasz proces wdra\u017cania<\/p>\n<\/li>\n\t\t\t\t\t\t\t<li><p>Po zako\u0144czeniu tego procesu otrzymasz swoje dane uwierzytelniaj\u0105ce.<\/p>\n<\/li>\n\t\t\t\t\t\t\t<li><p>Po uzyskaniu danych, mo\u017cna rozpocz\u0105\u0107 proces integracji.<\/p>\n<\/li>\n\t\t\t\t\t\t<\/ul>\n<\/div>\n\n<style type=\"text\/css\">\n\t#message-box-block_f37a41f1c963e233f5431d184942835a {\n\t\t\/* Add styles that use ACF values here *\/\n\t}\n<\/style>\n\n<div id=\"message-box-block_f37a41f1c963e233f5431d184942835a\" class=\"block-message-box\">\n\t\t\t\t\t\t\t\t\t<\/div>","protected":false},"excerpt":{"rendered":"<p>Integracja serwer-serwer z nasz\u0105 bramk\u0105 p\u0142atno\u015bci umo\u017cliwia bezpieczne przetwarzanie p\u0142atno\u015bci z poziomu witryny lub aplikacji, bez konieczno\u015bci przekierowywania klient\u00f3w na osobn\u0105 stron\u0119 p\u0142atno\u015bci. Prowadzi to do p\u0142ynnej realizacji transakcji dla klient\u00f3w, co mo\u017ce skutkowa\u0107 wy\u017cszymi wsp\u00f3\u0142czynnikami konwersji i zwi\u0119kszonymi przychodami dla Twojej firmy. Dzi\u0119ki naszemu rozwi\u0105zaniu Full API (FULL CODE) masz dwie opcje akceptowania p\u0142atno\u015bci [&hellip;]<\/p>\n","protected":false},"author":1,"featured_media":0,"parent":9922,"menu_order":0,"comment_status":"closed","ping_status":"closed","template":"","meta":{"_acf_changed":false,"_eb_attr":"","footnotes":""},"class_list":["post-10349","page","type-page","status-publish","hentry","has-post-title","has-post-date","has-post-category","has-post-tag","has-post-comment","has-post-author",""],"acf":[],"builder_content":"","_links":{"self":[{"href":"https:\/\/www.qly.docs.pay.sibs.com\/pl\/wp-json\/wp\/v2\/pages\/10349","targetHints":{"allow":["GET"]}}],"collection":[{"href":"https:\/\/www.qly.docs.pay.sibs.com\/pl\/wp-json\/wp\/v2\/pages"}],"about":[{"href":"https:\/\/www.qly.docs.pay.sibs.com\/pl\/wp-json\/wp\/v2\/types\/page"}],"author":[{"embeddable":true,"href":"https:\/\/www.qly.docs.pay.sibs.com\/pl\/wp-json\/wp\/v2\/users\/1"}],"replies":[{"embeddable":true,"href":"https:\/\/www.qly.docs.pay.sibs.com\/pl\/wp-json\/wp\/v2\/comments?post=10349"}],"version-history":[{"count":5,"href":"https:\/\/www.qly.docs.pay.sibs.com\/pl\/wp-json\/wp\/v2\/pages\/10349\/revisions"}],"predecessor-version":[{"id":10379,"href":"https:\/\/www.qly.docs.pay.sibs.com\/pl\/wp-json\/wp\/v2\/pages\/10349\/revisions\/10379"}],"up":[{"embeddable":true,"href":"https:\/\/www.qly.docs.pay.sibs.com\/pl\/wp-json\/wp\/v2\/pages\/9922"}],"wp:attachment":[{"href":"https:\/\/www.qly.docs.pay.sibs.com\/pl\/wp-json\/wp\/v2\/media?parent=10349"}],"curies":[{"name":"wp","href":"https:\/\/api.w.org\/{rel}","templated":true}]}}