{"id":10333,"date":"2023-06-14T09:51:54","date_gmt":"2023-06-14T09:51:54","guid":{"rendered":"https:\/\/www.qly.docs.pay.sibs.com\/vterminal\/"},"modified":"2025-10-21T16:30:12","modified_gmt":"2025-10-21T16:30:12","slug":"vterminal","status":"publish","type":"page","link":"https:\/\/www.qly.docs.pay.sibs.com\/pl\/sibs-gateway-dokumentacja\/funkcjonalnosci-platnosci-online\/vterminal\/","title":{"rendered":"vTerminal"},"content":{"rendered":"<!-- wp:themify-builder\/canvas \/-->\n\n\n<p>Funkcja vTerminal dost\u0119pna w SIBS Backoffice to wirtualny terminal, kt\u00f3ry umo\u017cliwia sprzedawcom wygodne przyjmowanie p\u0142atno\u015bci <strong>BLIK<\/strong>.<\/p>\n\n\n\n<h3 class=\"wp-block-heading\">Zanim rozpoczniesz<\/h3>\n\n\n\n<style type=\"text\/css\">\n\t#message-box-block_3c847a4b78f55c2a0aa96b16ada7af3b {\n\t\t\/* Add styles that use ACF values here *\/\n\t}\n<\/style>\n\n<div id=\"message-box-block_3c847a4b78f55c2a0aa96b16ada7af3b\" class=\"block-message-box\">\n\t\t\t\t\t\t\t\t\t\t\n\t\t\t\t\n\t\t\t\t<div class='row notification'>\n\t\t\t\t  <div class='col'>\n\t\t\t\t\t\t<img decoding=\"async\" src=\"https:\/\/www.qly.docs.pay.sibs.com\/wp-content\/themes\/themify-ultra-child\/images\/msg_bell.svg\" alt=\"Notification\">\n\t\t\t\t  <\/div>\n\t\t\t  <div class='col2'>\n\t\t\t\t\t<p><p>Aby zapewni\u0107 nieprzerwane dzia\u0142anie podczas procesu p\u0142atno\u015bci, zaznacz pole \u201eUtrzymuj aktywn\u0105 sesj\u0119\u201d podczas logowania do SIBS Backoffice.<\/p>\n<\/p>\n\t\t\t\t  <\/div>\n\t\t\t\t<\/div>\n\n\t\t\t\t\n\t\t\t\t\n\t\t\t\t\n\t\t\t\t\t\t<\/div>\n\n\n<p>Dzi\u0119ki temu unikniesz automatycznego wylogowania i sesja pozostanie aktywna podczas korzystania z vTerminal.<\/p>\n\n\n\n<figure class=\"wp-block-image size-full is-resized\"><img loading=\"lazy\" decoding=\"async\" width=\"861\" height=\"820\" src=\"https:\/\/www.qly.docs.pay.sibs.com\/wp-content\/uploads\/2025\/10\/loginVterminal-1.png\" alt=\"\" class=\"wp-image-25638\" style=\"width:428px;height:auto\" srcset=\"https:\/\/www.qly.docs.pay.sibs.com\/wp-content\/uploads\/2025\/10\/loginVterminal-1.png 861w, https:\/\/www.qly.docs.pay.sibs.com\/wp-content\/uploads\/2025\/10\/loginVterminal-1-300x286.png 300w, https:\/\/www.qly.docs.pay.sibs.com\/wp-content\/uploads\/2025\/10\/loginVterminal-1-768x731.png 768w\" sizes=\"auto, (max-width: 861px) 100vw, 861px\" \/><\/figure>\n\n\n\n<h3 class=\"wp-block-heading\">Jak to dzia\u0142a<\/h3>\n\n\n\n<p>Funkcj\u0119 t\u0119 znajdziesz jako podmenu w sekcji \u201eSIBS Payment Gateway\u201d.<\/p>\n\n\n\n<h5 class=\"wp-block-heading\">Wyb\u00f3r terminala<\/h5>\n\n\n\n<p>Skorzystaj z paska szybkich filtr\u00f3w , aby wyszuka\u0107 dost\u0119pne terminale wed\u0142ug jednego z poni\u017cszych p\u00f3l:<\/p>\n\n\n\n<figure class=\"wp-block-table\"><table><thead><tr><th>Filtr<\/th><th>Opis<\/th><\/tr><\/thead><tbody><tr><td>POS<\/td><td>Numer terminala<\/td><\/tr><tr><td>Nazwa<\/td><td>Nazwa terminala<\/td><\/tr><tr><td>Status<\/td><td>Status terminala, kt\u00f3ry informuje czy terminal dzia\u0142a<\/td><\/tr><tr><td>Sprzedawca<\/td><td>Nazwa sprzedawcy<\/td><\/tr><tr><td>Sklep<\/td><td>Nazwa sklepu<\/td><\/tr><\/tbody><\/table><\/figure>\n\n\n\n<p>Po odnalezieniu odpowiedniego terminala kliknij ikon\u0119 metody p\u0142atno\u015bci, aby kontynuowa\u0107 \u2013 jak pokazano na obrazie.<\/p>\n\n\n\n<figure class=\"wp-block-image size-large\"><img loading=\"lazy\" decoding=\"async\" width=\"1024\" height=\"535\" src=\"https:\/\/www.qly.docs.pay.sibs.com\/wp-content\/uploads\/2025\/10\/vTerminalPL-1024x535.png\" alt=\"\" class=\"wp-image-25643\" srcset=\"https:\/\/www.qly.docs.pay.sibs.com\/wp-content\/uploads\/2025\/10\/vTerminalPL-1024x535.png 1024w, https:\/\/www.qly.docs.pay.sibs.com\/wp-content\/uploads\/2025\/10\/vTerminalPL-300x157.png 300w, https:\/\/www.qly.docs.pay.sibs.com\/wp-content\/uploads\/2025\/10\/vTerminalPL-768x402.png 768w, https:\/\/www.qly.docs.pay.sibs.com\/wp-content\/uploads\/2025\/10\/vTerminalPL.png 1423w\" sizes=\"auto, (max-width: 1024px) 100vw, 1024px\" \/><\/figure>\n\n\n\n<style type=\"text\/css\">\n\t#message-box-block_e01e1eca5e0d6c97a77d48f00009d296 {\n\t\t\/* Add styles that use ACF values here *\/\n\t}\n<\/style>\n\n<div id=\"message-box-block_e01e1eca5e0d6c97a77d48f00009d296\" class=\"block-message-box\">\n\t\t\t\t\t\t\t\t\t\t\n\t\t\t<div class='row info' style=\"display: flex;\">\n\t\t\t  <div class='col' style=\"width: 10%; display: flex; align-items: center; justify-content: center;\">\n\t\t\t\t\t<img decoding=\"async\" src=\"https:\/\/www.qly.docs.pay.sibs.com\/wp-content\/themes\/themify-ultra-child\/images\/msg_info.svg\" alt=\"Info\">\n\t\t\t  <\/div>\n\t\t\t  <div class='col2'>\n\t\t\t\t<p ><p>Je\u015bli ikona nie pojawia si\u0119 na li\u015bcie terminali, oznacza to, \u017ce funkcja nie jest dost\u0119pna dla tego terminala. W takim przypadku sprawd\u017a ustawienia konfiguracji terminala, aby potwierdzi\u0107 jego kompatybilno\u015b\u0107.<\/p>\n<\/p>\n\t\t\t  <\/div>\n\t\t\t<\/div>\n\t\t\t\t\n\t\t\t\t\n\t\t\t\t\n\t\t\t\t\t\t<\/div>\n\n\n<h5 class=\"wp-block-heading\">Rozpocz\u0119cie transakcji<\/h5>\n\n\n\n<p>Nast\u0119pnie zostaniesz poproszony o wype\u0142nienie szczeg\u00f3\u0142\u00f3w dotycz\u0105cych operacji finansowej.<\/p>\n\n\n\n<figure class=\"wp-block-image size-large\"><img loading=\"lazy\" decoding=\"async\" width=\"1024\" height=\"482\" src=\"https:\/\/www.qly.docs.pay.sibs.com\/wp-content\/uploads\/2025\/10\/vTerminalPL2-1024x482.png\" alt=\"\" class=\"wp-image-25647\" srcset=\"https:\/\/www.qly.docs.pay.sibs.com\/wp-content\/uploads\/2025\/10\/vTerminalPL2-1024x482.png 1024w, https:\/\/www.qly.docs.pay.sibs.com\/wp-content\/uploads\/2025\/10\/vTerminalPL2-300x141.png 300w, https:\/\/www.qly.docs.pay.sibs.com\/wp-content\/uploads\/2025\/10\/vTerminalPL2-768x361.png 768w, https:\/\/www.qly.docs.pay.sibs.com\/wp-content\/uploads\/2025\/10\/vTerminalPL2-1536x723.png 1536w, https:\/\/www.qly.docs.pay.sibs.com\/wp-content\/uploads\/2025\/10\/vTerminalPL2.png 1570w\" sizes=\"auto, (max-width: 1024px) 100vw, 1024px\" \/><\/figure>\n\n\n\n<p>Informacje o p\u0142atno\u015bci:<\/p>\n\n\n\n<figure class=\"wp-block-table\"><table><thead><tr><th>Pole<\/th><th>Typ<\/th><th>Opis<\/th><\/tr><\/thead><tbody><tr><td>Typ P\u0142atno\u015bci<\/td><td>Obowi\u0105zkowy<\/td><td>Nale\u017cy wskaza\u0107 typ p\u0142atno\u015bci (Zakup).<\/td><\/tr><tr><td>Kwota<\/td><td>Obowi\u0105zkowy<\/td><td>Wprowad\u017a ca\u0142kowit\u0105 kwot\u0119 zakupu.<\/td><\/tr><tr><td>Waluta<\/td><td>Obowi\u0105zkowy<\/td><td>Wybierz walut\u0119 skonfigurowan\u0105 dla terminala.<\/td><\/tr><tr><td>Identyfikator operacji sprzedawcy<\/td><td>Obowi\u0105zkowy<\/td><td>Nale\u017cy poda\u0107 wewn\u0119trzny kod identyfikacyjny Sprzedawcy.<\/td><\/tr><tr><td>Identyfikator u\u017cytkownika sprzedawcy<\/td><td>Opcjonalny<\/td><td>Je\u015bli klient posiada numer identyfikacyjny, wprowad\u017a go w tym polu.<\/td><\/tr><\/tbody><\/table><\/figure>\n\n\n\n<style type=\"text\/css\">\n\t#message-box-block_32395d5350aa0de7241a8153e22e440e {\n\t\t\/* Add styles that use ACF values here *\/\n\t}\n<\/style>\n\n<div id=\"message-box-block_32395d5350aa0de7241a8153e22e440e\" class=\"block-message-box\">\n\t\t\t\t\t\t\t\t\t\t\n\t\t\t<div class='row info' style=\"display: flex;\">\n\t\t\t  <div class='col' style=\"width: 10%; display: flex; align-items: center; justify-content: center;\">\n\t\t\t\t\t<img decoding=\"async\" src=\"https:\/\/www.qly.docs.pay.sibs.com\/wp-content\/themes\/themify-ultra-child\/images\/msg_info.svg\" alt=\"Info\">\n\t\t\t  <\/div>\n\t\t\t  <div class='col2'>\n\t\t\t\t<p ><p>Formularze dotycz\u0105ce danych klienta, adresu rozliczeniowych oraz wysy\u0142ki s\u0105 opcjonalne, o ile ich wype\u0142nienie nie jest wymagane dla cel\u00f3w ewidencyjnych.<\/p>\n<\/p>\n\t\t\t  <\/div>\n\t\t\t<\/div>\n\t\t\t\t\n\t\t\t\t\n\t\t\t\t\n\t\t\t\t\t\t<\/div>\n\n\n<h5 class=\"wp-block-heading\">Finalizacja transakcji<\/h5>\n\n\n\n<p>Po wprowadzeniu wszystkich wymaganych danych kliknij przycisk \u201eZap\u0142a\u0107\u201d, aby przes\u0142a\u0107 p\u0142atno\u015b\u0107.<\/p>\n\n\n\n<p>Na ekranie pojawi si\u0119 podsumowanie, zawieraj\u0105ce status p\u0142atno\u015bci oraz wszystkie istotne szczeg\u00f3\u0142y, w tym informacje o p\u0142atno\u015bci, dane klienta oraz adresy rozliczeniowe i wysy\u0142kowe.<\/p>\n\n\n\n<p>Wszystkie wykonane operacje b\u0119d\u0105 r\u00f3wnie\u017c widoczne w submenu Tranzakcje w SIBS Backoffice.<\/p>\n\n\n\n<figure class=\"wp-block-image size-large\"><img loading=\"lazy\" decoding=\"async\" width=\"1024\" height=\"523\" src=\"https:\/\/www.qly.docs.pay.sibs.com\/wp-content\/uploads\/2025\/10\/vTerminalPL1-1-1024x523.png\" alt=\"\" class=\"wp-image-25651\" srcset=\"https:\/\/www.qly.docs.pay.sibs.com\/wp-content\/uploads\/2025\/10\/vTerminalPL1-1-1024x523.png 1024w, https:\/\/www.qly.docs.pay.sibs.com\/wp-content\/uploads\/2025\/10\/vTerminalPL1-1-300x153.png 300w, https:\/\/www.qly.docs.pay.sibs.com\/wp-content\/uploads\/2025\/10\/vTerminalPL1-1-768x393.png 768w, https:\/\/www.qly.docs.pay.sibs.com\/wp-content\/uploads\/2025\/10\/vTerminalPL1-1.png 1528w\" sizes=\"auto, (max-width: 1024px) 100vw, 1024px\" \/><\/figure>\n","protected":false},"excerpt":{"rendered":"<p>Funkcja vTerminal dost\u0119pna w SIBS Backoffice to wirtualny terminal, kt\u00f3ry umo\u017cliwia sprzedawcom wygodne przyjmowanie p\u0142atno\u015bci BLIK. Zanim rozpoczniesz Dzi\u0119ki temu unikniesz automatycznego wylogowania i sesja pozostanie aktywna podczas korzystania z vTerminal. Jak to dzia\u0142a Funkcj\u0119 t\u0119 znajdziesz jako podmenu w sekcji \u201eSIBS Payment Gateway\u201d. Wyb\u00f3r terminala Skorzystaj z paska szybkich filtr\u00f3w , aby wyszuka\u0107 dost\u0119pne [&hellip;]<\/p>\n","protected":false},"author":1,"featured_media":0,"parent":10580,"menu_order":0,"comment_status":"closed","ping_status":"closed","template":"","meta":{"_acf_changed":false,"_eb_attr":"","footnotes":""},"class_list":["post-10333","page","type-page","status-publish","hentry","has-post-title","has-post-date","has-post-category","has-post-tag","has-post-comment","has-post-author",""],"acf":[],"builder_content":"","_links":{"self":[{"href":"https:\/\/www.qly.docs.pay.sibs.com\/pl\/wp-json\/wp\/v2\/pages\/10333","targetHints":{"allow":["GET"]}}],"collection":[{"href":"https:\/\/www.qly.docs.pay.sibs.com\/pl\/wp-json\/wp\/v2\/pages"}],"about":[{"href":"https:\/\/www.qly.docs.pay.sibs.com\/pl\/wp-json\/wp\/v2\/types\/page"}],"author":[{"embeddable":true,"href":"https:\/\/www.qly.docs.pay.sibs.com\/pl\/wp-json\/wp\/v2\/users\/1"}],"replies":[{"embeddable":true,"href":"https:\/\/www.qly.docs.pay.sibs.com\/pl\/wp-json\/wp\/v2\/comments?post=10333"}],"version-history":[{"count":4,"href":"https:\/\/www.qly.docs.pay.sibs.com\/pl\/wp-json\/wp\/v2\/pages\/10333\/revisions"}],"predecessor-version":[{"id":25653,"href":"https:\/\/www.qly.docs.pay.sibs.com\/pl\/wp-json\/wp\/v2\/pages\/10333\/revisions\/25653"}],"up":[{"embeddable":true,"href":"https:\/\/www.qly.docs.pay.sibs.com\/pl\/wp-json\/wp\/v2\/pages\/10580"}],"wp:attachment":[{"href":"https:\/\/www.qly.docs.pay.sibs.com\/pl\/wp-json\/wp\/v2\/media?parent=10333"}],"curies":[{"name":"wp","href":"https:\/\/api.w.org\/{rel}","templated":true}]}}